{"id":5662,"date":"2026-01-06T14:30:21","date_gmt":"2026-01-06T13:30:21","guid":{"rendered":"https:\/\/angelisognanti.com\/citta\/"},"modified":"2026-01-08T18:32:00","modified_gmt":"2026-01-08T17:32:00","slug":"citta","status":"publish","type":"page","link":"https:\/\/angelisognanti.com\/it\/citta\/","title":{"rendered":"Citt\u00e0"},"content":{"rendered":"<p>[et_pb_section fb_built=&#8221;1&#8243; _builder_version=&#8221;4.27.5&#8243; _module_preset=&#8221;default&#8221; background_enable_color=&#8221;off&#8221; use_background_color_gradient=&#8221;on&#8221; background_color_gradient_stops=&#8221;rgba(68,41,36,0.33) 0%|rgba(68,41,36,0.15) 100%&#8221; background_color_gradient_overlays_image=&#8221;on&#8221; background_image=&#8221;https:\/\/angelisognanti.com\/wp-content\/uploads\/2026\/01\/Angeli-Sognanti-Ascoli-Piceno-nw.jpeg&#8221; background_position=&#8221;bottom_center&#8221; min_height=&#8221;700px&#8221; global_colors_info=&#8221;{}&#8221;][et_pb_row _builder_version=&#8221;4.26.0&#8243; _module_preset=&#8221;default&#8221; custom_margin=&#8221;10vw||||false|false&#8221; custom_margin_tablet=&#8221;10vw||||false|false&#8221; custom_margin_phone=&#8221;15vw||||false|false&#8221; custom_margin_last_edited=&#8221;on|phone&#8221; global_colors_info=&#8221;{}&#8221;][et_pb_column type=&#8221;4_4&#8243; _builder_version=&#8221;4.25.1&#8243; _module_preset=&#8221;default&#8221; global_colors_info=&#8221;{}&#8221;][et_pb_text disabled_on=&#8221;off|off|on&#8221; _builder_version=&#8221;4.27.5&#8243; _module_preset=&#8221;default&#8221; text_font=&#8221;Charmonman||||||||&#8221; text_text_color=&#8221;#F9F3E7&#8243; text_font_size=&#8221;35px&#8221; text_line_height=&#8221;1.8em&#8221; header_font=&#8221;Charmonman||||||||&#8221; header_text_color=&#8221;#F9F3E7&#8243; header_font_size=&#8221;32px&#8221; header_line_height=&#8221;1.4em&#8221; custom_margin=&#8221;6vw||||false|false&#8221; header_text_shadow_style=&#8221;preset1&#8243; global_colors_info=&#8221;{}&#8221;]<\/p>\n<h1 style=\"text-align: center;\"><span>Splendore senza tempo: gli incantevoli Borghi delle Marche<\/span><\/h1>\n<p>&nbsp;<\/p>\n<p>[\/et_pb_text][et_pb_text disabled_on=&#8221;on|on|off&#8221; _builder_version=&#8221;4.27.5&#8243; _module_preset=&#8221;default&#8221; text_font=&#8221;Charmonman||||||||&#8221; text_text_color=&#8221;#F9F3E7&#8243; text_font_size=&#8221;35px&#8221; text_line_height=&#8221;1.8em&#8221; header_font=&#8221;Charmonman||||||||&#8221; header_text_color=&#8221;#F9F3E7&#8243; header_font_size=&#8221;35px&#8221; header_line_height=&#8221;1.8em&#8221; header_text_shadow_style=&#8221;preset1&#8243; global_colors_info=&#8221;{}&#8221;]<\/p>\n<h1 style=\"text-align: center;\"><span>Splendore senza tempo: gli incantevoli Borghi delle Marche<\/span><\/h1>\n<p>[\/et_pb_text][\/et_pb_column][\/et_pb_row][et_pb_row module_class=&#8221;side-by-side-1 &#8221; _builder_version=&#8221;4.26.0&#8243; _module_preset=&#8221;default&#8221; module_alignment=&#8221;center&#8221; custom_margin=&#8221;0px||||false|false&#8221; custom_padding=&#8221;0px|||30%|false|false&#8221; global_colors_info=&#8221;{}&#8221;][et_pb_column type=&#8221;4_4&#8243; _builder_version=&#8221;4.25.1&#8243; _module_preset=&#8221;default&#8221; global_colors_info=&#8221;{}&#8221;][\/et_pb_column][\/et_pb_row][\/et_pb_section][et_pb_section fb_built=&#8221;1&#8243; module_id=&#8221;citt\u00e0&#8221; _builder_version=&#8221;4.25.1&#8243; _module_preset=&#8221;default&#8221; background_color=&#8221;#F9F3E7&#8243; global_colors_info=&#8221;{}&#8221;][et_pb_row module_id=&#8221;strand&#8221; _builder_version=&#8221;4.26.1&#8243; _module_preset=&#8221;default&#8221; custom_margin=&#8221;3vw||||false|false&#8221; global_colors_info=&#8221;{}&#8221;][et_pb_column type=&#8221;4_4&#8243; _builder_version=&#8221;4.25.1&#8243; _module_preset=&#8221;default&#8221; global_colors_info=&#8221;{}&#8221;][et_pb_text _builder_version=&#8221;4.27.5&#8243; _module_preset=&#8221;default&#8221; header_2_font=&#8221;||||||||&#8221; header_2_text_color=&#8221;#442924&#8243; header_2_font_size=&#8221;28px&#8221; header_2_line_height=&#8221;1.3em&#8221; global_colors_info=&#8221;{}&#8221;]<\/p>\n<h2 data-path-to-node=\"2\">Dove il tempo si ferma: gli incantevoli Borghi delle Marche<\/h2>\n<h3 data-start=\"229\" data-end=\"305\">Un viaggio alla scoperta di piazze nascoste, storie antiche e l&#8217;anima pura della regione.<\/h3>\n<p>[\/et_pb_text][et_pb_text _builder_version=&#8221;4.27.5&#8243; _module_preset=&#8221;default&#8221; text_font=&#8221;&#8211;et_global_body_font|300|||||||&#8221; header_font=&#8221;|300|||||||&#8221; global_colors_info=&#8221;{}&#8221;]<\/p>\n<p data-path-to-node=\"3\">Al di l\u00e0 delle dolci colline e degli uliveti grigio-argento che abbracciano il nostro agriturismo si trova un mondo che sembra sfidare il tempo. Le citt\u00e0 e i villaggi delle Marche, gli amati <i data-path-to-node=\"3\" data-index-in-node=\"186\">borghi, <\/i>sono come stelle in un cielo limpido: ognuno con la sua brillantezza, la sua storia e la sua anima antica. Qui si passeggia in labirinti di mattoni caldi e travertino scintillante, dove l&#8217;eco della storia risuona dolcemente nei vicoli stretti e l&#8217;odore dell&#8217;espresso fresco ti raggiunge dalle finestre aperte. \u00c8 un viaggio attraverso piazze nascoste dove la vita scorre ad un ritmo da sogno e dove la genuina cordialit\u00e0 dei residenti ti fa sentire subito a casa. Lasciati ispirare dalla bellezza di queste gemme vicine, dove ogni curva della strada rivela un nuovo segreto.    <\/p>\n<p>[\/et_pb_text][\/et_pb_column][\/et_pb_row][et_pb_row column_structure=&#8221;1_2,1_2&#8243; module_id=&#8221;belevenissen-stad&#8221; _builder_version=&#8221;4.26.1&#8243; _module_preset=&#8221;default&#8221; custom_margin=&#8221;3vw||||false|false&#8221; global_colors_info=&#8221;{}&#8221;][et_pb_column type=&#8221;1_2&#8243; _builder_version=&#8221;4.25.1&#8243; _module_preset=&#8221;default&#8221; global_colors_info=&#8221;{}&#8221;][et_pb_image src=&#8221;https:\/\/angelisognanti.com\/wp-content\/uploads\/2026\/01\/Angeli-Sognanti-festa-Medievale-Cossignano.jpeg-3.jpg&#8221; title_text=&#8221;Angeli-Sognanti-festa-Medievale-Cossignano.jpeg (3)&#8221; disabled_on=&#8221;off|off|on&#8221; _builder_version=&#8221;4.27.5&#8243; _module_preset=&#8221;default&#8221; global_colors_info=&#8221;{}&#8221;][\/et_pb_image][et_pb_text _builder_version=&#8221;4.27.5&#8243; _module_preset=&#8221;default&#8221; header_2_font=&#8221;||||||||&#8221; header_2_text_color=&#8221;#442924&#8243; header_2_font_size=&#8221;28px&#8221; header_2_line_height=&#8221;1.3em&#8221; global_colors_info=&#8221;{}&#8221;]<\/p>\n<h2 data-start=\"219\" data-end=\"272\">Cossignano, puro fascino italiano<\/h2>\n<p>[\/et_pb_text][et_pb_text _builder_version=&#8221;4.27.5&#8243; _module_preset=&#8221;default&#8221; text_font=&#8221;&#8211;et_global_body_font|300|||||||&#8221; header_font=&#8221;|300|||||||&#8221; hover_enabled=&#8221;0&#8243; global_colors_info=&#8221;{}&#8221; sticky_enabled=&#8221;0&#8243;]<\/p>\n<p>Questo incantevole villaggio \u00e8 conosciuto come l&#8217;<i data-path-to-node=\"5,0,0\" data-index-in-node=\"79\">Ombelico delle Piceno. <\/i> Si trova proprio al centro tra le montagne e il mare. \u00c8 un luogo di assoluta tranquillit\u00e0, dove gli antichi muri di mattoni trattengono il calore del sole e la vista sui vigneti \u00e8 infinita.  <\/p>\n<p>Quando varchi i cancelli secolari, senti subito il mondo rallentare. Le mura, costruite con caldi e morbidi mattoni rossi, sembrano aver ospitato il sole di mille estati. A Cossignano si sente ancora il silenzio; \u00e8 un luogo in cui il vento sussurra dolcemente tra gli stretti vicoli e ogni panorama offre un nuovo quadro vivente di vigneti ondulati e ulivi grigio-argento.  <\/p>\n<p>[\/et_pb_text][\/et_pb_column][et_pb_column type=&#8221;1_2&#8243; _builder_version=&#8221;4.25.1&#8243; _module_preset=&#8221;default&#8221; global_colors_info=&#8221;{}&#8221;][et_pb_image src=&#8221;https:\/\/angelisognanti.com\/wp-content\/uploads\/2026\/01\/Angeli-Sognanti-festa-Medievale-Cossignano.jpeg-3.jpg&#8221; title_text=&#8221;Angeli-Sognanti-festa-Medievale-Cossignano.jpeg (3)&#8221; disabled_on=&#8221;on|on|off&#8221; _builder_version=&#8221;4.27.5&#8243; _module_preset=&#8221;default&#8221; global_colors_info=&#8221;{}&#8221;][\/et_pb_image][\/et_pb_column][\/et_pb_row][et_pb_row column_structure=&#8221;1_2,1_2&#8243; module_id=&#8221;strand&#8221; _builder_version=&#8221;4.26.1&#8243; _module_preset=&#8221;default&#8221; custom_margin=&#8221;3vw||||false|false&#8221; global_colors_info=&#8221;{}&#8221;][et_pb_column type=&#8221;1_2&#8243; _builder_version=&#8221;4.25.1&#8243; _module_preset=&#8221;default&#8221; global_colors_info=&#8221;{}&#8221;][et_pb_image src=&#8221;https:\/\/angelisognanti.com\/wp-content\/uploads\/2024\/06\/Angeli-Sognanti-Offida.jpeg&#8221; title_text=&#8221;Angeli Sognanti &#8211; Offida&#8221; disabled_on=&#8221;off|off|off&#8221; _builder_version=&#8221;4.27.5&#8243; _module_preset=&#8221;default&#8221; global_colors_info=&#8221;{}&#8221;][\/et_pb_image][\/et_pb_column][et_pb_column type=&#8221;1_2&#8243; _builder_version=&#8221;4.25.1&#8243; _module_preset=&#8221;default&#8221; global_colors_info=&#8221;{}&#8221;][et_pb_text _builder_version=&#8221;4.27.5&#8243; _module_preset=&#8221;default&#8221; header_2_font=&#8221;||||||||&#8221; header_2_text_color=&#8221;#442924&#8243; header_2_font_size=&#8221;28px&#8221; header_2_line_height=&#8221;1.3em&#8221; global_colors_info=&#8221;{}&#8221;]<\/p>\n<h2 data-start=\"219\" data-end=\"272\">Offida: dove artigianato e tradizione si incontrano<b data-path-to-node=\"6\" data-index-in-node=\"0\"><\/b><\/h2>\n<p>[\/et_pb_text][et_pb_text _builder_version=&#8221;4.27.5&#8243; _module_preset=&#8221;default&#8221; text_font=&#8221;&#8211;et_global_body_font|300|||||||&#8221; header_font=&#8221;|300|||||||&#8221; global_colors_info=&#8221;{}&#8221;]<\/p>\n<p data-path-to-node=\"7\">Appena entri nell&#8217;affascinante Offida, vedi ci\u00f2 per cui la citt\u00e0 \u00e8 famosa: una statua di bronzo che raffigura tre generazioni di merlettaie. \u00c8 un bellissimo simbolo di un mestiere che qui viene ancora tramandato con amore da madre a figlia. <\/p>\n<p data-path-to-node=\"8\">Girando per le strade, a volte puoi ancora sentire il dolce ticchettio delle spole<i data-path-to-node=\"8\" data-index-in-node=\"87\">(il merletto a tombolo<\/i>). Ma Offida \u00e8 anche per i buongustai, che potranno gustare le iconiche <i data-path-to-node=\"8\" data-index-in-node=\"194\">olive all&#8217;ascolana<\/i> e un bicchiere di vino <i data-path-to-node=\"8\" data-index-in-node=\"236\">Rosso Piceno<\/i> rubino in terrazza. <\/p>\n<p data-path-to-node=\"9\">Il nostro consiglio per te: Visita il vivace mercato settimanale del gioved\u00ec mattina o fermati all&#8217;inizio di luglio per la <i data-path-to-node=\"9\" data-index-in-node=\"101\">Settimana del Merletto<\/i>, quando l&#8217;intera citt\u00e0 \u00e8 dedicata a sofisticati merletti.<\/p>\n<blockquote data-path-to-node=\"15\">\n<p data-path-to-node=\"15,0\"><\/blockquote>\n<p>[\/et_pb_text][\/et_pb_column][\/et_pb_row][et_pb_row column_structure=&#8221;1_2,1_2&#8243; module_id=&#8221;natuur&#8221; _builder_version=&#8221;4.25.1&#8243; _module_preset=&#8221;default&#8221; custom_margin=&#8221;3vw||||false|false&#8221; global_colors_info=&#8221;{}&#8221;][et_pb_column type=&#8221;1_2&#8243; _builder_version=&#8221;4.25.1&#8243; _module_preset=&#8221;default&#8221; global_colors_info=&#8221;{}&#8221;][et_pb_image src=&#8221;https:\/\/angelisognanti.com\/wp-content\/uploads\/2026\/01\/Angeli-Sognanti-Ascoli-Piceno-1.jpeg&#8221; title_text=&#8221;Angeli-Sognanti-Ascoli-Piceno (1)&#8221; disabled_on=&#8221;off|off|on&#8221; _builder_version=&#8221;4.27.5&#8243; _module_preset=&#8221;default&#8221; global_colors_info=&#8221;{}&#8221;][\/et_pb_image][et_pb_text _builder_version=&#8221;4.27.5&#8243; _module_preset=&#8221;default&#8221; header_2_font=&#8221;||||||||&#8221; header_2_text_color=&#8221;#442924&#8243; header_2_font_size=&#8221;28px&#8221; header_2_line_height=&#8221;1.3em&#8221; global_colors_info=&#8221;{}&#8221;]<\/p>\n<h1 data-path-to-node=\"3\">Ascoli Piceno: l&#8217;elegante salotto della regione<\/h1>\n<h3 data-path-to-node=\"2\"><\/h3>\n<p>[\/et_pb_text][et_pb_text _builder_version=&#8221;4.27.5&#8243; _module_preset=&#8221;default&#8221; text_font=&#8221;&#8211;et_global_body_font|300|||||||&#8221; header_font=&#8221;|300|||||||&#8221; global_colors_info=&#8221;{}&#8221;]<\/p>\n<p data-path-to-node=\"3\">Entrando ad Ascoli Piceno si viene subito avvolti dal bagliore del travertino. La citt\u00e0 \u00e8 costruita quasi interamente con questa calda pietra naturale, che le conferisce una luminosit\u00e0 unica e dorata. Il fulcro \u00e8 <i data-path-to-node=\"3\" data-index-in-node=\"222\">Piazza del Popolo<\/i>, spesso descritta come una delle piazze pi\u00f9 belle d&#8217;Italia, un luogo che sembra un salotto chic ma accogliente.  <\/p>\n<p data-path-to-node=\"4\">Passeggia sotto i maestosi archi delle gallerie e accomodati sulla terrazza dello storico <i data-path-to-node=\"4\" data-index-in-node=\"95\">Caff\u00e8 Meletti<\/i>. Qui, come gli scrittori e gli artisti di un tempo, potrai gustare la famosa Anisetta o una ciotola di <i data-path-to-node=\"4\" data-index-in-node=\"234\">Olive all&#8217;Ascolana<\/i> appena fritte. <\/p>\n<p data-path-to-node=\"5\">Il nostro consiglio per te: Durante la tua passeggiata, guarda anche in alto: Ascoli \u00e8 chiamata la &#8220;Citt\u00e0 delle cento torri&#8221;. Sebbene oggi ne siano rimaste poche, ovunque puoi vedere il fiero skyline del passato riflesso nelle torri medievali che svettano sui tetti. <\/p>\n<p>[\/et_pb_text][\/et_pb_column][et_pb_column type=&#8221;1_2&#8243; _builder_version=&#8221;4.25.1&#8243; _module_preset=&#8221;default&#8221; global_colors_info=&#8221;{}&#8221;][et_pb_image src=&#8221;https:\/\/angelisognanti.com\/wp-content\/uploads\/2026\/01\/Angeli-Sognanti-Ascoli-Piceno-1.jpeg&#8221; title_text=&#8221;Angeli-Sognanti-Ascoli-Piceno (1)&#8221; disabled_on=&#8221;on|on|off&#8221; _builder_version=&#8221;4.27.5&#8243; _module_preset=&#8221;default&#8221; global_colors_info=&#8221;{}&#8221;][\/et_pb_image][\/et_pb_column][\/et_pb_row][et_pb_row column_structure=&#8221;1_2,1_2&#8243; module_id=&#8221;strand&#8221; _builder_version=&#8221;4.26.1&#8243; _module_preset=&#8221;default&#8221; custom_margin=&#8221;3vw||||false|false&#8221; global_colors_info=&#8221;{}&#8221;][et_pb_column type=&#8221;1_2&#8243; _builder_version=&#8221;4.25.1&#8243; _module_preset=&#8221;default&#8221; global_colors_info=&#8221;{}&#8221;][et_pb_image src=&#8221;https:\/\/angelisognanti.com\/wp-content\/uploads\/2026\/01\/Agriturismo_Angeli_Sognanti_Grottammare-1.jpeg&#8221; title_text=&#8221;Agriturismo_Angeli_Sognanti_Grottammare&#8221; disabled_on=&#8221;off|off|off&#8221; _builder_version=&#8221;4.27.5&#8243; _module_preset=&#8221;default&#8221; global_colors_info=&#8221;{}&#8221;][\/et_pb_image][\/et_pb_column][et_pb_column type=&#8221;1_2&#8243; _builder_version=&#8221;4.25.1&#8243; _module_preset=&#8221;default&#8221; global_colors_info=&#8221;{}&#8221;][et_pb_text _builder_version=&#8221;4.27.5&#8243; _module_preset=&#8221;default&#8221; header_2_font=&#8221;||||||||&#8221; header_2_text_color=&#8221;#442924&#8243; header_2_font_size=&#8221;28px&#8221; header_2_line_height=&#8221;1.3em&#8221; global_colors_info=&#8221;{}&#8221;]<\/p>\n<h2 data-start=\"219\" data-end=\"272\">Grottammare Alta: un balcone sul mare<b data-path-to-node=\"6\" data-index-in-node=\"0\"><\/b><\/h2>\n<h3 data-path-to-node=\"2\"><\/h3>\n<p>[\/et_pb_text][et_pb_text _builder_version=&#8221;4.27.5&#8243; _module_preset=&#8221;default&#8221; text_font=&#8221;&#8211;et_global_body_font|300|||||||&#8221; header_font=&#8221;|300|||||||&#8221; global_colors_info=&#8221;{}&#8221;]<\/p>\n<p data-path-to-node=\"3\">Se sei alla ricerca di romanticismo e di una vista che non dimenticherai presto, Grottammare Alta \u00e8 il posto giusto. Arroccato sopra la costa moderna, questo villaggio medievale sembra un&#8217;oasi di pace piena di fiori e vicoli stretti. Camminando lungo le antiche mura, potrai sentire il profumo dell&#8217;aria salata del mare e dei fiori d&#8217;arancio per cui la citt\u00e0 \u00e8 famosa.  <\/p>\n<p data-path-to-node=\"4\">Accomodati su una terrazza nella suggestiva piazza e goditi la luce dorata che cade sulla costa adriatica quando il sole inizia a tramontare.<\/p>\n<p data-path-to-node=\"5\">Il nostro consiglio per te: Dopo aver visitato il centro storico, fai una passeggiata fino al lungomare sottostante. Qui troverai bellissime ville in stile Art Nouveau della Belle \u00c9poque che conferiscono alla costa un aspetto elegante e quasi regale. <\/p>\n<p>[\/et_pb_text][\/et_pb_column][\/et_pb_row][et_pb_row column_structure=&#8221;1_2,1_2&#8243; module_id=&#8221;natuur&#8221; _builder_version=&#8221;4.25.1&#8243; _module_preset=&#8221;default&#8221; custom_margin=&#8221;3vw||||false|false&#8221; global_colors_info=&#8221;{}&#8221;][et_pb_column type=&#8221;1_2&#8243; _builder_version=&#8221;4.25.1&#8243; _module_preset=&#8221;default&#8221; global_colors_info=&#8221;{}&#8221;][et_pb_image src=&#8221;https:\/\/angelisognanti.com\/wp-content\/uploads\/2026\/01\/IMG_0266-1.jpeg&#8221; title_text=&#8221;Agriturismo_Angeli_Sognanti_SBdT&#8221; disabled_on=&#8221;off|off|on&#8221; _builder_version=&#8221;4.27.5&#8243; _module_preset=&#8221;default&#8221; global_colors_info=&#8221;{}&#8221;][\/et_pb_image][et_pb_text _builder_version=&#8221;4.27.5&#8243; _module_preset=&#8221;default&#8221; header_2_font=&#8221;||||||||&#8221; header_2_text_color=&#8221;#442924&#8243; header_2_font_size=&#8221;28px&#8221; header_2_line_height=&#8221;1.3em&#8221; hover_enabled=&#8221;0&#8243; global_colors_info=&#8221;{}&#8221; sticky_enabled=&#8221;0&#8243;]<\/p>\n<h2 data-start=\"219\" data-end=\"272\">San Benedetto del Tronto: la citt\u00e0 delle palme<\/h2>\n<p>[\/et_pb_text][et_pb_text _builder_version=&#8221;4.27.5&#8243; _module_preset=&#8221;default&#8221; text_font=&#8221;&#8211;et_global_body_font|300|||||||&#8221; header_font=&#8221;|300|||||||&#8221; hover_enabled=&#8221;0&#8243; global_colors_info=&#8221;{}&#8221; sticky_enabled=&#8221;0&#8243;]<\/p>\n<p data-path-to-node=\"8\">Per un tocco di mediterraneit\u00e0, raggiungi San Benedetto del Tronto. Con il suo lungomare chilometrico e le centinaia di palme ondeggianti, qui ti immaginerai in un paradiso tropicale. \u00c8 il luogo perfetto per una lunga passeggiata sulla spiaggia o per un pomeriggio a passeggio lungo la costa.  <\/p>\n<p data-path-to-node=\"9\">Non dimenticare di visitare il <i data-path-to-node=\"9\" data-index-in-node=\"16\">Paese Alto<\/i>, la parte vecchia della citt\u00e0 vicino alla caratteristica torre esagonale. Qui puoi ancora assaporare l&#8217;autentica atmosfera della pesca e godere di una splendida vista sul porto e sul moderno molo, decorato con speciali opere d&#8217;arte. <\/p>\n<p data-path-to-node=\"10\">Il nostro consiglio: noleggia una bicicletta e percorri la pista ciclabile lungo la costa. \u00c8 uno dei percorsi pi\u00f9 belli d&#8217;Italia, con tanti bar accoglienti lungo la strada per un <i data-path-to-node=\"10\" data-index-in-node=\"181\">gelato<\/i> rinfrescante o un aperitivo con vista sul mare. <\/p>\n<p>[\/et_pb_text][\/et_pb_column][et_pb_column type=&#8221;1_2&#8243; _builder_version=&#8221;4.25.1&#8243; _module_preset=&#8221;default&#8221; global_colors_info=&#8221;{}&#8221;][et_pb_image src=&#8221;https:\/\/angelisognanti.com\/wp-content\/uploads\/2026\/01\/IMG_0266-1.jpeg&#8221; title_text=&#8221;Agriturismo_Angeli_Sognanti_SBdT&#8221; disabled_on=&#8221;on|on|off&#8221; _builder_version=&#8221;4.27.5&#8243; _module_preset=&#8221;default&#8221; global_colors_info=&#8221;{}&#8221;][\/et_pb_image][\/et_pb_column][\/et_pb_row][et_pb_row column_structure=&#8221;1_2,1_2&#8243; module_id=&#8221;strand&#8221; _builder_version=&#8221;4.26.1&#8243; _module_preset=&#8221;default&#8221; custom_margin=&#8221;3vw||||false|false&#8221; global_colors_info=&#8221;{}&#8221;][et_pb_column type=&#8221;1_2&#8243; _builder_version=&#8221;4.25.1&#8243; _module_preset=&#8221;default&#8221; global_colors_info=&#8221;{}&#8221;][et_pb_image src=&#8221;https:\/\/angelisognanti.com\/wp-content\/uploads\/2026\/01\/Angeli-Sognanti-Fermo-1-2.jpeg&#8221; title_text=&#8221;Angeli-Sognanti-Fermo (1)&#8221; disabled_on=&#8221;off|off|off&#8221; _builder_version=&#8221;4.27.5&#8243; _module_preset=&#8221;default&#8221; global_colors_info=&#8221;{}&#8221;][\/et_pb_image][\/et_pb_column][et_pb_column type=&#8221;1_2&#8243; _builder_version=&#8221;4.25.1&#8243; _module_preset=&#8221;default&#8221; global_colors_info=&#8221;{}&#8221;][et_pb_text _builder_version=&#8221;4.27.5&#8243; _module_preset=&#8221;default&#8221; header_2_font=&#8221;||||||||&#8221; header_2_text_color=&#8221;#442924&#8243; header_2_font_size=&#8221;28px&#8221; header_2_line_height=&#8221;1.3em&#8221; global_colors_info=&#8221;{}&#8221;]<\/p>\n<h2 data-start=\"219\" data-end=\"272\">Fermo: splendore storico e segreti sotterranei<b data-path-to-node=\"12\" data-index-in-node=\"0\"><\/b><\/h2>\n<p>[\/et_pb_text][et_pb_text _builder_version=&#8221;4.27.5&#8243; _module_preset=&#8221;default&#8221; text_font=&#8221;&#8211;et_global_body_font|300|||||||&#8221; header_font=&#8221;|300|||||||&#8221; global_colors_info=&#8221;{}&#8221;]<\/p>\n<p data-path-to-node=\"13\">Fermo \u00e8 una citt\u00e0 che trasuda imponenza. Da lontano, puoi vedere l&#8217;enorme cattedrale in cima alla collina che svetta su tutto il resto. Il cuore della citt\u00e0 \u00e8 l&#8217;imponente <i data-path-to-node=\"13\" data-index-in-node=\"176\">Piazza del Popolo<\/i>, dove il tempo sembra essersi fermato sotto gli eleganti portici.  <\/p>\n<p data-path-to-node=\"14\">Ma Fermo ha anche un mondo nascosto: sotto le sue strade troverai un enorme complesso di cisterne romane. Una passeggiata attraverso queste antiche volte sotterranee \u00e8 un&#8217;esperienza magica che ti riporta direttamente all&#8217;epoca dei Romani. <\/p>\n<p data-path-to-node=\"15\">Il nostro consiglio per te: Alla fine della giornata, sali fino al parco vicino al Duomo. Qui sarai ricompensato con una vista a 360 gradi che spazia dalle aspre cime dei Monti Sibillini fino al meraviglioso mare. <\/p>\n<p>[\/et_pb_text][\/et_pb_column][\/et_pb_row][\/et_pb_section][et_pb_section fb_built=&#8221;1&#8243; _builder_version=&#8221;4.25.1&#8243; _module_preset=&#8221;default&#8221; background_color=&#8221;#51664D&#8221; custom_margin=&#8221;||||false|false&#8221; custom_padding=&#8221;||||false|false&#8221; global_colors_info=&#8221;{}&#8221;][et_pb_row column_structure=&#8221;2_5,3_5&#8243; _builder_version=&#8221;4.25.1&#8243; _module_preset=&#8221;default&#8221; custom_padding=&#8221;||||false|false&#8221; global_colors_info=&#8221;{}&#8221;][et_pb_column type=&#8221;2_5&#8243; _builder_version=&#8221;4.25.1&#8243; _module_preset=&#8221;default&#8221; global_colors_info=&#8221;{}&#8221;][et_pb_image src=&#8221;https:\/\/angelisognanti.com\/wp-content\/uploads\/2024\/06\/Angeli-Sognanti_Blokjespatroon-2.jpg&#8221; title_text=&#8221;Angeli Sognanti_Modello a blocchi (2)&#8221; _builder_version=&#8221;4.25.1&#8243; _module_preset=&#8221;default&#8221; transform_scale=&#8221;142%|142%&#8221; transform_translate=&#8221;-172px|-57px&#8221; global_colors_info=&#8221;{}&#8221;][\/et_pb_image][\/et_pb_column][et_pb_column type=&#8221;3_5&#8243; _builder_version=&#8221;4.25.1&#8243; _module_preset=&#8221;default&#8221; global_colors_info=&#8221;{}&#8221;][et_pb_text _builder_version=&#8221;4.27.5&#8243; _module_preset=&#8221;default&#8221; text_text_color=&#8221;#F9F3E7&#8243; link_text_color=&#8221;#F9F3E7&#8243; header_4_text_color=&#8221;#F9F3E7&#8243; header_4_font_size=&#8221;25px&#8221; header_4_line_height=&#8221;1.2em&#8221; width=&#8221;85%&#8221; global_colors_info=&#8221;{}&#8221;]<\/p>\n<h4>Scopri i tesori nascosti della regione nelle piazze pi\u00f9 belle delle Marche<\/h4>\n<p>[\/et_pb_text][\/et_pb_column][\/et_pb_row][\/et_pb_section]<\/p>\n","protected":false},"excerpt":{"rendered":"<p>Splendore senza tempo: gli incantevoli Borghi delle Marche &nbsp;Splendore senza tempo: gli incantevoli Borghi delle MarcheDove il tempo si ferma: gli incantevoli Borghi delle Marche Un viaggio alla scoperta di piazze nascoste, storie antiche e l&#8217;anima pura della regione.Al di l\u00e0 delle dolci colline e degli uliveti grigio-argento che abbracciano il nostro agriturismo si trova [&hellip;]<\/p>\n","protected":false},"author":6,"featured_media":0,"parent":0,"menu_order":0,"comment_status":"closed","ping_status":"closed","template":"","meta":{"_et_pb_use_builder":"on","_et_pb_old_content":"","_et_gb_content_width":"","footnotes":""},"class_list":["post-5662","page","type-page","status-publish","hentry"],"_links":{"self":[{"href":"https:\/\/angelisognanti.com\/it\/wp-json\/wp\/v2\/pages\/5662","targetHints":{"allow":["GET"]}}],"collection":[{"href":"https:\/\/angelisognanti.com\/it\/wp-json\/wp\/v2\/pages"}],"about":[{"href":"https:\/\/angelisognanti.com\/it\/wp-json\/wp\/v2\/types\/page"}],"author":[{"embeddable":true,"href":"https:\/\/angelisognanti.com\/it\/wp-json\/wp\/v2\/users\/6"}],"replies":[{"embeddable":true,"href":"https:\/\/angelisognanti.com\/it\/wp-json\/wp\/v2\/comments?post=5662"}],"version-history":[{"count":0,"href":"https:\/\/angelisognanti.com\/it\/wp-json\/wp\/v2\/pages\/5662\/revisions"}],"wp:attachment":[{"href":"https:\/\/angelisognanti.com\/it\/wp-json\/wp\/v2\/media?parent=5662"}],"curies":[{"name":"wp","href":"https:\/\/api.w.org\/{rel}","templated":true}]}}