{"id":5603,"date":"2026-01-06T14:50:47","date_gmt":"2026-01-06T13:50:47","guid":{"rendered":"https:\/\/angelisognanti.com\/natura\/"},"modified":"2026-01-08T18:28:48","modified_gmt":"2026-01-08T17:28:48","slug":"natura","status":"publish","type":"page","link":"https:\/\/angelisognanti.com\/it\/natura\/","title":{"rendered":"Natura"},"content":{"rendered":"<p>[et_pb_section fb_built=&#8221;1&#8243; _builder_version=&#8221;4.27.5&#8243; _module_preset=&#8221;default&#8221; background_enable_color=&#8221;off&#8221; use_background_color_gradient=&#8221;on&#8221; background_color_gradient_stops=&#8221;rgba(68,41,36,0.33) 0%|rgba(68,41,36,0.15) 100%&#8221; background_color_gradient_overlays_image=&#8221;on&#8221; background_image=&#8221;https:\/\/angelisognanti.com\/wp-content\/uploads\/2026\/01\/Agriturismo_Angeli_Sognanti_Nature.jpeg&#8221; background_position=&#8221;bottom_center&#8221; min_height=&#8221;700px&#8221; global_colors_info=&#8221;{}&#8221;][et_pb_row _builder_version=&#8221;4.26.0&#8243; _module_preset=&#8221;default&#8221; custom_margin=&#8221;10vw||||false|false&#8221; custom_margin_tablet=&#8221;10vw||||false|false&#8221; custom_margin_phone=&#8221;15vw||||false|false&#8221; custom_margin_last_edited=&#8221;on|phone&#8221; global_colors_info=&#8221;{}&#8221;][et_pb_column type=&#8221;4_4&#8243; _builder_version=&#8221;4.25.1&#8243; _module_preset=&#8221;default&#8221; global_colors_info=&#8221;{}&#8221;][et_pb_text disabled_on=&#8221;off|off|on&#8221; _builder_version=&#8221;4.27.5&#8243; _module_preset=&#8221;default&#8221; text_font=&#8221;Charmonman||||||||&#8221; text_text_color=&#8221;#F9F3E7&#8243; text_font_size=&#8221;35px&#8221; text_line_height=&#8221;1.8em&#8221; header_font=&#8221;Charmonman||||||||&#8221; header_text_color=&#8221;#F9F3E7&#8243; header_font_size=&#8221;32px&#8221; header_line_height=&#8221;1.4em&#8221; custom_margin=&#8221;6vw||||false|false&#8221; header_text_shadow_style=&#8221;preset1&#8243; global_colors_info=&#8221;{}&#8221;]<\/p>\n<h1 style=\"text-align: center;\"><span>La natura come cortile;<br \/>Scoprire e sperimentare<\/span><\/h1>\n<p>[\/et_pb_text][et_pb_text disabled_on=&#8221;on|on|off&#8221; _builder_version=&#8221;4.27.5&#8243; _module_preset=&#8221;default&#8221; text_font=&#8221;Charmonman||||||||&#8221; text_text_color=&#8221;#F9F3E7&#8243; text_font_size=&#8221;35px&#8221; text_line_height=&#8221;1.8em&#8221; header_font=&#8221;Charmonman||||||||&#8221; header_text_color=&#8221;#F9F3E7&#8243; header_font_size=&#8221;35px&#8221; header_line_height=&#8221;1.8em&#8221; header_text_shadow_style=&#8221;preset1&#8243; global_colors_info=&#8221;{}&#8221;]<\/p>\n<h1 style=\"text-align: center;\"><span>La natura come giardino;<br \/><\/span><span>Scoprire e sperimentare<\/span><\/h1>\n<p>[\/et_pb_text][\/et_pb_column][\/et_pb_row][et_pb_row module_class=&#8221;side-by-side-1 &#8221; _builder_version=&#8221;4.26.0&#8243; _module_preset=&#8221;default&#8221; module_alignment=&#8221;center&#8221; custom_margin=&#8221;0px||||false|false&#8221; custom_padding=&#8221;0px|||30%|false|false&#8221; global_colors_info=&#8221;{}&#8221;][et_pb_column type=&#8221;4_4&#8243; _builder_version=&#8221;4.25.1&#8243; _module_preset=&#8221;default&#8221; global_colors_info=&#8221;{}&#8221;][\/et_pb_column][\/et_pb_row][\/et_pb_section][et_pb_section fb_built=&#8221;1&#8243; module_id=&#8221;citt\u00e0&#8221; _builder_version=&#8221;4.25.1&#8243; _module_preset=&#8221;default&#8221; background_color=&#8221;#F9F3E7&#8243; global_colors_info=&#8221;{}&#8221;][et_pb_row module_id=&#8221;strand&#8221; _builder_version=&#8221;4.26.1&#8243; _module_preset=&#8221;default&#8221; custom_margin=&#8221;3vw||||false|false&#8221; global_colors_info=&#8221;{}&#8221;][et_pb_column type=&#8221;4_4&#8243; _builder_version=&#8221;4.25.1&#8243; _module_preset=&#8221;default&#8221; global_colors_info=&#8221;{}&#8221;][et_pb_text _builder_version=&#8221;4.27.5&#8243; _module_preset=&#8221;default&#8221; header_2_font=&#8221;||||||||&#8221; header_2_text_color=&#8221;#442924&#8243; header_2_font_size=&#8221;28px&#8221; header_2_line_height=&#8221;1.3em&#8221; global_colors_info=&#8221;{}&#8221;]<\/p>\n<h2><span>Immergiti nel paesaggio incontaminato delle Marche, dalle gole sussurranti ai floridi altopiani.<\/span><\/h2>\n<p>[\/et_pb_text][et_pb_text _builder_version=&#8221;4.27.5&#8243; _module_preset=&#8221;default&#8221; text_font=&#8221;&#8211;et_global_body_font|300|||||||&#8221; header_font=&#8221;|300|||||||&#8221; global_colors_info=&#8221;{}&#8221;]<\/p>\n<p data-path-to-node=\"3\">All&#8217;Agriturismo Angeli Sognanti, la natura non \u00e8 solo uno sfondo. Situato al confine tra le dolci colline e il cielo, \u00e8 la porta d&#8217;accesso a un paesaggio ancora puro e selvaggio. Le Marche sono una regione di contrasti: dalle dolci linee dei nostri vigneti e uliveti alle drammatiche cime dei Monti Sibillini che si stagliano all&#8217;orizzonte.  <\/p>\n<p data-path-to-node=\"4\">Che tu stia cercando la tranquillit\u00e0 di una passeggiata mattutina tra i vigneti o gli uliveti, che tu voglia fotografare lo splendore colorato dell&#8217;alta pianura o che cerchi la sfida di un mondo aspro e verticale: la natura intorno ad Angeli Sognanti ti invita a essere scoperta con tutti i tuoi sensi. Qui troverai ancora sentieri dove sarai solo con il vento e la storia della terra. <\/p>\n<p data-path-to-node=\"5\">L&#8217;esplorazione inizia spesso dalla porta pi\u00f9 impressionante delle montagne, un luogo in cui gli elementi hanno trascorso milioni di anni a scolpire la terra per creare una via d&#8217;accesso&#8230;<\/p>\n<p>[\/et_pb_text][\/et_pb_column][\/et_pb_row][et_pb_row column_structure=&#8221;1_2,1_2&#8243; module_id=&#8221;belevenissen-stad&#8221; _builder_version=&#8221;4.26.1&#8243; _module_preset=&#8221;default&#8221; custom_margin=&#8221;3vw||||false|false&#8221; global_colors_info=&#8221;{}&#8221;][et_pb_column type=&#8221;1_2&#8243; _builder_version=&#8221;4.25.1&#8243; _module_preset=&#8221;default&#8221; global_colors_info=&#8221;{}&#8221;][et_pb_image src=&#8221;https:\/\/angelisognanti.com\/wp-content\/uploads\/2026\/01\/Agriturismo_Angeli_Sognanti_GolaInfernaccio.jpeg&#8221; title_text=&#8221;Agriturismo_Angeli_Sognanti_GolaInfernaccio&#8221; disabled_on=&#8221;off|off|on&#8221; _builder_version=&#8221;4.27.5&#8243; _module_preset=&#8221;default&#8221; global_colors_info=&#8221;{}&#8221;][\/et_pb_image][et_pb_text _builder_version=&#8221;4.27.5&#8243; _module_preset=&#8221;default&#8221; header_2_font=&#8221;||||||||&#8221; header_2_text_color=&#8221;#442924&#8243; header_2_font_size=&#8221;28px&#8221; header_2_line_height=&#8221;1.3em&#8221; global_colors_info=&#8221;{}&#8221;]<\/p>\n<h2 data-path-to-node=\"3\">LE GOLE DELL&#8217;INFERNACCIO<\/h2>\n<h3>Il potere mistico dell&#8217;acqua e delle rocce<\/h3>\n<p>[\/et_pb_text][et_pb_text _builder_version=&#8221;4.27.5&#8243; _module_preset=&#8221;default&#8221; text_font=&#8221;&#8211;et_global_body_font|300|||||||&#8221; header_font=&#8221;|300|||||||&#8221; global_colors_info=&#8221;{}&#8221;]<\/p>\n<p data-path-to-node=\"5\">Il viaggio verso le Gole dell&#8217;Infernaccio \u00e8 come una discesa in un altro mondo.  <br \/>Lasciando l&#8217;auto e imboccando il sentiero verso la gola, sentirai la temperatura scendere lentamente e il trambusto della vita quotidiana lasciare il posto al profondo mormorio del fiume Tenna. Il nome, che significa &#8220;gola infernale&#8221;, risale a un passato in cui questo passaggio era indomito e misterioso. Oggi, invece, \u00e8 un luogo di pura serenit\u00e0 e forza naturale.  <\/p>\n<p data-path-to-node=\"6\">Una passeggiata attraverso le &#8220;Pisciarelle&#8221;<br \/>L&#8217;avventura inizia allo spettacolare ingresso, dove vieni accolto dalle <i data-path-to-node=\"6\" data-index-in-node=\"117\">Pisciarelle<\/i>: getti d&#8217;acqua naturali che scendono dalle rocce sporgenti come un velo sottile. Alla luce del sole, qui si formano spesso piccoli arcobaleni, un benvenuto magico che rappresenta la porta d&#8217;accesso alla gola pi\u00f9 profonda. <\/p>\n<p data-path-to-node=\"7\">Il sentiero dell&#8217;eremita<br \/>Una volta superato lo stretto passaggio, la valle si apre e il sentiero sale attraverso antiche foreste di faggi. Per chi vuole seguire il richiamo della storia, il sentiero si snoda fino all&#8217;Eremo di San Leonardo. Questa piccola chiesa fu ricostruita mattone dopo mattone dall&#8217;eremita Padre Pietro, che visse qui per decenni in completo isolamento e armonia con le montagne. \u00c8 un luogo in cui puoi sederti, fare un respiro profondo e ammirare le ampie vedute delle cime dei Sibillini.   <\/p>\n<p>[\/et_pb_text][\/et_pb_column][et_pb_column type=&#8221;1_2&#8243; _builder_version=&#8221;4.25.1&#8243; _module_preset=&#8221;default&#8221; global_colors_info=&#8221;{}&#8221;][et_pb_image src=&#8221;https:\/\/angelisognanti.com\/wp-content\/uploads\/2026\/01\/Agriturismo_Angeli_Sognanti_GolaInfernaccio.jpeg&#8221; title_text=&#8221;Agriturismo_Angeli_Sognanti_GolaInfernaccio&#8221; disabled_on=&#8221;on|on|off&#8221; _builder_version=&#8221;4.27.5&#8243; _module_preset=&#8221;default&#8221; global_colors_info=&#8221;{}&#8221;][\/et_pb_image][\/et_pb_column][\/et_pb_row][et_pb_row column_structure=&#8221;1_2,1_2&#8243; module_id=&#8221;strand&#8221; _builder_version=&#8221;4.26.1&#8243; _module_preset=&#8221;default&#8221; custom_margin=&#8221;3vw||||false|false&#8221; global_colors_info=&#8221;{}&#8221;][et_pb_column type=&#8221;1_2&#8243; _builder_version=&#8221;4.25.1&#8243; _module_preset=&#8221;default&#8221; global_colors_info=&#8221;{}&#8221;][et_pb_image src=&#8221;https:\/\/angelisognanti.com\/wp-content\/uploads\/2026\/01\/JPEG-afbeelding-DEEB970DDE7A-17.jpeg&#8221; title_text=&#8221;Agriturismo_Angeli_Sognanti_PianoGrande&#8221; disabled_on=&#8221;off|off|off&#8221; _builder_version=&#8221;4.27.5&#8243; _module_preset=&#8221;default&#8221; global_colors_info=&#8221;{}&#8221;][\/et_pb_image][\/et_pb_column][et_pb_column type=&#8221;1_2&#8243; _builder_version=&#8221;4.25.1&#8243; _module_preset=&#8221;default&#8221; global_colors_info=&#8221;{}&#8221;][et_pb_text _builder_version=&#8221;4.27.5&#8243; _module_preset=&#8221;default&#8221; header_2_font=&#8221;||||||||&#8221; header_2_text_color=&#8221;#442924&#8243; header_2_font_size=&#8221;28px&#8221; header_2_line_height=&#8221;1.3em&#8221; global_colors_info=&#8221;{}&#8221;]<\/p>\n<h2 data-path-to-node=\"2\">I PIANI DI CASTELLUCCIO<\/h2>\n<h3 data-path-to-node=\"3\">Un quadro di Madre Natura a 1.500 metri di altezza<\/h3>\n<p>[\/et_pb_text][et_pb_text _builder_version=&#8221;4.27.5&#8243; _module_preset=&#8221;default&#8221; text_font=&#8221;&#8211;et_global_body_font|300|||||||&#8221; header_font=&#8221;|300|||||||&#8221; global_colors_info=&#8221;{}&#8221;]<\/p>\n<p data-path-to-node=\"4\">Chiunque percorra la strada che dal nostro agriturismo conduce al Parco Nazionale dei Monti Sibillini si trova di fronte a una rivelazione. Quando, dopo l&#8217;ultima curva, vedi i Piani di Castelluccio di fronte a te, il respiro si ferma per un attimo. Questi vasti altopiani, circondati dalle imponenti e brulle cime degli Appennini, sembrano il &#8220;Tibet d&#8217;Italia&#8221;, un luogo in cui la terra tocca il cielo e l&#8217;orizzonte sembra infinito.e  <\/p>\n<p data-path-to-node=\"5\">La Fioritura: una meraviglia di colori <br \/>Quest&#8217;area \u00e8 famosa in tutto il mondo per la <i data-path-to-node=\"5\" data-index-in-node=\"69\">Fioritura<\/i>. Tra la fine di maggio e l&#8217;inizio di luglio, qui ha luogo una meraviglia naturale senza precedenti. I campi di lenticchie trasformano la pianura in un mosaico vivente di colori: dal blu intenso dei fiordalisi al rosso fuoco dei papaveri e al giallo radioso della senape selvatica. \u00c8 un quadro che cambia colore ogni giorno, a seconda del sole e del vento.   <\/p>\n<p data-path-to-node=\"6\">Silenzio e grandezza in ogni stagione <br \/>Sebbene lo splendore floreale attiri migliaia di ammiratori ogni anno, Castelluccio merita una visita in ogni stagione. Al di fuori della stagione della fioritura, qui regna un silenzio quasi ultraterreno. La cruda bellezza delle montagne circostanti, come l&#8217;imponente Monte Vettore, invita alla contemplazione e alla quiete. Puoi trascorrere ore e ore facendo escursioni a piedi, a cavallo o semplicemente osservando le nuvole che proiettano le loro ombre sull&#8217;immensa pianura.   <\/p>\n<p>[\/et_pb_text][\/et_pb_column][\/et_pb_row][et_pb_row column_structure=&#8221;1_2,1_2&#8243; module_id=&#8221;natuur&#8221; _builder_version=&#8221;4.25.1&#8243; _module_preset=&#8221;default&#8221; custom_margin=&#8221;3vw||||false|false&#8221; global_colors_info=&#8221;{}&#8221;][et_pb_column type=&#8221;1_2&#8243; _builder_version=&#8221;4.25.1&#8243; _module_preset=&#8221;default&#8221; global_colors_info=&#8221;{}&#8221;][et_pb_image src=&#8221;https:\/\/angelisognanti.com\/wp-content\/uploads\/2026\/01\/45ce3fe9-cbfc-466b-9342-252f45a66be3.jpeg&#8221; title_text=&#8221;Agriturismo_Angeli_Sognanti_Cossignano&#8221; disabled_on=&#8221;off|off|on&#8221; _builder_version=&#8221;4.27.5&#8243; _module_preset=&#8221;default&#8221; global_colors_info=&#8221;{}&#8221;][\/et_pb_image][et_pb_text _builder_version=&#8221;4.27.5&#8243; _module_preset=&#8221;default&#8221; header_2_font=&#8221;||||||||&#8221; header_2_text_color=&#8221;#442924&#8243; header_2_font_size=&#8221;28px&#8221; header_2_line_height=&#8221;1.3em&#8221; global_colors_info=&#8221;{}&#8221;]<\/p>\n<h2 data-path-to-node=\"2\">VISTA PANORAMICA SULLA VALLE<\/h2>\n<h3 data-path-to-node=\"3\">Camminare al ritmo dell&#8217;autentico paesaggio collinare<\/h3>\n<p>[\/et_pb_text][et_pb_text _builder_version=&#8221;4.27.5&#8243; _module_preset=&#8221;default&#8221; text_font=&#8221;&#8211;et_global_body_font|300|||||||&#8221; header_font=&#8221;|300|||||||&#8221; global_colors_info=&#8221;{}&#8221;]<\/p>\n<p data-path-to-node=\"4\">Per chi vuole abbracciare gli immediati dintorni del nostro agriturismo senza allontanarsi molto, la passeggiata circolare che parte dal nostro borgo di Cossignano \u00e8 altamente consigliata. Cossignano, chiamata anche &#8220;l&#8217;ombelico delle Marche&#8221; per la sua posizione centrale, \u00e8 il punto di partenza di un percorso che ti far\u00e0 scoprire la nostra campagna. Questo \u00e8 il luogo in cui la &#8220;slow life&#8221;<i data-path-to-node=\"4\" data-index-in-node=\"382\">(la dolce vita<\/i>) diventa tangibile.  <\/p>\n<p data-path-to-node=\"5\">Un mosaico di vigneti e uliveti<br \/>Questo <i data-path-to-node=\"5\" data-index-in-node=\"49\">itinerario ad anello<\/i> ti porter\u00e0 a percorrere sentieri sterrati e a costeggiare tenute secolari. Camminerai tra gli stretti filari di viti che producono i famosi vini Rosso Piceno e Offida DOCG e sotto le foglie verde-argentee degli ulivi che da generazioni forniscono l&#8217;olio migliore. Il profumo delle erbe selvatiche e la dolce brezza che soffia nella valle rendono questa esperienza quasi meditativa.  <\/p>\n<p data-path-to-node=\"6\">Dalle montagne al mare Adriatico<br \/>Ci\u00f2 che rende questa passeggiata davvero unica \u00e8 la presenza costante di spettacolari viste panoramiche. Mentre segui le linee ondulate delle colline, il tuo sguardo \u00e8 attratto da un lato dalle aspre cime innevate dei Monti Sibillini e dall&#8217;altro dalla scintillante linea blu intenso del Mare Adriatico all&#8217;orizzonte. \u00c8 un richiamo al luogo privilegiato in cui viviamo: un mondo tra la costa e le montagne; Mare e Monte.  <\/p>\n<p>[\/et_pb_text][\/et_pb_column][et_pb_column type=&#8221;1_2&#8243; _builder_version=&#8221;4.25.1&#8243; _module_preset=&#8221;default&#8221; global_colors_info=&#8221;{}&#8221;][et_pb_image src=&#8221;https:\/\/angelisognanti.com\/wp-content\/uploads\/2026\/01\/45ce3fe9-cbfc-466b-9342-252f45a66be3.jpeg&#8221; title_text=&#8221;Agriturismo_Angeli_Sognanti_Cossignano&#8221; disabled_on=&#8221;on|on|off&#8221; _builder_version=&#8221;4.27.5&#8243; _module_preset=&#8221;default&#8221; global_colors_info=&#8221;{}&#8221;][\/et_pb_image][\/et_pb_column][\/et_pb_row][\/et_pb_section][et_pb_section fb_built=&#8221;1&#8243; _builder_version=&#8221;4.25.1&#8243; _module_preset=&#8221;default&#8221; background_color=&#8221;#51664D&#8221; custom_margin=&#8221;||||false|false&#8221; custom_padding=&#8221;||||false|false&#8221; global_colors_info=&#8221;{}&#8221;][et_pb_row column_structure=&#8221;2_5,3_5&#8243; _builder_version=&#8221;4.25.1&#8243; _module_preset=&#8221;default&#8221; custom_padding=&#8221;||||false|false&#8221; global_colors_info=&#8221;{}&#8221;][et_pb_column type=&#8221;2_5&#8243; _builder_version=&#8221;4.25.1&#8243; _module_preset=&#8221;default&#8221; global_colors_info=&#8221;{}&#8221;][et_pb_image src=&#8221;https:\/\/angelisognanti.com\/wp-content\/uploads\/2024\/06\/Angeli-Sognanti_Blokjespatroon-2.jpg&#8221; title_text=&#8221;Angeli Sognanti_Modello a blocchi (2)&#8221; _builder_version=&#8221;4.25.1&#8243; _module_preset=&#8221;default&#8221; transform_scale=&#8221;142%|142%&#8221; transform_translate=&#8221;-172px|-57px&#8221; global_colors_info=&#8221;{}&#8221;][\/et_pb_image][\/et_pb_column][et_pb_column type=&#8221;3_5&#8243; _builder_version=&#8221;4.25.1&#8243; _module_preset=&#8221;default&#8221; global_colors_info=&#8221;{}&#8221;][et_pb_text _builder_version=&#8221;4.27.5&#8243; _module_preset=&#8221;default&#8221; text_text_color=&#8221;#F9F3E7&#8243; link_text_color=&#8221;#F9F3E7&#8243; header_4_text_color=&#8221;#F9F3E7&#8243; header_4_font_size=&#8221;25px&#8221; header_4_line_height=&#8221;1.2em&#8221; width=&#8221;85%&#8221; global_colors_info=&#8221;{}&#8221;]<\/p>\n<h4>Passeggia tra le dolci colline e scopri la tranquillit\u00e0 senza precedenti della campagna marchigiana.<\/h4>\n<p>[\/et_pb_text][\/et_pb_column][\/et_pb_row][\/et_pb_section]<\/p>\n","protected":false},"excerpt":{"rendered":"<p>La natura come cortile;Scoprire e sperimentareLa natura come giardino;Scoprire e sperimentareImmergiti nel paesaggio incontaminato delle Marche, dalle gole sussurranti ai floridi altopiani.All&#8217;Agriturismo Angeli Sognanti, la natura non \u00e8 solo uno sfondo. Situato al confine tra le dolci colline e il cielo, \u00e8 la porta d&#8217;accesso a un paesaggio ancora puro e selvaggio. Le Marche sono [&hellip;]<\/p>\n","protected":false},"author":6,"featured_media":0,"parent":0,"menu_order":0,"comment_status":"closed","ping_status":"closed","template":"","meta":{"_et_pb_use_builder":"on","_et_pb_old_content":"","_et_gb_content_width":"","footnotes":""},"class_list":["post-5603","page","type-page","status-publish","hentry"],"_links":{"self":[{"href":"https:\/\/angelisognanti.com\/it\/wp-json\/wp\/v2\/pages\/5603","targetHints":{"allow":["GET"]}}],"collection":[{"href":"https:\/\/angelisognanti.com\/it\/wp-json\/wp\/v2\/pages"}],"about":[{"href":"https:\/\/angelisognanti.com\/it\/wp-json\/wp\/v2\/types\/page"}],"author":[{"embeddable":true,"href":"https:\/\/angelisognanti.com\/it\/wp-json\/wp\/v2\/users\/6"}],"replies":[{"embeddable":true,"href":"https:\/\/angelisognanti.com\/it\/wp-json\/wp\/v2\/comments?post=5603"}],"version-history":[{"count":0,"href":"https:\/\/angelisognanti.com\/it\/wp-json\/wp\/v2\/pages\/5603\/revisions"}],"wp:attachment":[{"href":"https:\/\/angelisognanti.com\/it\/wp-json\/wp\/v2\/media?parent=5603"}],"curies":[{"name":"wp","href":"https:\/\/api.w.org\/{rel}","templated":true}]}}