{"id":5575,"date":"2026-01-06T14:31:36","date_gmt":"2026-01-06T13:31:36","guid":{"rendered":"https:\/\/angelisognanti.com\/mercati\/"},"modified":"2026-01-08T18:26:47","modified_gmt":"2026-01-08T17:26:47","slug":"mercati","status":"publish","type":"page","link":"https:\/\/angelisognanti.com\/it\/mercati\/","title":{"rendered":"Mercati"},"content":{"rendered":"<p>[et_pb_section fb_built=&#8221;1&#8243; _builder_version=&#8221;4.27.5&#8243; _module_preset=&#8221;default&#8221; background_enable_color=&#8221;off&#8221; use_background_color_gradient=&#8221;on&#8221; background_color_gradient_stops=&#8221;rgba(68,41,36,0.33) 0%|rgba(68,41,36,0.15) 100%&#8221; background_color_gradient_overlays_image=&#8221;on&#8221; background_image=&#8221;https:\/\/angelisognanti.com\/wp-content\/uploads\/2026\/01\/Markt2.jpeg&#8221; background_position=&#8221;bottom_center&#8221; min_height=&#8221;700px&#8221; global_colors_info=&#8221;{}&#8221;][et_pb_row _builder_version=&#8221;4.26.0&#8243; _module_preset=&#8221;default&#8221; custom_margin=&#8221;10vw||||false|false&#8221; custom_margin_tablet=&#8221;10vw||||false|false&#8221; custom_margin_phone=&#8221;15vw||||false|false&#8221; custom_margin_last_edited=&#8221;on|phone&#8221; global_colors_info=&#8221;{}&#8221;][et_pb_column type=&#8221;4_4&#8243; _builder_version=&#8221;4.25.1&#8243; _module_preset=&#8221;default&#8221; global_colors_info=&#8221;{}&#8221;][et_pb_text disabled_on=&#8221;off|off|on&#8221; _builder_version=&#8221;4.27.5&#8243; _module_preset=&#8221;default&#8221; text_font=&#8221;Charmonman||||||||&#8221; text_text_color=&#8221;#F9F3E7&#8243; text_font_size=&#8221;35px&#8221; text_line_height=&#8221;1.8em&#8221; header_font=&#8221;Charmonman||||||||&#8221; header_text_color=&#8221;#F9F3E7&#8243; header_font_size=&#8221;32px&#8221; header_line_height=&#8221;1.4em&#8221; custom_margin=&#8221;6vw||||false|false&#8221; header_text_shadow_style=&#8221;preset1&#8243; global_colors_info=&#8221;{}&#8221;]<\/p>\n<h1 style=\"text-align: center;\"><span>Mercati nelle Marche: un incontro colorato con la tradizione<\/span><\/h1>\n<p>&nbsp;<\/p>\n<p>[\/et_pb_text][et_pb_text disabled_on=&#8221;on|on|off&#8221; _builder_version=&#8221;4.27.5&#8243; _module_preset=&#8221;default&#8221; text_font=&#8221;Charmonman||||||||&#8221; text_text_color=&#8221;#F9F3E7&#8243; text_font_size=&#8221;35px&#8221; text_line_height=&#8221;1.8em&#8221; header_font=&#8221;Charmonman||||||||&#8221; header_text_color=&#8221;#F9F3E7&#8243; header_font_size=&#8221;35px&#8221; header_line_height=&#8221;1.8em&#8221; header_text_shadow_style=&#8221;preset1&#8243; global_colors_info=&#8221;{}&#8221;]<\/p>\n<h1 style=\"text-align: center;\"><span>Mercati nelle Marche: un incontro colorato con la tradizione<\/span><\/h1>\n<p>[\/et_pb_text][\/et_pb_column][\/et_pb_row][et_pb_row module_class=&#8221;side-by-side-1 &#8221; _builder_version=&#8221;4.26.0&#8243; _module_preset=&#8221;default&#8221; module_alignment=&#8221;center&#8221; custom_margin=&#8221;0px||||false|false&#8221; custom_padding=&#8221;0px|||30%|false|false&#8221; global_colors_info=&#8221;{}&#8221;][et_pb_column type=&#8221;4_4&#8243; _builder_version=&#8221;4.25.1&#8243; _module_preset=&#8221;default&#8221; global_colors_info=&#8221;{}&#8221;][\/et_pb_column][\/et_pb_row][\/et_pb_section][et_pb_section fb_built=&#8221;1&#8243; module_id=&#8221;citt\u00e0&#8221; _builder_version=&#8221;4.25.1&#8243; _module_preset=&#8221;default&#8221; background_color=&#8221;#F9F3E7&#8243; global_colors_info=&#8221;{}&#8221;][et_pb_row module_id=&#8221;strand&#8221; _builder_version=&#8221;4.26.1&#8243; _module_preset=&#8221;default&#8221; custom_margin=&#8221;3vw||||false|false&#8221; global_colors_info=&#8221;{}&#8221;][et_pb_column type=&#8221;4_4&#8243; _builder_version=&#8221;4.25.1&#8243; _module_preset=&#8221;default&#8221; global_colors_info=&#8221;{}&#8221;][et_pb_text _builder_version=&#8221;4.27.5&#8243; _module_preset=&#8221;default&#8221; header_2_font=&#8221;||||||||&#8221; header_2_text_color=&#8221;#442924&#8243; header_2_font_size=&#8221;28px&#8221; header_2_line_height=&#8221;1.3em&#8221; global_colors_info=&#8221;{}&#8221;]<\/p>\n<h2 data-path-to-node=\"2\">Assapora il ritmo della regione<\/h2>\n<h3 data-start=\"229\" data-end=\"305\">Scopri i profumi, i colori e i tesori locali nei mercati delle Marche<i data-path-to-node=\"10,1\" data-index-in-node=\"0\"><\/i><\/h3>\n<p>[\/et_pb_text][et_pb_text _builder_version=&#8221;4.27.5&#8243; _module_preset=&#8221;default&#8221; text_font=&#8221;&#8211;et_global_body_font|300|||||||&#8221; header_font=&#8221;|300|||||||&#8221; global_colors_info=&#8221;{}&#8221;]<\/p>\n<p data-path-to-node=\"3\">Quando scambi la tranquillit\u00e0 del nostro agriturismo con la vivacit\u00e0 del mercato locale, scoprirai il vero cuore pulsante delle Marche. \u00c8 il luogo in cui si svolge la vita quotidiana. Passeggiando tra le bancarelle, sarai circondato dall&#8217;odore del pecorino fresco, dal colore rosso intenso dei pomodori locali e dalle voci entusiaste dei commercianti che annunciano con orgoglio i loro prodotti.  <\/p>\n<p data-path-to-node=\"4\">Che tu sia alla ricerca di una bottiglia di olio d&#8217;oliva perfetta, di articoli in pelle fatti a mano o che tu voglia semplicemente goderti un cappuccino mentre il mondo passa, al mercato non ti sentirai per un attimo un turista, ma parte della nostra regione. \u00c8 un momento per rilassarsi, guardare e gustare tutte le bellezze che la stagione ha da offrire. <\/p>\n<p>[\/et_pb_text][\/et_pb_column][\/et_pb_row][et_pb_row column_structure=&#8221;1_2,1_2&#8243; module_id=&#8221;belevenissen-stad&#8221; _builder_version=&#8221;4.26.1&#8243; _module_preset=&#8221;default&#8221; custom_margin=&#8221;3vw||||false|false&#8221; global_colors_info=&#8221;{}&#8221;][et_pb_column type=&#8221;1_2&#8243; _builder_version=&#8221;4.25.1&#8243; _module_preset=&#8221;default&#8221; global_colors_info=&#8221;{}&#8221;][et_pb_image src=&#8221;https:\/\/angelisognanti.com\/wp-content\/uploads\/2026\/01\/Agriturismo_Angeli_Sognanti_Mercato2.jpeg&#8221; title_text=&#8221;Agriturismo_Angeli_Sognanti_Mercato2&#8243; disabled_on=&#8221;off|off|on&#8221; _builder_version=&#8221;4.27.5&#8243; _module_preset=&#8221;default&#8221; global_colors_info=&#8221;{}&#8221;][\/et_pb_image][et_pb_text _builder_version=&#8221;4.27.5&#8243; _module_preset=&#8221;default&#8221; header_2_font=&#8221;||||||||&#8221; header_2_text_color=&#8221;#442924&#8243; header_2_font_size=&#8221;28px&#8221; header_2_line_height=&#8221;1.3em&#8221; global_colors_info=&#8221;{}&#8221;]<\/p>\n<h2 data-start=\"219\" data-end=\"272\">Mercati settimanali<\/h2>\n<p>[\/et_pb_text][et_pb_text _builder_version=&#8221;4.27.5&#8243; _module_preset=&#8221;default&#8221; text_font=&#8221;&#8211;et_global_body_font|300|||||||&#8221; header_font=&#8221;|300|||||||&#8221; global_colors_info=&#8221;{}&#8221;]<\/p>\n<h3 data-path-to-node=\"3\"><b data-path-to-node=\"3\" data-index-in-node=\"0\">I nostri mercati settimanali preferiti<\/b><\/h3>\n<p data-path-to-node=\"3\">Scopri i sapori e le tradizioni locali delle Marche.<\/p>\n<ul data-path-to-node=\"4\">\n<li>\n<p data-path-to-node=\"4,0,0\"><b data-path-to-node=\"4,0,0\" data-index-in-node=\"0\">Marted\u00ec e venerd\u00ec &#8211; San Benedetto del Tronto<\/b> Un grande e vivace mercato che offre di tutto, dalla moda ai prodotti freschi locali.<\/p>\n<\/li>\n<li>\n<p data-path-to-node=\"4,1,0\"><b data-path-to-node=\"4,1,0\" data-index-in-node=\"0\">Mercoled\u00ec e sabato &#8211; Ascoli Piceno<\/b> Un mercato suggestivo nel centro storico della citt\u00e0. <i data-path-to-node=\"4,1,0\" data-index-in-node=\"81\">Suggerimento: il sabato non perdere il mercato ortofrutticolo sotto i portici vicino all&#8217;iconico Caff\u00e8 Meletti.<\/i><\/p>\n<\/li>\n<li>\n<p data-path-to-node=\"4,2,0\"><b data-path-to-node=\"4,2,0\" data-index-in-node=\"0\">Gioved\u00ec &#8211; Offida e Grottammare<\/b> A Offida troverai un autentico mercato ricco di specialit\u00e0 locali. A Grottammare, invece, troverai un mercato pi\u00f9 piccolo e intimo, vicino al mare. <\/p>\n<\/li>\n<li>\n<p data-path-to-node=\"4,3,0\"><b data-path-to-node=\"4,3,0\" data-index-in-node=\"0\">Sabato &#8211; Civitanova Marche<\/b> Uno dei mercati pi\u00f9 grandi e versatili della regione.  <i data-path-to-node=\"4,3,0\" data-index-in-node=\"91\">Suggerimento: recati nella sala del pesce di fronte al porto all&#8217;ora di pranzo. Unisciti alle lunghe tavolate per assaggiare il pesce appena fritto con un bicchiere di Pecorino locale. <\/i><\/p>\n<\/li>\n<\/ul>\n<p>[\/et_pb_text][\/et_pb_column][et_pb_column type=&#8221;1_2&#8243; _builder_version=&#8221;4.25.1&#8243; _module_preset=&#8221;default&#8221; global_colors_info=&#8221;{}&#8221;][et_pb_image src=&#8221;https:\/\/angelisognanti.com\/wp-content\/uploads\/2026\/01\/Agriturismo_Angeli_Sognanti_Mercato2.jpeg&#8221; title_text=&#8221;Agriturismo_Angeli_Sognanti_Mercato2&#8243; disabled_on=&#8221;on|on|off&#8221; _builder_version=&#8221;4.27.5&#8243; _module_preset=&#8221;default&#8221; global_colors_info=&#8221;{}&#8221;][\/et_pb_image][\/et_pb_column][\/et_pb_row][et_pb_row column_structure=&#8221;1_2,1_2&#8243; module_id=&#8221;strand&#8221; _builder_version=&#8221;4.26.1&#8243; _module_preset=&#8221;default&#8221; custom_margin=&#8221;3vw||||false|false&#8221; global_colors_info=&#8221;{}&#8221;][et_pb_column type=&#8221;1_2&#8243; _builder_version=&#8221;4.25.1&#8243; _module_preset=&#8221;default&#8221; global_colors_info=&#8221;{}&#8221;][et_pb_image src=&#8221;https:\/\/angelisognanti.com\/wp-content\/uploads\/2026\/01\/Antiekmarkt.jpeg&#8221; title_text=&#8221;Agriturismo-Angeli-Sognanti-Antique Market&#8221; disabled_on=&#8221;off|off|off&#8221; _builder_version=&#8221;4.27.5&#8243; _module_preset=&#8221;default&#8221; global_colors_info=&#8221;{}&#8221;][\/et_pb_image][\/et_pb_column][et_pb_column type=&#8221;1_2&#8243; _builder_version=&#8221;4.25.1&#8243; _module_preset=&#8221;default&#8221; global_colors_info=&#8221;{}&#8221;][et_pb_text _builder_version=&#8221;4.27.5&#8243; _module_preset=&#8221;default&#8221; header_2_font=&#8221;||||||||&#8221; header_2_text_color=&#8221;#442924&#8243; header_2_font_size=&#8221;28px&#8221; header_2_line_height=&#8221;1.3em&#8221; global_colors_info=&#8221;{}&#8221;]<\/p>\n<h2 data-start=\"219\" data-end=\"272\">Mercati serali<b data-path-to-node=\"6\" data-index-in-node=\"0\"><\/b><\/h2>\n<p>[\/et_pb_text][et_pb_text _builder_version=&#8221;4.27.5&#8243; _module_preset=&#8221;default&#8221; text_font=&#8221;&#8211;et_global_body_font|300|||||||&#8221; header_font=&#8221;|300|||||||&#8221; global_colors_info=&#8221;{}&#8221;]<\/p>\n<h3 data-path-to-node=\"3\"><b data-path-to-node=\"3\" data-index-in-node=\"0\">Le miti serate estive: Mercatini sotto le stelle<\/b><\/h3>\n<p data-path-to-node=\"4\">A luglio e agosto, quando il caldo maggiore scompare, le piazze si animano davvero. I mercati serali nelle Marche sono magici: gli edifici storici sono splendidamente illuminati e l&#8217;atmosfera \u00e8 rilassata e festosa. <\/p>\n<ul data-path-to-node=\"5\">\n<li>\n<p data-path-to-node=\"5,0,0\"><b data-path-to-node=\"5,0,0\" data-index-in-node=\"0\">Tutte le sere &#8211; San Benedetto del Tronto<\/b> Lungo il chilometrico lungomare e in centro, ogni sera d&#8217;estate troverai accoglienti bancarelle. Perfette per una piacevole passeggiata in riva al mare, dove potrai trovare souvenir, gioielli fatti a mano e chincaglierie locali. <\/p>\n<\/li>\n<li>\n<p data-path-to-node=\"5,1,0\"><b data-path-to-node=\"5,1,0\" data-index-in-node=\"0\">Mercoled\u00ec sera &#8211; Acquaviva Picena<\/b> All&#8217;ombra dell&#8217;imponente castello, il mercatino dell&#8217;artigianato si svolge il mercoled\u00ec sera nei mesi di luglio e agosto. Questo villaggio \u00e8 famoso per la lavorazione del vimini (pajarola), quindi potrai trovare bellissimi cesti fatti a mano e opere d&#8217;arte. <\/p>\n<\/li>\n<li>\n<p data-path-to-node=\"5,3,0\"><b data-path-to-node=\"5,3,0\" data-index-in-node=\"0\">Venerd\u00ec sera &#8211; Offida (Mercatino del Serpente Aureo)<\/b> Un mercato suggestivo dove l&#8217;artigianato locale \u00e8 protagonista. Spesso qui si vedono ancora delle signore che si aggirano per le strade, uno spettacolo bellissimo sullo sfondo della piazza medievale. <\/p>\n<\/li>\n<\/ul>\n<p>[\/et_pb_text][\/et_pb_column][\/et_pb_row][et_pb_row column_structure=&#8221;1_2,1_2&#8243; module_id=&#8221;natuur&#8221; _builder_version=&#8221;4.25.1&#8243; _module_preset=&#8221;default&#8221; custom_margin=&#8221;3vw||||false|false&#8221; global_colors_info=&#8221;{}&#8221;][et_pb_column type=&#8221;1_2&#8243; _builder_version=&#8221;4.25.1&#8243; _module_preset=&#8221;default&#8221; global_colors_info=&#8221;{}&#8221;][et_pb_image src=&#8221;https:\/\/angelisognanti.com\/wp-content\/uploads\/2026\/01\/Antiekmarkt-Ascoli.jpeg&#8221; title_text=&#8221;Agriturismo-Angeli-Sognanti-Antique Market Ascoli&#8221; disabled_on=&#8221;off|off|on&#8221; _builder_version=&#8221;4.27.5&#8243; _module_preset=&#8221;default&#8221; global_colors_info=&#8221;{}&#8221;][\/et_pb_image][et_pb_text _builder_version=&#8221;4.27.5&#8243; _module_preset=&#8221;default&#8221; header_2_font=&#8221;||||||||&#8221; header_2_text_color=&#8221;#442924&#8243; header_2_font_size=&#8221;28px&#8221; header_2_line_height=&#8221;1.3em&#8221; global_colors_info=&#8221;{}&#8221;]<\/p>\n<h1 data-path-to-node=\"3\">Mercati dell&#8217;antiquariato<\/h1>\n<h3 data-path-to-node=\"2\"><\/h3>\n<p>[\/et_pb_text][et_pb_text _builder_version=&#8221;4.27.5&#8243; _module_preset=&#8221;default&#8221; text_font=&#8221;&#8211;et_global_body_font|300|||||||&#8221; header_font=&#8221;|300|||||||&#8221; global_colors_info=&#8221;{}&#8221;]<\/p>\n<h3 data-path-to-node=\"3\"><b data-path-to-node=\"3\" data-index-in-node=\"0\">Mercatini dell&#8217;antiquariato e curiosit\u00e0<\/b><\/h3>\n<p data-path-to-node=\"4\">Per gli amanti del vintage, dell&#8217;antiquariato e dei tesori nascosti, ci sono alcuni punti di riferimento nella nostra regione. Tieni presente che questi mercati sono spesso di grandi dimensioni e durano tutto il giorno (e a volte anche la sera). <\/p>\n<ul data-path-to-node=\"5\">\n<li>\n<p data-path-to-node=\"5,0,0\"><b data-path-to-node=\"5,0,0\" data-index-in-node=\"0\">Ascoli Piceno &#8211; Ogni terzo sabato e domenica del mese<\/b> Questo \u00e8 uno dei mercati dell&#8217;antiquariato pi\u00f9 rinomati d&#8217;Italia. Le bellissime piazze di Ascoli si riempiono di oggetti di antiquariato, arte e collezionismo di alta qualit\u00e0.   <i data-path-to-node=\"5,0,0\" data-index-in-node=\"215\">Nota: nei mesi di luglio, agosto e settembre questo mercato si prende una pausa estiva.<\/i><\/p>\n<\/li>\n<li>\n<p data-path-to-node=\"5,1,0\"><b data-path-to-node=\"5,1,0\" data-index-in-node=\"0\">Fermo &#8211; Tutti i gioved\u00ec sera di luglio e agosto<\/b> la <i data-path-to-node=\"5,1,0\" data-index-in-node=\"51\">Mostra Mercato dell&#8217;Antiquariato<\/i> \u00e8 un nome noto. Mentre il sole tramonta dietro le colline, curiosa tra libri antichi, mobili e design vintage nelle suggestive strade intorno a Piazza del Popolo. <\/p>\n<\/li>\n<li>\n<p data-path-to-node=\"5,2,0\"><b data-path-to-node=\"5,2,0\" data-index-in-node=\"0\">San Benedetto del Tronto &#8211; L&#8217;Antico e le Palme<\/b> Questo grande mercato dell&#8217;antiquariato si svolge due volte l&#8217;anno sotto le mille palme del lungomare e delle vie dello shopping. Di solito si svolge l&#8217;ultimo fine settimana di giugno e il 20 agosto. \u00c8 il luogo perfetto per una ricerca estiva.  <\/p>\n<\/li>\n<\/ul>\n<p>[\/et_pb_text][\/et_pb_column][et_pb_column type=&#8221;1_2&#8243; _builder_version=&#8221;4.25.1&#8243; _module_preset=&#8221;default&#8221; global_colors_info=&#8221;{}&#8221;][et_pb_image src=&#8221;https:\/\/angelisognanti.com\/wp-content\/uploads\/2026\/01\/Antiekmarkt-Ascoli.jpeg&#8221; title_text=&#8221;Agriturismo-Angeli-Sognanti-Antique Market Ascoli&#8221; disabled_on=&#8221;on|on|off&#8221; _builder_version=&#8221;4.27.5&#8243; _module_preset=&#8221;default&#8221; global_colors_info=&#8221;{}&#8221;][\/et_pb_image][\/et_pb_column][\/et_pb_row][\/et_pb_section][et_pb_section fb_built=&#8221;1&#8243; _builder_version=&#8221;4.25.1&#8243; _module_preset=&#8221;default&#8221; background_color=&#8221;#51664D&#8221; custom_margin=&#8221;||||false|false&#8221; custom_padding=&#8221;||||false|false&#8221; global_colors_info=&#8221;{}&#8221;][et_pb_row column_structure=&#8221;2_5,3_5&#8243; _builder_version=&#8221;4.25.1&#8243; _module_preset=&#8221;default&#8221; custom_padding=&#8221;||||false|false&#8221; global_colors_info=&#8221;{}&#8221;][et_pb_column type=&#8221;2_5&#8243; _builder_version=&#8221;4.25.1&#8243; _module_preset=&#8221;default&#8221; global_colors_info=&#8221;{}&#8221;][et_pb_image src=&#8221;https:\/\/angelisognanti.com\/wp-content\/uploads\/2024\/06\/Angeli-Sognanti_Blokjespatroon-2.jpg&#8221; title_text=&#8221;Angeli Sognanti_Modello a blocchi (2)&#8221; _builder_version=&#8221;4.25.1&#8243; _module_preset=&#8221;default&#8221; transform_scale=&#8221;142%|142%&#8221; transform_translate=&#8221;-172px|-57px&#8221; global_colors_info=&#8221;{}&#8221;][\/et_pb_image][\/et_pb_column][et_pb_column type=&#8221;3_5&#8243; _builder_version=&#8221;4.25.1&#8243; _module_preset=&#8221;default&#8221; global_colors_info=&#8221;{}&#8221;][et_pb_text _builder_version=&#8221;4.27.5&#8243; _module_preset=&#8221;default&#8221; text_text_color=&#8221;#F9F3E7&#8243; link_text_color=&#8221;#F9F3E7&#8243; header_4_text_color=&#8221;#F9F3E7&#8243; header_4_font_size=&#8221;25px&#8221; header_4_line_height=&#8221;1.2em&#8221; width=&#8221;85%&#8221; global_colors_info=&#8221;{}&#8221;]<\/p>\n<h4>Dove si incontrano tradizioni locali e piazze da sogno.<\/h4>\n<p>[\/et_pb_text][\/et_pb_column][\/et_pb_row][\/et_pb_section]<\/p>\n","protected":false},"excerpt":{"rendered":"<p>Mercati nelle Marche: un incontro colorato con la tradizione &nbsp;Mercati nelle Marche: un incontro colorato con la tradizioneAssapora il ritmo della regione Scopri i profumi, i colori e i tesori locali nei mercati delle MarcheQuando scambi la tranquillit\u00e0 del nostro agriturismo con la vivacit\u00e0 del mercato locale, scoprirai il vero cuore pulsante delle Marche. \u00c8 [&hellip;]<\/p>\n","protected":false},"author":6,"featured_media":0,"parent":0,"menu_order":0,"comment_status":"closed","ping_status":"closed","template":"","meta":{"_et_pb_use_builder":"on","_et_pb_old_content":"","_et_gb_content_width":"","footnotes":""},"class_list":["post-5575","page","type-page","status-publish","hentry"],"_links":{"self":[{"href":"https:\/\/angelisognanti.com\/it\/wp-json\/wp\/v2\/pages\/5575","targetHints":{"allow":["GET"]}}],"collection":[{"href":"https:\/\/angelisognanti.com\/it\/wp-json\/wp\/v2\/pages"}],"about":[{"href":"https:\/\/angelisognanti.com\/it\/wp-json\/wp\/v2\/types\/page"}],"author":[{"embeddable":true,"href":"https:\/\/angelisognanti.com\/it\/wp-json\/wp\/v2\/users\/6"}],"replies":[{"embeddable":true,"href":"https:\/\/angelisognanti.com\/it\/wp-json\/wp\/v2\/comments?post=5575"}],"version-history":[{"count":0,"href":"https:\/\/angelisognanti.com\/it\/wp-json\/wp\/v2\/pages\/5575\/revisions"}],"wp:attachment":[{"href":"https:\/\/angelisognanti.com\/it\/wp-json\/wp\/v2\/media?parent=5575"}],"curies":[{"name":"wp","href":"https:\/\/api.w.org\/{rel}","templated":true}]}}