{"id":5547,"date":"2026-01-06T14:35:25","date_gmt":"2026-01-06T13:35:25","guid":{"rendered":"https:\/\/angelisognanti.com\/cucina\/"},"modified":"2026-01-08T18:23:56","modified_gmt":"2026-01-08T17:23:56","slug":"cucina","status":"publish","type":"page","link":"https:\/\/angelisognanti.com\/it\/cucina\/","title":{"rendered":"Cucina"},"content":{"rendered":"<p>[et_pb_section fb_built=&#8221;1&#8243; _builder_version=&#8221;4.27.5&#8243; _module_preset=&#8221;default&#8221; background_enable_color=&#8221;off&#8221; use_background_color_gradient=&#8221;on&#8221; background_color_gradient_stops=&#8221;rgba(68,41,36,0.33) 0%|rgba(68,41,36,0.15) 100%&#8221; background_color_gradient_overlays_image=&#8221;on&#8221; background_image=&#8221;https:\/\/angelisognanti.com\/wp-content\/uploads\/2026\/01\/Agriturismo_Angeli_Sognanti_eten7-2-1.jpg&#8221; background_position=&#8221;bottom_center&#8221; min_height=&#8221;700px&#8221; global_colors_info=&#8221;{}&#8221;][et_pb_row _builder_version=&#8221;4.26.0&#8243; _module_preset=&#8221;default&#8221; custom_margin=&#8221;10vw||||false|false&#8221; custom_margin_tablet=&#8221;10vw||||false|false&#8221; custom_margin_phone=&#8221;15vw||||false|false&#8221; custom_margin_last_edited=&#8221;on|phone&#8221; global_colors_info=&#8221;{}&#8221;][et_pb_column type=&#8221;4_4&#8243; _builder_version=&#8221;4.25.1&#8243; _module_preset=&#8221;default&#8221; global_colors_info=&#8221;{}&#8221;][et_pb_text disabled_on=&#8221;off|off|on&#8221; _builder_version=&#8221;4.27.5&#8243; _module_preset=&#8221;default&#8221; text_font=&#8221;Charmonman||||||||&#8221; text_text_color=&#8221;#F9F3E7&#8243; text_font_size=&#8221;35px&#8221; text_line_height=&#8221;1.8em&#8221; header_font=&#8221;Charmonman||||||||&#8221; header_text_color=&#8221;#F9F3E7&#8243; header_font_size=&#8221;32px&#8221; header_line_height=&#8221;1.4em&#8221; custom_margin=&#8221;6vw||||false|false&#8221; header_text_shadow_style=&#8221;preset1&#8243; global_colors_info=&#8221;{}&#8221;]<\/p>\n<h1 style=\"text-align: center;\"><span>Il gusto delle Marche: un patrimonio di tradizioni pure<\/span><\/h1>\n<p>&nbsp;<\/p>\n<p>[\/et_pb_text][et_pb_text disabled_on=&#8221;on|on|off&#8221; _builder_version=&#8221;4.27.5&#8243; _module_preset=&#8221;default&#8221; text_font=&#8221;Charmonman||||||||&#8221; text_text_color=&#8221;#F9F3E7&#8243; text_font_size=&#8221;35px&#8221; text_line_height=&#8221;1.8em&#8221; header_font=&#8221;Charmonman||||||||&#8221; header_text_color=&#8221;#F9F3E7&#8243; header_font_size=&#8221;35px&#8221; header_line_height=&#8221;1.8em&#8221; header_text_shadow_style=&#8221;preset1&#8243; global_colors_info=&#8221;{}&#8221;]<\/p>\n<h1 style=\"text-align: center;\"><span>Il gusto delle Marche: un patrimonio di tradizioni pure<\/span><\/h1>\n<p>[\/et_pb_text][\/et_pb_column][\/et_pb_row][et_pb_row module_class=&#8221;side-by-side-1 &#8221; _builder_version=&#8221;4.26.0&#8243; _module_preset=&#8221;default&#8221; module_alignment=&#8221;center&#8221; custom_margin=&#8221;0px||||false|false&#8221; custom_padding=&#8221;0px|||30%|false|false&#8221; global_colors_info=&#8221;{}&#8221;][et_pb_column type=&#8221;4_4&#8243; _builder_version=&#8221;4.25.1&#8243; _module_preset=&#8221;default&#8221; global_colors_info=&#8221;{}&#8221;][\/et_pb_column][\/et_pb_row][\/et_pb_section][et_pb_section fb_built=&#8221;1&#8243; module_id=&#8221;citt\u00e0&#8221; _builder_version=&#8221;4.25.1&#8243; _module_preset=&#8221;default&#8221; background_color=&#8221;#F9F3E7&#8243; global_colors_info=&#8221;{}&#8221;][et_pb_row module_id=&#8221;strand&#8221; _builder_version=&#8221;4.26.1&#8243; _module_preset=&#8221;default&#8221; custom_margin=&#8221;3vw||||false|false&#8221; global_colors_info=&#8221;{}&#8221;][et_pb_column type=&#8221;4_4&#8243; _builder_version=&#8221;4.25.1&#8243; _module_preset=&#8221;default&#8221; global_colors_info=&#8221;{}&#8221;][et_pb_text _builder_version=&#8221;4.27.5&#8243; _module_preset=&#8221;default&#8221; header_2_font=&#8221;||||||||&#8221; header_2_text_color=&#8221;#442924&#8243; header_2_font_size=&#8221;28px&#8221; header_2_line_height=&#8221;1.3em&#8221; global_colors_info=&#8221;{}&#8221;]<\/p>\n<h2 data-path-to-node=\"2\">Il gusto delle Marche<\/h2>\n<h3 data-path-to-node=\"3\">Un viaggio attraverso gli aromi puri e le tradizioni oneste della regione<\/h3>\n<h3 data-start=\"229\" data-end=\"305\"><\/h3>\n<p>[\/et_pb_text][et_pb_text _builder_version=&#8221;4.27.5&#8243; _module_preset=&#8221;default&#8221; text_font=&#8221;&#8211;et_global_body_font|300|||||||&#8221; header_font=&#8221;|300|||||||&#8221; global_colors_info=&#8221;{}&#8221;]<\/p>\n<p data-path-to-node=\"4\">Nelle Marche il piacere inizia sempre a tavola. La cucina della nostra regione \u00e8 semplice e pura, con ingredienti che spesso provengono dalla terra la mattina stessa. Ci\u00f2 che rende speciale la nostra posizione ad Angeli Sognanti \u00e8 la grande variet\u00e0 di ristoranti nelle immediate vicinanze. Che tu scelga i piatti robusti delle colline o i sapori raffinati della costa, ce n&#8217;\u00e8 per tutti i gusti.   <\/p>\n<p>[\/et_pb_text][\/et_pb_column][\/et_pb_row][et_pb_row column_structure=&#8221;1_2,1_2&#8243; module_id=&#8221;belevenissen-stad&#8221; _builder_version=&#8221;4.26.1&#8243; _module_preset=&#8221;default&#8221; custom_margin=&#8221;3vw||||false|false&#8221; global_colors_info=&#8221;{}&#8221;][et_pb_column type=&#8221;1_2&#8243; _builder_version=&#8221;4.25.1&#8243; _module_preset=&#8221;default&#8221; global_colors_info=&#8221;{}&#8221;][et_pb_image src=&#8221;https:\/\/angelisognanti.com\/wp-content\/uploads\/2026\/01\/Agriturismo_Angeli_Sognanti_eten11-1.jpg&#8221; title_text=&#8221;Agriturismo_Angeli_Sognanti_eten11 (1)&#8221; disabled_on=&#8221;off|off|on&#8221; _builder_version=&#8221;4.27.5&#8243; _module_preset=&#8221;default&#8221; global_colors_info=&#8221;{}&#8221;][\/et_pb_image][et_pb_text _builder_version=&#8221;4.27.5&#8243; _module_preset=&#8221;default&#8221; header_2_font=&#8221;||||||||&#8221; header_2_text_color=&#8221;#442924&#8243; header_2_font_size=&#8221;28px&#8221; header_2_line_height=&#8221;1.3em&#8221; global_colors_info=&#8221;{}&#8221;]<\/p>\n<h2 data-start=\"219\" data-end=\"272\">Godersi la zona: dalla costa alle colline<b data-path-to-node=\"2\" data-index-in-node=\"0\"><\/b><\/h2>\n<p>[\/et_pb_text][et_pb_text _builder_version=&#8221;4.27.5&#8243; _module_preset=&#8221;default&#8221; text_font=&#8221;&#8211;et_global_body_font|300|||||||&#8221; header_font=&#8221;|300|||||||&#8221; global_colors_info=&#8221;{}&#8221;]<\/p>\n<p data-path-to-node=\"3\">Nelle immediate vicinanze troverai un&#8217;enorme variet\u00e0 di punti di ristoro. La regione si sta sempre pi\u00f9 affermando come luogo culinario d&#8217;eccellenza, dove innovazione e tradizioni secolari vanno di pari passo. Che tu stia cercando un posto informale tra la gente del posto o una serata di cucina raffinata, la scelta \u00e8 ampia.  <\/p>\n<ul data-path-to-node=\"4\">\n<li>\n<p data-path-to-node=\"4,0,0\"><b data-path-to-node=\"4,0,0\" data-index-in-node=\"0\">Fresco dall&#8217;Adriatico<\/b><b data-path-to-node=\"4,0,0\" data-index-in-node=\"0\"><br \/><\/b><b data-path-to-node=\"4,0,0\" data-index-in-node=\"0\"><\/b>Per gli amanti del pesce, la costa vicino a San Benedetto del Tronto \u00e8 un paradiso. Nel porto e sul lungomare troverai ottimi ristoranti di pesce. Dall&#8217;onesto pesce appena pescato alla griglia su una terrazza informale a piatti sofisticati e moderni, elogiati anche dalle guide del Gambero Rosso e della Michelin.  <\/p>\n<\/li>\n<li>\n<p data-path-to-node=\"4,1,0\"><b data-path-to-node=\"4,1,0\" data-index-in-node=\"0\">Piatti regionali genuini e specialit\u00e0 di carne<\/b><br \/>Se ti addentri nelle colline, ti imbatterai in autentiche osterie e trattorie. Qui i sapori robusti sono quelli della carne e delle verdure fresche. Assaggia le specialit\u00e0 locali come le famose olive ripiene o una ricca pasta fatta in casa guardando la valle ondulata.  <\/p>\n<\/li>\n<li>\n<p data-path-to-node=\"4,2,0\"><b data-path-to-node=\"4,2,0\" data-index-in-node=\"0\">Accoglienti enoteche e luoghi per l&#8217;aperitivo<\/b><br \/>Nei borghi medievali come Offida, troverai suggestive enoteche (enotecas) nelle piazze. \u00c8 il luogo perfetto per un &#8220;aperitivo&#8221;: un buon bicchiere di vino locale accompagnato da un tagliere di formaggi e salumi locali, godendo del ritmo del villaggio. <\/p>\n<\/li>\n<\/ul>\n<p>[\/et_pb_text][\/et_pb_column][et_pb_column type=&#8221;1_2&#8243; _builder_version=&#8221;4.25.1&#8243; _module_preset=&#8221;default&#8221; global_colors_info=&#8221;{}&#8221;][et_pb_image src=&#8221;https:\/\/angelisognanti.com\/wp-content\/uploads\/2026\/01\/Agriturismo_Angeli_Sognanti_eten11-1.jpg&#8221; title_text=&#8221;Agriturismo_Angeli_Sognanti_eten11 (1)&#8221; disabled_on=&#8221;on|on|off&#8221; _builder_version=&#8221;4.27.5&#8243; _module_preset=&#8221;default&#8221; global_colors_info=&#8221;{}&#8221;][\/et_pb_image][\/et_pb_column][\/et_pb_row][et_pb_row column_structure=&#8221;1_2,1_2&#8243; module_id=&#8221;strand&#8221; _builder_version=&#8221;4.26.1&#8243; _module_preset=&#8221;default&#8221; custom_margin=&#8221;3vw||||false|false&#8221; global_colors_info=&#8221;{}&#8221;][et_pb_column type=&#8221;1_2&#8243; _builder_version=&#8221;4.25.1&#8243; _module_preset=&#8221;default&#8221; global_colors_info=&#8221;{}&#8221;][et_pb_image src=&#8221;https:\/\/angelisognanti.com\/wp-content\/uploads\/2026\/01\/Agriturismo_Angeli_Sognanti_wijnproverij-1.jpg&#8221; title_text=&#8221;Agriturismo_Angeli_Sognanti_degustazione di vini (1)&#8221; disabled_on=&#8221;off|off|off&#8221; _builder_version=&#8221;4.27.5&#8243; _module_preset=&#8221;default&#8221; global_colors_info=&#8221;{}&#8221;][\/et_pb_image][\/et_pb_column][et_pb_column type=&#8221;1_2&#8243; _builder_version=&#8221;4.25.1&#8243; _module_preset=&#8221;default&#8221; global_colors_info=&#8221;{}&#8221;][et_pb_text _builder_version=&#8221;4.27.5&#8243; _module_preset=&#8221;default&#8221; header_2_font=&#8221;||||||||&#8221; header_2_text_color=&#8221;#442924&#8243; header_2_font_size=&#8221;28px&#8221; header_2_line_height=&#8221;1.3em&#8221; global_colors_info=&#8221;{}&#8221;]<\/p>\n<h2 data-start=\"219\" data-end=\"272\">Vino e olio d&#8217;oliva: l&#8217;oro delle colline<b data-path-to-node=\"2\" data-index-in-node=\"0\"><\/b><\/h2>\n<p>[\/et_pb_text][et_pb_text _builder_version=&#8221;4.27.5&#8243; _module_preset=&#8221;default&#8221; text_font=&#8221;&#8211;et_global_body_font|300|||||||&#8221; header_font=&#8221;|300|||||||&#8221; global_colors_info=&#8221;{}&#8221;]<\/p>\n<p data-path-to-node=\"3\">Intorno ad Angeli Sognanti si cammina letteralmente tra vigneti e uliveti. Le dolci colline del Piceno sono la cornice perfetta per scoprire i sapori puri della terra. <\/p>\n<ul data-path-to-node=\"4\">\n<li>\n<p data-path-to-node=\"4,0,0\"><b data-path-to-node=\"4,0,0\" data-index-in-node=\"0\">Piccoli produttori di vino biologico<\/b> <br \/>La nostra regione \u00e8 famosa in tutto il mondo per il suo caratteristico Pecorino bianco e il potente Rosso Piceno. Preferiamo lavorare con piccoli produttori di vino biologico della nostra zona. Questi produttori appassionati producono vini onesti nel rispetto della natura e della tradizione marchigiana. Per permetterti di godere appieno di tutto questo, organizziamo regolarmente delle degustazioni congiunte. Si tratta di un&#8217;opportunit\u00e0 unica per scoprire la passione che si cela dietro la bottiglia e degustare il vino nel luogo in cui viene prodotto.    <\/p>\n<\/li>\n<li>\n<p data-path-to-node=\"4,1,0\"><b data-path-to-node=\"4,1,0\" data-index-in-node=\"0\">Una visita alla Cantina<\/b> <br \/>Una visita a una <i data-path-to-node=\"4,1,0\" data-index-in-node=\"52\">Cantina<\/i> locale \u00e8 un&#8217;esperienza in s\u00e9. Spesso si pu\u00f2 fare un tour delle cantine autentiche e degustare il vino guardando i vigneti dove l&#8217;uva \u00e8 maturata lentamente al sole italiano. <\/p>\n<\/li>\n<li>\n<p data-path-to-node=\"4,2,0\"><b data-path-to-node=\"4,2,0\" data-index-in-node=\"0\">Degustazione di olio d&#8217;oliva<\/b> <br \/>Oltre al vino, la nostra regione \u00e8 orgogliosa di produrre olio extravergine d&#8217;oliva di alta qualit\u00e0. Visita un <i data-path-to-node=\"4,2,0\" data-index-in-node=\"123\">Frantoio<\/i> locale per conoscere la differenza tra le diverse variet\u00e0 di olive. Il profumo dell&#8217;olio appena spremuto su un pezzo di pane caldo \u00e8 un ricordo che non dimenticherai presto.  <\/p>\n<\/li>\n<\/ul>\n<p>[\/et_pb_text][\/et_pb_column][\/et_pb_row][et_pb_row column_structure=&#8221;1_2,1_2&#8243; module_id=&#8221;natuur&#8221; _builder_version=&#8221;4.25.1&#8243; _module_preset=&#8221;default&#8221; custom_margin=&#8221;3vw||||false|false&#8221; global_colors_info=&#8221;{}&#8221;][et_pb_column type=&#8221;1_2&#8243; _builder_version=&#8221;4.25.1&#8243; _module_preset=&#8221;default&#8221; global_colors_info=&#8221;{}&#8221;][et_pb_image src=&#8221;https:\/\/angelisognanti.com\/wp-content\/uploads\/2026\/01\/Agriturismo_Angeli_Sognanti-kaasboer2.jpeg&#8221; title_text=&#8221;Agriturismo_Angeli_Sognanti produttore di formaggio2&#8243; disabled_on=&#8221;off|off|on&#8221; _builder_version=&#8221;4.27.5&#8243; _module_preset=&#8221;default&#8221; global_colors_info=&#8221;{}&#8221;][\/et_pb_image][et_pb_text _builder_version=&#8221;4.27.5&#8243; _module_preset=&#8221;default&#8221; header_2_font=&#8221;||||||||&#8221; header_2_text_color=&#8221;#442924&#8243; header_2_font_size=&#8221;28px&#8221; header_2_line_height=&#8221;1.3em&#8221; global_colors_info=&#8221;{}&#8221;]<\/p>\n<h1 data-path-to-node=\"3\">Artigianato in fattoria: assaggia i formaggi e i salumi pi\u00f9 saporiti<\/h1>\n<h3 data-path-to-node=\"2\"><\/h3>\n<p>[\/et_pb_text][et_pb_text _builder_version=&#8221;4.27.5&#8243; _module_preset=&#8221;default&#8221; text_font=&#8221;&#8211;et_global_body_font|300|||||||&#8221; header_font=&#8221;|300|||||||&#8221; global_colors_info=&#8221;{}&#8221;]<\/p>\n<p data-path-to-node=\"4\">Non solo i vigneti, ma anche i prati e le tradizioni secolari definiscono il sapore della nostra regione. Nelle immediate vicinanze dell&#8217;agriturismo, troverai piccoli produttori appassionati che praticano il loro mestiere con amore. <\/p>\n<ul data-path-to-node=\"5\">\n<li>\n<p data-path-to-node=\"5,0,0\"><b data-path-to-node=\"5,0,0\" data-index-in-node=\"0\">L&#8217;arte del casaro<\/b> <br \/>Sulle colline che ci circondano si trovano piccole aziende casearie dove il tempo sembra essersi fermato. Una visita a una fattoria di questo tipo \u00e8 un&#8217;esperienza speciale: ti viene spiegato il processo che porta dal latte al formaggio e vedi la passione del contadino in ogni fase. Dal <b data-path-to-node=\"5,0,0\" data-index-in-node=\"297\">Pecorino<\/b> morbido e giovane alle variet\u00e0 mature e piccanti che sono state lasciate in grotta o sotto il fieno per mesi, il sapore non \u00e8 secondo a nessuno. Spesso puoi assaggiare sul posto e portare via il tuo formaggio preferito direttamente dal loro negozio.   <\/p>\n<\/li>\n<li>\n<p data-path-to-node=\"5,1,0\"><b data-path-to-node=\"5,1,0\" data-index-in-node=\"0\">Salsicce e salumi tipici<\/b> <br \/>La regione \u00e8 nota anche per i suoi salumi caratteristici. Il fiore all&#8217;occhiello delle Marche \u00e8 il <b data-path-to-node=\"5,1,0\" data-index-in-node=\"116\">Ciauscolo<\/b>, un salame unico e morbido da spalmare sul pane. Ma anche il <i data-path-to-node=\"5,1,0\" data-index-in-node=\"212\">prosciutto<\/i> artigianale e il sostanzioso <i data-path-to-node=\"5,1,0\" data-index-in-node=\"237\">salame fabriano<\/i>. Durante una visita al produttore locale, imparerai tutto sulla speciale stagionatura e sui tempi di maturazione che conferiscono a questi prodotti il loro aroma specifico.   <\/p>\n<\/li>\n<\/ul>\n<p>[\/et_pb_text][\/et_pb_column][et_pb_column type=&#8221;1_2&#8243; _builder_version=&#8221;4.25.1&#8243; _module_preset=&#8221;default&#8221; global_colors_info=&#8221;{}&#8221;][et_pb_image src=&#8221;https:\/\/angelisognanti.com\/wp-content\/uploads\/2026\/01\/Agriturismo_Angeli_Sognanti-kaasboer2.jpeg&#8221; title_text=&#8221;Agriturismo_Angeli_Sognanti produttore di formaggio2&#8243; disabled_on=&#8221;on|on|off&#8221; _builder_version=&#8221;4.27.5&#8243; _module_preset=&#8221;default&#8221; global_colors_info=&#8221;{}&#8221;][\/et_pb_image][\/et_pb_column][\/et_pb_row][et_pb_row column_structure=&#8221;1_2,1_2&#8243; module_id=&#8221;strand&#8221; _builder_version=&#8221;4.26.1&#8243; _module_preset=&#8221;default&#8221; custom_margin=&#8221;3vw||||false|false&#8221; global_colors_info=&#8221;{}&#8221;][et_pb_column type=&#8221;1_2&#8243; _builder_version=&#8221;4.25.1&#8243; _module_preset=&#8221;default&#8221; global_colors_info=&#8221;{}&#8221;][et_pb_image src=&#8221;https:\/\/angelisognanti.com\/wp-content\/uploads\/2026\/01\/Olijfolie.jpeg&#8221; title_text=&#8221;Agriturismo_Angeli_Sognanti_Olio d&#039;oliva&#8221; disabled_on=&#8221;off|off|off&#8221; _builder_version=&#8221;4.27.5&#8243; _module_preset=&#8221;default&#8221; global_colors_info=&#8221;{}&#8221;][\/et_pb_image][\/et_pb_column][et_pb_column type=&#8221;1_2&#8243; _builder_version=&#8221;4.25.1&#8243; _module_preset=&#8221;default&#8221; global_colors_info=&#8221;{}&#8221;][et_pb_text _builder_version=&#8221;4.27.5&#8243; _module_preset=&#8221;default&#8221; header_2_font=&#8221;||||||||&#8221; header_2_text_color=&#8221;#442924&#8243; header_2_font_size=&#8221;28px&#8221; header_2_line_height=&#8221;1.3em&#8221; global_colors_info=&#8221;{}&#8221;]<\/p>\n<h2 data-start=\"219\" data-end=\"272\">Delizie di casa: pure e biologiche<b data-path-to-node=\"3\" data-index-in-node=\"0\"><\/b><\/h2>\n<h3 data-path-to-node=\"2\"><\/h3>\n<p>[\/et_pb_text][et_pb_text _builder_version=&#8221;4.27.5&#8243; _module_preset=&#8221;default&#8221; text_font=&#8221;&#8211;et_global_body_font|300|||||||&#8221; header_font=&#8221;|300|||||||&#8221; global_colors_info=&#8221;{}&#8221;]<\/p>\n<p data-path-to-node=\"4\">Oltre a tutte le bellezze della zona, ci piace anche farti assaggiare ci\u00f2 che la nostra terra produce. Con molta cura e amore, produciamo il nostro olio d&#8217;oliva biologico, un prodotto giallo dorato che costituisce la base di ogni buon pasto. Non pu\u00f2 mancare il nostro Pecorino, un vino bianco fresco e perfetto per un pigro pomeriggio al sole. E per la colazione ti aspettano le nostre marmellate fatte in casa, ricche di frutta che ha avuto il tempo di maturare.   <\/p>\n<p data-path-to-node=\"5\">Raccogliere dall&#8217;orto Gli ospiti sono i benvenuti anche nel nostro orto. Ci piace molto che tu stesso vada nell&#8217;orto a raccogliere le verdure e le erbe fresche di stagione. Non c&#8217;\u00e8 niente di pi\u00f9 fresco: dall&#8217;orto direttamente nella tua padella per una cena deliziosa e sincera sulla tua terrazza.  <\/p>\n<p>[\/et_pb_text][\/et_pb_column][\/et_pb_row][\/et_pb_section][et_pb_section fb_built=&#8221;1&#8243; _builder_version=&#8221;4.25.1&#8243; _module_preset=&#8221;default&#8221; background_color=&#8221;#51664D&#8221; custom_margin=&#8221;||||false|false&#8221; custom_padding=&#8221;||||false|false&#8221; global_colors_info=&#8221;{}&#8221;][et_pb_row column_structure=&#8221;2_5,3_5&#8243; _builder_version=&#8221;4.25.1&#8243; _module_preset=&#8221;default&#8221; custom_padding=&#8221;||||false|false&#8221; global_colors_info=&#8221;{}&#8221;][et_pb_column type=&#8221;2_5&#8243; _builder_version=&#8221;4.25.1&#8243; _module_preset=&#8221;default&#8221; global_colors_info=&#8221;{}&#8221;][et_pb_image src=&#8221;https:\/\/angelisognanti.com\/wp-content\/uploads\/2024\/06\/Angeli-Sognanti_Blokjespatroon-2.jpg&#8221; title_text=&#8221;Angeli Sognanti_Modello a blocchi (2)&#8221; _builder_version=&#8221;4.25.1&#8243; _module_preset=&#8221;default&#8221; transform_scale=&#8221;142%|142%&#8221; transform_translate=&#8221;-172px|-57px&#8221; global_colors_info=&#8221;{}&#8221;][\/et_pb_image][\/et_pb_column][et_pb_column type=&#8221;3_5&#8243; _builder_version=&#8221;4.25.1&#8243; _module_preset=&#8221;default&#8221; global_colors_info=&#8221;{}&#8221;][et_pb_text _builder_version=&#8221;4.27.5&#8243; _module_preset=&#8221;default&#8221; text_text_color=&#8221;#F9F3E7&#8243; link_text_color=&#8221;#F9F3E7&#8243; header_4_text_color=&#8221;#F9F3E7&#8243; header_4_font_size=&#8221;25px&#8221; header_4_line_height=&#8221;1.2em&#8221; width=&#8221;85%&#8221; global_colors_info=&#8221;{}&#8221;]<\/p>\n<h4>Scopri la ricchezza della terra e l&#8217;amore che c&#8217;\u00e8 in ogni piatto<\/h4>\n<p>[\/et_pb_text][\/et_pb_column][\/et_pb_row][\/et_pb_section]<\/p>\n","protected":false},"excerpt":{"rendered":"<p>Il gusto delle Marche: un patrimonio di tradizioni pure &nbsp;Il gusto delle Marche: un patrimonio di tradizioni pureIl gusto delle Marche Un viaggio attraverso gli aromi puri e le tradizioni oneste della regione Nelle Marche il piacere inizia sempre a tavola. La cucina della nostra regione \u00e8 semplice e pura, con ingredienti che spesso provengono [&hellip;]<\/p>\n","protected":false},"author":6,"featured_media":0,"parent":0,"menu_order":0,"comment_status":"closed","ping_status":"closed","template":"","meta":{"_et_pb_use_builder":"on","_et_pb_old_content":"","_et_gb_content_width":"","footnotes":""},"class_list":["post-5547","page","type-page","status-publish","hentry"],"_links":{"self":[{"href":"https:\/\/angelisognanti.com\/it\/wp-json\/wp\/v2\/pages\/5547","targetHints":{"allow":["GET"]}}],"collection":[{"href":"https:\/\/angelisognanti.com\/it\/wp-json\/wp\/v2\/pages"}],"about":[{"href":"https:\/\/angelisognanti.com\/it\/wp-json\/wp\/v2\/types\/page"}],"author":[{"embeddable":true,"href":"https:\/\/angelisognanti.com\/it\/wp-json\/wp\/v2\/users\/6"}],"replies":[{"embeddable":true,"href":"https:\/\/angelisognanti.com\/it\/wp-json\/wp\/v2\/comments?post=5547"}],"version-history":[{"count":0,"href":"https:\/\/angelisognanti.com\/it\/wp-json\/wp\/v2\/pages\/5547\/revisions"}],"wp:attachment":[{"href":"https:\/\/angelisognanti.com\/it\/wp-json\/wp\/v2\/media?parent=5547"}],"curies":[{"name":"wp","href":"https:\/\/api.w.org\/{rel}","templated":true}]}}