{"id":3556,"date":"2025-01-20T11:16:10","date_gmt":"2025-01-20T10:16:10","guid":{"rendered":"https:\/\/angelisognanti.com\/tariffe\/"},"modified":"2026-01-05T13:11:46","modified_gmt":"2026-01-05T12:11:46","slug":"tariffe","status":"publish","type":"page","link":"https:\/\/angelisognanti.com\/it\/tariffe\/","title":{"rendered":"Tariffe"},"content":{"rendered":"<p>[et_pb_section fb_built=&#8221;1&#8243; _builder_version=&#8221;4.25.1&#8243; _module_preset=&#8221;default&#8221; background_color=&#8221;#929325&#8243; global_colors_info=&#8221;{}&#8221;][et_pb_row _builder_version=&#8221;4.25.1&#8243; _module_preset=&#8221;default&#8221; width=&#8221;100%&#8221; max_width=&#8221;100%&#8221; global_colors_info=&#8221;{}&#8221;][et_pb_column type=&#8221;4_4&#8243; _builder_version=&#8221;4.25.1&#8243; _module_preset=&#8221;default&#8221; global_colors_info=&#8221;{}&#8221;][et_pb_image src=&#8221;https:\/\/angelisognanti.com\/wp-content\/uploads\/2024\/06\/Angeli-Sognanti_Blokjespatroon-3.jpg&#8221; title_text=&#8221;Angeli Sognanti_Modello a blocchi (3)&#8221; align=&#8221;center&#8221; _builder_version=&#8221;4.25.1&#8243; _module_preset=&#8221;default&#8221; custom_margin=&#8221;-6vw||||false|false&#8221; custom_padding=&#8221;0px||||false|false&#8221; global_colors_info=&#8221;{}&#8221;][\/et_pb_image][\/et_pb_column][\/et_pb_row][\/et_pb_section][et_pb_section fb_built=&#8221;1&#8243; _builder_version=&#8221;4.25.1&#8243; _module_preset=&#8221;default&#8221; background_color=&#8221;#F9F3E7&#8243; global_colors_info=&#8221;{}&#8221;][et_pb_row _builder_version=&#8221;4.26.0&#8243; _module_preset=&#8221;default&#8221; custom_margin=&#8221;2vw||||false|false&#8221; global_colors_info=&#8221;{}&#8221;][et_pb_column type=&#8221;4_4&#8243; _builder_version=&#8221;4.25.1&#8243; _module_preset=&#8221;default&#8221; global_colors_info=&#8221;{}&#8221;][et_pb_text admin_label=&#8221;Tarieven 2025 (kopje)&#8221; _builder_version=&#8221;4.27.5&#8243; _module_preset=&#8221;default&#8221; global_colors_info=&#8221;{}&#8221;]<\/p>\n<h3>Tariffe 2026<\/h3>\n<p>[\/et_pb_text][et_pb_image src=&#8221;https:\/\/angelisognanti.com\/wp-content\/uploads\/2025\/12\/Scherm\u00adafbeelding-2025-12-29-om-13.45.25.png&#8221; title_text=&#8221;Agriturismo_Angeli_Sognanti_Prices2026&#8243; disabled_on=&#8221;off|off|on&#8221; admin_label=&#8221;Tarieven 2025 (afbeelding tabel voor mobiel)&#8221; _builder_version=&#8221;4.27.5&#8243; _module_preset=&#8221;default&#8221; global_colors_info=&#8221;{}&#8221;][\/et_pb_image][et_pb_text disabled_on=&#8221;on|on|off&#8221; admin_label=&#8221;%91table id=1 \/%93 DESKTOP&#8221; _builder_version=&#8221;4.27.4&#8243; _module_preset=&#8221;default&#8221; global_colors_info=&#8221;{}&#8221;]<\/p>\n\n<table id=\"tablepress-1\" class=\"tablepress tablepress-id-1\">\n<thead>\n<tr class=\"row-1\">\n\t<th class=\"column-1\"><span style=\"color:#555555;\"><strong>2026<\/strong><\/span><\/th><th class=\"column-2\"><span style=\"color:#555555;\"><strong> \u20ac <\/strong><\/span><\/th><th class=\"column-3\"><span style=\"color:#555555;\"><strong>Appt. Fico<\/strong><\/span><\/th><th class=\"column-4\"><span style=\"color:#555555;\"><strong>Appt. Oliva<\/strong><\/span><\/th><th class=\"column-5\"><span style=\"color:#555555;\"><strong>B&amp;B Ripa<\/strong><\/span><\/th><th class=\"column-6\"><span style=\"color:#555555;\"><strong>Glamping tent<\/strong><\/span><\/th><th class=\"column-7\"><span style=\"color:#555555;\"><strong>Bell tent<\/strong><\/span><\/th><th class=\"column-8\"><span style=\"color:#555555;\"><strong>B&amp;B Ripa &amp;<br \/>\n Appt. Oliva<\/strong><\/span><\/th>\n<\/tr>\n<\/thead>\n<tbody class=\"row-hover\">\n<tr class=\"row-2\">\n\t<td class=\"column-1\"><span style=\"color:#442924;\">01\/01 - 18\/04<\/span><\/td><td class=\"column-2\"><span style=\"color:#442924;\">night<\/span><\/td><td class=\"column-3\"><span style=\"color:#442924;\"> \u20ac  137,00 <\/span><\/td><td class=\"column-4\"><span style=\"color:#442924;\"> \u20ac  115,00 <\/span><\/td><td class=\"column-5\"><span style=\"color:#442924;\"> \u20ac  94,50 <\/span><\/td><td class=\"column-6\"><span style=\"color:#442924;\">n.v.t.<\/span><\/td><td class=\"column-7\"><span style=\"color:#442924;\">n.v.t.<\/span><\/td><td class=\"column-8\"><span style=\"color:#442924;\"> \u20ac  137,00 <\/span><\/td>\n<\/tr>\n<tr class=\"row-3\">\n\t<td class=\"column-1\"><span style=\"color:#442924;\"><\/span><\/td><td class=\"column-2\"><span style=\"color:#442924;\">week<\/span><\/td><td class=\"column-3\"><span style=\"color:#442924;\"> \u20ac  959,00 <\/span><\/td><td class=\"column-4\"><span style=\"color:#442924;\"> \u20ac  805,00 <\/span><\/td><td class=\"column-5\"><span style=\"color:#442924;\"> \u20ac  661,50 <\/span><\/td><td class=\"column-6\"><span style=\"color:#442924;\">n.v.t.<\/span><\/td><td class=\"column-7\"><span style=\"color:#442924;\">n.v.t.<\/span><\/td><td class=\"column-8\"><span style=\"color:#442924;\"> \u20ac  959,00 <\/span><\/td>\n<\/tr>\n<tr class=\"row-4\">\n\t<td class=\"column-1\"><span style=\"color:#442924;\">18\/04 - 27\/06<\/span><\/td><td class=\"column-2\"><span style=\"color:#442924;\">night<\/span><\/td><td class=\"column-3\"><span style=\"color:#442924;\"> \u20ac  165,00 <\/span><\/td><td class=\"column-4\"><span style=\"color:#442924;\"> \u20ac  142,00 <\/span><\/td><td class=\"column-5\"><span style=\"color:#442924;\"> \u20ac  115,50 <\/span><\/td><td class=\"column-6\"><span style=\"color:#442924;\"> \u20ac  128,00 <\/span><\/td><td class=\"column-7\"><span style=\"color:#442924;\"> \u20ac  80,00 <\/span><\/td><td class=\"column-8\"><span style=\"color:#442924;\"> \u20ac  165,00 <\/span><\/td>\n<\/tr>\n<tr class=\"row-5\">\n\t<td class=\"column-1\"><span style=\"color:#442924;\"><\/span><\/td><td class=\"column-2\"><span style=\"color:#442924;\">week<\/span><\/td><td class=\"column-3\"><span style=\"color:#442924;\"> \u20ac  1.155,00 <\/span><\/td><td class=\"column-4\"><span style=\"color:#442924;\"> \u20ac  994,00 <\/span><\/td><td class=\"column-5\"><span style=\"color:#442924;\"> \u20ac  808,50 <\/span><\/td><td class=\"column-6\"><span style=\"color:#442924;\"> \u20ac  896,00 <\/span><\/td><td class=\"column-7\"><span style=\"color:#442924;\"> \u20ac  560,00 <\/span><\/td><td class=\"column-8\"><span style=\"color:#442924;\"> \u20ac  1.155,00 <\/span><\/td>\n<\/tr>\n<tr class=\"row-6\">\n\t<td class=\"column-1\"><span style=\"color:#442924;\">27\/06 - 05\/09<\/span><\/td><td class=\"column-2\"><span style=\"color:#442924;\">night<\/span><\/td><td class=\"column-3\"><span style=\"color:#442924;\"> \u20ac  214,00 <\/span><\/td><td class=\"column-4\"><span style=\"color:#442924;\"> \u20ac  176,00 <\/span><\/td><td class=\"column-5\"><span style=\"color:#442924;\">n.v.t.<\/span><\/td><td class=\"column-6\"><span style=\"color:#442924;\"> \u20ac  223,00 <\/span><\/td><td class=\"column-7\"><span style=\"color:#442924;\"> \u20ac  120,00 <\/span><\/td><td class=\"column-8\"><span style=\"color:#442924;\"> \u20ac  214,00 <\/span><\/td>\n<\/tr>\n<tr class=\"row-7\">\n\t<td class=\"column-1\"><span style=\"color:#442924;\"><\/span><\/td><td class=\"column-2\"><span style=\"color:#442924;\">week<\/span><\/td><td class=\"column-3\"><span style=\"color:#442924;\"> \u20ac  1.498,00 <\/span><\/td><td class=\"column-4\"><span style=\"color:#442924;\"> \u20ac  1.232,00 <\/span><\/td><td class=\"column-5\"><span style=\"color:#442924;\">n.v.t.<\/span><\/td><td class=\"column-6\"><span style=\"color:#442924;\"> \u20ac  1.561,00 <\/span><\/td><td class=\"column-7\"><span style=\"color:#442924;\"> \u20ac  840,00 <\/span><\/td><td class=\"column-8\"><span style=\"color:#442924;\"> \u20ac  1.498,00 <\/span><\/td>\n<\/tr>\n<tr class=\"row-8\">\n\t<td class=\"column-1\"><span style=\"color:#442924;\">05\/09 - 26\/09<\/span><\/td><td class=\"column-2\"><span style=\"color:#442924;\">night<\/span><\/td><td class=\"column-3\"><span style=\"color:#442924;\"> \u20ac  165,00 <\/span><\/td><td class=\"column-4\"><span style=\"color:#442924;\"> \u20ac  142,00 <\/span><\/td><td class=\"column-5\"><span style=\"color:#442924;\"> \u20ac  115,50 <\/span><\/td><td class=\"column-6\"><span style=\"color:#442924;\"> \u20ac  128,00 <\/span><\/td><td class=\"column-7\"><span style=\"color:#442924;\"> \u20ac  80,00 <\/span><\/td><td class=\"column-8\"><span style=\"color:#442924;\"> \u20ac  165,00 <\/span><\/td>\n<\/tr>\n<tr class=\"row-9\">\n\t<td class=\"column-1\"><span style=\"color:#442924;\"><\/span><\/td><td class=\"column-2\"><span style=\"color:#442924;\">week<\/span><\/td><td class=\"column-3\"><span style=\"color:#442924;\"> \u20ac  1.155,00 <\/span><\/td><td class=\"column-4\"><span style=\"color:#442924;\"> \u20ac  994,00 <\/span><\/td><td class=\"column-5\"><span style=\"color:#442924;\"> \u20ac  808,50 <\/span><\/td><td class=\"column-6\"><span style=\"color:#442924;\"> \u20ac  896,00 <\/span><\/td><td class=\"column-7\"><span style=\"color:#442924;\"> \u20ac  560,00 <\/span><\/td><td class=\"column-8\"><span style=\"color:#442924;\"> \u20ac  1.155,00 <\/span><\/td>\n<\/tr>\n<tr class=\"row-10\">\n\t<td class=\"column-1\"><span style=\"color:#442924;\">26\/09 - 31\/10<\/span><\/td><td class=\"column-2\"><span style=\"color:#442924;\">night<\/span><\/td><td class=\"column-3\"><span style=\"color:#442924;\"> \u20ac  165,00 <\/span><\/td><td class=\"column-4\"><span style=\"color:#442924;\"> \u20ac  142,00 <\/span><\/td><td class=\"column-5\"><span style=\"color:#442924;\"> \u20ac  115,50 <\/span><\/td><td class=\"column-6\"><span style=\"color:#442924;\"> \u20ac  110,00 <\/span><\/td><td class=\"column-7\"><span style=\"color:#442924;\"> \u20ac  80,00 <\/span><\/td><td class=\"column-8\"><span style=\"color:#442924;\"> \u20ac  165,00 <\/span><\/td>\n<\/tr>\n<tr class=\"row-11\">\n\t<td class=\"column-1\"><span style=\"color:#442924;\"><\/span><\/td><td class=\"column-2\"><span style=\"color:#442924;\">week<\/span><\/td><td class=\"column-3\"><span style=\"color:#442924;\"> \u20ac  1.155,00 <\/span><\/td><td class=\"column-4\"><span style=\"color:#442924;\"> \u20ac  994,00 <\/span><\/td><td class=\"column-5\"><span style=\"color:#442924;\"> \u20ac  808,50 <\/span><\/td><td class=\"column-6\"><span style=\"color:#442924;\"> \u20ac  770,00 <\/span><\/td><td class=\"column-7\"><span style=\"color:#442924;\"> \u20ac  560,00 <\/span><\/td><td class=\"column-8\"><span style=\"color:#442924;\"> \u20ac  1.155,00 <\/span><\/td>\n<\/tr>\n<tr class=\"row-12\">\n\t<td class=\"column-1\"><span style=\"color:#442924;\">31\/10 - 31\/12<\/span><\/td><td class=\"column-2\"><span style=\"color:#442924;\">night<\/span><\/td><td class=\"column-3\"><span style=\"color:#442924;\"> \u20ac  137,00 <\/span><\/td><td class=\"column-4\"><span style=\"color:#442924;\"> \u20ac  115,00 <\/span><\/td><td class=\"column-5\"><span style=\"color:#442924;\"> \u20ac  94,50 <\/span><\/td><td class=\"column-6\"><span style=\"color:#442924;\">n.v.t<\/span><\/td><td class=\"column-7\"><span style=\"color:#442924;\">n.v.t<\/span><\/td><td class=\"column-8\"><span style=\"color:#442924;\"> \u20ac  137,00 <\/span><\/td>\n<\/tr>\n<tr class=\"row-13\">\n\t<td class=\"column-1\"><span style=\"color:#442924;\"><\/span><\/td><td class=\"column-2\"><span style=\"color:#442924;\">week<\/span><\/td><td class=\"column-3\"><span style=\"color:#442924;\"> \u20ac  959,00 <\/span><\/td><td class=\"column-4\"><span style=\"color:#442924;\"> \u20ac  805,00 <\/span><\/td><td class=\"column-5\"><span style=\"color:#442924;\"> \u20ac  661,50 <\/span><\/td><td class=\"column-6\"><span style=\"color:#442924;\">n.v.t<\/span><\/td><td class=\"column-7\"><span style=\"color:#442924;\">n.v.t<\/span><\/td><td class=\"column-8\"><span style=\"color:#442924;\"> \u20ac  959,00 <\/span><\/td>\n<\/tr>\n<\/tbody>\n<\/table>\n<!-- #tablepress-1 from cache -->\n<p>[\/et_pb_text][et_pb_text admin_label=&#8221;Verplichte overige kosten (alle tekst)&#8221; _builder_version=&#8221;4.27.5&#8243; _module_preset=&#8221;default&#8221; hover_enabled=&#8221;0&#8243; global_colors_info=&#8221;{}&#8221; sticky_enabled=&#8221;0&#8243;]<\/p>\n<p>A<strong>ltri costi obbligatori<\/strong><br \/>Spese di pulizia dell&#8217;appartamento: \u20ac 78,50<br \/>Spese di pulizia della tenda glamping: \u20ac 78,50<br \/>Spese di pulizia della tenda a campana: \u20ac 52,50<br \/>Set di biancheria: \u20ac 15,- p.p.<\/p>\n<p>S<strong>oggiorno minimo<\/strong><br \/>Il soggiorno minimo \u00e8 di 3 notti. Giorno di arrivo e partenza a tua scelta e soggetto a disponibilit\u00e0.<\/p>\n<p>A<strong>ltro<\/strong><br \/>\u00c8 possibile combinare l&#8217;appartamento Fico con l&#8217;appartamento Oliva aprendo la porta di collegamento. In questo modo si ottiene un appartamento per 6 persone con tre camere matrimoniali e 2 bagni con wc, bidet e doccia.<\/p>\n<p>Quando prenoti il B&amp;B Ripa i.c.c. l&#8217;appartamento Oliva, la colazione non \u00e8 inclusa.<\/p>\n<p>[\/et_pb_text][\/et_pb_column][\/et_pb_row][\/et_pb_section][et_pb_section fb_built=&#8221;1&#8243; _builder_version=&#8221;4.25.1&#8243; _module_preset=&#8221;default&#8221; background_color=&#8221;#51664D&#8221; global_colors_info=&#8221;{}&#8221;][et_pb_row column_structure=&#8221;2_5,3_5&#8243; _builder_version=&#8221;4.25.1&#8243; _module_preset=&#8221;default&#8221; global_colors_info=&#8221;{}&#8221;][et_pb_column type=&#8221;2_5&#8243; _builder_version=&#8221;4.25.1&#8243; _module_preset=&#8221;default&#8221; global_colors_info=&#8221;{}&#8221;][et_pb_image src=&#8221;https:\/\/angelisognanti.com\/wp-content\/uploads\/2024\/06\/Angeli-Sognanti_Blokjespatroon-2.jpg&#8221; title_text=&#8221;Angeli Sognanti_Modello a blocchi (2)&#8221; _builder_version=&#8221;4.25.1&#8243; _module_preset=&#8221;default&#8221; transform_scale=&#8221;142%|142%&#8221; transform_translate=&#8221;-172px|-57px&#8221; global_colors_info=&#8221;{}&#8221;][\/et_pb_image][\/et_pb_column][et_pb_column type=&#8221;3_5&#8243; _builder_version=&#8221;4.25.1&#8243; _module_preset=&#8221;default&#8221; global_colors_info=&#8221;{}&#8221;][et_pb_text _builder_version=&#8221;4.25.1&#8243; _module_preset=&#8221;default&#8221; text_text_color=&#8221;#F9F3E7&#8243; link_text_color=&#8221;#F9F3E7&#8243; header_4_text_color=&#8221;#F9F3E7&#8243; header_4_font_size=&#8221;25px&#8221; header_4_line_height=&#8221;1.2em&#8221; width=&#8221;85%&#8221; global_colors_info=&#8221;{}&#8221;]<\/p>\n<h4>Angeli Sognanti \u00e8 un luogo speciale dove soggiornare.<br \/>\nUn luogo dove la pace e la natura rendono la vacanza rilassante. <\/h4>\n<p><a href=\"https:\/\/angelisognanti.com\/it\/prenotare\/\">Prenota il tuo soggiorno <b>\u2192<\/b><\/a><\/p>\n<p>[\/et_pb_text][\/et_pb_column][\/et_pb_row][\/et_pb_section]<\/p>\n","protected":false},"excerpt":{"rendered":"<p>Tariffe 2026\n<table id=\"tablepress-1-no-2\" class=\"tablepress tablepress-id-1\">\n<thead>\n<tr class=\"row-1\">\n\t<th class=\"column-1\"><span style=\"color:#555555;\"><strong>2026<\/strong><\/span><\/th><th class=\"column-2\"><span style=\"color:#555555;\"><strong> \u20ac <\/strong><\/span><\/th><th class=\"column-3\"><span style=\"color:#555555;\"><strong>Appt. Fico<\/strong><\/span><\/th><th class=\"column-4\"><span style=\"color:#555555;\"><strong>Appt. Oliva<\/strong><\/span><\/th><th class=\"column-5\"><span style=\"color:#555555;\"><strong>B&amp;B Ripa<\/strong><\/span><\/th><th class=\"column-6\"><span style=\"color:#555555;\"><strong>Glamping tent<\/strong><\/span><\/th><th class=\"column-7\"><span style=\"color:#555555;\"><strong>Bell tent<\/strong><\/span><\/th><th class=\"column-8\"><span style=\"color:#555555;\"><strong>B&amp;B Ripa &amp;<br \/>\n Appt. Oliva<\/strong><\/span><\/th>\n<\/tr>\n<\/thead>\n<tbody class=\"row-hover\">\n<tr class=\"row-2\">\n\t<td class=\"column-1\"><span style=\"color:#442924;\">01\/01 - 18\/04<\/span><\/td><td class=\"column-2\"><span style=\"color:#442924;\">night<\/span><\/td><td class=\"column-3\"><span style=\"color:#442924;\"> \u20ac  137,00 <\/span><\/td><td class=\"column-4\"><span style=\"color:#442924;\"> \u20ac  115,00 <\/span><\/td><td class=\"column-5\"><span style=\"color:#442924;\"> \u20ac  94,50 <\/span><\/td><td class=\"column-6\"><span style=\"color:#442924;\">n.v.t.<\/span><\/td><td class=\"column-7\"><span style=\"color:#442924;\">n.v.t.<\/span><\/td><td class=\"column-8\"><span style=\"color:#442924;\"> \u20ac  137,00 <\/span><\/td>\n<\/tr>\n<tr class=\"row-3\">\n\t<td class=\"column-1\"><span style=\"color:#442924;\"><\/span><\/td><td class=\"column-2\"><span style=\"color:#442924;\">week<\/span><\/td><td class=\"column-3\"><span style=\"color:#442924;\"> \u20ac  959,00 <\/span><\/td><td class=\"column-4\"><span style=\"color:#442924;\"> \u20ac  805,00 <\/span><\/td><td class=\"column-5\"><span style=\"color:#442924;\"> \u20ac  661,50 <\/span><\/td><td class=\"column-6\"><span style=\"color:#442924;\">n.v.t.<\/span><\/td><td class=\"column-7\"><span style=\"color:#442924;\">n.v.t.<\/span><\/td><td class=\"column-8\"><span style=\"color:#442924;\"> \u20ac  959,00 <\/span><\/td>\n<\/tr>\n<tr class=\"row-4\">\n\t<td class=\"column-1\"><span style=\"color:#442924;\">18\/04 - 27\/06<\/span><\/td><td class=\"column-2\"><span style=\"color:#442924;\">night<\/span><\/td><td class=\"column-3\"><span style=\"color:#442924;\"> \u20ac  165,00 <\/span><\/td><td class=\"column-4\"><span style=\"color:#442924;\"> \u20ac  142,00 <\/span><\/td><td class=\"column-5\"><span style=\"color:#442924;\"> \u20ac  115,50 <\/span><\/td><td class=\"column-6\"><span style=\"color:#442924;\"> \u20ac  128,00 <\/span><\/td><td class=\"column-7\"><span style=\"color:#442924;\"> \u20ac  80,00 <\/span><\/td><td class=\"column-8\"><span style=\"color:#442924;\"> \u20ac  165,00 <\/span><\/td>\n<\/tr>\n<tr class=\"row-5\">\n\t<td class=\"column-1\"><span style=\"color:#442924;\"><\/span><\/td><td class=\"column-2\"><span style=\"color:#442924;\">week<\/span><\/td><td class=\"column-3\"><span style=\"color:#442924;\"> \u20ac  1.155,00 <\/span><\/td><td class=\"column-4\"><span style=\"color:#442924;\"> \u20ac  994,00 <\/span><\/td><td class=\"column-5\"><span style=\"color:#442924;\"> \u20ac  808,50 <\/span><\/td><td class=\"column-6\"><span style=\"color:#442924;\"> \u20ac  896,00 <\/span><\/td><td class=\"column-7\"><span style=\"color:#442924;\"> \u20ac  560,00 <\/span><\/td><td class=\"column-8\"><span style=\"color:#442924;\"> \u20ac  1.155,00 <\/span><\/td>\n<\/tr>\n<tr class=\"row-6\">\n\t<td class=\"column-1\"><span style=\"color:#442924;\">27\/06 - 05\/09<\/span><\/td><td class=\"column-2\"><span style=\"color:#442924;\">night<\/span><\/td><td class=\"column-3\"><span style=\"color:#442924;\"> \u20ac  214,00 <\/span><\/td><td class=\"column-4\"><span style=\"color:#442924;\"> \u20ac  176,00 <\/span><\/td><td class=\"column-5\"><span style=\"color:#442924;\">n.v.t.<\/span><\/td><td class=\"column-6\"><span style=\"color:#442924;\"> \u20ac  223,00 <\/span><\/td><td class=\"column-7\"><span style=\"color:#442924;\"> \u20ac  120,00 <\/span><\/td><td class=\"column-8\"><span style=\"color:#442924;\"> \u20ac  214,00 <\/span><\/td>\n<\/tr>\n<tr class=\"row-7\">\n\t<td class=\"column-1\"><span style=\"color:#442924;\"><\/span><\/td><td class=\"column-2\"><span style=\"color:#442924;\">week<\/span><\/td><td class=\"column-3\"><span style=\"color:#442924;\"> \u20ac  1.498,00 <\/span><\/td><td class=\"column-4\"><span style=\"color:#442924;\"> \u20ac  1.232,00 <\/span><\/td><td class=\"column-5\"><span style=\"color:#442924;\">n.v.t.<\/span><\/td><td class=\"column-6\"><span style=\"color:#442924;\"> \u20ac  1.561,00 <\/span><\/td><td class=\"column-7\"><span style=\"color:#442924;\"> \u20ac  840,00 <\/span><\/td><td class=\"column-8\"><span style=\"color:#442924;\"> \u20ac  1.498,00 <\/span><\/td>\n<\/tr>\n<tr class=\"row-8\">\n\t<td class=\"column-1\"><span style=\"color:#442924;\">05\/09 - 26\/09<\/span><\/td><td class=\"column-2\"><span style=\"color:#442924;\">night<\/span><\/td><td class=\"column-3\"><span style=\"color:#442924;\"> \u20ac  165,00 <\/span><\/td><td class=\"column-4\"><span style=\"color:#442924;\"> \u20ac  142,00 <\/span><\/td><td class=\"column-5\"><span style=\"color:#442924;\"> \u20ac  115,50 <\/span><\/td><td class=\"column-6\"><span style=\"color:#442924;\"> \u20ac  128,00 <\/span><\/td><td class=\"column-7\"><span style=\"color:#442924;\"> \u20ac  80,00 <\/span><\/td><td class=\"column-8\"><span style=\"color:#442924;\"> \u20ac  165,00 <\/span><\/td>\n<\/tr>\n<tr class=\"row-9\">\n\t<td class=\"column-1\"><span style=\"color:#442924;\"><\/span><\/td><td class=\"column-2\"><span style=\"color:#442924;\">week<\/span><\/td><td class=\"column-3\"><span style=\"color:#442924;\"> \u20ac  1.155,00 <\/span><\/td><td class=\"column-4\"><span style=\"color:#442924;\"> \u20ac  994,00 <\/span><\/td><td class=\"column-5\"><span style=\"color:#442924;\"> \u20ac  808,50 <\/span><\/td><td class=\"column-6\"><span style=\"color:#442924;\"> \u20ac  896,00 <\/span><\/td><td class=\"column-7\"><span style=\"color:#442924;\"> \u20ac  560,00 <\/span><\/td><td class=\"column-8\"><span style=\"color:#442924;\"> \u20ac  1.155,00 <\/span><\/td>\n<\/tr>\n<tr class=\"row-10\">\n\t<td class=\"column-1\"><span style=\"color:#442924;\">26\/09 - 31\/10<\/span><\/td><td class=\"column-2\"><span style=\"color:#442924;\">night<\/span><\/td><td class=\"column-3\"><span style=\"color:#442924;\"> \u20ac  165,00 <\/span><\/td><td class=\"column-4\"><span style=\"color:#442924;\"> \u20ac  142,00 <\/span><\/td><td class=\"column-5\"><span style=\"color:#442924;\"> \u20ac  115,50 <\/span><\/td><td class=\"column-6\"><span style=\"color:#442924;\"> \u20ac  110,00 <\/span><\/td><td class=\"column-7\"><span style=\"color:#442924;\"> \u20ac  80,00 <\/span><\/td><td class=\"column-8\"><span style=\"color:#442924;\"> \u20ac  165,00 <\/span><\/td>\n<\/tr>\n<tr class=\"row-11\">\n\t<td class=\"column-1\"><span style=\"color:#442924;\"><\/span><\/td><td class=\"column-2\"><span style=\"color:#442924;\">week<\/span><\/td><td class=\"column-3\"><span style=\"color:#442924;\"> \u20ac  1.155,00 <\/span><\/td><td class=\"column-4\"><span style=\"color:#442924;\"> \u20ac  994,00 <\/span><\/td><td class=\"column-5\"><span style=\"color:#442924;\"> \u20ac  808,50 <\/span><\/td><td class=\"column-6\"><span style=\"color:#442924;\"> \u20ac  770,00 <\/span><\/td><td class=\"column-7\"><span style=\"color:#442924;\"> \u20ac  560,00 <\/span><\/td><td class=\"column-8\"><span style=\"color:#442924;\"> \u20ac  1.155,00 <\/span><\/td>\n<\/tr>\n<tr class=\"row-12\">\n\t<td class=\"column-1\"><span style=\"color:#442924;\">31\/10 - 31\/12<\/span><\/td><td class=\"column-2\"><span style=\"color:#442924;\">night<\/span><\/td><td class=\"column-3\"><span style=\"color:#442924;\"> \u20ac  137,00 <\/span><\/td><td class=\"column-4\"><span style=\"color:#442924;\"> \u20ac  115,00 <\/span><\/td><td class=\"column-5\"><span style=\"color:#442924;\"> \u20ac  94,50 <\/span><\/td><td class=\"column-6\"><span style=\"color:#442924;\">n.v.t<\/span><\/td><td class=\"column-7\"><span style=\"color:#442924;\">n.v.t<\/span><\/td><td class=\"column-8\"><span style=\"color:#442924;\"> \u20ac  137,00 <\/span><\/td>\n<\/tr>\n<tr class=\"row-13\">\n\t<td class=\"column-1\"><span style=\"color:#442924;\"><\/span><\/td><td class=\"column-2\"><span style=\"color:#442924;\">week<\/span><\/td><td class=\"column-3\"><span style=\"color:#442924;\"> \u20ac  959,00 <\/span><\/td><td class=\"column-4\"><span style=\"color:#442924;\"> \u20ac  805,00 <\/span><\/td><td class=\"column-5\"><span style=\"color:#442924;\"> \u20ac  661,50 <\/span><\/td><td class=\"column-6\"><span style=\"color:#442924;\">n.v.t<\/span><\/td><td class=\"column-7\"><span style=\"color:#442924;\">n.v.t<\/span><\/td><td class=\"column-8\"><span style=\"color:#442924;\"> \u20ac  959,00 <\/span><\/td>\n<\/tr>\n<\/tbody>\n<\/table>\nAltri costi obbligatoriSpese di pulizia dell&#8217;appartamento: \u20ac 78,50Spese di pulizia della tenda glamping: \u20ac 78,50Spese di pulizia della tenda a campana: \u20ac 52,50Set di biancheria: \u20ac 15,- p.p. Soggiorno minimoIl soggiorno minimo \u00e8 di 3 notti. Giorno di arrivo e partenza a tua scelta e soggetto a disponibilit\u00e0. Altro\u00c8 possibile combinare l&#8217;appartamento [&hellip;]<\/p>\n","protected":false},"author":6,"featured_media":0,"parent":0,"menu_order":0,"comment_status":"closed","ping_status":"closed","template":"","meta":{"_et_pb_use_builder":"on","_et_pb_old_content":"","_et_gb_content_width":"","footnotes":""},"class_list":["post-3556","page","type-page","status-publish","hentry"],"_links":{"self":[{"href":"https:\/\/angelisognanti.com\/it\/wp-json\/wp\/v2\/pages\/3556","targetHints":{"allow":["GET"]}}],"collection":[{"href":"https:\/\/angelisognanti.com\/it\/wp-json\/wp\/v2\/pages"}],"about":[{"href":"https:\/\/angelisognanti.com\/it\/wp-json\/wp\/v2\/types\/page"}],"author":[{"embeddable":true,"href":"https:\/\/angelisognanti.com\/it\/wp-json\/wp\/v2\/users\/6"}],"replies":[{"embeddable":true,"href":"https:\/\/angelisognanti.com\/it\/wp-json\/wp\/v2\/comments?post=3556"}],"version-history":[{"count":0,"href":"https:\/\/angelisognanti.com\/it\/wp-json\/wp\/v2\/pages\/3556\/revisions"}],"wp:attachment":[{"href":"https:\/\/angelisognanti.com\/it\/wp-json\/wp\/v2\/media?parent=3556"}],"curies":[{"name":"wp","href":"https:\/\/api.w.org\/{rel}","templated":true}]}}