{"id":2475,"date":"2024-09-11T12:15:10","date_gmt":"2024-09-11T10:15:10","guid":{"rendered":"https:\/\/angelisognanti.com\/libri-con-tommy-per-le-traduzioni\/"},"modified":"2024-12-28T12:03:18","modified_gmt":"2024-12-28T11:03:18","slug":"reserver","status":"publish","type":"page","link":"https:\/\/angelisognanti.com\/it\/reserver\/","title":{"rendered":"Libri con Tommy (per le traduzioni)"},"content":{"rendered":"<p>[et_pb_section fb_built=&#8221;1&#8243; _builder_version=&#8221;4.25.1&#8243; _module_preset=&#8221;default&#8221; background_color=&#8221;#F9F3E7&#8243; global_colors_info=&#8221;{}&#8221;][et_pb_row column_structure=&#8221;1_2,1_2&#8243; _builder_version=&#8221;4.26.0&#8243; _module_preset=&#8221;default&#8221; custom_margin=&#8221;5vw|auto|8vw|auto|false|false&#8221; custom_margin_tablet=&#8221;5vw|auto|8vw|auto|false|false&#8221; custom_margin_phone=&#8221;15vw|auto|8vw|auto|false|false&#8221; custom_margin_last_edited=&#8221;on|phone&#8221; global_colors_info=&#8221;{}&#8221;][et_pb_column type=&#8221;1_2&#8243; _builder_version=&#8221;4.25.1&#8243; _module_preset=&#8221;default&#8221; global_colors_info=&#8221;{}&#8221;][et_pb_text _builder_version=&#8221;4.25.2&#8243; _module_preset=&#8221;default&#8221; header_2_font=&#8221;||||||||&#8221; header_2_text_color=&#8221;#442924&#8243; header_2_font_size=&#8221;28px&#8221; header_2_line_height=&#8221;1.3em&#8221; custom_margin=&#8221;||1vw||false|false&#8221; global_colors_info=&#8221;{}&#8221;]<\/p>\n<h2>La tua vacanza inizia qui<\/h2>\n<p>[\/et_pb_text][et_pb_text _builder_version=&#8221;4.27.0&#8243; _module_preset=&#8221;default&#8221; text_font=&#8221;&#8211;et_global_body_font|300|||||||&#8221; header_font=&#8221;|300|||||||&#8221; custom_margin=&#8221;||||true|false&#8221; global_colors_info=&#8221;{}&#8221;]<\/p>\n<p>In questa pagina puoi vedere la disponibilit\u00e0 dei nostri <span style=\"text-decoration: underline;\"><a href=\"https:\/\/angelisognanti.com\/it\/bed-breakfast\/\">B&amp;B<\/a><\/span>, <span style=\"text-decoration: underline;\"><a href=\"https:\/\/angelisognanti.com\/it\/appartamenti\/\">appartamenti<\/a><\/span>, <span style=\"text-decoration: underline;\"><a href=\"\/glampinglodges\">tende safari<\/a><\/span> e tende a campana <span style=\"text-decoration: underline;\"><a href=\"https:\/\/angelisognanti.com\/it\/tende-a-campana\/\">tende a campana<\/a><\/span>.<\/p>\n<p>In alta stagione, gli appartamenti, le tende safari e le tende a campana vengono affittate esclusivamente su base settimanale; in questo periodo l&#8217;arrivo e la partenza avvengono di sabato.<br \/>\nAnche la camera bed &amp; breakfast pu\u00f2 essere prenotata per un minimo di tre notti in questo periodo. <\/p>\n<p>Durante la bassa e media stagione, puoi arrivare in qualsiasi giorno della settimana, con un soggiorno minimo di tre notti.<br \/>\nQuesto vale per la camera bed &amp; breakfast per tutto l&#8217;anno. <\/p>\n<p>Puoi effettuare una prenotazione utilizzando il modulo di prenotazione sottostante.<br \/>\nRiceverai una conferma della prenotazione con il link per il pagamento via e-mail. <\/p>\n<p>N<strong>on c&#8217;\u00e8 disponibilit\u00e0 nel calendario?<\/strong> Scrivici a<span style=\"text-decoration: underline;\"><a href=\"mailto:info@angelisognanti.com\">info@angelisognanti.com<\/a><\/span> o tramite il <span style=\"text-decoration: underline;\"><a href=\"https:\/\/angelisognanti.com\/it\/contatto\/\">modulo di contatto<\/a><\/span>. Rispondiamo sempre alla tua e-mail o alla tua prenotazione entro 24 ore. <\/p>\n<p>&gt;&gt;  Nessuna risposta?<br \/>\nAllora controlla la tua casella spam. <\/p>\n<p>[\/et_pb_text][et_pb_button button_url=&#8221;#boeken&#8221; button_text=&#8221;disponibilit\u00e0 e prenotazione&#8221; _builder_version=&#8221;4.26.0&#8243; _module_preset=&#8221;default&#8221; global_colors_info=&#8221;{}&#8221;][\/et_pb_button][\/et_pb_column][et_pb_column type=&#8221;1_2&#8243; _builder_version=&#8221;4.25.1&#8243; _module_preset=&#8221;default&#8221; global_colors_info=&#8221;{}&#8221;][et_pb_image src=&#8221;https:\/\/angelisognanti.com\/wp-content\/uploads\/2024\/09\/7d5b0c8c-ba8e-4a31-81b0-cc7fe217c864-1.jpeg&#8221; title_text=&#8221;Visualizza_Agriturismo_Angeli_Sognanti&#8221; _builder_version=&#8221;4.27.0&#8243; _module_preset=&#8221;default&#8221; width=&#8221;85%&#8221; module_alignment=&#8221;right&#8221; global_colors_info=&#8221;{}&#8221;][\/et_pb_image][et_pb_text _builder_version=&#8221;4.26.0&#8243; _module_preset=&#8221;default&#8221; text_font=&#8221;|300|||||||&#8221; text_font_size=&#8221;13px&#8221; custom_margin=&#8221;|||5vw|false|false&#8221; custom_padding=&#8221;|||1vw|false|false&#8221; custom_padding_tablet=&#8221;|||1vw|false|false&#8221; custom_padding_phone=&#8221;|||3vw|false|false&#8221; custom_padding_last_edited=&#8221;on|phone&#8221; text_font_size_tablet=&#8221;13px&#8221; text_font_size_phone=&#8221;12px&#8221; text_font_size_last_edited=&#8221;on|phone&#8221; text_line_height_tablet=&#8221;&#8221; text_line_height_phone=&#8221;1.6em&#8221; text_line_height_last_edited=&#8221;on|phone&#8221; border_width_left=&#8221;1px&#8221; border_color_left=&#8221;#929325&#8243; global_colors_info=&#8221;{}&#8221;]<\/p>\n<p>Suggerimento: gli ospiti spesso prenotano qualche giorno al <span style=\"text-decoration: underline;\"><a href=\"\/bedandbreakfast\">bed &amp; breakfast<\/a> <\/span>come prolungamento della vacanza o perch\u00e9 \u00e8 pi\u00f9 comodo per la data di arrivo o di partenza desiderata.<\/p>\n<p>[\/et_pb_text][et_pb_text _builder_version=&#8221;4.26.0&#8243; _module_preset=&#8221;default&#8221; text_font=&#8221;||||||||&#8221; text_text_color=&#8221;#F9F3E7&#8243; text_font_size=&#8221;14px&#8221; background_color=&#8221;#929325&#8243; custom_margin=&#8221;|||5vw|false|false&#8221; custom_padding=&#8221;1vw|1vw|1vw|1vw|true|true&#8221; custom_padding_tablet=&#8221;1vw|1vw|1vw|1vw|true|true&#8221; custom_padding_phone=&#8221;3vw|3vw|3vw|3vw|true|true&#8221; custom_padding_last_edited=&#8221;on|phone&#8221; text_font_size_tablet=&#8221;14px&#8221; text_font_size_phone=&#8221;13px&#8221; text_font_size_last_edited=&#8221;on|phone&#8221; global_colors_info=&#8221;{}&#8221;]<\/p>\n<p><span style=\"text-decoration: underline;\"><strong>2025:<\/strong><\/span><\/p>\n<p>Alta stagione : dal 28 giugno al 6 settembre Media stagione : dal 19 aprile al 28 giugno e dal 6 settembre al 1 novembre Bassa stagione : dal 1 gennaio al 19 aprile e dal 1 novembre al 31 dicembre<\/p>\n<p>[\/et_pb_text][\/et_pb_column][\/et_pb_row][\/et_pb_section][et_pb_section fb_built=&#8221;1&#8243; _builder_version=&#8221;4.25.2&#8243; _module_preset=&#8221;default&#8221; background_color=&#8221;#929325&#8243; custom_margin=&#8221;-5vw||||false|false&#8221; custom_padding=&#8221;0px||||false|false&#8221; global_colors_info=&#8221;{}&#8221;][et_pb_row _builder_version=&#8221;4.25.1&#8243; _module_preset=&#8221;default&#8221; width=&#8221;100%&#8221; max_width=&#8221;100%&#8221; global_colors_info=&#8221;{}&#8221;][et_pb_column type=&#8221;4_4&#8243; _builder_version=&#8221;4.25.1&#8243; _module_preset=&#8221;default&#8221; global_colors_info=&#8221;{}&#8221;][et_pb_image src=&#8221;https:\/\/angelisognanti.com\/wp-content\/uploads\/2024\/06\/Angeli-Sognanti_Blokjespatroon-3.jpg&#8221; title_text=&#8221;Angeli Sognanti_Modello a blocchi (3)&#8221; align=&#8221;center&#8221; _builder_version=&#8221;4.25.1&#8243; _module_preset=&#8221;default&#8221; custom_margin=&#8221;-6vw||||false|false&#8221; custom_padding=&#8221;0px||||false|false&#8221; global_colors_info=&#8221;{}&#8221;][\/et_pb_image][\/et_pb_column][\/et_pb_row][\/et_pb_section][et_pb_section fb_built=&#8221;1&#8243; module_id=&#8221;libri&#8221; _builder_version=&#8221;4.26.0&#8243; _module_preset=&#8221;default&#8221; background_color=&#8221;#F9F3E7&#8243; global_colors_info=&#8221;{}&#8221;][et_pb_row _builder_version=&#8221;4.25.2&#8243; _module_preset=&#8221;default&#8221; global_colors_info=&#8221;{}&#8221;][et_pb_column type=&#8221;4_4&#8243; _builder_version=&#8221;4.25.2&#8243; _module_preset=&#8221;default&#8221; global_colors_info=&#8221;{}&#8221;][et_pb_code admin_label=&#8221;codice di prenotazione online IT&#8221; _builder_version=&#8221;4.26.1&#8243; _module_preset=&#8221;default&#8221; global_colors_info=&#8221;{}&#8221;]<\/p>\n<div id=\"TommyBookingSupport\">  data-scroll=&#8217;false&#8217;<!-- [et_pb_line_break_holder] -->  data-widget=&#8221;libri&#8221;<!-- [et_pb_line_break_holder] -->  data-apikey=&#8221;ebf29b81682824cacc192931ce4efafaa47fcede580dc5fd7ab38c60ee37f382&#8243;<!-- [et_pb_line_break_holder] -->  data-account=&#8221;Gerald&#8221;<!-- [et_pb_line_break_holder] -->  data-language=&#8217;nl&#8217;<!-- [et_pb_line_break_holder] -->  data-country=&#8217;nl&#8217;<!-- [et_pb_line_break_holder] -->  data-accommodation-group=&#8217;11781&#8242;<!-- [et_pb_line_break_holder] -->  data-location-choice=&#8217;true&#8217;<!-- [et_pb_line_break_holder] -->  data-accommodation-photos=&#8217;true&#8217;<!-- [et_pb_line_break_holder] -->  data-ideal=&#8217;true&#8217;<!-- [et_pb_line_break_holder] -->  data-google-analytics=&#8217;G-RKC33ZPH5V&#8217;&gt;<!-- [et_pb_line_break_holder] --><\/div>\n<p>[\/et_pb_code][et_pb_code admin_label=&#8221;script di prenotazione online&#8221; _builder_version=&#8221;4.26.0&#8243; _module_preset=&#8221;default&#8221; global_colors_info=&#8221;{}&#8221;]<script src=\"https:\/\/api.tommybookingsupport.com\/widgets\/js\/widget.js\"<!-- [et_pb_line_break_holder] -->        type=\"application\/javascript\" language=\"javascript\"><\/script>[\/et_pb_code][\/et_pb_column][\/et_pb_row][\/et_pb_section][et_pb_section fb_built=&#8221;1&#8243; _builder_version=&#8221;4.25.1&#8243; _module_preset=&#8221;default&#8221; background_color=&#8221;#51664D&#8221; global_colors_info=&#8221;{}&#8221;][et_pb_row column_structure=&#8221;3_5,2_5&#8243; _builder_version=&#8221;4.25.1&#8243; _module_preset=&#8221;default&#8221; global_colors_info=&#8221;{}&#8221;][et_pb_column type=&#8221;3_5&#8243; _builder_version=&#8221;4.25.1&#8243; _module_preset=&#8221;default&#8221; global_colors_info=&#8221;{}&#8221;][et_pb_text _builder_version=&#8221;4.25.1&#8243; _module_preset=&#8221;default&#8221; text_text_color=&#8221;#F9F3E7&#8243; header_4_text_color=&#8221;#F9F3E7&#8243; header_4_font_size=&#8221;25px&#8221; header_4_line_height=&#8221;1.2em&#8221; global_colors_info=&#8221;{}&#8221;]<\/p>\n<h4>La nostra visione \u00e8 quella di creare un luogo da sogno dove poter godere appieno della vita e rallentarla.<\/h4>\n<p>Visita il nostro luogo da sogno <b>\u2192<\/b><\/p>\n<p>[\/et_pb_text][\/et_pb_column][et_pb_column type=&#8221;2_5&#8243; _builder_version=&#8221;4.25.1&#8243; _module_preset=&#8221;default&#8221; global_colors_info=&#8221;{}&#8221;][et_pb_image src=&#8221;https:\/\/angelisognanti.com\/wp-content\/uploads\/2024\/06\/Angeli-Sognanti_Blokjespatroon-2.jpg&#8221; title_text=&#8221;Angeli Sognanti_Modello a blocchi (2)&#8221; align=&#8221;right&#8221; _builder_version=&#8221;4.26.0&#8243; _module_preset=&#8221;default&#8221; transform_scale=&#8221;142%|142%&#8221; transform_translate=&#8221;92px|-73px&#8221; transform_translate_linked=&#8221;off&#8221; custom_margin_tablet=&#8221;&#8221; custom_margin_phone=&#8221;-200px||||false|false&#8221; custom_margin_last_edited=&#8221;on|phone&#8221; global_colors_info=&#8221;{}&#8221;][\/et_pb_image][\/et_pb_column][\/et_pb_row][\/et_pb_section]<\/p>\n","protected":false},"excerpt":{"rendered":"<p>La tua vacanza inizia quiIn questa pagina puoi vedere la disponibilit\u00e0 dei nostri B&amp;B, appartamenti, tende safari e tende a campana tende a campana. In alta stagione, gli appartamenti, le tende safari e le tende a campana vengono affittate esclusivamente su base settimanale; in questo periodo l&#8217;arrivo e la partenza avvengono di sabato. Anche la [&hellip;]<\/p>\n","protected":false},"author":1,"featured_media":0,"parent":0,"menu_order":0,"comment_status":"closed","ping_status":"closed","template":"","meta":{"_et_pb_use_builder":"on","_et_pb_old_content":"","_et_gb_content_width":"","footnotes":""},"class_list":["post-2475","page","type-page","status-publish","hentry"],"_links":{"self":[{"href":"https:\/\/angelisognanti.com\/it\/wp-json\/wp\/v2\/pages\/2475","targetHints":{"allow":["GET"]}}],"collection":[{"href":"https:\/\/angelisognanti.com\/it\/wp-json\/wp\/v2\/pages"}],"about":[{"href":"https:\/\/angelisognanti.com\/it\/wp-json\/wp\/v2\/types\/page"}],"author":[{"embeddable":true,"href":"https:\/\/angelisognanti.com\/it\/wp-json\/wp\/v2\/users\/1"}],"replies":[{"embeddable":true,"href":"https:\/\/angelisognanti.com\/it\/wp-json\/wp\/v2\/comments?post=2475"}],"version-history":[{"count":0,"href":"https:\/\/angelisognanti.com\/it\/wp-json\/wp\/v2\/pages\/2475\/revisions"}],"wp:attachment":[{"href":"https:\/\/angelisognanti.com\/it\/wp-json\/wp\/v2\/media?parent=2475"}],"curies":[{"name":"wp","href":"https:\/\/api.w.org\/{rel}","templated":true}]}}