{"id":2375,"date":"2024-06-26T16:44:11","date_gmt":"2024-06-26T14:44:11","guid":{"rendered":"https:\/\/angelisognanti.com\/chi-siamo\/"},"modified":"2025-01-07T14:54:59","modified_gmt":"2025-01-07T13:54:59","slug":"chi-siamo","status":"publish","type":"page","link":"https:\/\/angelisognanti.com\/it\/chi-siamo\/","title":{"rendered":"Chi siamo"},"content":{"rendered":"<p>[et_pb_section fb_built=&#8221;1&#8243; _builder_version=&#8221;4.25.1&#8243; _module_preset=&#8221;default&#8221; background_color=&#8221;#F9F3E7&#8243; custom_margin=&#8221;||||false|false&#8221; custom_padding=&#8221;||||false|false&#8221; global_colors_info=&#8221;{}&#8221;][\/et_pb_section][et_pb_section fb_built=&#8221;1&#8243; _builder_version=&#8221;4.25.2&#8243; _module_preset=&#8221;default&#8221; background_color=&#8221;#F9F3E7&#8243; custom_margin=&#8221;0px||||false|false&#8221; custom_padding=&#8221;0px||||false|false&#8221; global_colors_info=&#8221;{}&#8221;][et_pb_row column_structure=&#8221;1_2,1_2&#8243; _builder_version=&#8221;4.26.0&#8243; _module_preset=&#8221;default&#8221; custom_margin=&#8221;||0px||false|false&#8221; custom_padding=&#8221;||0px||false|false&#8221; global_colors_info=&#8221;{}&#8221;][et_pb_column type=&#8221;1_2&#8243; _builder_version=&#8221;4.25.1&#8243; _module_preset=&#8221;default&#8221; global_colors_info=&#8221;{}&#8221;][et_pb_image src=&#8221;https:\/\/angelisognanti.com\/wp-content\/uploads\/2024\/12\/IMG_2784-2.jpeg&#8221; alt=&#8221;Gerald e Jaqueline Engeltjes&#8221; title_text=&#8221;JenG_Agriturismo_Angeli_Sognanti&#8221; disabled_on=&#8221;off|off|on&#8221; _builder_version=&#8221;4.27.4&#8243; _module_preset=&#8221;default&#8221; global_colors_info=&#8221;{}&#8221;][\/et_pb_image][et_pb_text _builder_version=&#8221;4.25.2&#8243; _module_preset=&#8221;default&#8221; text_font=&#8221;|300|||||||&#8221; global_colors_info=&#8221;{}&#8221;]<\/p>\n<h2>il bel far niente &#8211; il bello del non far niente<\/h2>\n<p>&nbsp;<\/p>\n<p>Dal 2024 viviamo a Cossignano e gestiamo un&#8217;azienda agricola italiana, su piccola scala e a modo nostro.<\/p>\n<p>Il nostro sogno era quello di creare una guesthouse d&#8217;atmosfera in una vera fattoria.<br \/>\nUn luogo dove potersi rilassare per un po&#8217;, dove la vita rallenta, dove c&#8217;\u00e8 tutto lo spazio necessario per godersi piccoli e semplici momenti di felicit\u00e0.<br \/>\nOgni giorno cerchiamo di contribuire a tutto questo con passione per i nostri ospiti.<br \/>\nL&#8217;ambiente, i profumi e l&#8217;imbattibile clima italiano fanno il resto.   <\/p>\n<p>[\/et_pb_text][\/et_pb_column][et_pb_column type=&#8221;1_2&#8243; _builder_version=&#8221;4.25.1&#8243; _module_preset=&#8221;default&#8221; global_colors_info=&#8221;{}&#8221;][et_pb_image src=&#8221;https:\/\/angelisognanti.com\/wp-content\/uploads\/2024\/12\/IMG_2784-2.jpeg&#8221; alt=&#8221;Gerald e Jaqueline Engeltjes&#8221; title_text=&#8221;JenG_Agriturismo_Angeli_Sognanti&#8221; disabled_on=&#8221;on|on|off&#8221; _builder_version=&#8221;4.27.4&#8243; _module_preset=&#8221;default&#8221; global_colors_info=&#8221;{}&#8221;][\/et_pb_image][\/et_pb_column][\/et_pb_row][et_pb_row module_class=&#8221;side-by-side-1 &#8221; _builder_version=&#8221;4.26.1&#8243; _module_preset=&#8221;default&#8221; transform_translate=&#8221;0px|-106px&#8221; custom_margin=&#8221;6vw||0px||false|false&#8221; custom_margin_tablet=&#8221;10vw||0px||false|false&#8221; custom_margin_phone=&#8221;25vw||0px||false|false&#8221; custom_margin_last_edited=&#8221;on|phone&#8221; custom_padding=&#8221;||0px||false|false&#8221; global_colors_info=&#8221;{}&#8221;][et_pb_column type=&#8221;4_4&#8243; _builder_version=&#8221;4.25.2&#8243; _module_preset=&#8221;default&#8221; global_colors_info=&#8221;{}&#8221;][et_pb_button button_url=&#8221;https:\/\/angelisognanti.com\/it\/prenotare\/&#8221; button_text=&#8221;Prenota ora la tua vacanza&#8221; _builder_version=&#8221;4.25.2&#8243; _module_preset=&#8221;default&#8221; global_colors_info=&#8221;{}&#8221;][\/et_pb_button][et_pb_button button_url=&#8221;#waaromlemarche&#8221; button_text=&#8221;Perch\u00e9 le Marche?&#8221; _builder_version=&#8221;4.25.2&#8243; _module_preset=&#8221;default&#8221; global_colors_info=&#8221;{}&#8221;][\/et_pb_button][\/et_pb_column][\/et_pb_row][\/et_pb_section][et_pb_section fb_built=&#8221;1&#8243; _builder_version=&#8221;4.26.1&#8243; _module_preset=&#8221;default&#8221; background_color=&#8221;#929325&#8243; custom_margin=&#8221;0px||||false|false&#8221; custom_padding=&#8221;0px||||false|false&#8221; global_colors_info=&#8221;{}&#8221;][et_pb_row _builder_version=&#8221;4.25.1&#8243; _module_preset=&#8221;default&#8221; width=&#8221;100%&#8221; max_width=&#8221;100%&#8221; global_colors_info=&#8221;{}&#8221;][et_pb_column type=&#8221;4_4&#8243; _builder_version=&#8221;4.25.1&#8243; _module_preset=&#8221;default&#8221; global_colors_info=&#8221;{}&#8221;][et_pb_image src=&#8221;https:\/\/angelisognanti.com\/wp-content\/uploads\/2024\/06\/Angeli-Sognanti_Blokjespatroon-3.jpg&#8221; title_text=&#8221;Angeli Sognanti_Modello a blocchi (3)&#8221; align=&#8221;center&#8221; _builder_version=&#8221;4.25.1&#8243; _module_preset=&#8221;default&#8221; custom_margin=&#8221;-6vw||||false|false&#8221; custom_padding=&#8221;0px||||false|false&#8221; global_colors_info=&#8221;{}&#8221;][\/et_pb_image][\/et_pb_column][\/et_pb_row][\/et_pb_section][et_pb_section fb_built=&#8221;1&#8243; module_id=&#8221;whylemarche&#8221; _builder_version=&#8221;4.25.1&#8243; _module_preset=&#8221;default&#8221; background_color=&#8221;#F9F3E7&#8243; custom_margin=&#8221;||||false|false&#8221; custom_padding=&#8221;||||false|false&#8221; global_colors_info=&#8221;{}&#8221;][et_pb_row _builder_version=&#8221;4.25.1&#8243; _module_preset=&#8221;default&#8221; custom_margin=&#8221;3vw||||false|false&#8221; custom_padding=&#8221;0px||||false|false&#8221; global_colors_info=&#8221;{}&#8221;][et_pb_column type=&#8221;4_4&#8243; _builder_version=&#8221;4.25.1&#8243; _module_preset=&#8221;default&#8221; global_colors_info=&#8221;{}&#8221;][et_pb_text _builder_version=&#8221;4.25.1&#8243; _module_preset=&#8221;default&#8221; text_font=&#8221;|300|||||||&#8221; header_4_font=&#8221;||||||||&#8221; global_colors_info=&#8221;{}&#8221;]<\/p>\n<h4>Perch\u00e9 le Marche?<\/h4>\n<p>  Dalla fine degli anni &#8217;90 ci siamo innamorati dell&#8217;Italia, dove &#8211; come tanti turisti &#8211; abbiamo visitato la Toscana con i suoi bellissimi colori di terracotta e gli splendidi tramonti.<br \/>\nGiustamente, questa regione \u00e8 molto popolare.<br \/>\nEsisteva un luogo altrettanto bello ma non ancora scoperto?<br \/>\nAbbiamo cercato dal Piemonte alla Puglia.<br \/>\nNel 2006 abbiamo imparato l&#8217;italiano a Mombaroccio e abbiamo capito: Le Marche sono il posto giusto.<br \/>\nLonely Planet la definisce &#8220;Uno dei tesori meno conosciuti d&#8217;Italia&#8221; e se soggiorni qui capirai subito perch\u00e9.<br \/>\nMa non \u00e8 iniziata con un&#8217;attivit\u00e0 commerciale, bens\u00ec con una casa vacanze.<br \/>\nAbbiamo acquistato, dopo una lunga ricerca, una casa a Montottone, nel sud delle Marche, nel 2016.<br \/>\nVolevamo conoscere davvero il paese; tutte le stagioni, le persone e, ovviamente, volevamo imparare a parlare la lingua.<br \/>\nDurante gli anni trascorsi nella nostra casa di Montottone, ci siamo immersi completamente nella cultura italiana.<br \/>\nAbbiamo sperimentato che gli italiani sono aperti, calorosi, emotivi, molto amichevoli e orgogliosi delle loro tradizioni.<br \/>\nAvviare un&#8217;attivit\u00e0 insieme in Italia?<br \/>\nLa cosa cominciava a prudere sempre di pi\u00f9.[\/et_pb_text][\/et_pb_column][\/et_pb_row][et_pb_row column_structure=&#8221;1_4,3_4&#8243; _builder_version=&#8221;4.25.1&#8243; _module_preset=&#8221;default&#8221; global_colors_info=&#8221;{}&#8221;][et_pb_column type=&#8221;1_4&#8243; _builder_version=&#8221;4.25.1&#8243; _module_preset=&#8221;default&#8221; global_colors_info=&#8221;{}&#8221;][et_pb_image src=&#8221;https:\/\/angelisognanti.com\/wp-content\/uploads\/2024\/06\/Ontwerp-zonder-titel-1.png&#8221; title_text=&#8221;Design senza titolo (1)&#8221; _builder_version=&#8221;4.26.0&#8243; _module_preset=&#8221;default&#8221; width_tablet=&#8221;&#8221; width_phone=&#8221;50%&#8221; width_last_edited=&#8221;on|phone&#8221; custom_margin_tablet=&#8221;&#8221; custom_margin_phone=&#8221;-45px||||false|false&#8221; custom_margin_last_edited=&#8221;on|phone&#8221; custom_padding_tablet=&#8221;&#8221; custom_padding_phone=&#8221;0px||||false|false&#8221; custom_padding_last_edited=&#8221;on|phone&#8221; global_colors_info=&#8221;{}&#8221;][\/et_pb_image][\/et_pb_column][et_pb_column type=&#8221;3_4&#8243; _builder_version=&#8221;4.25.1&#8243; _module_preset=&#8221;default&#8221; global_colors_info=&#8221;{}&#8221;][et_pb_text _builder_version=&#8221;4.25.1&#8243; _module_preset=&#8221;default&#8221; text_font=&#8221;|300|||||||&#8221; global_colors_info=&#8221;{}&#8221;]<\/p>\n<h4>E poi \u00e8 arrivato&#8230;<br \/>\nCorona <\/h4>\n<p>Per noi \u00e8 stato un momento di riflessione.<br \/>\nDopo oltre 25 anni di lavoro a tempo pieno nel mondo commerciale e finanziario, sapevamo che non era pi\u00f9 cos\u00ec.<br \/>\nQuesto non ci d\u00e0 energia.<br \/>\nInsieme abbiamo sentito lo slancio e la profonda convinzione: &#8220;la paura dell&#8217;ignoto \u00e8 per un momento, il rimpianto \u00e8 per sempre&#8221;.<br \/>\nCi siamo uniti per entrare in affari insieme e trasformare il nostro sogno in realt\u00e0.    <\/p>\n<p>Molte volte abbiamo parlato di gestire un Agriturismo con Glamping.<br \/>\nPer noi, questo tipo di attivit\u00e0 \u00e8 un&#8217;ottima soluzione: l&#8217;accoglienza degli ospiti e il loro relax, l&#8217;imprenditorialit\u00e0, la nostra passione per la cultura italiana e l&#8217;amore per la cucina elaborata. <\/p>\n<p>[\/et_pb_text][\/et_pb_column][\/et_pb_row][\/et_pb_section][et_pb_section fb_built=&#8221;1&#8243; _builder_version=&#8221;4.25.1&#8243; _module_preset=&#8221;default&#8221; background_color=&#8221;#F9F3E7&#8243; custom_margin=&#8221;0px||||false|false&#8221; custom_padding=&#8221;0px||||false|false&#8221; global_colors_info=&#8221;{}&#8221;][et_pb_row column_structure=&#8221;1_2,1_2&#8243; _builder_version=&#8221;4.25.1&#8243; _module_preset=&#8221;default&#8221; custom_padding=&#8221;||3vw||false|false&#8221; global_colors_info=&#8221;{}&#8221;][et_pb_column type=&#8221;1_2&#8243; _builder_version=&#8221;4.25.1&#8243; _module_preset=&#8221;default&#8221; global_colors_info=&#8221;{}&#8221;][et_pb_image src=&#8221;https:\/\/angelisognanti.com\/wp-content\/uploads\/2024\/09\/0e6f23fb-8300-4de2-bd0a-f8418f7510e9.jpeg&#8221; title_text=&#8221;Insegna dell&#039;Angelo_Agriturismo_Angeli_Soganti&#8221; admin_label=&#8221;Engeltjesbord&#8221; _builder_version=&#8221;4.27.0&#8243; _module_preset=&#8221;default&#8221; global_colors_info=&#8221;{}&#8221;][\/et_pb_image][et_pb_text _builder_version=&#8221;4.26.0&#8243; _module_preset=&#8221;default&#8221; text_font_size=&#8221;13px&#8221; text_line_height=&#8221;1.5em&#8221; custom_margin=&#8221;||||false|false&#8221; custom_padding=&#8221;|||2vw|false|false&#8221; border_width_left=&#8221;1px&#8221; border_color_left=&#8221;#929325&#8243; global_colors_info=&#8221;{}&#8221;]Questo ornamento di angeli sognanti, regalatoci dalla madre di Jacqueline, ha viaggiato con noi di casa in casa per anni e ora ha trovato un posto nelle Marche.[\/et_pb_text][\/et_pb_column][et_pb_column type=&#8221;1_2&#8243; _builder_version=&#8221;4.25.1&#8243; _module_preset=&#8221;default&#8221; global_colors_info=&#8221;{}&#8221;][et_pb_text _builder_version=&#8221;4.25.1&#8243; _module_preset=&#8221;default&#8221; text_font=&#8221;|300|||||||&#8221; header_5_font=&#8221;Charmonman||||||||&#8221; header_5_text_color=&#8221;#442924&#8243; header_5_font_size=&#8221;20px&#8221; custom_margin=&#8221;||||false|false&#8221; global_colors_info=&#8221;{}&#8221;]<\/p>\n<h4>Gli angeli sognanti diventano realt\u00e0<\/h4>\n<p>Nell&#8217;ottobre del 2023, dopo molte visioni, \u00e8 stato colpito nel sud delle Marche.<br \/>\nAbbiamo visitato l&#8217;attuale tenuta e abbiamo capito: \u00e8 questa.<br \/>\nAngeli Sognanti \u00e8 all&#8217;altezza del suo nome &#8211; e del nostro nome: &#8220;angeli sognanti&#8221;.<br \/>\nOltre a un uliveto di 1,5 ettari e a un vigneto di 1 ettaro, c&#8217;\u00e8 anche un piccolo mandorleto, un orto e una variegata collezione di bellissimi alberi da frutto.   <\/p>\n<p>E poi i dintorni.<br \/>\nIl nostro Agriturismo \u00e8 immerso nel verde delle colline, circondato da vigneti e uliveti.<br \/>\nSiamo orgogliosi dei nostri Angeli Sognanti e vogliamo condividere con te questa splendida location.<br \/>\nSperiamo che visitando il nostro Agriturismo ti innamorerai delle Marche tanto quanto noi.   <\/p>\n<p>Saremo lieti di accoglierti alla scoperta dell&#8217;Italia autentica, con tutti i suoi panorami, odori e sapori, con noi nelle Marche. Saremo lieti di aiutarti a pianificare la tua fantastica vacanza da sogno con noi. <\/p>\n<p>[\/et_pb_text][et_pb_text _builder_version=&#8221;4.25.1&#8243; _module_preset=&#8221;default&#8221; header_4_font=&#8221;Charmonman||||||||&#8221; header_4_font_size=&#8221;21px&#8221; global_colors_info=&#8221;{}&#8221;]<\/p>\n<h4 style=\"text-align: center;\">Un Presto!<\/h4>\n<p>[\/et_pb_text][\/et_pb_column][\/et_pb_row][\/et_pb_section][et_pb_section fb_built=&#8221;1&#8243; _builder_version=&#8221;4.25.1&#8243; _module_preset=&#8221;default&#8221; background_color=&#8221;#51664D&#8221; global_colors_info=&#8221;{}&#8221;][et_pb_row column_structure=&#8221;3_5,2_5&#8243; _builder_version=&#8221;4.25.1&#8243; _module_preset=&#8221;default&#8221; global_colors_info=&#8221;{}&#8221;][et_pb_column type=&#8221;3_5&#8243; _builder_version=&#8221;4.25.1&#8243; _module_preset=&#8221;default&#8221; global_colors_info=&#8221;{}&#8221;][et_pb_text _builder_version=&#8221;4.25.1&#8243; _module_preset=&#8221;default&#8221; text_text_color=&#8221;#F9F3E7&#8243; header_4_text_color=&#8221;#F9F3E7&#8243; header_4_font_size=&#8221;25px&#8221; header_4_line_height=&#8221;1.2em&#8221; global_colors_info=&#8221;{}&#8221;]<\/p>\n<h4>Per noi tutto si \u00e8 riunito: l&#8217;accoglienza degli ospiti, il relax, l&#8217;imprenditorialit\u00e0, la nostra passione per la cultura italiana e l&#8217;amore per la cucina elaborata.<\/h4>\n<p>  Visita il nostro luogo da sogno  <b>\u2192<\/b>[\/et_pb_text][\/et_pb_column][et_pb_column type=&#8221;2_5&#8243; _builder_version=&#8221;4.25.1&#8243; _module_preset=&#8221;default&#8221; global_colors_info=&#8221;{}&#8221;][et_pb_image src=&#8221;https:\/\/angelisognanti.com\/wp-content\/uploads\/2024\/06\/Angeli-Sognanti_Blokjespatroon-2.jpg&#8221; title_text=&#8221;Angeli Sognanti_Modello a blocchi (2)&#8221; align=&#8221;right&#8221; _builder_version=&#8221;4.26.0&#8243; _module_preset=&#8221;default&#8221; transform_scale=&#8221;142%|142%&#8221; transform_translate=&#8221;92px|-73px&#8221; transform_translate_linked=&#8221;off&#8221; custom_margin_tablet=&#8221;&#8221; custom_margin_phone=&#8221;-250px||||false|false&#8221; custom_margin_last_edited=&#8221;on|phone&#8221; custom_padding=&#8221;||75px||false|false&#8221; global_colors_info=&#8221;{}&#8221;][\/et_pb_image][\/et_pb_column][\/et_pb_row][\/et_pb_section]<\/p>\n","protected":false},"excerpt":{"rendered":"<p>il bel far niente &#8211; il bello del non far niente &nbsp; Dal 2024 viviamo a Cossignano e gestiamo un&#8217;azienda agricola italiana, su piccola scala e a modo nostro. Il nostro sogno era quello di creare una guesthouse d&#8217;atmosfera in una vera fattoria. Un luogo dove potersi rilassare per un po&#8217;, dove la vita rallenta, [&hellip;]<\/p>\n","protected":false},"author":2,"featured_media":0,"parent":0,"menu_order":0,"comment_status":"closed","ping_status":"closed","template":"","meta":{"_et_pb_use_builder":"on","_et_pb_old_content":"","_et_gb_content_width":"","footnotes":""},"class_list":["post-2375","page","type-page","status-publish","hentry"],"_links":{"self":[{"href":"https:\/\/angelisognanti.com\/it\/wp-json\/wp\/v2\/pages\/2375","targetHints":{"allow":["GET"]}}],"collection":[{"href":"https:\/\/angelisognanti.com\/it\/wp-json\/wp\/v2\/pages"}],"about":[{"href":"https:\/\/angelisognanti.com\/it\/wp-json\/wp\/v2\/types\/page"}],"author":[{"embeddable":true,"href":"https:\/\/angelisognanti.com\/it\/wp-json\/wp\/v2\/users\/2"}],"replies":[{"embeddable":true,"href":"https:\/\/angelisognanti.com\/it\/wp-json\/wp\/v2\/comments?post=2375"}],"version-history":[{"count":0,"href":"https:\/\/angelisognanti.com\/it\/wp-json\/wp\/v2\/pages\/2375\/revisions"}],"wp:attachment":[{"href":"https:\/\/angelisognanti.com\/it\/wp-json\/wp\/v2\/media?parent=2375"}],"curies":[{"name":"wp","href":"https:\/\/api.w.org\/{rel}","templated":true}]}}