{"id":5609,"date":"2026-01-05T11:31:33","date_gmt":"2026-01-05T10:31:33","guid":{"rendered":"https:\/\/angelisognanti.com\/plage\/"},"modified":"2026-01-08T18:29:17","modified_gmt":"2026-01-08T17:29:17","slug":"plage","status":"publish","type":"page","link":"https:\/\/angelisognanti.com\/fr\/plage\/","title":{"rendered":"Plage"},"content":{"rendered":"<p>[et_pb_section fb_built=\u00a0\u00bb1&Prime; _builder_version=\u00a0\u00bb4.25.1&Prime; _module_preset=\u00a0\u00bbdefault\u00a0\u00bb background_enable_color=\u00a0\u00bboff\u00a0\u00bb use_background_color_gradient=\u00a0\u00bbon\u00a0\u00bb background_color_gradient_stops=\u00a0\u00bbrgba(68,41,36,0.33) 0%|rgba(68,41,36,0.15) 100%\u00a0\u00bb background_color_gradient_overlays_image=\u00a0\u00bbon\u00a0\u00bb background_image=\u00a0\u00bbhttps:\/\/angelisognanti.com\/wp-content\/uploads\/2024\/06\/Angeli-Sognanti-Grottamare-beach.jpeg\u00a0\u00bb background_position=\u00a0\u00bbbottom_center\u00a0\u00bb min_height=\u00a0\u00bb700px\u00a0\u00bb global_colors_info=\u00a0\u00bb{}\u00a0\u00bb][et_pb_row _builder_version=\u00a0\u00bb4.26.0&Prime; _module_preset=\u00a0\u00bbdefault\u00a0\u00bb custom_margin=\u00a0\u00bb10vw||||false|false\u00a0\u00bb custom_margin_tablet=\u00a0\u00bb10vw||||false|false\u00a0\u00bb custom_margin_phone=\u00a0\u00bb15vw||||false|false\u00a0\u00bb custom_margin_last_edited=\u00a0\u00bbon|phone\u00a0\u00bb global_colors_info=\u00a0\u00bb{}\u00a0\u00bb][et_pb_column type=\u00a0\u00bb4_4&Prime; _builder_version=\u00a0\u00bb4.25.1&Prime; _module_preset=\u00a0\u00bbdefault\u00a0\u00bb global_colors_info=\u00a0\u00bb{}\u00a0\u00bb][et_pb_text disabled_on=\u00a0\u00bboff|off|on\u00a0\u00bb _builder_version=\u00a0\u00bb4.27.5&Prime; _module_preset=\u00a0\u00bbdefault\u00a0\u00bb text_font=\u00a0\u00bbCharmonman||||||||\u00a0\u00bb text_text_color=\u00a0\u00bb#F9F3E7&Prime; text_font_size=\u00a0\u00bb35px\u00a0\u00bb text_line_height=\u00a0\u00bb1.8em\u00a0\u00bb header_font=\u00a0\u00bbCharmonman||||||||\u00a0\u00bb header_text_color=\u00a0\u00bb#F9F3E7&Prime; header_font_size=\u00a0\u00bb32px\u00a0\u00bb header_line_height=\u00a0\u00bb1.4em\u00a0\u00bb custom_margin=\u00a0\u00bb6vw||||false|false\u00a0\u00bb header_text_shadow_style=\u00a0\u00bbpreset1&Prime; global_colors_info=\u00a0\u00bb{}\u00a0\u00bb]<\/p>\n<h1 style=\"text-align: center;\"><span>Du sable entre les orteils sur la Riviera delle Palme ;<\/span><\/h1>\n<h1 style=\"text-align: center;\">d\u00e9couvrez les boulevards idylliques et la mer cristalline.<span><\/span><\/h1>\n<p>[\/et_pb_text][et_pb_text disabled_on=\u00a0\u00bbon|on|off\u00a0\u00bb _builder_version=\u00a0\u00bb4.27.5&Prime; _module_preset=\u00a0\u00bbdefault\u00a0\u00bb text_font=\u00a0\u00bbCharmonman||||||||\u00a0\u00bb text_text_color=\u00a0\u00bb#F9F3E7&Prime; text_font_size=\u00a0\u00bb35px\u00a0\u00bb text_line_height=\u00a0\u00bb1.8em\u00a0\u00bb header_font=\u00a0\u00bbCharmonman||||||||\u00a0\u00bb header_text_color=\u00a0\u00bb#F9F3E7&Prime; header_font_size=\u00a0\u00bb35px\u00a0\u00bb header_line_height=\u00a0\u00bb1.8em\u00a0\u00bb header_text_shadow_style=\u00a0\u00bbpreset1&Prime; global_colors_info=\u00a0\u00bb{}\u00a0\u00bb]<\/p>\n<h1 style=\"text-align: center;\"><span>Du sable entre les orteils sur la Riviera delle Palme ;<\/span><\/h1>\n<h1 style=\"text-align: center;\">d\u00e9couvrez les boulevards idylliques et la mer cristalline.<\/h1>\n<p>[\/et_pb_text][\/et_pb_column][\/et_pb_row][et_pb_row module_class=\u00a0\u00bbside-by-side-1 \u00a0\u00bb _builder_version=\u00a0\u00bb4.26.0&Prime; _module_preset=\u00a0\u00bbdefault\u00a0\u00bb module_alignment=\u00a0\u00bbcenter\u00a0\u00bb custom_margin=\u00a0\u00bb0px||||false|false\u00a0\u00bb custom_padding=\u00a0\u00bb0px|||30%|false|false\u00a0\u00bb global_colors_info=\u00a0\u00bb{}\u00a0\u00bb][et_pb_column type=\u00a0\u00bb4_4&Prime; _builder_version=\u00a0\u00bb4.25.1&Prime; _module_preset=\u00a0\u00bbdefault\u00a0\u00bb global_colors_info=\u00a0\u00bb{}\u00a0\u00bb][\/et_pb_column][\/et_pb_row][\/et_pb_section][et_pb_section fb_built=\u00a0\u00bb1&Prime; module_id=\u00a0\u00bbville\u00a0\u00bb _builder_version=\u00a0\u00bb4.25.1&Prime; _module_preset=\u00a0\u00bbdefault\u00a0\u00bb background_color=\u00a0\u00bb#F9F3E7&Prime; global_colors_info=\u00a0\u00bb{}\u00a0\u00bb][et_pb_row module_id=\u00a0\u00bbstrand\u00a0\u00bb _builder_version=\u00a0\u00bb4.26.1&Prime; _module_preset=\u00a0\u00bbdefault\u00a0\u00bb custom_margin=\u00a0\u00bb3vw||||false|false\u00a0\u00bb global_colors_info=\u00a0\u00bb{}\u00a0\u00bb][et_pb_column type=\u00a0\u00bb4_4&Prime; _builder_version=\u00a0\u00bb4.25.1&Prime; _module_preset=\u00a0\u00bbdefault\u00a0\u00bb global_colors_info=\u00a0\u00bb{}\u00a0\u00bb][et_pb_text _builder_version=\u00a0\u00bb4.27.5&Prime; _module_preset=\u00a0\u00bbdefault\u00a0\u00bb header_2_font=\u00a0\u00bb||||||||\u00a0\u00bb header_2_text_color=\u00a0\u00bb#442924&Prime; header_2_font_size=\u00a0\u00bb28px\u00a0\u00bb header_2_line_height=\u00a0\u00bb1.3em\u00a0\u00bb global_colors_info=\u00a0\u00bb{}\u00a0\u00bb]<\/p>\n<h2 data-start=\"150\" data-end=\"228\">Plages de Cupra Marittima, Grottammare et San Benedetto del Tronto<\/h2>\n<h3 data-start=\"229\" data-end=\"305\">Soleil, mer et plages relaxantes sur la c\u00f4te adriatique des Marches<\/h3>\n<p>[\/et_pb_text][et_pb_text _builder_version=\u00a0\u00bb4.27.5&Prime; _module_preset=\u00a0\u00bbdefault\u00a0\u00bb text_font=\u00a0\u00bb&#8211;et_global_body_font|300|||||||\u00a0\u00bb header_font=\u00a0\u00bb|300|||||||\u00a0\u00bb global_colors_info=\u00a0\u00bb{}\u00a0\u00bb]<\/p>\n<p data-start=\"220\" data-end=\"777\">Depuis l&rsquo;Agriturismo Angeli Sognanti, vous avez les pieds dans le sable en moins de 15 minutes de route. Les plages de Grottammare, Cupra Marittima et San Benedetto del Tronto forment ensemble un \u00e9l\u00e9gant littoral sur la mer Adriatique, connu sous le nom de Riviera delle Palme. Cette c\u00f4te doit son nom \u00e0 ses longs boulevards bord\u00e9s de palmiers et au caract\u00e8re m\u00e9diterran\u00e9en et d\u00e9contract\u00e9 que l&rsquo;on ressent partout. De nombreuses plages de cette r\u00e9gion portent le drapeau bleu, qui atteste de la propret\u00e9 de l&rsquo;eau de mer, de l&rsquo;entretien des plages et de l&rsquo;attention port\u00e9e au d\u00e9veloppement durable.   <\/p>\n<p data-start=\"779\" data-end=\"1214\">Que vous optiez pour une journ\u00e9e de plage tranquille, une promenade au bord de la mer ou un d\u00e9jeuner face \u00e0 l&rsquo;eau, vous d\u00e9couvrirez ici les Marches \u00e0 l&rsquo;\u00e9tat pur et dans la plus grande d\u00e9contraction. Pour ceux qui souhaitent combiner cette exp\u00e9rience de la plage avec un lieu o\u00f9 l&rsquo;hospitalit\u00e9 et l&rsquo;atmosph\u00e8re sont essentielles, nous collaborons avec le Chalet Borghetto : un lieu de plage qui correspond parfaitement \u00e0 notre fa\u00e7on de profiter, sans h\u00e2te, pure et attentive \u00e0 l&rsquo;instant. <\/p>\n<p>[\/et_pb_text][\/et_pb_column][\/et_pb_row][et_pb_row column_structure=\u00a0\u00bb1_2,1_2&Prime; module_id=\u00a0\u00bbbelevenissen-stad\u00a0\u00bb _builder_version=\u00a0\u00bb4.26.1&Prime; _module_preset=\u00a0\u00bbdefault\u00a0\u00bb custom_margin=\u00a0\u00bb3vw||||false|false\u00a0\u00bb global_colors_info=\u00a0\u00bb{}\u00a0\u00bb][et_pb_column type=\u00a0\u00bb1_2&Prime; _builder_version=\u00a0\u00bb4.25.1&Prime; _module_preset=\u00a0\u00bbdefault\u00a0\u00bb global_colors_info=\u00a0\u00bb{}\u00a0\u00bb][et_pb_image src=\u00a0\u00bbhttps:\/\/angelisognanti.com\/wp-content\/uploads\/2026\/01\/Agriturismo_Angeli_Sognanti_Borghetto.jpeg\u00a0\u00bb title_text=\u00a0\u00bbAgriturismo_Angeli_Sognanti_Borghetto\u00a0\u00bb disabled_on=\u00a0\u00bboff|off|on\u00a0\u00bb _builder_version=\u00a0\u00bb4.27.5&Prime; _module_preset=\u00a0\u00bbdefault\u00a0\u00bb global_colors_info=\u00a0\u00bb{}\u00a0\u00bb][\/et_pb_image][et_pb_text _builder_version=\u00a0\u00bb4.27.5&Prime; _module_preset=\u00a0\u00bbdefault\u00a0\u00bb header_2_font=\u00a0\u00bb||||||||\u00a0\u00bb header_2_text_color=\u00a0\u00bb#442924&Prime; header_2_font_size=\u00a0\u00bb28px\u00a0\u00bb header_2_line_height=\u00a0\u00bb1.3em\u00a0\u00bb global_colors_info=\u00a0\u00bb{}\u00a0\u00bb]<\/p>\n<h2 data-start=\"219\" data-end=\"272\">Chalet Borghetto &#8211; Une journ\u00e9e \u00e0 la mer dans les Marches<\/h2>\n<p>[\/et_pb_text][et_pb_text _builder_version=\u00a0\u00bb4.27.5&Prime; _module_preset=\u00a0\u00bbdefault\u00a0\u00bb text_font=\u00a0\u00bb&#8211;et_global_body_font|300|||||||\u00a0\u00bb header_font=\u00a0\u00bb|300|||||||\u00a0\u00bb global_colors_info=\u00a0\u00bb{}\u00a0\u00bb]<\/p>\n<p data-start=\"274\" data-end=\"610\">Pendant votre s\u00e9jour \u00e0 l&rsquo;Agriturismo Angeli Sognanti, une journ\u00e9e au bord de la mer sur la c\u00f4te adriatique ne doit pas \u00eatre manqu\u00e9e. Au bord de la mer se trouve le Chalet Borghetto, une plage atmosph\u00e9rique situ\u00e9e entre Grottammare et Cupra Marittima, o\u00f9 la vie baln\u00e9aire italienne est \u00e0 son apog\u00e9e. <\/p>\n<p data-start=\"612\" data-end=\"939\">Nous travaillons avec le Chalet Borghetto parce que nous partageons les m\u00eames valeurs : hospitalit\u00e9 personnelle, attention \u00e0 la qualit\u00e9 et cr\u00e9ation de moments de d\u00e9tente qui restent grav\u00e9s dans votre m\u00e9moire. C&rsquo;est un endroit que nous recommandons en toute confiance \u00e0 nos clients, pr\u00e9cis\u00e9ment parce qu&rsquo;il s&rsquo;inscrit parfaitement dans l&rsquo;exp\u00e9rience Angeli Sognanti. <\/p>\n<p data-start=\"941\" data-end=\"1324\">Ici, vous pouvez marcher directement sur le sable doux, surplombant la mer bleue claire de Le Marche. Le Chalet Borghetto est connu pour son atmosph\u00e8re d\u00e9tendue, son \u00e9quipe accueillante et son souci du d\u00e9tail. Que vous optiez pour une longue journ\u00e9e de plage avec un bon livre, une baignade rafra\u00eechissante dans la mer ou un d\u00e9jeuner avec du poisson frais et des sp\u00e9cialit\u00e9s locales, tout ici respire l&rsquo;insouciance des vacances.  <\/p>\n<p data-start=\"1326\" data-end=\"1671\">Gr\u00e2ce \u00e0 son emplacement sur la promenade, c&rsquo;est l&rsquo;endroit id\u00e9al pour commencer la journ\u00e9e tranquillement avec un cappuccino, ou la terminer avec un aperitivo au coucher du soleil. La combinaison de la mer, du soleil et de la cuisine italienne authentique fait du Chalet Borghetto une destination populaire pour les habitants et les clients de l&rsquo;Agriturismo Angeli Sognanti. <\/p>\n<h3 data-start=\"1673\" data-end=\"1714\">Pourquoi nous recommandons le Chalet Borghetto :<\/h3>\n<ul data-start=\"1715\" data-end=\"2033\">\n<li data-start=\"1715\" data-end=\"1788\">\n<p data-start=\"1717\" data-end=\"1788\">Coop\u00e9ration avec l&rsquo;Agriturismo Angeli Sognanti : s\u00e9lectionn\u00e9 avec soin<\/p>\n<\/li>\n<li data-start=\"1789\" data-end=\"1850\">\n<p data-start=\"1791\" data-end=\"1850\">Id\u00e9al pour une excursion d&rsquo;une journ\u00e9e \u00e0 la mer depuis les Angeli Sognanti<\/p>\n<\/li>\n<li data-start=\"1851\" data-end=\"1919\">\n<p data-start=\"1853\" data-end=\"1919\">Situ\u00e9 sur les plages de sable de Grottammare et Cupra Marittima.<\/p>\n<\/li>\n<li data-start=\"1920\" data-end=\"1984\">\n<p data-start=\"1922\" data-end=\"1984\">Un m\u00e9lange parfait de d\u00e9tente, de plage et de gastronomie locale<\/p>\n<\/li>\n<li data-start=\"1985\" data-end=\"2033\">\n<p data-start=\"1987\" data-end=\"2033\">Convient aux familles, aux couples et aux personnes en qu\u00eate de paix<\/p>\n<\/li>\n<\/ul>\n<p data-start=\"2035\" data-end=\"2193\">Une journ\u00e9e au Chalet Borghetto est difficile \u00e0 planifier, vous restez automatiquement plus longtemps. Et c&rsquo;est exactement ce qui convient le mieux au rythme de vie des Marches. <\/p>\n<p>[\/et_pb_text][\/et_pb_column][et_pb_column type=\u00a0\u00bb1_2&Prime; _builder_version=\u00a0\u00bb4.25.1&Prime; _module_preset=\u00a0\u00bbdefault\u00a0\u00bb global_colors_info=\u00a0\u00bb{}\u00a0\u00bb][et_pb_image src=\u00a0\u00bbhttps:\/\/angelisognanti.com\/wp-content\/uploads\/2026\/01\/Agriturismo_Angeli_Sognanti_Borghetto.jpeg\u00a0\u00bb title_text=\u00a0\u00bbAgriturismo_Angeli_Sognanti_Borghetto\u00a0\u00bb disabled_on=\u00a0\u00bbon|on|off\u00a0\u00bb _builder_version=\u00a0\u00bb4.27.5&Prime; _module_preset=\u00a0\u00bbdefault\u00a0\u00bb global_colors_info=\u00a0\u00bb{}\u00a0\u00bb][\/et_pb_image][\/et_pb_column][\/et_pb_row][et_pb_row column_structure=\u00a0\u00bb1_2,1_2&Prime; module_id=\u00a0\u00bbstrand\u00a0\u00bb _builder_version=\u00a0\u00bb4.26.1&Prime; _module_preset=\u00a0\u00bbdefault\u00a0\u00bb custom_margin=\u00a0\u00bb3vw||||false|false\u00a0\u00bb global_colors_info=\u00a0\u00bb{}\u00a0\u00bb][et_pb_column type=\u00a0\u00bb1_2&Prime; _builder_version=\u00a0\u00bb4.25.1&Prime; _module_preset=\u00a0\u00bbdefault\u00a0\u00bb global_colors_info=\u00a0\u00bb{}\u00a0\u00bb][et_pb_image src=\u00a0\u00bbhttps:\/\/angelisognanti.com\/wp-content\/uploads\/2026\/01\/Agriturimo_Angeli_Sognanti_SBdT.png\u00a0\u00bb title_text=\u00a0\u00bbAgriturimo_Angeli_Sognanti_SBdT\u00a0\u00bb disabled_on=\u00a0\u00bboff|off|off\u00a0\u00bb _builder_version=\u00a0\u00bb4.27.5&Prime; _module_preset=\u00a0\u00bbdefault\u00a0\u00bb global_colors_info=\u00a0\u00bb{}\u00a0\u00bb][\/et_pb_image][et_pb_image src=\u00a0\u00bbhttps:\/\/angelisognanti.com\/wp-content\/uploads\/2026\/01\/Agriturismo_Angeli_Sognanti_Grottammare-2.jpeg\u00a0\u00bb title_text=\u00a0\u00bbAgriturismo_Angeli_Sognanti_Grottammare\u00a0\u00bb disabled_on=\u00a0\u00bbon|on|off\u00a0\u00bb _builder_version=\u00a0\u00bb4.27.5&Prime; _module_preset=\u00a0\u00bbdefault\u00a0\u00bb hover_enabled=\u00a0\u00bb0&Prime; global_colors_info=\u00a0\u00bb{}\u00a0\u00bb sticky_enabled=\u00a0\u00bb0&Prime; custom_padding=\u00a0\u00bb240px||||false|false\u00a0\u00bb][\/et_pb_image][\/et_pb_column][et_pb_column _builder_version=\u00a0\u00bb4.27.5&Prime; _module_preset=\u00a0\u00bbdefault\u00a0\u00bb type=\u00a0\u00bb1_2&Prime;][et_pb_text _builder_version=\u00a0\u00bb4.27.5&Prime; _module_preset=\u00a0\u00bbdefault\u00a0\u00bb header_2_font=\u00a0\u00bb||||||||\u00a0\u00bb header_2_text_color=\u00a0\u00bb#442924&Prime; header_2_font_size=\u00a0\u00bb28px\u00a0\u00bb header_2_line_height=\u00a0\u00bb1.3em\u00a0\u00bb global_colors_info=\u00a0\u00bb{}\u00a0\u00bb]<\/p>\n<h1 data-path-to-node=\"2\">La Gold Coast : les plages de <br \/>San Benedetto del Tronto et Grottammare<\/h1>\n<p>[\/et_pb_text][et_pb_text _builder_version=\u00a0\u00bb4.27.5&Prime; _module_preset=\u00a0\u00bbdefault\u00a0\u00bb text_font=\u00a0\u00bb&#8211;et_global_body_font|300|||||||\u00a0\u00bb header_font=\u00a0\u00bb|300|||||||\u00a0\u00bb global_colors_info=\u00a0\u00bb{}\u00a0\u00bb]<\/p>\n<h2 data-path-to-node=\"3\">L\u00e0 o\u00f9 l&rsquo;azur et le vert palmier se rencontrent<\/h2>\n<p data-path-to-node=\"4\">Le long de la c\u00f4te adriatique des Marches s&rsquo;\u00e9tend un paradis que nous ch\u00e9rissons chez Angeli Sognanti : la Riviera delle Palme. Ici, les douces plages de San Benedetto del Tronto et la pittoresque Grottammare se c\u00f4toient sans heurt. Une bande c\u00f4ti\u00e8re qui a non seulement re\u00e7u le drapeau bleu pour la propret\u00e9 de ses eaux, mais aussi une atmosph\u00e8re qui vous invite \u00e0 vous d\u00e9tendre et \u00e0 r\u00eaver.  <\/p>\n<h2 data-path-to-node=\"6\">San Benedetto del Tronto : La mer banale<\/h2>\n<p data-path-to-node=\"7\">La plage de San Benedetto del Tronto est un symbole de la grandeur italienne. Avec son large littoral et ses palmiers embl\u00e9matiques, elle offre un cadre d&rsquo;une allure in\u00e9gal\u00e9e. <\/p>\n<ul data-path-to-node=\"8\">\n<li>\n<p data-path-to-node=\"8,0,0\">Sables dor\u00e9s sans fin : le sable fin et doux s&rsquo;\u00e9tend sur des kilom\u00e8tres, id\u00e9al pour une promenade matinale alors que le soleil se l\u00e8ve lentement de la mer.<\/p>\n<\/li>\n<li>\n<p data-path-to-node=\"8,1,0\">La culture du chalet : les plages sont parsem\u00e9es de <i data-path-to-node=\"8,1,0\" data-index-in-node=\"59\">chalets<\/i> \u00e9l\u00e9gants. Ces pavillons de plage offrent non seulement des chaises longues luxueuses, mais se transforment le soir en hauts lieux de la gastronomie o\u00f9 l&rsquo;on d\u00eene les pieds dans le sable. <\/p>\n<\/li>\n<li>\n<p data-path-to-node=\"8,2,0\">Agr\u00e9able \u00e0 l&rsquo;\u0153il : la combinaison unique de la mer azur et des centaines de palmiers qui bordent le front de mer vous donnera l&rsquo;impression d&rsquo;avoir atterri dans une oasis exotique.<\/p>\n<\/li>\n<\/ul>\n<h2 data-path-to-node=\"9\">Grottammare : la perle de l&rsquo;Adriatique<\/h2>\n<p data-path-to-node=\"10\">\u00c0 quelques encablures au nord se trouve Grottammare, une localit\u00e9 connue pour sa beaut\u00e9 raffin\u00e9e et son caract\u00e8re plus calme.<\/p>\n<ul data-path-to-node=\"11\">\n<li>\n<p data-path-to-node=\"11,0,0\">\u00c9l\u00e9gance intime : la plage de Grottammare respire l&rsquo;atmosph\u00e8re de la <i data-path-to-node=\"11,0,0\" data-index-in-node=\"68\">Belle \u00c9poque<\/i>. Les magnifiques villas Liberty surplombent la mer, conf\u00e9rant \u00e0 la c\u00f4te un caract\u00e8re aristocratique et intemporel. <\/p>\n<\/li>\n<li>\n<p data-path-to-node=\"11,1,0\">Peu profonde et claire : gr\u00e2ce \u00e0 son littoral peu profond et \u00e0 sa mer cristalline, cette plage est un havre de paix pour ceux qui veulent nager ou flotter en toute s\u00e9r\u00e9nit\u00e9.<\/p>\n<\/li>\n<li>\n<p data-path-to-node=\"11,2,0\">Un d\u00e9cor romantique : l\u00e0 o\u00f9 San Benedetto del Tronte p\u00e9tille, Grottammare murmure. C&rsquo;est l&rsquo;endroit id\u00e9al pour ceux qui recherchent une exp\u00e9rience de plage plus intime, entour\u00e9e de lauriers-roses et d&rsquo;orangers luxuriants. <\/p>\n<\/li>\n<\/ul>\n<h2 data-path-to-node=\"13\">Deux mondes, une c\u00f4te<\/h2>\n<p data-path-to-node=\"14\">Que vous choisissiez l&rsquo;\u00e9nergie vibrante de San Benedetto del Tronto ou la beaut\u00e9 feutr\u00e9e de Grottammare, les deux plages sont reli\u00e9es par un magnifique sentier p\u00e9destre et cyclable le long de la mer. Vous y appr\u00e9cierez l&rsquo;air marin sain, le bruit apaisant des vagues et la lumi\u00e8re in\u00e9gal\u00e9e de la c\u00f4te italienne. <\/p>\n<blockquote data-path-to-node=\"15\">\n<p data-path-to-node=\"15,0\"><i data-path-to-node=\"15,0\" data-index-in-node=\"0\">\u00ab\u00a0Il n&rsquo;y a pas de meilleur endroit pour oublier le temps que l\u00e0 o\u00f9 le sable touche vos pieds et o\u00f9 l&rsquo;horizon laisse libre cours \u00e0 vos r\u00eaves\u00a0\u00bb.<\/i><\/p>\n<\/blockquote>\n<p>[\/et_pb_text][\/et_pb_column][\/et_pb_row][et_pb_row column_structure=\u00a0\u00bb1_2,1_2&Prime; module_id=\u00a0\u00bbnatuur\u00a0\u00bb _builder_version=\u00a0\u00bb4.25.1&Prime; _module_preset=\u00a0\u00bbdefault\u00a0\u00bb custom_margin=\u00a0\u00bb3vw|auto|6px|auto|false|false\u00a0\u00bb global_colors_info=\u00a0\u00bb{}\u00a0\u00bb][et_pb_column type=\u00a0\u00bb1_2&Prime; _builder_version=\u00a0\u00bb4.25.1&Prime; _module_preset=\u00a0\u00bbdefault\u00a0\u00bb global_colors_info=\u00a0\u00bb{}\u00a0\u00bb][et_pb_image src=\u00a0\u00bbhttps:\/\/angelisognanti.com\/wp-content\/uploads\/2026\/01\/Agriturismo_Angeli_Sognanti_Dogbeach-1.jpeg\u00a0\u00bb title_text=\u00a0\u00bbAgriturismo_Angeli_Sognanti_Dogbeach\u00a0\u00bb disabled_on=\u00a0\u00bboff|off|on\u00a0\u00bb _builder_version=\u00a0\u00bb4.27.5&Prime; _module_preset=\u00a0\u00bbdefault\u00a0\u00bb global_colors_info=\u00a0\u00bb{}\u00a0\u00bb][\/et_pb_image][et_pb_text _builder_version=\u00a0\u00bb4.27.5&Prime; _module_preset=\u00a0\u00bbdefault\u00a0\u00bb header_2_font=\u00a0\u00bb||||||||\u00a0\u00bb header_2_text_color=\u00a0\u00bb#442924&Prime; header_2_font_size=\u00a0\u00bb28px\u00a0\u00bb header_2_line_height=\u00a0\u00bb1.3em\u00a0\u00bb global_colors_info=\u00a0\u00bb{}\u00a0\u00bb]<\/p>\n<h1 data-path-to-node=\"3\">Plages pour chiens sur la Riviera delle Palme<\/h1>\n<p>[\/et_pb_text][et_pb_text _builder_version=\u00a0\u00bb4.27.5&Prime; _module_preset=\u00a0\u00bbdefault\u00a0\u00bb text_font=\u00a0\u00bb&#8211;et_global_body_font|300|||||||\u00a0\u00bb header_font=\u00a0\u00bb|300|||||||\u00a0\u00bb global_colors_info=\u00a0\u00bb{}\u00a0\u00bb]<\/p>\n<p data-path-to-node=\"5\">San Benedetto del Tronto et Grottammare disposent de plages r\u00e9serv\u00e9es o\u00f9 les chiens peuvent courir librement, socialiser et parfois m\u00eame prendre un bain rafra\u00eechissant dans l&rsquo;Adriatique.<\/p>\n<h3 data-path-to-node=\"6\">San Benedetto del Tronto :<\/h3>\n<p data-path-to-node=\"7\">Dans la partie sud de cette station baln\u00e9aire anim\u00e9e, vous trouverez un paradis sp\u00e9cial pour les chiens.<\/p>\n<ul data-path-to-node=\"8\">\n<li>\n<p data-path-to-node=\"8,0,0\">Spiaggia Libera per Cani : situ\u00e9e pr\u00e8s du c\u00f4t\u00e9 nord du port, c&rsquo;est une grande plage gratuite. Les chiens peuvent y profiter du sable et de l&rsquo;eau sous surveillance. <\/p>\n<\/li>\n<li>\n<p data-path-to-node=\"8,1,0\">Espace et installations : Il y a beaucoup d&rsquo;espace pour une partie de fetch, et l&rsquo;atmosph\u00e8re informelle fait que le chien et le ma\u00eetre se sentent comme chez eux.<\/p>\n<\/li>\n<li>\n<p data-path-to-node=\"8,2,0\">Promenade sous les palmiers : la large promenade est id\u00e9ale pour une balade en commun, \u00e0 condition d&rsquo;\u00eatre tenue en laisse, et les nombreuses fontaines offrent un rafra\u00eechissement bienvenu en cours de route.<\/p>\n<\/li>\n<\/ul>\n<h3 data-path-to-node=\"9\">Grottammare :<\/h3>\n<p data-path-to-node=\"10\">Grottammare est connu pour sa tranquillit\u00e9 et son souci du d\u00e9tail, tout comme ses installations pour les animaux de compagnie.<\/p>\n<p data-path-to-node=\"10\">\n<ul>\n<li data-path-to-node=\"10\">Plage pour chiens : du c\u00f4t\u00e9 sud de la ville, vers San Benedetto del Tronto, il y a une zone officiellement d\u00e9sign\u00e9e pour les chiens. Cette plage est cl\u00f4tur\u00e9e, ce qui donne un sentiment de s\u00e9curit\u00e9. <\/li>\n<li>\n<p data-path-to-node=\"11,1,0\">La mer claire : ici, l&rsquo;eau est souvent calme et peu profonde, ce qui est id\u00e9al pour les chiens qui veulent s&rsquo;initier \u00e0 la mer en douceur.<\/p>\n<\/li>\n<li>\n<p data-path-to-node=\"11,2,0\">Ombre et tranquillit\u00e9 : la v\u00e9g\u00e9tation environnante et la tranquillit\u00e9 de l&rsquo;endroit en font un lieu de pr\u00e9dilection pour ceux qui veulent \u00e9viter la chaleur de la journ\u00e9e et profiter du littoral en toute s\u00e9r\u00e9nit\u00e9.<\/p>\n<\/li>\n<\/ul>\n<p>[\/et_pb_text][\/et_pb_column][et_pb_column type=\u00a0\u00bb1_2&Prime; _builder_version=\u00a0\u00bb4.25.1&Prime; _module_preset=\u00a0\u00bbdefault\u00a0\u00bb global_colors_info=\u00a0\u00bb{}\u00a0\u00bb][et_pb_image src=\u00a0\u00bbhttps:\/\/angelisognanti.com\/wp-content\/uploads\/2026\/01\/Agriturismo_Angeli_Sognanti_Dogbeach-1.jpeg\u00a0\u00bb title_text=\u00a0\u00bbAgriturismo_Angeli_Sognanti_Dogbeach\u00a0\u00bb disabled_on=\u00a0\u00bbon|on|off\u00a0\u00bb _builder_version=\u00a0\u00bb4.27.5&Prime; _module_preset=\u00a0\u00bbdefault\u00a0\u00bb global_colors_info=\u00a0\u00bb{}\u00a0\u00bb][\/et_pb_image][\/et_pb_column][\/et_pb_row][et_pb_row module_class=\u00a0\u00bbside-by-side-1&Prime; _builder_version=\u00a0\u00bb4.25.1&Prime; _module_preset=\u00a0\u00bbdefault\u00a0\u00bb custom_margin=\u00a0\u00bb0px||0px||true|false\u00a0\u00bb custom_padding=\u00a0\u00bb0px||3vw||false|false\u00a0\u00bb global_colors_info=\u00a0\u00bb{}\u00a0\u00bb][et_pb_column type=\u00a0\u00bb4_4&Prime; _builder_version=\u00a0\u00bb4.25.1&Prime; _module_preset=\u00a0\u00bbdefault\u00a0\u00bb global_colors_info=\u00a0\u00bb{}\u00a0\u00bb][et_pb_button button_url=\u00a0\u00bbhttps:\/\/angelisognanti.com\/fr\/reservez\/#verblijf\u00a0\u00bb button_text=\u00a0\u00bbR\u00e9servez d\u00e8s maintenant\u00a0\u00bb button_alignment=\u00a0\u00bbright\u00a0\u00bb _builder_version=\u00a0\u00bb4.27.5&Prime; _module_preset=\u00a0\u00bbdefault\u00a0\u00bb global_colors_info=\u00a0\u00bb{}\u00a0\u00bb][\/et_pb_button][\/et_pb_column][\/et_pb_row][\/et_pb_section][et_pb_section fb_built=\u00a0\u00bb1&Prime; _builder_version=\u00a0\u00bb4.25.1&Prime; _module_preset=\u00a0\u00bbdefault\u00a0\u00bb background_color=\u00a0\u00bb#51664D\u00a0\u00bb custom_margin=\u00a0\u00bb||||false|false\u00a0\u00bb custom_padding=\u00a0\u00bb||||false|false\u00a0\u00bb global_colors_info=\u00a0\u00bb{}\u00a0\u00bb][et_pb_row column_structure=\u00a0\u00bb2_5,3_5&Prime; _builder_version=\u00a0\u00bb4.25.1&Prime; _module_preset=\u00a0\u00bbdefault\u00a0\u00bb custom_padding=\u00a0\u00bb||||false|false\u00a0\u00bb global_colors_info=\u00a0\u00bb{}\u00a0\u00bb][et_pb_column type=\u00a0\u00bb2_5&Prime; _builder_version=\u00a0\u00bb4.25.1&Prime; _module_preset=\u00a0\u00bbdefault\u00a0\u00bb global_colors_info=\u00a0\u00bb{}\u00a0\u00bb][et_pb_image src=\u00a0\u00bbhttps:\/\/angelisognanti.com\/wp-content\/uploads\/2024\/06\/Angeli-Sognanti_Blokjespatroon-2.jpg\u00a0\u00bb title_text=\u00a0\u00bbAngeli Sognanti_Mod\u00e8le de bloc (2)\u00a0\u00bb _builder_version=\u00a0\u00bb4.25.1&Prime; _module_preset=\u00a0\u00bbdefault\u00a0\u00bb transform_scale=\u00a0\u00bb142%|142%\u00a0\u00bb transform_translate=\u00a0\u00bb-172px|-57px\u00a0\u00bb global_colors_info=\u00a0\u00bb{}\u00a0\u00bb][\/et_pb_image][\/et_pb_column][et_pb_column type=\u00a0\u00bb3_5&Prime; _builder_version=\u00a0\u00bb4.25.1&Prime; _module_preset=\u00a0\u00bbdefault\u00a0\u00bb global_colors_info=\u00a0\u00bb{}\u00a0\u00bb][et_pb_text _builder_version=\u00a0\u00bb4.27.5&Prime; _module_preset=\u00a0\u00bbdefault\u00a0\u00bb text_text_color=\u00a0\u00bb#F9F3E7&Prime; link_text_color=\u00a0\u00bb#F9F3E7&Prime; header_4_text_color=\u00a0\u00bb#F9F3E7&Prime; header_4_font_size=\u00a0\u00bb25px\u00a0\u00bb header_4_line_height=\u00a0\u00bb1.2em\u00a0\u00bb width=\u00a0\u00bb85%\u00a0\u00bb global_colors_info=\u00a0\u00bb{}\u00a0\u00bb]<\/p>\n<h4>L\u00e0 o\u00f9 la c\u00f4te jaune d&rsquo;or embrasse la mer azur, les plaisirs infinis commencent.<\/h4>\n<p>[\/et_pb_text][\/et_pb_column][\/et_pb_row][\/et_pb_section]<\/p>\n","protected":false},"excerpt":{"rendered":"<p>Du sable entre les orteils sur la Riviera delle Palme ; d\u00e9couvrez les boulevards idylliques et la mer cristalline.Du sable entre les orteils sur la Riviera delle Palme ; d\u00e9couvrez les boulevards idylliques et la mer cristalline.Plages de Cupra Marittima, Grottammare et San Benedetto del Tronto Soleil, mer et plages relaxantes sur la c\u00f4te adriatique [&hellip;]<\/p>\n","protected":false},"author":6,"featured_media":0,"parent":0,"menu_order":0,"comment_status":"closed","ping_status":"closed","template":"","meta":{"_et_pb_use_builder":"on","_et_pb_old_content":"","_et_gb_content_width":"","footnotes":""},"class_list":["post-5609","page","type-page","status-publish","hentry"],"_links":{"self":[{"href":"https:\/\/angelisognanti.com\/fr\/wp-json\/wp\/v2\/pages\/5609","targetHints":{"allow":["GET"]}}],"collection":[{"href":"https:\/\/angelisognanti.com\/fr\/wp-json\/wp\/v2\/pages"}],"about":[{"href":"https:\/\/angelisognanti.com\/fr\/wp-json\/wp\/v2\/types\/page"}],"author":[{"embeddable":true,"href":"https:\/\/angelisognanti.com\/fr\/wp-json\/wp\/v2\/users\/6"}],"replies":[{"embeddable":true,"href":"https:\/\/angelisognanti.com\/fr\/wp-json\/wp\/v2\/comments?post=5609"}],"version-history":[{"count":0,"href":"https:\/\/angelisognanti.com\/fr\/wp-json\/wp\/v2\/pages\/5609\/revisions"}],"wp:attachment":[{"href":"https:\/\/angelisognanti.com\/fr\/wp-json\/wp\/v2\/media?parent=5609"}],"curies":[{"name":"wp","href":"https:\/\/api.w.org\/{rel}","templated":true}]}}