{"id":5561,"date":"2026-01-06T14:31:36","date_gmt":"2026-01-06T13:31:36","guid":{"rendered":"https:\/\/angelisognanti.com\/marches\/"},"modified":"2026-01-08T18:24:49","modified_gmt":"2026-01-08T17:24:49","slug":"marches","status":"publish","type":"page","link":"https:\/\/angelisognanti.com\/fr\/marches\/","title":{"rendered":"March\u00e9s"},"content":{"rendered":"<p>[et_pb_section fb_built=\u00a0\u00bb1&Prime; _builder_version=\u00a0\u00bb4.27.5&Prime; _module_preset=\u00a0\u00bbdefault\u00a0\u00bb background_enable_color=\u00a0\u00bboff\u00a0\u00bb use_background_color_gradient=\u00a0\u00bbon\u00a0\u00bb background_color_gradient_stops=\u00a0\u00bbrgba(68,41,36,0.33) 0%|rgba(68,41,36,0.15) 100%\u00a0\u00bb background_color_gradient_overlays_image=\u00a0\u00bbon\u00a0\u00bb background_image=\u00a0\u00bbhttps:\/\/angelisognanti.com\/wp-content\/uploads\/2026\/01\/Markt2.jpeg\u00a0\u00bb background_position=\u00a0\u00bbbottom_center\u00a0\u00bb min_height=\u00a0\u00bb700px\u00a0\u00bb global_colors_info=\u00a0\u00bb{}\u00a0\u00bb][et_pb_row _builder_version=\u00a0\u00bb4.26.0&Prime; _module_preset=\u00a0\u00bbdefault\u00a0\u00bb custom_margin=\u00a0\u00bb10vw||||false|false\u00a0\u00bb custom_margin_tablet=\u00a0\u00bb10vw||||false|false\u00a0\u00bb custom_margin_phone=\u00a0\u00bb15vw||||false|false\u00a0\u00bb custom_margin_last_edited=\u00a0\u00bbon|phone\u00a0\u00bb global_colors_info=\u00a0\u00bb{}\u00a0\u00bb][et_pb_column type=\u00a0\u00bb4_4&Prime; _builder_version=\u00a0\u00bb4.25.1&Prime; _module_preset=\u00a0\u00bbdefault\u00a0\u00bb global_colors_info=\u00a0\u00bb{}\u00a0\u00bb][et_pb_text disabled_on=\u00a0\u00bboff|off|on\u00a0\u00bb _builder_version=\u00a0\u00bb4.27.5&Prime; _module_preset=\u00a0\u00bbdefault\u00a0\u00bb text_font=\u00a0\u00bbCharmonman||||||||\u00a0\u00bb text_text_color=\u00a0\u00bb#F9F3E7&Prime; text_font_size=\u00a0\u00bb35px\u00a0\u00bb text_line_height=\u00a0\u00bb1.8em\u00a0\u00bb header_font=\u00a0\u00bbCharmonman||||||||\u00a0\u00bb header_text_color=\u00a0\u00bb#F9F3E7&Prime; header_font_size=\u00a0\u00bb32px\u00a0\u00bb header_line_height=\u00a0\u00bb1.4em\u00a0\u00bb custom_margin=\u00a0\u00bb6vw||||false|false\u00a0\u00bb header_text_shadow_style=\u00a0\u00bbpreset1&Prime; global_colors_info=\u00a0\u00bb{}\u00a0\u00bb]<\/p>\n<h1 style=\"text-align: center;\"><span>Les march\u00e9s des Marches : une rencontre color\u00e9e avec la tradition<\/span><\/h1>\n<p>&nbsp;<\/p>\n<p>[\/et_pb_text][et_pb_text disabled_on=\u00a0\u00bbon|on|off\u00a0\u00bb _builder_version=\u00a0\u00bb4.27.5&Prime; _module_preset=\u00a0\u00bbdefault\u00a0\u00bb text_font=\u00a0\u00bbCharmonman||||||||\u00a0\u00bb text_text_color=\u00a0\u00bb#F9F3E7&Prime; text_font_size=\u00a0\u00bb35px\u00a0\u00bb text_line_height=\u00a0\u00bb1.8em\u00a0\u00bb header_font=\u00a0\u00bbCharmonman||||||||\u00a0\u00bb header_text_color=\u00a0\u00bb#F9F3E7&Prime; header_font_size=\u00a0\u00bb35px\u00a0\u00bb header_line_height=\u00a0\u00bb1.8em\u00a0\u00bb header_text_shadow_style=\u00a0\u00bbpreset1&Prime; global_colors_info=\u00a0\u00bb{}\u00a0\u00bb]<\/p>\n<h1 style=\"text-align: center;\"><span>Les march\u00e9s des Marches : une rencontre color\u00e9e avec la tradition<\/span><\/h1>\n<p>[\/et_pb_text][\/et_pb_column][\/et_pb_row][et_pb_row module_class=\u00a0\u00bbside-by-side-1 \u00a0\u00bb _builder_version=\u00a0\u00bb4.26.0&Prime; _module_preset=\u00a0\u00bbdefault\u00a0\u00bb module_alignment=\u00a0\u00bbcenter\u00a0\u00bb custom_margin=\u00a0\u00bb0px||||false|false\u00a0\u00bb custom_padding=\u00a0\u00bb0px|||30%|false|false\u00a0\u00bb global_colors_info=\u00a0\u00bb{}\u00a0\u00bb][et_pb_column type=\u00a0\u00bb4_4&Prime; _builder_version=\u00a0\u00bb4.25.1&Prime; _module_preset=\u00a0\u00bbdefault\u00a0\u00bb global_colors_info=\u00a0\u00bb{}\u00a0\u00bb][\/et_pb_column][\/et_pb_row][\/et_pb_section][et_pb_section fb_built=\u00a0\u00bb1&Prime; module_id=\u00a0\u00bbville\u00a0\u00bb _builder_version=\u00a0\u00bb4.25.1&Prime; _module_preset=\u00a0\u00bbdefault\u00a0\u00bb background_color=\u00a0\u00bb#F9F3E7&Prime; global_colors_info=\u00a0\u00bb{}\u00a0\u00bb][et_pb_row module_id=\u00a0\u00bbstrand\u00a0\u00bb _builder_version=\u00a0\u00bb4.26.1&Prime; _module_preset=\u00a0\u00bbdefault\u00a0\u00bb custom_margin=\u00a0\u00bb3vw||||false|false\u00a0\u00bb global_colors_info=\u00a0\u00bb{}\u00a0\u00bb][et_pb_column type=\u00a0\u00bb4_4&Prime; _builder_version=\u00a0\u00bb4.25.1&Prime; _module_preset=\u00a0\u00bbdefault\u00a0\u00bb global_colors_info=\u00a0\u00bb{}\u00a0\u00bb][et_pb_text _builder_version=\u00a0\u00bb4.27.5&Prime; _module_preset=\u00a0\u00bbdefault\u00a0\u00bb header_2_font=\u00a0\u00bb||||||||\u00a0\u00bb header_2_text_color=\u00a0\u00bb#442924&Prime; header_2_font_size=\u00a0\u00bb28px\u00a0\u00bb header_2_line_height=\u00a0\u00bb1.3em\u00a0\u00bb global_colors_info=\u00a0\u00bb{}\u00a0\u00bb]<\/p>\n<h2 data-path-to-node=\"2\">Go\u00fbtez au rythme de la r\u00e9gion<\/h2>\n<h3 data-start=\"229\" data-end=\"305\">D\u00e9couvrez les senteurs, les couleurs et les tr\u00e9sors locaux sur les march\u00e9s des Marches<i data-path-to-node=\"10,1\" data-index-in-node=\"0\"><\/i><\/h3>\n<p>[\/et_pb_text][et_pb_text _builder_version=\u00a0\u00bb4.27.5&Prime; _module_preset=\u00a0\u00bbdefault\u00a0\u00bb text_font=\u00a0\u00bb&#8211;et_global_body_font|300|||||||\u00a0\u00bb header_font=\u00a0\u00bb|300|||||||\u00a0\u00bb global_colors_info=\u00a0\u00bb{}\u00a0\u00bb]<\/p>\n<p data-path-to-node=\"3\">Lorsque vous \u00e9changez la tranquillit\u00e9 de notre agritourisme contre l&rsquo;animation d&rsquo;un march\u00e9 local, vous d\u00e9couvrez le v\u00e9ritable c\u0153ur battant des Marches. C&rsquo;est le lieu o\u00f9 se d\u00e9roule la vie quotidienne. En fl\u00e2nant entre les \u00e9tals, vous \u00eates entour\u00e9 par l&rsquo;odeur du fromage de brebis frais, le rouge profond des tomates locales et les voix enthousiastes des marchands qui vantent fi\u00e8rement leurs produits.  <\/p>\n<p data-path-to-node=\"4\">Que vous soyez \u00e0 la recherche de la bouteille d&rsquo;huile d&rsquo;olive parfaite, d&rsquo;articles de maroquinerie fabriqu\u00e9s \u00e0 la main ou que vous souhaitiez simplement d\u00e9guster un cappucino en regardant le monde d\u00e9filer, au march\u00e9, vous ne vous sentez pas un touriste pendant un instant, mais vous faites partie de notre r\u00e9gion. C&rsquo;est le moment de se d\u00e9tendre, de regarder et de go\u00fbter toutes les beaut\u00e9s que la saison a \u00e0 offrir. <\/p>\n<p>[\/et_pb_text][\/et_pb_column][\/et_pb_row][et_pb_row column_structure=\u00a0\u00bb1_2,1_2&Prime; module_id=\u00a0\u00bbbelevenissen-stad\u00a0\u00bb _builder_version=\u00a0\u00bb4.26.1&Prime; _module_preset=\u00a0\u00bbdefault\u00a0\u00bb custom_margin=\u00a0\u00bb3vw||||false|false\u00a0\u00bb global_colors_info=\u00a0\u00bb{}\u00a0\u00bb][et_pb_column type=\u00a0\u00bb1_2&Prime; _builder_version=\u00a0\u00bb4.25.1&Prime; _module_preset=\u00a0\u00bbdefault\u00a0\u00bb global_colors_info=\u00a0\u00bb{}\u00a0\u00bb][et_pb_image src=\u00a0\u00bbhttps:\/\/angelisognanti.com\/wp-content\/uploads\/2026\/01\/Agriturismo_Angeli_Sognanti_Mercato2.jpeg\u00a0\u00bb title_text=\u00a0\u00bbAgriturismo_Angeli_Sognanti_Mercato2&Prime; disabled_on=\u00a0\u00bboff|off|on\u00a0\u00bb _builder_version=\u00a0\u00bb4.27.5&Prime; _module_preset=\u00a0\u00bbdefault\u00a0\u00bb global_colors_info=\u00a0\u00bb{}\u00a0\u00bb][\/et_pb_image][et_pb_text _builder_version=\u00a0\u00bb4.27.5&Prime; _module_preset=\u00a0\u00bbdefault\u00a0\u00bb header_2_font=\u00a0\u00bb||||||||\u00a0\u00bb header_2_text_color=\u00a0\u00bb#442924&Prime; header_2_font_size=\u00a0\u00bb28px\u00a0\u00bb header_2_line_height=\u00a0\u00bb1.3em\u00a0\u00bb global_colors_info=\u00a0\u00bb{}\u00a0\u00bb]<\/p>\n<h2 data-start=\"219\" data-end=\"272\">March\u00e9s hebdomadaires<\/h2>\n<p>[\/et_pb_text][et_pb_text _builder_version=\u00a0\u00bb4.27.5&Prime; _module_preset=\u00a0\u00bbdefault\u00a0\u00bb text_font=\u00a0\u00bb&#8211;et_global_body_font|300|||||||\u00a0\u00bb header_font=\u00a0\u00bb|300|||||||\u00a0\u00bb global_colors_info=\u00a0\u00bb{}\u00a0\u00bb]<\/p>\n<h3 data-path-to-node=\"3\"><b data-path-to-node=\"3\" data-index-in-node=\"0\">Nos march\u00e9s hebdomadaires pr\u00e9f\u00e9r\u00e9s<\/b><\/h3>\n<p data-path-to-node=\"3\">D\u00e9couvrez les saveurs et les traditions locales des Marches.<\/p>\n<ul data-path-to-node=\"4\">\n<li>\n<p data-path-to-node=\"4,0,0\"><b data-path-to-node=\"4,0,0\" data-index-in-node=\"0\">Mardi et vendredi &#8211; San Benedetto del Tronto<\/b> Un grand march\u00e9 anim\u00e9 o\u00f9 l&rsquo;on trouve de tout, de la mode aux produits locaux frais.<\/p>\n<\/li>\n<li>\n<p data-path-to-node=\"4,1,0\"><b data-path-to-node=\"4,1,0\" data-index-in-node=\"0\">Mercredi et samedi &#8211; Ascoli Piceno<\/b> Un march\u00e9 atmosph\u00e9rique dans la ville historique. <i data-path-to-node=\"4,1,0\" data-index-in-node=\"81\">Conseil : le samedi, ne manquez pas le march\u00e9 de fruits et l\u00e9gumes sous les arcades pr\u00e8s de l&#8217;embl\u00e9matique Caff\u00e8 Meletti.<\/i><\/p>\n<\/li>\n<li>\n<p data-path-to-node=\"4,2,0\"><b data-path-to-node=\"4,2,0\" data-index-in-node=\"0\">Jeudi &#8211; Offida et Grottammare<\/b> \u00c0 Offida, vous trouverez un march\u00e9 authentique rempli de sp\u00e9cialit\u00e9s locales. \u00c0 Grottammare, vous pourrez profiter d&rsquo;un march\u00e9 plus petit et plus intime, pr\u00e8s de la mer. <\/p>\n<\/li>\n<li>\n<p data-path-to-node=\"4,3,0\"><b data-path-to-node=\"4,3,0\" data-index-in-node=\"0\">Samedi &#8211; Civitanova Marche<\/b> L&rsquo;un des march\u00e9s les plus grands et les plus polyvalents de la r\u00e9gion.  <i data-path-to-node=\"4,3,0\" data-index-in-node=\"91\">Conseil : rendez-vous \u00e0 l&rsquo;heure du d\u00e9jeuner \u00e0 la poissonnerie situ\u00e9e en face du port. Rejoignez les longues tables pour d\u00e9guster du poisson fra\u00eechement frit accompagn\u00e9 d&rsquo;un verre froid de vin de Pecorino local. <\/i><\/p>\n<\/li>\n<\/ul>\n<p>[\/et_pb_text][\/et_pb_column][et_pb_column type=\u00a0\u00bb1_2&Prime; _builder_version=\u00a0\u00bb4.25.1&Prime; _module_preset=\u00a0\u00bbdefault\u00a0\u00bb global_colors_info=\u00a0\u00bb{}\u00a0\u00bb][et_pb_image src=\u00a0\u00bbhttps:\/\/angelisognanti.com\/wp-content\/uploads\/2026\/01\/Agriturismo_Angeli_Sognanti_Mercato2.jpeg\u00a0\u00bb title_text=\u00a0\u00bbAgriturismo_Angeli_Sognanti_Mercato2&Prime; disabled_on=\u00a0\u00bbon|on|off\u00a0\u00bb _builder_version=\u00a0\u00bb4.27.5&Prime; _module_preset=\u00a0\u00bbdefault\u00a0\u00bb global_colors_info=\u00a0\u00bb{}\u00a0\u00bb][\/et_pb_image][\/et_pb_column][\/et_pb_row][et_pb_row column_structure=\u00a0\u00bb1_2,1_2&Prime; module_id=\u00a0\u00bbstrand\u00a0\u00bb _builder_version=\u00a0\u00bb4.26.1&Prime; _module_preset=\u00a0\u00bbdefault\u00a0\u00bb custom_margin=\u00a0\u00bb3vw||||false|false\u00a0\u00bb global_colors_info=\u00a0\u00bb{}\u00a0\u00bb][et_pb_column type=\u00a0\u00bb1_2&Prime; _builder_version=\u00a0\u00bb4.25.1&Prime; _module_preset=\u00a0\u00bbdefault\u00a0\u00bb global_colors_info=\u00a0\u00bb{}\u00a0\u00bb][et_pb_image src=\u00a0\u00bbhttps:\/\/angelisognanti.com\/wp-content\/uploads\/2026\/01\/Antiekmarkt.jpeg\u00a0\u00bb title_text=\u00a0\u00bbMarch\u00e9 de l&#039;agritourisme-Angeli-Sognanti-Antique\u00a0\u00bb disabled_on=\u00a0\u00bboff|off|off\u00a0\u00bb _builder_version=\u00a0\u00bb4.27.5&Prime; _module_preset=\u00a0\u00bbdefault\u00a0\u00bb global_colors_info=\u00a0\u00bb{}\u00a0\u00bb][\/et_pb_image][\/et_pb_column][et_pb_column type=\u00a0\u00bb1_2&Prime; _builder_version=\u00a0\u00bb4.25.1&Prime; _module_preset=\u00a0\u00bbdefault\u00a0\u00bb global_colors_info=\u00a0\u00bb{}\u00a0\u00bb][et_pb_text _builder_version=\u00a0\u00bb4.27.5&Prime; _module_preset=\u00a0\u00bbdefault\u00a0\u00bb header_2_font=\u00a0\u00bb||||||||\u00a0\u00bb header_2_text_color=\u00a0\u00bb#442924&Prime; header_2_font_size=\u00a0\u00bb28px\u00a0\u00bb header_2_line_height=\u00a0\u00bb1.3em\u00a0\u00bb global_colors_info=\u00a0\u00bb{}\u00a0\u00bb]<\/p>\n<h2 data-start=\"219\" data-end=\"272\">March\u00e9s du soir<b data-path-to-node=\"6\" data-index-in-node=\"0\"><\/b><\/h2>\n<p>[\/et_pb_text][et_pb_text _builder_version=\u00a0\u00bb4.27.5&Prime; _module_preset=\u00a0\u00bbdefault\u00a0\u00bb text_font=\u00a0\u00bb&#8211;et_global_body_font|300|||||||\u00a0\u00bb header_font=\u00a0\u00bb|300|||||||\u00a0\u00bb global_colors_info=\u00a0\u00bb{}\u00a0\u00bb]<\/p>\n<h3 data-path-to-node=\"3\"><b data-path-to-node=\"3\" data-index-in-node=\"0\">Les douces soir\u00e9es d&rsquo;\u00e9t\u00e9 : March\u00e9s sous les \u00e9toiles<\/b><\/h3>\n<p data-path-to-node=\"4\">En juillet et en ao\u00fbt, lorsque la plus grande chaleur de la journ\u00e9e dispara\u00eet, les places s&rsquo;animent vraiment. Les march\u00e9s nocturnes des Marches sont magiques : les b\u00e2timents historiques sont magnifiquement \u00e9clair\u00e9s et l&rsquo;atmosph\u00e8re est d\u00e9tendue et festive. <\/p>\n<ul data-path-to-node=\"5\">\n<li>\n<p data-path-to-node=\"5,0,0\"><b data-path-to-node=\"5,0,0\" data-index-in-node=\"0\">Tous les soirs &#8211; San Benedetto del Tronto<\/b> Le long de la promenade d&rsquo;un kilom\u00e8tre et dans le centre, vous trouverez tous les soirs d&rsquo;\u00e9t\u00e9 des stands accueillants. Vous y trouverez des souvenirs, des bijoux faits \u00e0 la main et des babioles locales. <\/p>\n<\/li>\n<li>\n<p data-path-to-node=\"5,1,0\"><b data-path-to-node=\"5,1,0\" data-index-in-node=\"0\">Mercredi soir &#8211; Acquaviva Picena<\/b> \u00c0 l&rsquo;ombre de l&rsquo;impressionnant ch\u00e2teau, le march\u00e9 artisanal a lieu le mercredi soir en juillet et en ao\u00fbt. Ce village est c\u00e9l\u00e8bre pour sa vannerie (pajarola), vous y trouverez donc de magnifiques paniers faits \u00e0 la main et des \u0153uvres d&rsquo;art. <\/p>\n<\/li>\n<li>\n<p data-path-to-node=\"5,3,0\"><b data-path-to-node=\"5,3,0\" data-index-in-node=\"0\">Vendredi soir &#8211; Offida (Mercatino del Serpente Aureo)<\/b> Un march\u00e9 atmosph\u00e9rique o\u00f9 l&rsquo;artisanat local occupe une place centrale. On y voit encore souvent des dames lacer les rues, un beau spectacle avec la place m\u00e9di\u00e9vale en toile de fond. <\/p>\n<\/li>\n<\/ul>\n<p>[\/et_pb_text][\/et_pb_column][\/et_pb_row][et_pb_row column_structure=\u00a0\u00bb1_2,1_2&Prime; module_id=\u00a0\u00bbnatuur\u00a0\u00bb _builder_version=\u00a0\u00bb4.25.1&Prime; _module_preset=\u00a0\u00bbdefault\u00a0\u00bb custom_margin=\u00a0\u00bb3vw||||false|false\u00a0\u00bb global_colors_info=\u00a0\u00bb{}\u00a0\u00bb][et_pb_column type=\u00a0\u00bb1_2&Prime; _builder_version=\u00a0\u00bb4.25.1&Prime; _module_preset=\u00a0\u00bbdefault\u00a0\u00bb global_colors_info=\u00a0\u00bb{}\u00a0\u00bb][et_pb_image src=\u00a0\u00bbhttps:\/\/angelisognanti.com\/wp-content\/uploads\/2026\/01\/Antiekmarkt-Ascoli.jpeg\u00a0\u00bb title_text=\u00a0\u00bbAgriturismo-Angeli-Sognanti-Antique March\u00e9 Ascoli\u00a0\u00bb disabled_on=\u00a0\u00bboff|off|on\u00a0\u00bb _builder_version=\u00a0\u00bb4.27.5&Prime; _module_preset=\u00a0\u00bbdefault\u00a0\u00bb global_colors_info=\u00a0\u00bb{}\u00a0\u00bb][\/et_pb_image][et_pb_text _builder_version=\u00a0\u00bb4.27.5&Prime; _module_preset=\u00a0\u00bbdefault\u00a0\u00bb header_2_font=\u00a0\u00bb||||||||\u00a0\u00bb header_2_text_color=\u00a0\u00bb#442924&Prime; header_2_font_size=\u00a0\u00bb28px\u00a0\u00bb header_2_line_height=\u00a0\u00bb1.3em\u00a0\u00bb global_colors_info=\u00a0\u00bb{}\u00a0\u00bb]<\/p>\n<h1 data-path-to-node=\"3\">March\u00e9s d&rsquo;antiquit\u00e9s<\/h1>\n<h3 data-path-to-node=\"2\"><\/h3>\n<p>[\/et_pb_text][et_pb_text _builder_version=\u00a0\u00bb4.27.5&Prime; _module_preset=\u00a0\u00bbdefault\u00a0\u00bb text_font=\u00a0\u00bb&#8211;et_global_body_font|300|||||||\u00a0\u00bb header_font=\u00a0\u00bb|300|||||||\u00a0\u00bb global_colors_info=\u00a0\u00bb{}\u00a0\u00bb]<\/p>\n<h3 data-path-to-node=\"3\"><b data-path-to-node=\"3\" data-index-in-node=\"0\">March\u00e9s d&rsquo;antiquit\u00e9s et curiosit\u00e9s<\/b><\/h3>\n<p data-path-to-node=\"4\">Les amateurs de vintage, d&rsquo;antiquit\u00e9s et de tr\u00e9sors cach\u00e9s trouveront dans notre r\u00e9gion des lieux incontournables. N&rsquo;oubliez pas que ces march\u00e9s sont souvent de grande taille et qu&rsquo;ils durent toute la journ\u00e9e (et parfois la soir\u00e9e). <\/p>\n<ul data-path-to-node=\"5\">\n<li>\n<p data-path-to-node=\"5,0,0\"><b data-path-to-node=\"5,0,0\" data-index-in-node=\"0\">Ascoli Piceno &#8211; Tous les troisi\u00e8mes samedi et dimanche du mois<\/b> Il s&rsquo;agit de l&rsquo;un des march\u00e9s d&rsquo;antiquit\u00e9s les plus r\u00e9put\u00e9s d&rsquo;Italie. Les belles places d&rsquo;Ascoli se remplissent d&rsquo;antiquit\u00e9s, d&rsquo;\u0153uvres d&rsquo;art et d&rsquo;objets de collection de grande qualit\u00e9.   <i data-path-to-node=\"5,0,0\" data-index-in-node=\"215\">Note : En juillet, ao\u00fbt et septembre, ce march\u00e9 fait une pause estivale.<\/i><\/p>\n<\/li>\n<li>\n<p data-path-to-node=\"5,1,0\"><b data-path-to-node=\"5,1,0\" data-index-in-node=\"0\">Fermo &#8211; Tous les jeudis soirs en juillet et ao\u00fbt<\/b> La <i data-path-to-node=\"5,1,0\" data-index-in-node=\"51\">Mostra Mercato dell&rsquo;Antiquariato<\/i> est un nom connu de tous. \u00c0 l&rsquo;heure o\u00f9 le soleil se couche derri\u00e8re les collines, vous pourrez chiner parmi les livres anciens, les meubles et le design vintage dans les rues pleines d&rsquo;atmosph\u00e8re qui entourent la Piazza del Popolo. <\/p>\n<\/li>\n<li>\n<p data-path-to-node=\"5,2,0\"><b data-path-to-node=\"5,2,0\" data-index-in-node=\"0\">San Benedetto del Tronto &#8211; L&rsquo;Antico e le Palme<\/b> Ce grand march\u00e9 d&rsquo;antiquit\u00e9s a lieu deux fois par an sous les mille palmiers de la promenade et des rues commer\u00e7antes. Il se tient g\u00e9n\u00e9ralement le dernier week-end de juin et autour du 20 ao\u00fbt. C&rsquo;est l&rsquo;endroit id\u00e9al pour faire une trouvaille estivale.  <\/p>\n<\/li>\n<\/ul>\n<p>[\/et_pb_text][\/et_pb_column][et_pb_column type=\u00a0\u00bb1_2&Prime; _builder_version=\u00a0\u00bb4.25.1&Prime; _module_preset=\u00a0\u00bbdefault\u00a0\u00bb global_colors_info=\u00a0\u00bb{}\u00a0\u00bb][et_pb_image src=\u00a0\u00bbhttps:\/\/angelisognanti.com\/wp-content\/uploads\/2026\/01\/Antiekmarkt-Ascoli.jpeg\u00a0\u00bb title_text=\u00a0\u00bbAgriturismo-Angeli-Sognanti-Antique March\u00e9 Ascoli\u00a0\u00bb disabled_on=\u00a0\u00bbon|on|off\u00a0\u00bb _builder_version=\u00a0\u00bb4.27.5&Prime; _module_preset=\u00a0\u00bbdefault\u00a0\u00bb global_colors_info=\u00a0\u00bb{}\u00a0\u00bb][\/et_pb_image][\/et_pb_column][\/et_pb_row][\/et_pb_section][et_pb_section fb_built=\u00a0\u00bb1&Prime; _builder_version=\u00a0\u00bb4.25.1&Prime; _module_preset=\u00a0\u00bbdefault\u00a0\u00bb background_color=\u00a0\u00bb#51664D\u00a0\u00bb custom_margin=\u00a0\u00bb||||false|false\u00a0\u00bb custom_padding=\u00a0\u00bb||||false|false\u00a0\u00bb global_colors_info=\u00a0\u00bb{}\u00a0\u00bb][et_pb_row column_structure=\u00a0\u00bb2_5,3_5&Prime; _builder_version=\u00a0\u00bb4.25.1&Prime; _module_preset=\u00a0\u00bbdefault\u00a0\u00bb custom_padding=\u00a0\u00bb||||false|false\u00a0\u00bb global_colors_info=\u00a0\u00bb{}\u00a0\u00bb][et_pb_column type=\u00a0\u00bb2_5&Prime; _builder_version=\u00a0\u00bb4.25.1&Prime; _module_preset=\u00a0\u00bbdefault\u00a0\u00bb global_colors_info=\u00a0\u00bb{}\u00a0\u00bb][et_pb_image src=\u00a0\u00bbhttps:\/\/angelisognanti.com\/wp-content\/uploads\/2024\/06\/Angeli-Sognanti_Blokjespatroon-2.jpg\u00a0\u00bb title_text=\u00a0\u00bbAngeli Sognanti_Mod\u00e8le de bloc (2)\u00a0\u00bb _builder_version=\u00a0\u00bb4.25.1&Prime; _module_preset=\u00a0\u00bbdefault\u00a0\u00bb transform_scale=\u00a0\u00bb142%|142%\u00a0\u00bb transform_translate=\u00a0\u00bb-172px|-57px\u00a0\u00bb global_colors_info=\u00a0\u00bb{}\u00a0\u00bb][\/et_pb_image][\/et_pb_column][et_pb_column type=\u00a0\u00bb3_5&Prime; _builder_version=\u00a0\u00bb4.25.1&Prime; _module_preset=\u00a0\u00bbdefault\u00a0\u00bb global_colors_info=\u00a0\u00bb{}\u00a0\u00bb][et_pb_text _builder_version=\u00a0\u00bb4.27.5&Prime; _module_preset=\u00a0\u00bbdefault\u00a0\u00bb text_text_color=\u00a0\u00bb#F9F3E7&Prime; link_text_color=\u00a0\u00bb#F9F3E7&Prime; header_4_text_color=\u00a0\u00bb#F9F3E7&Prime; header_4_font_size=\u00a0\u00bb25px\u00a0\u00bb header_4_line_height=\u00a0\u00bb1.2em\u00a0\u00bb width=\u00a0\u00bb85%\u00a0\u00bb global_colors_info=\u00a0\u00bb{}\u00a0\u00bb]<\/p>\n<h4>L\u00e0 o\u00f9 les traditions locales et les places de r\u00eave se rencontrent.<\/h4>\n<p>[\/et_pb_text][\/et_pb_column][\/et_pb_row][\/et_pb_section]<\/p>\n","protected":false},"excerpt":{"rendered":"<p>Les march\u00e9s des Marches : une rencontre color\u00e9e avec la tradition &nbsp;Les march\u00e9s des Marches : une rencontre color\u00e9e avec la traditionGo\u00fbtez au rythme de la r\u00e9gion D\u00e9couvrez les senteurs, les couleurs et les tr\u00e9sors locaux sur les march\u00e9s des MarchesLorsque vous \u00e9changez la tranquillit\u00e9 de notre agritourisme contre l&rsquo;animation d&rsquo;un march\u00e9 local, vous d\u00e9couvrez [&hellip;]<\/p>\n","protected":false},"author":6,"featured_media":0,"parent":0,"menu_order":0,"comment_status":"closed","ping_status":"closed","template":"","meta":{"_et_pb_use_builder":"on","_et_pb_old_content":"","_et_gb_content_width":"","footnotes":""},"class_list":["post-5561","page","type-page","status-publish","hentry"],"_links":{"self":[{"href":"https:\/\/angelisognanti.com\/fr\/wp-json\/wp\/v2\/pages\/5561","targetHints":{"allow":["GET"]}}],"collection":[{"href":"https:\/\/angelisognanti.com\/fr\/wp-json\/wp\/v2\/pages"}],"about":[{"href":"https:\/\/angelisognanti.com\/fr\/wp-json\/wp\/v2\/types\/page"}],"author":[{"embeddable":true,"href":"https:\/\/angelisognanti.com\/fr\/wp-json\/wp\/v2\/users\/6"}],"replies":[{"embeddable":true,"href":"https:\/\/angelisognanti.com\/fr\/wp-json\/wp\/v2\/comments?post=5561"}],"version-history":[{"count":0,"href":"https:\/\/angelisognanti.com\/fr\/wp-json\/wp\/v2\/pages\/5561\/revisions"}],"wp:attachment":[{"href":"https:\/\/angelisognanti.com\/fr\/wp-json\/wp\/v2\/media?parent=5561"}],"curies":[{"name":"wp","href":"https:\/\/api.w.org\/{rel}","templated":true}]}}