{"id":3552,"date":"2025-01-20T11:16:10","date_gmt":"2025-01-20T10:16:10","guid":{"rendered":"https:\/\/angelisognanti.com\/tarifs\/"},"modified":"2026-01-05T13:10:18","modified_gmt":"2026-01-05T12:10:18","slug":"tarifs","status":"publish","type":"page","link":"https:\/\/angelisognanti.com\/fr\/tarifs\/","title":{"rendered":"Tarifs"},"content":{"rendered":"<p>[et_pb_section fb_built=\u00a0\u00bb1&Prime; _builder_version=\u00a0\u00bb4.25.1&Prime; _module_preset=\u00a0\u00bbdefault\u00a0\u00bb background_color=\u00a0\u00bb#929325&Prime; global_colors_info=\u00a0\u00bb{}\u00a0\u00bb][et_pb_row _builder_version=\u00a0\u00bb4.25.1&Prime; _module_preset=\u00a0\u00bbdefault\u00a0\u00bb width=\u00a0\u00bb100%\u00a0\u00bb max_width=\u00a0\u00bb100%\u00a0\u00bb global_colors_info=\u00a0\u00bb{}\u00a0\u00bb][et_pb_column type=\u00a0\u00bb4_4&Prime; _builder_version=\u00a0\u00bb4.25.1&Prime; _module_preset=\u00a0\u00bbdefault\u00a0\u00bb global_colors_info=\u00a0\u00bb{}\u00a0\u00bb][et_pb_image src=\u00a0\u00bbhttps:\/\/angelisognanti.com\/wp-content\/uploads\/2024\/06\/Angeli-Sognanti_Blokjespatroon-3.jpg\u00a0\u00bb title_text=\u00a0\u00bbAngeli Sognanti_Mod\u00e8le de bloc (3)\u00a0\u00bb align=\u00a0\u00bbcenter\u00a0\u00bb _builder_version=\u00a0\u00bb4.25.1&Prime; _module_preset=\u00a0\u00bbdefault\u00a0\u00bb custom_margin=\u00a0\u00bb-6vw||||false|false\u00a0\u00bb custom_padding=\u00a0\u00bb0px||||false|false\u00a0\u00bb global_colors_info=\u00a0\u00bb{}\u00a0\u00bb][\/et_pb_image][\/et_pb_column][\/et_pb_row][\/et_pb_section][et_pb_section fb_built=\u00a0\u00bb1&Prime; _builder_version=\u00a0\u00bb4.25.1&Prime; _module_preset=\u00a0\u00bbdefault\u00a0\u00bb background_color=\u00a0\u00bb#F9F3E7&Prime; global_colors_info=\u00a0\u00bb{}\u00a0\u00bb][et_pb_row _builder_version=\u00a0\u00bb4.26.0&Prime; _module_preset=\u00a0\u00bbdefault\u00a0\u00bb custom_margin=\u00a0\u00bb2vw||||false|false\u00a0\u00bb global_colors_info=\u00a0\u00bb{}\u00a0\u00bb][et_pb_column type=\u00a0\u00bb4_4&Prime; _builder_version=\u00a0\u00bb4.25.1&Prime; _module_preset=\u00a0\u00bbdefault\u00a0\u00bb global_colors_info=\u00a0\u00bb{}\u00a0\u00bb][et_pb_text admin_label=\u00a0\u00bbTarieven 2025 (kopje)\u00a0\u00bb _builder_version=\u00a0\u00bb4.27.5&Prime; _module_preset=\u00a0\u00bbdefault\u00a0\u00bb global_colors_info=\u00a0\u00bb{}\u00a0\u00bb]<\/p>\n<h3>Tarifs 2026<\/h3>\n<p>[\/et_pb_text][et_pb_image src=\u00a0\u00bbhttps:\/\/angelisognanti.com\/wp-content\/uploads\/2025\/12\/Scherm\u00adafbeelding-2025-12-29-om-13.45.25.png\u00a0\u00bb title_text=\u00a0\u00bbAgriturismo_Angeli_Sognanti_Prices2026&Prime; disabled_on=\u00a0\u00bboff|off|on\u00a0\u00bb admin_label=\u00a0\u00bbTarieven 2025 (afbeelding tabel voor mobiel)\u00a0\u00bb _builder_version=\u00a0\u00bb4.27.5&Prime; _module_preset=\u00a0\u00bbdefault\u00a0\u00bb global_colors_info=\u00a0\u00bb{}\u00a0\u00bb][\/et_pb_image][et_pb_text disabled_on=\u00a0\u00bbon|on|off\u00a0\u00bb admin_label=\u00a0\u00bb%91table id=1 \/%93 DESKTOP\u00a0\u00bb _builder_version=\u00a0\u00bb4.27.4&Prime; _module_preset=\u00a0\u00bbdefault\u00a0\u00bb global_colors_info=\u00a0\u00bb{}\u00a0\u00bb]<\/p>\n\n<table id=\"tablepress-1\" class=\"tablepress tablepress-id-1\">\n<thead>\n<tr class=\"row-1\">\n\t<th class=\"column-1\"><span style=\"color:#555555;\"><strong>2026<\/strong><\/span><\/th><th class=\"column-2\"><span style=\"color:#555555;\"><strong> \u20ac <\/strong><\/span><\/th><th class=\"column-3\"><span style=\"color:#555555;\"><strong>Appt. Fico<\/strong><\/span><\/th><th class=\"column-4\"><span style=\"color:#555555;\"><strong>Appt. Oliva<\/strong><\/span><\/th><th class=\"column-5\"><span style=\"color:#555555;\"><strong>B&amp;B Ripa<\/strong><\/span><\/th><th class=\"column-6\"><span style=\"color:#555555;\"><strong>Glamping tent<\/strong><\/span><\/th><th class=\"column-7\"><span style=\"color:#555555;\"><strong>Bell tent<\/strong><\/span><\/th><th class=\"column-8\"><span style=\"color:#555555;\"><strong>B&amp;B Ripa &amp;<br \/>\n Appt. Oliva<\/strong><\/span><\/th>\n<\/tr>\n<\/thead>\n<tbody class=\"row-hover\">\n<tr class=\"row-2\">\n\t<td class=\"column-1\"><span style=\"color:#442924;\">01\/01 - 18\/04<\/span><\/td><td class=\"column-2\"><span style=\"color:#442924;\">night<\/span><\/td><td class=\"column-3\"><span style=\"color:#442924;\"> \u20ac  137,00 <\/span><\/td><td class=\"column-4\"><span style=\"color:#442924;\"> \u20ac  115,00 <\/span><\/td><td class=\"column-5\"><span style=\"color:#442924;\"> \u20ac  94,50 <\/span><\/td><td class=\"column-6\"><span style=\"color:#442924;\">n.v.t.<\/span><\/td><td class=\"column-7\"><span style=\"color:#442924;\">n.v.t.<\/span><\/td><td class=\"column-8\"><span style=\"color:#442924;\"> \u20ac  137,00 <\/span><\/td>\n<\/tr>\n<tr class=\"row-3\">\n\t<td class=\"column-1\"><span style=\"color:#442924;\"><\/span><\/td><td class=\"column-2\"><span style=\"color:#442924;\">week<\/span><\/td><td class=\"column-3\"><span style=\"color:#442924;\"> \u20ac  959,00 <\/span><\/td><td class=\"column-4\"><span style=\"color:#442924;\"> \u20ac  805,00 <\/span><\/td><td class=\"column-5\"><span style=\"color:#442924;\"> \u20ac  661,50 <\/span><\/td><td class=\"column-6\"><span style=\"color:#442924;\">n.v.t.<\/span><\/td><td class=\"column-7\"><span style=\"color:#442924;\">n.v.t.<\/span><\/td><td class=\"column-8\"><span style=\"color:#442924;\"> \u20ac  959,00 <\/span><\/td>\n<\/tr>\n<tr class=\"row-4\">\n\t<td class=\"column-1\"><span style=\"color:#442924;\">18\/04 - 27\/06<\/span><\/td><td class=\"column-2\"><span style=\"color:#442924;\">night<\/span><\/td><td class=\"column-3\"><span style=\"color:#442924;\"> \u20ac  165,00 <\/span><\/td><td class=\"column-4\"><span style=\"color:#442924;\"> \u20ac  142,00 <\/span><\/td><td class=\"column-5\"><span style=\"color:#442924;\"> \u20ac  115,50 <\/span><\/td><td class=\"column-6\"><span style=\"color:#442924;\"> \u20ac  128,00 <\/span><\/td><td class=\"column-7\"><span style=\"color:#442924;\"> \u20ac  80,00 <\/span><\/td><td class=\"column-8\"><span style=\"color:#442924;\"> \u20ac  165,00 <\/span><\/td>\n<\/tr>\n<tr class=\"row-5\">\n\t<td class=\"column-1\"><span style=\"color:#442924;\"><\/span><\/td><td class=\"column-2\"><span style=\"color:#442924;\">week<\/span><\/td><td class=\"column-3\"><span style=\"color:#442924;\"> \u20ac  1.155,00 <\/span><\/td><td class=\"column-4\"><span style=\"color:#442924;\"> \u20ac  994,00 <\/span><\/td><td class=\"column-5\"><span style=\"color:#442924;\"> \u20ac  808,50 <\/span><\/td><td class=\"column-6\"><span style=\"color:#442924;\"> \u20ac  896,00 <\/span><\/td><td class=\"column-7\"><span style=\"color:#442924;\"> \u20ac  560,00 <\/span><\/td><td class=\"column-8\"><span style=\"color:#442924;\"> \u20ac  1.155,00 <\/span><\/td>\n<\/tr>\n<tr class=\"row-6\">\n\t<td class=\"column-1\"><span style=\"color:#442924;\">27\/06 - 05\/09<\/span><\/td><td class=\"column-2\"><span style=\"color:#442924;\">night<\/span><\/td><td class=\"column-3\"><span style=\"color:#442924;\"> \u20ac  214,00 <\/span><\/td><td class=\"column-4\"><span style=\"color:#442924;\"> \u20ac  176,00 <\/span><\/td><td class=\"column-5\"><span style=\"color:#442924;\">n.v.t.<\/span><\/td><td class=\"column-6\"><span style=\"color:#442924;\"> \u20ac  223,00 <\/span><\/td><td class=\"column-7\"><span style=\"color:#442924;\"> \u20ac  120,00 <\/span><\/td><td class=\"column-8\"><span style=\"color:#442924;\"> \u20ac  214,00 <\/span><\/td>\n<\/tr>\n<tr class=\"row-7\">\n\t<td class=\"column-1\"><span style=\"color:#442924;\"><\/span><\/td><td class=\"column-2\"><span style=\"color:#442924;\">week<\/span><\/td><td class=\"column-3\"><span style=\"color:#442924;\"> \u20ac  1.498,00 <\/span><\/td><td class=\"column-4\"><span style=\"color:#442924;\"> \u20ac  1.232,00 <\/span><\/td><td class=\"column-5\"><span style=\"color:#442924;\">n.v.t.<\/span><\/td><td class=\"column-6\"><span style=\"color:#442924;\"> \u20ac  1.561,00 <\/span><\/td><td class=\"column-7\"><span style=\"color:#442924;\"> \u20ac  840,00 <\/span><\/td><td class=\"column-8\"><span style=\"color:#442924;\"> \u20ac  1.498,00 <\/span><\/td>\n<\/tr>\n<tr class=\"row-8\">\n\t<td class=\"column-1\"><span style=\"color:#442924;\">05\/09 - 26\/09<\/span><\/td><td class=\"column-2\"><span style=\"color:#442924;\">night<\/span><\/td><td class=\"column-3\"><span style=\"color:#442924;\"> \u20ac  165,00 <\/span><\/td><td class=\"column-4\"><span style=\"color:#442924;\"> \u20ac  142,00 <\/span><\/td><td class=\"column-5\"><span style=\"color:#442924;\"> \u20ac  115,50 <\/span><\/td><td class=\"column-6\"><span style=\"color:#442924;\"> \u20ac  128,00 <\/span><\/td><td class=\"column-7\"><span style=\"color:#442924;\"> \u20ac  80,00 <\/span><\/td><td class=\"column-8\"><span style=\"color:#442924;\"> \u20ac  165,00 <\/span><\/td>\n<\/tr>\n<tr class=\"row-9\">\n\t<td class=\"column-1\"><span style=\"color:#442924;\"><\/span><\/td><td class=\"column-2\"><span style=\"color:#442924;\">week<\/span><\/td><td class=\"column-3\"><span style=\"color:#442924;\"> \u20ac  1.155,00 <\/span><\/td><td class=\"column-4\"><span style=\"color:#442924;\"> \u20ac  994,00 <\/span><\/td><td class=\"column-5\"><span style=\"color:#442924;\"> \u20ac  808,50 <\/span><\/td><td class=\"column-6\"><span style=\"color:#442924;\"> \u20ac  896,00 <\/span><\/td><td class=\"column-7\"><span style=\"color:#442924;\"> \u20ac  560,00 <\/span><\/td><td class=\"column-8\"><span style=\"color:#442924;\"> \u20ac  1.155,00 <\/span><\/td>\n<\/tr>\n<tr class=\"row-10\">\n\t<td class=\"column-1\"><span style=\"color:#442924;\">26\/09 - 31\/10<\/span><\/td><td class=\"column-2\"><span style=\"color:#442924;\">night<\/span><\/td><td class=\"column-3\"><span style=\"color:#442924;\"> \u20ac  165,00 <\/span><\/td><td class=\"column-4\"><span style=\"color:#442924;\"> \u20ac  142,00 <\/span><\/td><td class=\"column-5\"><span style=\"color:#442924;\"> \u20ac  115,50 <\/span><\/td><td class=\"column-6\"><span style=\"color:#442924;\"> \u20ac  110,00 <\/span><\/td><td class=\"column-7\"><span style=\"color:#442924;\"> \u20ac  80,00 <\/span><\/td><td class=\"column-8\"><span style=\"color:#442924;\"> \u20ac  165,00 <\/span><\/td>\n<\/tr>\n<tr class=\"row-11\">\n\t<td class=\"column-1\"><span style=\"color:#442924;\"><\/span><\/td><td class=\"column-2\"><span style=\"color:#442924;\">week<\/span><\/td><td class=\"column-3\"><span style=\"color:#442924;\"> \u20ac  1.155,00 <\/span><\/td><td class=\"column-4\"><span style=\"color:#442924;\"> \u20ac  994,00 <\/span><\/td><td class=\"column-5\"><span style=\"color:#442924;\"> \u20ac  808,50 <\/span><\/td><td class=\"column-6\"><span style=\"color:#442924;\"> \u20ac  770,00 <\/span><\/td><td class=\"column-7\"><span style=\"color:#442924;\"> \u20ac  560,00 <\/span><\/td><td class=\"column-8\"><span style=\"color:#442924;\"> \u20ac  1.155,00 <\/span><\/td>\n<\/tr>\n<tr class=\"row-12\">\n\t<td class=\"column-1\"><span style=\"color:#442924;\">31\/10 - 31\/12<\/span><\/td><td class=\"column-2\"><span style=\"color:#442924;\">night<\/span><\/td><td class=\"column-3\"><span style=\"color:#442924;\"> \u20ac  137,00 <\/span><\/td><td class=\"column-4\"><span style=\"color:#442924;\"> \u20ac  115,00 <\/span><\/td><td class=\"column-5\"><span style=\"color:#442924;\"> \u20ac  94,50 <\/span><\/td><td class=\"column-6\"><span style=\"color:#442924;\">n.v.t<\/span><\/td><td class=\"column-7\"><span style=\"color:#442924;\">n.v.t<\/span><\/td><td class=\"column-8\"><span style=\"color:#442924;\"> \u20ac  137,00 <\/span><\/td>\n<\/tr>\n<tr class=\"row-13\">\n\t<td class=\"column-1\"><span style=\"color:#442924;\"><\/span><\/td><td class=\"column-2\"><span style=\"color:#442924;\">week<\/span><\/td><td class=\"column-3\"><span style=\"color:#442924;\"> \u20ac  959,00 <\/span><\/td><td class=\"column-4\"><span style=\"color:#442924;\"> \u20ac  805,00 <\/span><\/td><td class=\"column-5\"><span style=\"color:#442924;\"> \u20ac  661,50 <\/span><\/td><td class=\"column-6\"><span style=\"color:#442924;\">n.v.t<\/span><\/td><td class=\"column-7\"><span style=\"color:#442924;\">n.v.t<\/span><\/td><td class=\"column-8\"><span style=\"color:#442924;\"> \u20ac  959,00 <\/span><\/td>\n<\/tr>\n<\/tbody>\n<\/table>\n<!-- #tablepress-1 from cache -->\n<p>[\/et_pb_text][et_pb_text admin_label=\u00a0\u00bbVerplichte overige kosten (alle tekst)\u00a0\u00bb _builder_version=\u00a0\u00bb4.27.5&Prime; _module_preset=\u00a0\u00bbdefault\u00a0\u00bb hover_enabled=\u00a0\u00bb0&Prime; global_colors_info=\u00a0\u00bb{}\u00a0\u00bb sticky_enabled=\u00a0\u00bb0&Prime;]<\/p>\n<p><strong>Autres frais obligatoires<\/strong><br \/>Frais de nettoyage de l&rsquo;appartement : \u20ac 78,50<br \/>Frais de nettoyage de la tente de camping : \u20ac 78,50<br \/>Frais de nettoyage de la tente Bell : \u20ac 52,50<br \/>Jeu de draps : \u20ac 15,- p.p.<\/p>\n<p><strong>S\u00e9jour minimum<\/strong><br \/>Le s\u00e9jour minimum est de 3 nuits. Jour d&rsquo;arriv\u00e9e et de d\u00e9part de votre choix et sous r\u00e9serve de disponibilit\u00e9.<\/p>\n<p><strong>Autre<\/strong><br \/>Il est possible de combiner l&rsquo;appartement Fico avec l&rsquo;appartement Oliva en ouvrant la porte de communication. Vous obtiendrez ainsi un appartement pour 6 personnes avec 3 chambres doubles et 2 salles de bains avec toilettes, bidet et douche.<\/p>\n<p>Lors de la r\u00e9servation du B&amp;B Ripa i.c.a. l&rsquo;appartement Oliva, le petit d\u00e9jeuner n&rsquo;est pas inclus.<\/p>\n<p>[\/et_pb_text][\/et_pb_column][\/et_pb_row][\/et_pb_section][et_pb_section fb_built=\u00a0\u00bb1&Prime; _builder_version=\u00a0\u00bb4.25.1&Prime; _module_preset=\u00a0\u00bbdefault\u00a0\u00bb background_color=\u00a0\u00bb#51664D\u00a0\u00bb global_colors_info=\u00a0\u00bb{}\u00a0\u00bb][et_pb_row column_structure=\u00a0\u00bb2_5,3_5&Prime; _builder_version=\u00a0\u00bb4.25.1&Prime; _module_preset=\u00a0\u00bbdefault\u00a0\u00bb global_colors_info=\u00a0\u00bb{}\u00a0\u00bb][et_pb_column type=\u00a0\u00bb2_5&Prime; _builder_version=\u00a0\u00bb4.25.1&Prime; _module_preset=\u00a0\u00bbdefault\u00a0\u00bb global_colors_info=\u00a0\u00bb{}\u00a0\u00bb][et_pb_image src=\u00a0\u00bbhttps:\/\/angelisognanti.com\/wp-content\/uploads\/2024\/06\/Angeli-Sognanti_Blokjespatroon-2.jpg\u00a0\u00bb title_text=\u00a0\u00bbAngeli Sognanti_Mod\u00e8le de bloc (2)\u00a0\u00bb _builder_version=\u00a0\u00bb4.25.1&Prime; _module_preset=\u00a0\u00bbdefault\u00a0\u00bb transform_scale=\u00a0\u00bb142%|142%\u00a0\u00bb transform_translate=\u00a0\u00bb-172px|-57px\u00a0\u00bb global_colors_info=\u00a0\u00bb{}\u00a0\u00bb][\/et_pb_image][\/et_pb_column][et_pb_column type=\u00a0\u00bb3_5&Prime; _builder_version=\u00a0\u00bb4.25.1&Prime; _module_preset=\u00a0\u00bbdefault\u00a0\u00bb global_colors_info=\u00a0\u00bb{}\u00a0\u00bb][et_pb_text _builder_version=\u00a0\u00bb4.25.1&Prime; _module_preset=\u00a0\u00bbdefault\u00a0\u00bb text_text_color=\u00a0\u00bb#F9F3E7&Prime; link_text_color=\u00a0\u00bb#F9F3E7&Prime; header_4_text_color=\u00a0\u00bb#F9F3E7&Prime; header_4_font_size=\u00a0\u00bb25px\u00a0\u00bb header_4_line_height=\u00a0\u00bb1.2em\u00a0\u00bb width=\u00a0\u00bb85%\u00a0\u00bb global_colors_info=\u00a0\u00bb{}\u00a0\u00bb]<\/p>\n<h4>Angeli Sognanti est un lieu de s\u00e9jour sp\u00e9cial. Un endroit o\u00f9 la paix et la nature vous permettent de passer des vacances reposantes. <\/h4>\n<p><a href=\"https:\/\/angelisognanti.com\/fr\/reservez\/\">R\u00e9servez votre s\u00e9jour <b>\u2192<\/b><\/a><\/p>\n<p>[\/et_pb_text][\/et_pb_column][\/et_pb_row][\/et_pb_section]<\/p>\n","protected":false},"excerpt":{"rendered":"<p>Tarifs 2026\n<table id=\"tablepress-1-no-2\" class=\"tablepress tablepress-id-1\">\n<thead>\n<tr class=\"row-1\">\n\t<th class=\"column-1\"><span style=\"color:#555555;\"><strong>2026<\/strong><\/span><\/th><th class=\"column-2\"><span style=\"color:#555555;\"><strong> \u20ac <\/strong><\/span><\/th><th class=\"column-3\"><span style=\"color:#555555;\"><strong>Appt. Fico<\/strong><\/span><\/th><th class=\"column-4\"><span style=\"color:#555555;\"><strong>Appt. Oliva<\/strong><\/span><\/th><th class=\"column-5\"><span style=\"color:#555555;\"><strong>B&amp;B Ripa<\/strong><\/span><\/th><th class=\"column-6\"><span style=\"color:#555555;\"><strong>Glamping tent<\/strong><\/span><\/th><th class=\"column-7\"><span style=\"color:#555555;\"><strong>Bell tent<\/strong><\/span><\/th><th class=\"column-8\"><span style=\"color:#555555;\"><strong>B&amp;B Ripa &amp;<br \/>\n Appt. Oliva<\/strong><\/span><\/th>\n<\/tr>\n<\/thead>\n<tbody class=\"row-hover\">\n<tr class=\"row-2\">\n\t<td class=\"column-1\"><span style=\"color:#442924;\">01\/01 - 18\/04<\/span><\/td><td class=\"column-2\"><span style=\"color:#442924;\">night<\/span><\/td><td class=\"column-3\"><span style=\"color:#442924;\"> \u20ac  137,00 <\/span><\/td><td class=\"column-4\"><span style=\"color:#442924;\"> \u20ac  115,00 <\/span><\/td><td class=\"column-5\"><span style=\"color:#442924;\"> \u20ac  94,50 <\/span><\/td><td class=\"column-6\"><span style=\"color:#442924;\">n.v.t.<\/span><\/td><td class=\"column-7\"><span style=\"color:#442924;\">n.v.t.<\/span><\/td><td class=\"column-8\"><span style=\"color:#442924;\"> \u20ac  137,00 <\/span><\/td>\n<\/tr>\n<tr class=\"row-3\">\n\t<td class=\"column-1\"><span style=\"color:#442924;\"><\/span><\/td><td class=\"column-2\"><span style=\"color:#442924;\">week<\/span><\/td><td class=\"column-3\"><span style=\"color:#442924;\"> \u20ac  959,00 <\/span><\/td><td class=\"column-4\"><span style=\"color:#442924;\"> \u20ac  805,00 <\/span><\/td><td class=\"column-5\"><span style=\"color:#442924;\"> \u20ac  661,50 <\/span><\/td><td class=\"column-6\"><span style=\"color:#442924;\">n.v.t.<\/span><\/td><td class=\"column-7\"><span style=\"color:#442924;\">n.v.t.<\/span><\/td><td class=\"column-8\"><span style=\"color:#442924;\"> \u20ac  959,00 <\/span><\/td>\n<\/tr>\n<tr class=\"row-4\">\n\t<td class=\"column-1\"><span style=\"color:#442924;\">18\/04 - 27\/06<\/span><\/td><td class=\"column-2\"><span style=\"color:#442924;\">night<\/span><\/td><td class=\"column-3\"><span style=\"color:#442924;\"> \u20ac  165,00 <\/span><\/td><td class=\"column-4\"><span style=\"color:#442924;\"> \u20ac  142,00 <\/span><\/td><td class=\"column-5\"><span style=\"color:#442924;\"> \u20ac  115,50 <\/span><\/td><td class=\"column-6\"><span style=\"color:#442924;\"> \u20ac  128,00 <\/span><\/td><td class=\"column-7\"><span style=\"color:#442924;\"> \u20ac  80,00 <\/span><\/td><td class=\"column-8\"><span style=\"color:#442924;\"> \u20ac  165,00 <\/span><\/td>\n<\/tr>\n<tr class=\"row-5\">\n\t<td class=\"column-1\"><span style=\"color:#442924;\"><\/span><\/td><td class=\"column-2\"><span style=\"color:#442924;\">week<\/span><\/td><td class=\"column-3\"><span style=\"color:#442924;\"> \u20ac  1.155,00 <\/span><\/td><td class=\"column-4\"><span style=\"color:#442924;\"> \u20ac  994,00 <\/span><\/td><td class=\"column-5\"><span style=\"color:#442924;\"> \u20ac  808,50 <\/span><\/td><td class=\"column-6\"><span style=\"color:#442924;\"> \u20ac  896,00 <\/span><\/td><td class=\"column-7\"><span style=\"color:#442924;\"> \u20ac  560,00 <\/span><\/td><td class=\"column-8\"><span style=\"color:#442924;\"> \u20ac  1.155,00 <\/span><\/td>\n<\/tr>\n<tr class=\"row-6\">\n\t<td class=\"column-1\"><span style=\"color:#442924;\">27\/06 - 05\/09<\/span><\/td><td class=\"column-2\"><span style=\"color:#442924;\">night<\/span><\/td><td class=\"column-3\"><span style=\"color:#442924;\"> \u20ac  214,00 <\/span><\/td><td class=\"column-4\"><span style=\"color:#442924;\"> \u20ac  176,00 <\/span><\/td><td class=\"column-5\"><span style=\"color:#442924;\">n.v.t.<\/span><\/td><td class=\"column-6\"><span style=\"color:#442924;\"> \u20ac  223,00 <\/span><\/td><td class=\"column-7\"><span style=\"color:#442924;\"> \u20ac  120,00 <\/span><\/td><td class=\"column-8\"><span style=\"color:#442924;\"> \u20ac  214,00 <\/span><\/td>\n<\/tr>\n<tr class=\"row-7\">\n\t<td class=\"column-1\"><span style=\"color:#442924;\"><\/span><\/td><td class=\"column-2\"><span style=\"color:#442924;\">week<\/span><\/td><td class=\"column-3\"><span style=\"color:#442924;\"> \u20ac  1.498,00 <\/span><\/td><td class=\"column-4\"><span style=\"color:#442924;\"> \u20ac  1.232,00 <\/span><\/td><td class=\"column-5\"><span style=\"color:#442924;\">n.v.t.<\/span><\/td><td class=\"column-6\"><span style=\"color:#442924;\"> \u20ac  1.561,00 <\/span><\/td><td class=\"column-7\"><span style=\"color:#442924;\"> \u20ac  840,00 <\/span><\/td><td class=\"column-8\"><span style=\"color:#442924;\"> \u20ac  1.498,00 <\/span><\/td>\n<\/tr>\n<tr class=\"row-8\">\n\t<td class=\"column-1\"><span style=\"color:#442924;\">05\/09 - 26\/09<\/span><\/td><td class=\"column-2\"><span style=\"color:#442924;\">night<\/span><\/td><td class=\"column-3\"><span style=\"color:#442924;\"> \u20ac  165,00 <\/span><\/td><td class=\"column-4\"><span style=\"color:#442924;\"> \u20ac  142,00 <\/span><\/td><td class=\"column-5\"><span style=\"color:#442924;\"> \u20ac  115,50 <\/span><\/td><td class=\"column-6\"><span style=\"color:#442924;\"> \u20ac  128,00 <\/span><\/td><td class=\"column-7\"><span style=\"color:#442924;\"> \u20ac  80,00 <\/span><\/td><td class=\"column-8\"><span style=\"color:#442924;\"> \u20ac  165,00 <\/span><\/td>\n<\/tr>\n<tr class=\"row-9\">\n\t<td class=\"column-1\"><span style=\"color:#442924;\"><\/span><\/td><td class=\"column-2\"><span style=\"color:#442924;\">week<\/span><\/td><td class=\"column-3\"><span style=\"color:#442924;\"> \u20ac  1.155,00 <\/span><\/td><td class=\"column-4\"><span style=\"color:#442924;\"> \u20ac  994,00 <\/span><\/td><td class=\"column-5\"><span style=\"color:#442924;\"> \u20ac  808,50 <\/span><\/td><td class=\"column-6\"><span style=\"color:#442924;\"> \u20ac  896,00 <\/span><\/td><td class=\"column-7\"><span style=\"color:#442924;\"> \u20ac  560,00 <\/span><\/td><td class=\"column-8\"><span style=\"color:#442924;\"> \u20ac  1.155,00 <\/span><\/td>\n<\/tr>\n<tr class=\"row-10\">\n\t<td class=\"column-1\"><span style=\"color:#442924;\">26\/09 - 31\/10<\/span><\/td><td class=\"column-2\"><span style=\"color:#442924;\">night<\/span><\/td><td class=\"column-3\"><span style=\"color:#442924;\"> \u20ac  165,00 <\/span><\/td><td class=\"column-4\"><span style=\"color:#442924;\"> \u20ac  142,00 <\/span><\/td><td class=\"column-5\"><span style=\"color:#442924;\"> \u20ac  115,50 <\/span><\/td><td class=\"column-6\"><span style=\"color:#442924;\"> \u20ac  110,00 <\/span><\/td><td class=\"column-7\"><span style=\"color:#442924;\"> \u20ac  80,00 <\/span><\/td><td class=\"column-8\"><span style=\"color:#442924;\"> \u20ac  165,00 <\/span><\/td>\n<\/tr>\n<tr class=\"row-11\">\n\t<td class=\"column-1\"><span style=\"color:#442924;\"><\/span><\/td><td class=\"column-2\"><span style=\"color:#442924;\">week<\/span><\/td><td class=\"column-3\"><span style=\"color:#442924;\"> \u20ac  1.155,00 <\/span><\/td><td class=\"column-4\"><span style=\"color:#442924;\"> \u20ac  994,00 <\/span><\/td><td class=\"column-5\"><span style=\"color:#442924;\"> \u20ac  808,50 <\/span><\/td><td class=\"column-6\"><span style=\"color:#442924;\"> \u20ac  770,00 <\/span><\/td><td class=\"column-7\"><span style=\"color:#442924;\"> \u20ac  560,00 <\/span><\/td><td class=\"column-8\"><span style=\"color:#442924;\"> \u20ac  1.155,00 <\/span><\/td>\n<\/tr>\n<tr class=\"row-12\">\n\t<td class=\"column-1\"><span style=\"color:#442924;\">31\/10 - 31\/12<\/span><\/td><td class=\"column-2\"><span style=\"color:#442924;\">night<\/span><\/td><td class=\"column-3\"><span style=\"color:#442924;\"> \u20ac  137,00 <\/span><\/td><td class=\"column-4\"><span style=\"color:#442924;\"> \u20ac  115,00 <\/span><\/td><td class=\"column-5\"><span style=\"color:#442924;\"> \u20ac  94,50 <\/span><\/td><td class=\"column-6\"><span style=\"color:#442924;\">n.v.t<\/span><\/td><td class=\"column-7\"><span style=\"color:#442924;\">n.v.t<\/span><\/td><td class=\"column-8\"><span style=\"color:#442924;\"> \u20ac  137,00 <\/span><\/td>\n<\/tr>\n<tr class=\"row-13\">\n\t<td class=\"column-1\"><span style=\"color:#442924;\"><\/span><\/td><td class=\"column-2\"><span style=\"color:#442924;\">week<\/span><\/td><td class=\"column-3\"><span style=\"color:#442924;\"> \u20ac  959,00 <\/span><\/td><td class=\"column-4\"><span style=\"color:#442924;\"> \u20ac  805,00 <\/span><\/td><td class=\"column-5\"><span style=\"color:#442924;\"> \u20ac  661,50 <\/span><\/td><td class=\"column-6\"><span style=\"color:#442924;\">n.v.t<\/span><\/td><td class=\"column-7\"><span style=\"color:#442924;\">n.v.t<\/span><\/td><td class=\"column-8\"><span style=\"color:#442924;\"> \u20ac  959,00 <\/span><\/td>\n<\/tr>\n<\/tbody>\n<\/table>\nAutres frais obligatoiresFrais de nettoyage de l&rsquo;appartement : \u20ac 78,50Frais de nettoyage de la tente de camping : \u20ac 78,50Frais de nettoyage de la tente Bell : \u20ac 52,50Jeu de draps : \u20ac 15,- p.p. S\u00e9jour minimumLe s\u00e9jour minimum est de 3 nuits. Jour d&rsquo;arriv\u00e9e et de d\u00e9part de votre choix et [&hellip;]<\/p>\n","protected":false},"author":6,"featured_media":0,"parent":0,"menu_order":0,"comment_status":"closed","ping_status":"closed","template":"","meta":{"_et_pb_use_builder":"on","_et_pb_old_content":"","_et_gb_content_width":"","footnotes":""},"class_list":["post-3552","page","type-page","status-publish","hentry"],"_links":{"self":[{"href":"https:\/\/angelisognanti.com\/fr\/wp-json\/wp\/v2\/pages\/3552","targetHints":{"allow":["GET"]}}],"collection":[{"href":"https:\/\/angelisognanti.com\/fr\/wp-json\/wp\/v2\/pages"}],"about":[{"href":"https:\/\/angelisognanti.com\/fr\/wp-json\/wp\/v2\/types\/page"}],"author":[{"embeddable":true,"href":"https:\/\/angelisognanti.com\/fr\/wp-json\/wp\/v2\/users\/6"}],"replies":[{"embeddable":true,"href":"https:\/\/angelisognanti.com\/fr\/wp-json\/wp\/v2\/comments?post=3552"}],"version-history":[{"count":0,"href":"https:\/\/angelisognanti.com\/fr\/wp-json\/wp\/v2\/pages\/3552\/revisions"}],"wp:attachment":[{"href":"https:\/\/angelisognanti.com\/fr\/wp-json\/wp\/v2\/media?parent=3552"}],"curies":[{"name":"wp","href":"https:\/\/api.w.org\/{rel}","templated":true}]}}