{"id":3231,"date":"2024-07-03T15:04:13","date_gmt":"2024-07-03T13:04:13","guid":{"rendered":"https:\/\/angelisognanti.com\/?page_id=3231"},"modified":"2025-12-29T14:30:53","modified_gmt":"2025-12-29T13:30:53","slug":"reservez","status":"publish","type":"page","link":"https:\/\/angelisognanti.com\/fr\/reservez\/","title":{"rendered":"Vos vacances commencent ici"},"content":{"rendered":"<p>[et_pb_section fb_built=\u00a0\u00bb1&Prime; _builder_version=\u00a0\u00bb4.25.1&Prime; _module_preset=\u00a0\u00bbdefault\u00a0\u00bb background_color=\u00a0\u00bb#F9F3E7&Prime; global_colors_info=\u00a0\u00bb{}\u00a0\u00bb][et_pb_row column_structure=\u00a0\u00bb1_2,1_2&Prime; _builder_version=\u00a0\u00bb4.26.0&Prime; _module_preset=\u00a0\u00bbdefault\u00a0\u00bb custom_margin=\u00a0\u00bb5vw|auto|8vw|auto|false|false\u00a0\u00bb custom_margin_tablet=\u00a0\u00bb5vw|auto|8vw|auto|false|false\u00a0\u00bb custom_margin_phone=\u00a0\u00bb15vw|auto|8vw|auto|false|false\u00a0\u00bb custom_margin_last_edited=\u00a0\u00bbon|phone\u00a0\u00bb global_colors_info=\u00a0\u00bb{}\u00a0\u00bb][et_pb_column type=\u00a0\u00bb1_2&Prime; _builder_version=\u00a0\u00bb4.25.1&Prime; _module_preset=\u00a0\u00bbdefault\u00a0\u00bb global_colors_info=\u00a0\u00bb{}\u00a0\u00bb][et_pb_text _builder_version=\u00a0\u00bb4.27.4&Prime; _module_preset=\u00a0\u00bbdefault\u00a0\u00bb header_2_font=\u00a0\u00bb||||||||\u00a0\u00bb header_2_text_color=\u00a0\u00bb#442924&Prime; header_2_font_size=\u00a0\u00bb28px\u00a0\u00bb header_2_line_height=\u00a0\u00bb1.3em\u00a0\u00bb custom_margin=\u00a0\u00bb||1vw||false|false\u00a0\u00bb global_colors_info=\u00a0\u00bb{}\u00a0\u00bb]<\/p>\n<h2>Vos vacances commencent ici<\/h2>\n<p>[\/et_pb_text][et_pb_text _builder_version=\u00a0\u00bb4.27.5&Prime; _module_preset=\u00a0\u00bbdefault\u00a0\u00bb text_font=\u00a0\u00bb&#8211;et_global_body_font|300|||||||\u00a0\u00bb header_font=\u00a0\u00bb|300|||||||\u00a0\u00bb custom_margin=\u00a0\u00bb||||true|false\u00a0\u00bb hover_enabled=\u00a0\u00bb0&Prime; global_colors_info=\u00a0\u00bb{}\u00a0\u00bb sticky_enabled=\u00a0\u00bb0&Prime;]<\/p>\n<p>Sur cette page, vous pouvez voir la disponibilit\u00e9 de nos <span style=\"text-decoration: underline;\"><a href=\"#boeken\">B&amp;B<\/a><\/span>, <span style=\"text-decoration: underline;\"><a href=\"#boeken\">appartements<\/a><\/span>, <span style=\"text-decoration: underline;\"><a href=\"https:\/\/angelisognanti.com\/fr\/tentes\/\">tentes glamping<\/a><\/span> et des <span style=\"text-decoration: underline;\"><a href=\"https:\/\/angelisognanti.com\/fr\/tentes\/\">tente bell<\/a><\/span>.<\/p>\n<p>Vous pouvez faire une r\u00e9servation en utilisant le formulaire de r\u00e9servation ci-dessous.<br \/>Vous recevrez ensuite une confirmation de r\u00e9servation avec un lien de paiement par e-mail.<\/p>\n<p><strong>Si<\/strong> <strong>vous n&rsquo;avez pas de disponibilit\u00e9 dans le calendrier<br \/><\/strong>Envoyez-nous un e-mail \u00e0 l&rsquo;adresse suivante <span style=\"text-decoration: underline;\"><a href=\"mailto:info@angelisognanti.com\">info@angelisognanti.com<\/a><\/span> ou via le <span style=\"text-decoration: underline;\"><a href=\"https:\/\/angelisognanti.com\/fr\/contact\/\">formulaire de contact<\/a><\/span>. Nous r\u00e9pondons toujours \u00e0 votre e-mail ou \u00e0 votre r\u00e9servation dans les 24 heures.<\/p>\n<p>&gt;&gt; Pas de r\u00e9ponse ?<br \/>Veuillez v\u00e9rifier votre bo\u00eete \u00e0 spam.<\/p>\n<p>[\/et_pb_text][et_pb_button button_url=\u00a0\u00bb#boeken\u00a0\u00bb button_text=\u00a0\u00bbdisponibilit\u00e9 et r\u00e9servation appartements ou B&#038;B\u00a0\u00bb _builder_version=\u00a0\u00bb4.27.4&Prime; _module_preset=\u00a0\u00bbdefault\u00a0\u00bb global_colors_info=\u00a0\u00bb{}\u00a0\u00bb][\/et_pb_button][et_pb_button button_url=\u00a0\u00bbhttps:\/\/angelisognanti.com\/fr\/tentes\/\u00a0\u00bb button_text=\u00a0\u00bbdisponibilit\u00e9 et r\u00e9servation glamping tentes ou bell tentes\u00a0\u00bb _builder_version=\u00a0\u00bb4.27.4&Prime; _module_preset=\u00a0\u00bbdefault\u00a0\u00bb locked=\u00a0\u00bboff\u00a0\u00bb global_colors_info=\u00a0\u00bb{}\u00a0\u00bb][\/et_pb_button][\/et_pb_column][et_pb_column type=\u00a0\u00bb1_2&Prime; _builder_version=\u00a0\u00bb4.25.1&Prime; _module_preset=\u00a0\u00bbdefault\u00a0\u00bb global_colors_info=\u00a0\u00bb{}\u00a0\u00bb][et_pb_image src=\u00a0\u00bbhttps:\/\/angelisognanti.com\/wp-content\/uploads\/2025\/05\/60cb7d49-5102-4dac-960c-4819ea9a5f95.jpg\u00a0\u00bb title_text=\u00a0\u00bbAgriturismo_Angeli_Sognanti_Overview\u00a0\u00bb _builder_version=\u00a0\u00bb4.27.5&Prime; _module_preset=\u00a0\u00bbdefault\u00a0\u00bb width=\u00a0\u00bb85%\u00a0\u00bb module_alignment=\u00a0\u00bbright\u00a0\u00bb global_colors_info=\u00a0\u00bb{}\u00a0\u00bb][\/et_pb_image][et_pb_text _builder_version=\u00a0\u00bb4.26.0&Prime; _module_preset=\u00a0\u00bbdefault\u00a0\u00bb text_font=\u00a0\u00bb|300|||||||\u00a0\u00bb text_font_size=\u00a0\u00bb13px\u00a0\u00bb custom_margin=\u00a0\u00bb|||5vw|false|false\u00a0\u00bb custom_padding=\u00a0\u00bb|||1vw|false|false\u00a0\u00bb custom_padding_tablet=\u00a0\u00bb|||1vw|false|false\u00a0\u00bb custom_padding_phone=\u00a0\u00bb|||3vw|false|false\u00a0\u00bb custom_padding_last_edited=\u00a0\u00bbon|phone\u00a0\u00bb text_font_size_tablet=\u00a0\u00bb13px\u00a0\u00bb text_font_size_phone=\u00a0\u00bb12px\u00a0\u00bb text_font_size_last_edited=\u00a0\u00bbon|phone\u00a0\u00bb text_line_height_tablet=\u00a0\u00bb\u00a0\u00bb text_line_height_phone=\u00a0\u00bb1.6em\u00a0\u00bb text_line_height_last_edited=\u00a0\u00bbon|phone\u00a0\u00bb border_width_left=\u00a0\u00bb1px\u00a0\u00bb border_color_left=\u00a0\u00bb#929325&Prime; global_colors_info=\u00a0\u00bb{}\u00a0\u00bb]<\/p>\n<p>Conseil : les clients ont tendance \u00e0 r\u00e9server quelques jours au <span style=\"text-decoration: underline;\"><a href=\"\/bedandbreakfast\">chambre d&rsquo;h\u00f4tes<\/a> <\/span>pour prolonger leur s\u00e9jour, ou parce que cela convient mieux \u00e0 la date d&rsquo;arriv\u00e9e ou de d\u00e9part souhait\u00e9e.<\/p>\n<p>[\/et_pb_text][et_pb_text _builder_version=\u00a0\u00bb4.27.5&Prime; _module_preset=\u00a0\u00bbdefault\u00a0\u00bb text_font=\u00a0\u00bb||||||||\u00a0\u00bb text_text_color=\u00a0\u00bb#F9F3E7&Prime; text_font_size=\u00a0\u00bb14px\u00a0\u00bb background_color=\u00a0\u00bb#929325&Prime; custom_margin=\u00a0\u00bb|||5vw|false|false\u00a0\u00bb custom_padding=\u00a0\u00bb1vw|1vw|1vw|1vw|true|true\u00a0\u00bb custom_padding_tablet=\u00a0\u00bb1vw|1vw|1vw|1vw|true|true\u00a0\u00bb custom_padding_phone=\u00a0\u00bb3vw|3vw|3vw|3vw|true|true\u00a0\u00bb custom_padding_last_edited=\u00a0\u00bbon|phone\u00a0\u00bb text_font_size_tablet=\u00a0\u00bb14px\u00a0\u00bb text_font_size_phone=\u00a0\u00bb13px\u00a0\u00bb text_font_size_last_edited=\u00a0\u00bbon|phone\u00a0\u00bb global_colors_info=\u00a0\u00bb{}\u00a0\u00bb]<\/p>\n<p><span style=\"text-decoration: underline;\"><strong>2026 :<\/strong><\/span><\/p>\n<p>Haute saison : 27 juin au 5 septembre<br \/>Moyenne saison : du 18 avril au 27 juin et du 5 septembre au 31 octobre\u00a0<br \/>Basse saison : du 1er janvier au 18 avril et du 31 octobre au 31 d\u00e9cembre<\/p>\n<p>[\/et_pb_text][\/et_pb_column][\/et_pb_row][\/et_pb_section][et_pb_section fb_built=\u00a0\u00bb1&Prime; _builder_version=\u00a0\u00bb4.25.2&Prime; _module_preset=\u00a0\u00bbdefault\u00a0\u00bb background_color=\u00a0\u00bb#929325&Prime; custom_margin=\u00a0\u00bb-5vw||||false|false\u00a0\u00bb custom_padding=\u00a0\u00bb0px||||false|false\u00a0\u00bb global_colors_info=\u00a0\u00bb{}\u00a0\u00bb][et_pb_row _builder_version=\u00a0\u00bb4.25.1&Prime; _module_preset=\u00a0\u00bbdefault\u00a0\u00bb width=\u00a0\u00bb100%\u00a0\u00bb max_width=\u00a0\u00bb100%\u00a0\u00bb global_colors_info=\u00a0\u00bb{}\u00a0\u00bb][et_pb_column type=\u00a0\u00bb4_4&Prime; _builder_version=\u00a0\u00bb4.25.1&Prime; _module_preset=\u00a0\u00bbdefault\u00a0\u00bb global_colors_info=\u00a0\u00bb{}\u00a0\u00bb][et_pb_image src=\u00a0\u00bbhttps:\/\/angelisognanti.com\/wp-content\/uploads\/2024\/06\/Angeli-Sognanti_Blokjespatroon-3.jpg\u00a0\u00bb title_text=\u00a0\u00bbAngeli Sognanti_Mod\u00e8le de bloc (3)\u00a0\u00bb align=\u00a0\u00bbcenter\u00a0\u00bb _builder_version=\u00a0\u00bb4.25.1&Prime; _module_preset=\u00a0\u00bbdefault\u00a0\u00bb custom_margin=\u00a0\u00bb-6vw||||false|false\u00a0\u00bb custom_padding=\u00a0\u00bb0px||||false|false\u00a0\u00bb global_colors_info=\u00a0\u00bb{}\u00a0\u00bb][\/et_pb_image][\/et_pb_column][\/et_pb_row][\/et_pb_section][et_pb_section fb_built=\u00a0\u00bb1&Prime; module_id=\u00a0\u00bbr\u00e9serve\u00a0\u00bb _builder_version=\u00a0\u00bb4.26.0&Prime; _module_preset=\u00a0\u00bbdefault\u00a0\u00bb background_color=\u00a0\u00bb#F9F3E7&Prime; global_colors_info=\u00a0\u00bb{}\u00a0\u00bb][et_pb_row _builder_version=\u00a0\u00bb4.25.2&Prime; _module_preset=\u00a0\u00bbdefault\u00a0\u00bb global_colors_info=\u00a0\u00bb{}\u00a0\u00bb][et_pb_column type=\u00a0\u00bb4_4&Prime; _builder_version=\u00a0\u00bb4.25.2&Prime; _module_preset=\u00a0\u00bbdefault\u00a0\u00bb global_colors_info=\u00a0\u00bb{}\u00a0\u00bb][et_pb_code admin_label=\u00a0\u00bbcode de r\u00e9servation en ligne FR\u00a0\u00bb _builder_version=\u00a0\u00bb4.27.4&Prime; _module_preset=\u00a0\u00bbdefault\u00a0\u00bb global_colors_info=\u00a0\u00bb{}\u00a0\u00bb]<\/p>\n<div id=\"TommyBookingSupport\"<!-- [et_pb_line_break_holder] -->    data-scroll=&rsquo;false&rsquo;<!-- [et_pb_line_break_holder] -->     data-widget=\u00a0\u00bbboeken\u00a0\u00bb<!-- [et_pb_line_break_holder] -->    data-apikey=\u00a0\u00bbebf29b81682824cacc192931ce4efafaa47fcede580dc5fd7ab38c60ee37f382&Prime;<!-- [et_pb_line_break_holder] -->    data-account=\u00a0\u00bbGerald\u00a0\u00bb<!-- [et_pb_line_break_holder] -->    data-language=&rsquo;fr&rsquo;<!-- [et_pb_line_break_holder] -->    data-country=&rsquo;nl&rsquo;<!-- [et_pb_line_break_holder] -->    data-accommodatiegroep=&rsquo;11781&prime;<!-- [et_pb_line_break_holder] -->    data-locatie-keuze=&rsquo;true&rsquo;<!-- [et_pb_line_break_holder] -->data-actiecode=&rsquo;true&rsquo;<!-- [et_pb_line_break_holder] -->    data-accommodatie-fotos=&rsquo;true&rsquo;<!-- [et_pb_line_break_holder] -->    data-ideal=&rsquo;true&rsquo;<!-- [et_pb_line_break_holder] -->         data-google-analytics=&rsquo;G-RKC33ZPH5V&rsquo;><!-- [et_pb_line_break_holder] --><\/div>\n<p><!-- [et_pb_line_break_holder] -->[\/et_pb_code][et_pb_code admin_label=\u00a0\u00bbscript de r\u00e9servation en ligne\u00a0\u00bb _builder_version=\u00a0\u00bb4.27.4&Prime; _module_preset=\u00a0\u00bbdefault\u00a0\u00bb global_colors_info=\u00a0\u00bb{}\u00a0\u00bb]<script src=\"https:\/\/api.tommybookingsupport.com\/widgets\/js\/widget.js\"<!-- [et_pb_line_break_holder] -->        type=\"application\/javascript\" language=\"javascript\"><\/script>[\/et_pb_code][\/et_pb_column][\/et_pb_row][\/et_pb_section][et_pb_section fb_built=\u00a0\u00bb1&Prime; _builder_version=\u00a0\u00bb4.25.1&Prime; _module_preset=\u00a0\u00bbdefault\u00a0\u00bb background_color=\u00a0\u00bb#51664D\u00a0\u00bb global_colors_info=\u00a0\u00bb{}\u00a0\u00bb][et_pb_row column_structure=\u00a0\u00bb3_5,2_5&Prime; _builder_version=\u00a0\u00bb4.25.1&Prime; _module_preset=\u00a0\u00bbdefault\u00a0\u00bb global_colors_info=\u00a0\u00bb{}\u00a0\u00bb][et_pb_column type=\u00a0\u00bb3_5&Prime; _builder_version=\u00a0\u00bb4.25.1&Prime; _module_preset=\u00a0\u00bbdefault\u00a0\u00bb global_colors_info=\u00a0\u00bb{}\u00a0\u00bb][et_pb_text _builder_version=\u00a0\u00bb4.25.1&Prime; _module_preset=\u00a0\u00bbdefault\u00a0\u00bb text_text_color=\u00a0\u00bb#F9F3E7&Prime; header_4_text_color=\u00a0\u00bb#F9F3E7&Prime; header_4_font_size=\u00a0\u00bb25px\u00a0\u00bb header_4_line_height=\u00a0\u00bb1.2em\u00a0\u00bb global_colors_info=\u00a0\u00bb{}\u00a0\u00bb]<\/p>\n<h4>Notre vision est de cr\u00e9er un endroit de r\u00eave o\u00f9 vous pouvez profiter pleinement de la vie et la ralentir.<\/h4>\n<p>Visitez notre lieu de r\u00eave <b>\u2192<\/b><\/p>\n<p>[\/et_pb_text][\/et_pb_column][et_pb_column type=\u00a0\u00bb2_5&Prime; _builder_version=\u00a0\u00bb4.25.1&Prime; _module_preset=\u00a0\u00bbdefault\u00a0\u00bb global_colors_info=\u00a0\u00bb{}\u00a0\u00bb][et_pb_image src=\u00a0\u00bbhttps:\/\/angelisognanti.com\/wp-content\/uploads\/2024\/06\/Angeli-Sognanti_Blokjespatroon-2.jpg\u00a0\u00bb title_text=\u00a0\u00bbAngeli Sognanti_Mod\u00e8le de bloc (2)\u00a0\u00bb align=\u00a0\u00bbright\u00a0\u00bb _builder_version=\u00a0\u00bb4.26.0&Prime; _module_preset=\u00a0\u00bbdefault\u00a0\u00bb transform_scale=\u00a0\u00bb142%|142%\u00a0\u00bb transform_translate=\u00a0\u00bb92px|-73px\u00a0\u00bb transform_translate_linked=\u00a0\u00bboff\u00a0\u00bb custom_margin_tablet=\u00a0\u00bb\u00a0\u00bb custom_margin_phone=\u00a0\u00bb-200px||||false|false\u00a0\u00bb custom_margin_last_edited=\u00a0\u00bbon|phone\u00a0\u00bb global_colors_info=\u00a0\u00bb{}\u00a0\u00bb][\/et_pb_image][\/et_pb_column][\/et_pb_row][\/et_pb_section]<\/p>\n","protected":false},"excerpt":{"rendered":"<p>Vos vacances commencent iciSur cette page, vous pouvez voir la disponibilit\u00e9 de nos B&amp;B, appartements, tentes glamping et des tente bell. Vous pouvez faire une r\u00e9servation en utilisant le formulaire de r\u00e9servation ci-dessous.Vous recevrez ensuite une confirmation de r\u00e9servation avec un lien de paiement par e-mail. Si vous n&rsquo;avez pas de disponibilit\u00e9 dans le calendrierEnvoyez-nous [&hellip;]<\/p>\n","protected":false},"author":1,"featured_media":0,"parent":0,"menu_order":0,"comment_status":"closed","ping_status":"closed","template":"","meta":{"_et_pb_use_builder":"on","_et_pb_old_content":"","_et_gb_content_width":"","footnotes":""},"class_list":["post-3231","page","type-page","status-publish","hentry"],"_links":{"self":[{"href":"https:\/\/angelisognanti.com\/fr\/wp-json\/wp\/v2\/pages\/3231","targetHints":{"allow":["GET"]}}],"collection":[{"href":"https:\/\/angelisognanti.com\/fr\/wp-json\/wp\/v2\/pages"}],"about":[{"href":"https:\/\/angelisognanti.com\/fr\/wp-json\/wp\/v2\/types\/page"}],"author":[{"embeddable":true,"href":"https:\/\/angelisognanti.com\/fr\/wp-json\/wp\/v2\/users\/1"}],"replies":[{"embeddable":true,"href":"https:\/\/angelisognanti.com\/fr\/wp-json\/wp\/v2\/comments?post=3231"}],"version-history":[{"count":0,"href":"https:\/\/angelisognanti.com\/fr\/wp-json\/wp\/v2\/pages\/3231\/revisions"}],"wp:attachment":[{"href":"https:\/\/angelisognanti.com\/fr\/wp-json\/wp\/v2\/media?parent=3231"}],"curies":[{"name":"wp","href":"https:\/\/api.w.org\/{rel}","templated":true}]}}