{"id":2380,"date":"2024-06-26T16:44:11","date_gmt":"2024-06-26T14:44:11","guid":{"rendered":"https:\/\/angelisognanti.com\/a-propos-de-nous\/"},"modified":"2025-01-07T14:54:59","modified_gmt":"2025-01-07T13:54:59","slug":"a-propos-de-nous","status":"publish","type":"page","link":"https:\/\/angelisognanti.com\/fr\/a-propos-de-nous\/","title":{"rendered":"A propos de nous"},"content":{"rendered":"<p>[et_pb_section fb_built=\u00a0\u00bb1&Prime; _builder_version=\u00a0\u00bb4.25.1&Prime; _module_preset=\u00a0\u00bbdefault\u00a0\u00bb background_color=\u00a0\u00bb#F9F3E7&Prime; custom_margin=\u00a0\u00bb||||false|false\u00a0\u00bb custom_padding=\u00a0\u00bb||||false|false\u00a0\u00bb global_colors_info=\u00a0\u00bb{}\u00a0\u00bb][\/et_pb_section][et_pb_section fb_built=\u00a0\u00bb1&Prime; _builder_version=\u00a0\u00bb4.25.2&Prime; _module_preset=\u00a0\u00bbdefault\u00a0\u00bb background_color=\u00a0\u00bb#F9F3E7&Prime; custom_margin=\u00a0\u00bb0px||||false|false\u00a0\u00bb custom_padding=\u00a0\u00bb0px||||false|false\u00a0\u00bb global_colors_info=\u00a0\u00bb{}\u00a0\u00bb][et_pb_row column_structure=\u00a0\u00bb1_2,1_2&Prime; _builder_version=\u00a0\u00bb4.26.0&Prime; _module_preset=\u00a0\u00bbdefault\u00a0\u00bb custom_margin=\u00a0\u00bb||0px||false|false\u00a0\u00bb custom_padding=\u00a0\u00bb||0px||false|false\u00a0\u00bb global_colors_info=\u00a0\u00bb{}\u00a0\u00bb][et_pb_column type=\u00a0\u00bb1_2&Prime; _builder_version=\u00a0\u00bb4.25.1&Prime; _module_preset=\u00a0\u00bbdefault\u00a0\u00bb global_colors_info=\u00a0\u00bb{}\u00a0\u00bb][et_pb_image src=\u00a0\u00bbhttps:\/\/angelisognanti.com\/wp-content\/uploads\/2024\/12\/IMG_2784-2.jpeg\u00a0\u00bb alt=\u00a0\u00bbGerald &amp; Jaqueline Engeltjes\u00a0\u00bb title_text=\u00a0\u00bbJenG_Agriturismo_Angeli_Sognanti\u00a0\u00bb disabled_on=\u00a0\u00bboff|off|on\u00a0\u00bb _builder_version=\u00a0\u00bb4.27.4&Prime; _module_preset=\u00a0\u00bbdefault\u00a0\u00bb global_colors_info=\u00a0\u00bb{}\u00a0\u00bb][\/et_pb_image][et_pb_text _builder_version=\u00a0\u00bb4.25.2&Prime; _module_preset=\u00a0\u00bbdefault\u00a0\u00bb text_font=\u00a0\u00bb|300|||||||\u00a0\u00bb global_colors_info=\u00a0\u00bb{}\u00a0\u00bb]<\/p>\n<h2>il bel far niente &#8211; la beaut\u00e9 de ne rien faire<\/h2>\n<p>&nbsp;<\/p>\n<p>\u00c0 partir de 2024, nous vivrons \u00e0 Cossignano et exploiterons une ferme italienne, \u00e0 petite \u00e9chelle et \u00e0 notre mani\u00e8re.<\/p>\n<p>Notre r\u00eave \u00e9tait de cr\u00e9er une maison d&rsquo;h\u00f4tes d&rsquo;ambiance dans une vraie ferme.<br \/>\nUn endroit o\u00f9 vous pouvez vous d\u00e9tendre pendant un certain temps, o\u00f9 la vie est en d\u00e9c\u00e9l\u00e9ration, o\u00f9 vous avez tout l&rsquo;espace dont vous avez besoin pour profiter de petits moments de bonheur simples.<br \/>\nChaque jour, nous essayons d&rsquo;y contribuer avec passion pour nos h\u00f4tes.<br \/>\nL&rsquo;environnement, les parfums et le climat italien imbattable font le reste.   <\/p>\n<p>[\/et_pb_text][\/et_pb_column][et_pb_column type=\u00a0\u00bb1_2&Prime; _builder_version=\u00a0\u00bb4.25.1&Prime; _module_preset=\u00a0\u00bbdefault\u00a0\u00bb global_colors_info=\u00a0\u00bb{}\u00a0\u00bb][et_pb_image src=\u00a0\u00bbhttps:\/\/angelisognanti.com\/wp-content\/uploads\/2024\/12\/IMG_2784-2.jpeg\u00a0\u00bb alt=\u00a0\u00bbGerald &amp; Jaqueline Engeltjes\u00a0\u00bb title_text=\u00a0\u00bbJenG_Agriturismo_Angeli_Sognanti\u00a0\u00bb disabled_on=\u00a0\u00bbon|on|off\u00a0\u00bb _builder_version=\u00a0\u00bb4.27.4&Prime; _module_preset=\u00a0\u00bbdefault\u00a0\u00bb global_colors_info=\u00a0\u00bb{}\u00a0\u00bb][\/et_pb_image][\/et_pb_column][\/et_pb_row][et_pb_row module_class=\u00a0\u00bbside-by-side-1 \u00a0\u00bb _builder_version=\u00a0\u00bb4.26.1&Prime; _module_preset=\u00a0\u00bbdefault\u00a0\u00bb transform_translate=\u00a0\u00bb0px|-106px\u00a0\u00bb custom_margin=\u00a0\u00bb6vw||0px||false|false\u00a0\u00bb custom_margin_tablet=\u00a0\u00bb10vw||0px||false|false\u00a0\u00bb custom_margin_phone=\u00a0\u00bb25vw||0px||false|false\u00a0\u00bb custom_margin_last_edited=\u00a0\u00bbon|phone\u00a0\u00bb custom_padding=\u00a0\u00bb||0px||false|false\u00a0\u00bb global_colors_info=\u00a0\u00bb{}\u00a0\u00bb][et_pb_column type=\u00a0\u00bb4_4&Prime; _builder_version=\u00a0\u00bb4.25.2&Prime; _module_preset=\u00a0\u00bbdefault\u00a0\u00bb global_colors_info=\u00a0\u00bb{}\u00a0\u00bb][et_pb_button button_url=\u00a0\u00bbhttps:\/\/angelisognanti.com\/fr\/reservez\/\u00a0\u00bb button_text=\u00a0\u00bbR\u00e9servez vos vacances d\u00e8s maintenant\u00a0\u00bb _builder_version=\u00a0\u00bb4.25.2&Prime; _module_preset=\u00a0\u00bbdefault\u00a0\u00bb global_colors_info=\u00a0\u00bb{}\u00a0\u00bb][\/et_pb_button][et_pb_button button_url=\u00a0\u00bb#waaromlemarche\u00a0\u00bb button_text=\u00a0\u00bbPourquoi Le Marche ?\u00a0\u00bb _builder_version=\u00a0\u00bb4.25.2&Prime; _module_preset=\u00a0\u00bbdefault\u00a0\u00bb global_colors_info=\u00a0\u00bb{}\u00a0\u00bb][\/et_pb_button][\/et_pb_column][\/et_pb_row][\/et_pb_section][et_pb_section fb_built=\u00a0\u00bb1&Prime; _builder_version=\u00a0\u00bb4.26.1&Prime; _module_preset=\u00a0\u00bbdefault\u00a0\u00bb background_color=\u00a0\u00bb#929325&Prime; custom_margin=\u00a0\u00bb0px||||false|false\u00a0\u00bb custom_padding=\u00a0\u00bb0px||||false|false\u00a0\u00bb global_colors_info=\u00a0\u00bb{}\u00a0\u00bb][et_pb_row _builder_version=\u00a0\u00bb4.25.1&Prime; _module_preset=\u00a0\u00bbdefault\u00a0\u00bb width=\u00a0\u00bb100%\u00a0\u00bb max_width=\u00a0\u00bb100%\u00a0\u00bb global_colors_info=\u00a0\u00bb{}\u00a0\u00bb][et_pb_column type=\u00a0\u00bb4_4&Prime; _builder_version=\u00a0\u00bb4.25.1&Prime; _module_preset=\u00a0\u00bbdefault\u00a0\u00bb global_colors_info=\u00a0\u00bb{}\u00a0\u00bb][et_pb_image src=\u00a0\u00bbhttps:\/\/angelisognanti.com\/wp-content\/uploads\/2024\/06\/Angeli-Sognanti_Blokjespatroon-3.jpg\u00a0\u00bb title_text=\u00a0\u00bbAngeli Sognanti_Mod\u00e8le de bloc (3)\u00a0\u00bb align=\u00a0\u00bbcenter\u00a0\u00bb _builder_version=\u00a0\u00bb4.25.1&Prime; _module_preset=\u00a0\u00bbdefault\u00a0\u00bb custom_margin=\u00a0\u00bb-6vw||||false|false\u00a0\u00bb custom_padding=\u00a0\u00bb0px||||false|false\u00a0\u00bb global_colors_info=\u00a0\u00bb{}\u00a0\u00bb][\/et_pb_image][\/et_pb_column][\/et_pb_row][\/et_pb_section][et_pb_section fb_built=\u00a0\u00bb1&Prime; module_id=\u00a0\u00bbwhylemarche\u00a0\u00bb _builder_version=\u00a0\u00bb4.25.1&Prime; _module_preset=\u00a0\u00bbdefault\u00a0\u00bb background_color=\u00a0\u00bb#F9F3E7&Prime; custom_margin=\u00a0\u00bb||||false|false\u00a0\u00bb custom_padding=\u00a0\u00bb||||false|false\u00a0\u00bb global_colors_info=\u00a0\u00bb{}\u00a0\u00bb][et_pb_row _builder_version=\u00a0\u00bb4.25.1&Prime; _module_preset=\u00a0\u00bbdefault\u00a0\u00bb custom_margin=\u00a0\u00bb3vw||||false|false\u00a0\u00bb custom_padding=\u00a0\u00bb0px||||false|false\u00a0\u00bb global_colors_info=\u00a0\u00bb{}\u00a0\u00bb][et_pb_column type=\u00a0\u00bb4_4&Prime; _builder_version=\u00a0\u00bb4.25.1&Prime; _module_preset=\u00a0\u00bbdefault\u00a0\u00bb global_colors_info=\u00a0\u00bb{}\u00a0\u00bb][et_pb_text _builder_version=\u00a0\u00bb4.25.1&Prime; _module_preset=\u00a0\u00bbdefault\u00a0\u00bb text_font=\u00a0\u00bb|300|||||||\u00a0\u00bb header_4_font=\u00a0\u00bb||||||||\u00a0\u00bb global_colors_info=\u00a0\u00bb{}\u00a0\u00bb]<\/p>\n<h4>Pourquoi Le Marche ?<\/h4>\n<p>  Depuis la fin des ann\u00e9es 1990, nous sommes tomb\u00e9s amoureux de l&rsquo;Italie et, comme beaucoup de touristes, nous avons visit\u00e9 la Toscane, avec ses belles couleurs de terre cuite et ses magnifiques couchers de soleil.<br \/>\n\u00c0 juste titre, cette r\u00e9gion est extr\u00eamement populaire.<br \/>\nExistait-il un endroit tout aussi beau, mais qui n&rsquo;avait pas \u00e9t\u00e9 d\u00e9couvert ?<br \/>\nNous avons cherch\u00e9 du Pi\u00e9mont aux Pouilles.<br \/>\nEn 2006, nous avons appris l&rsquo;italien \u00e0 Mombaroccio et nous avons su : Les Marches, c&rsquo;est \u00e7a.<br \/>\nLonely Planet les appelle \u00ab\u00a0l&rsquo;un des tr\u00e9sors les moins connus d&rsquo;Italie\u00a0\u00bb et si vous y s\u00e9journez, vous comprendrez imm\u00e9diatement pourquoi.<br \/>\nMais tout n&rsquo;a pas commenc\u00e9 par une entreprise, mais par une maison de vacances.<br \/>\nNous avons achet\u00e9, apr\u00e8s une longue recherche, une maison \u00e0 Montottone, dans le sud des Marches, en 2016.<br \/>\nNous voulions vraiment conna\u00eetre le pays, toutes les saisons, les gens et, bien s\u00fbr, nous voulions apprendre \u00e0 parler la langue.<br \/>\nPendant les ann\u00e9es pass\u00e9es dans notre maison de Montottone, nous nous sommes totalement immerg\u00e9s dans la culture italienne.<br \/>\nLes Italiens nous ont paru ouverts, chaleureux, \u00e9motifs, tr\u00e8s amicaux et fiers de leurs traditions.<br \/>\nCr\u00e9er une entreprise ensemble en Italie ?<br \/>\nL&rsquo;id\u00e9e nous d\u00e9mangeait de plus en plus.[\/et_pb_text][\/et_pb_column][\/et_pb_row][et_pb_row column_structure=\u00a0\u00bb1_4,3_4&Prime; _builder_version=\u00a0\u00bb4.25.1&Prime; _module_preset=\u00a0\u00bbdefault\u00a0\u00bb global_colors_info=\u00a0\u00bb{}\u00a0\u00bb][et_pb_column type=\u00a0\u00bb1_4&Prime; _builder_version=\u00a0\u00bb4.25.1&Prime; _module_preset=\u00a0\u00bbdefault\u00a0\u00bb global_colors_info=\u00a0\u00bb{}\u00a0\u00bb][et_pb_image src=\u00a0\u00bbhttps:\/\/angelisognanti.com\/wp-content\/uploads\/2024\/06\/Ontwerp-zonder-titel-1.png\u00a0\u00bb title_text=\u00a0\u00bbConception sans titre (1)\u00a0\u00bb _builder_version=\u00a0\u00bb4.26.0&Prime; _module_preset=\u00a0\u00bbdefault\u00a0\u00bb width_tablet=\u00a0\u00bb\u00a0\u00bb width_phone=\u00a0\u00bb50%\u00a0\u00bb width_last_edited=\u00a0\u00bbon|phone\u00a0\u00bb custom_margin_tablet=\u00a0\u00bb\u00a0\u00bb custom_margin_phone=\u00a0\u00bb-45px||||false|false\u00a0\u00bb custom_margin_last_edited=\u00a0\u00bbon|phone\u00a0\u00bb custom_padding_tablet=\u00a0\u00bb\u00a0\u00bb custom_padding_phone=\u00a0\u00bb0px||||false|false\u00a0\u00bb custom_padding_last_edited=\u00a0\u00bbon|phone\u00a0\u00bb global_colors_info=\u00a0\u00bb{}\u00a0\u00bb][\/et_pb_image][\/et_pb_column][et_pb_column type=\u00a0\u00bb3_4&Prime; _builder_version=\u00a0\u00bb4.25.1&Prime; _module_preset=\u00a0\u00bbdefault\u00a0\u00bb global_colors_info=\u00a0\u00bb{}\u00a0\u00bb][et_pb_text _builder_version=\u00a0\u00bb4.25.1&Prime; _module_preset=\u00a0\u00bbdefault\u00a0\u00bb text_font=\u00a0\u00bb|300|||||||\u00a0\u00bb global_colors_info=\u00a0\u00bb{}\u00a0\u00bb]<\/p>\n<h4>Et puis est arriv\u00e9&#8230;<br \/>\nCorona <\/h4>\n<p>Pour nous, ce fut une p\u00e9riode de r\u00e9flexion.<br \/>\nApr\u00e8s plus de 25 ans de travail \u00e0 temps plein dans le monde commercial et financier, nous savions que ce n&rsquo;\u00e9tait plus le cas.<br \/>\nCela ne nous donne pas d&rsquo;\u00e9nergie.<br \/>\nEnsemble, nous avons ressenti l&rsquo;\u00e9lan et la conviction profonde : \u00ab\u00a0la peur de l&rsquo;inconnu ne dure qu&rsquo;un instant ; les regrets, eux, sont \u00e9ternels\u00a0\u00bb.<br \/>\nNous nous sommes mari\u00e9s pour nous lancer ensemble dans les affaires et faire de notre r\u00eave une r\u00e9alit\u00e9.    <\/p>\n<p>Nous avons souvent \u00e9voqu\u00e9 l&rsquo;id\u00e9e de g\u00e9rer un agritourisme avec Glamping.<br \/>\nPour nous, tout \u00e9tait r\u00e9uni dans ce type d&rsquo;entreprise : accueillir des h\u00f4tes et leur offrir un moment de d\u00e9tente, l&rsquo;esprit d&rsquo;entreprise, notre passion pour la culture italienne et notre amour de la cuisine \u00e9labor\u00e9e. <\/p>\n<p>[\/et_pb_text][\/et_pb_column][\/et_pb_row][\/et_pb_section][et_pb_section fb_built=\u00a0\u00bb1&Prime; _builder_version=\u00a0\u00bb4.25.1&Prime; _module_preset=\u00a0\u00bbdefault\u00a0\u00bb background_color=\u00a0\u00bb#F9F3E7&Prime; custom_margin=\u00a0\u00bb0px||||false|false\u00a0\u00bb custom_padding=\u00a0\u00bb0px||||false|false\u00a0\u00bb global_colors_info=\u00a0\u00bb{}\u00a0\u00bb][et_pb_row column_structure=\u00a0\u00bb1_2,1_2&Prime; _builder_version=\u00a0\u00bb4.25.1&Prime; _module_preset=\u00a0\u00bbdefault\u00a0\u00bb custom_padding=\u00a0\u00bb||3vw||false|false\u00a0\u00bb global_colors_info=\u00a0\u00bb{}\u00a0\u00bb][et_pb_column type=\u00a0\u00bb1_2&Prime; _builder_version=\u00a0\u00bb4.25.1&Prime; _module_preset=\u00a0\u00bbdefault\u00a0\u00bb global_colors_info=\u00a0\u00bb{}\u00a0\u00bb][et_pb_image src=\u00a0\u00bbhttps:\/\/angelisognanti.com\/wp-content\/uploads\/2024\/09\/0e6f23fb-8300-4de2-bd0a-f8418f7510e9.jpeg\u00a0\u00bb title_text=\u00a0\u00bbSigne de l&#039;ange_Agriturismo_Angeli_Soganti\u00a0\u00bb admin_label=\u00a0\u00bbEngeltjesbord\u00a0\u00bb _builder_version=\u00a0\u00bb4.27.0&Prime; _module_preset=\u00a0\u00bbdefault\u00a0\u00bb global_colors_info=\u00a0\u00bb{}\u00a0\u00bb][\/et_pb_image][et_pb_text _builder_version=\u00a0\u00bb4.26.0&Prime; _module_preset=\u00a0\u00bbdefault\u00a0\u00bb text_font_size=\u00a0\u00bb13px\u00a0\u00bb text_line_height=\u00a0\u00bb1.5em\u00a0\u00bb custom_margin=\u00a0\u00bb||||false|false\u00a0\u00bb custom_padding=\u00a0\u00bb|||2vw|false|false\u00a0\u00bb border_width_left=\u00a0\u00bb1px\u00a0\u00bb border_color_left=\u00a0\u00bb#929325&Prime; global_colors_info=\u00a0\u00bb{}\u00a0\u00bb]Cette parure d&rsquo;anges r\u00eaveurs, offerte par la m\u00e8re de Jacqueline, a voyag\u00e9 avec nous de maison en maison pendant des ann\u00e9es et a maintenant trouv\u00e9 sa place \u00e0 Le Marche.[\/et_pb_text][\/et_pb_column][et_pb_column type=\u00a0\u00bb1_2&Prime; _builder_version=\u00a0\u00bb4.25.1&Prime; _module_preset=\u00a0\u00bbdefault\u00a0\u00bb global_colors_info=\u00a0\u00bb{}\u00a0\u00bb][et_pb_text _builder_version=\u00a0\u00bb4.25.1&Prime; _module_preset=\u00a0\u00bbdefault\u00a0\u00bb text_font=\u00a0\u00bb|300|||||||\u00a0\u00bb header_5_font=\u00a0\u00bbCharmonman||||||||\u00a0\u00bb header_5_text_color=\u00a0\u00bb#442924&Prime; header_5_font_size=\u00a0\u00bb20px\u00a0\u00bb custom_margin=\u00a0\u00bb||||false|false\u00a0\u00bb global_colors_info=\u00a0\u00bb{}\u00a0\u00bb]<\/p>\n<h4>Les anges r\u00eaveurs deviennent r\u00e9alit\u00e9<\/h4>\n<p>En octobre 2023, apr\u00e8s de nombreuses visites, il a \u00e9t\u00e9 trouv\u00e9 dans le sud des Marches.<br \/>\nNous avons visit\u00e9 le domaine actuel et nous avons su que c&rsquo;\u00e9tait le bon.<br \/>\nAngeli Sognanti est \u00e0 la hauteur de son nom &#8211; et de notre nom : Angeli Sognanti est \u00e0 la hauteur de son nom &#8211; et de notre nom : \u00ab\u00a0Anges r\u00eaveurs\u00a0\u00bb.<br \/>\nOutre une oliveraie de 1,5 hectare et un vignoble de 1 hectare, on y trouve \u00e9galement un petit verger d&rsquo;amandiers, un potager et une collection h\u00e9t\u00e9roclite de beaux arbres fruitiers.   <\/p>\n<p>Et puis les environs.<br \/>\nNotre agritourisme est situ\u00e9 au milieu des collines verdoyantes, entour\u00e9 de vignobles et d&rsquo;oliveraies.<br \/>\nNous sommes fiers de nos Angeli Sognanti et nous voulons partager avec vous ce lieu magnifique.<br \/>\nNous esp\u00e9rons qu&rsquo;en visitant notre agritourisme, vous tomberez amoureux des Marches autant que nous.   <\/p>\n<p>Nous serions ravis de vous accueillir pour vous faire d\u00e9couvrir l&rsquo;Italie authentique, avec tous ses paysages, ses odeurs et ses saveurs, avec nous dans les Marches. Nous serions ravis de vous aider \u00e0 planifier vos vacances de r\u00eave avec nous. <\/p>\n<p>[\/et_pb_text][et_pb_text _builder_version=\u00a0\u00bb4.25.1&Prime; _module_preset=\u00a0\u00bbdefault\u00a0\u00bb header_4_font=\u00a0\u00bbCharmonman||||||||\u00a0\u00bb header_4_font_size=\u00a0\u00bb21px\u00a0\u00bb global_colors_info=\u00a0\u00bb{}\u00a0\u00bb]<\/p>\n<h4 style=\"text-align: center;\">Un Presto !<\/h4>\n<p>[\/et_pb_text][\/et_pb_column][\/et_pb_row][\/et_pb_section][et_pb_section fb_built=\u00a0\u00bb1&Prime; _builder_version=\u00a0\u00bb4.25.1&Prime; _module_preset=\u00a0\u00bbdefault\u00a0\u00bb background_color=\u00a0\u00bb#51664D\u00a0\u00bb global_colors_info=\u00a0\u00bb{}\u00a0\u00bb][et_pb_row column_structure=\u00a0\u00bb3_5,2_5&Prime; _builder_version=\u00a0\u00bb4.25.1&Prime; _module_preset=\u00a0\u00bbdefault\u00a0\u00bb global_colors_info=\u00a0\u00bb{}\u00a0\u00bb][et_pb_column type=\u00a0\u00bb3_5&Prime; _builder_version=\u00a0\u00bb4.25.1&Prime; _module_preset=\u00a0\u00bbdefault\u00a0\u00bb global_colors_info=\u00a0\u00bb{}\u00a0\u00bb][et_pb_text _builder_version=\u00a0\u00bb4.25.1&Prime; _module_preset=\u00a0\u00bbdefault\u00a0\u00bb text_text_color=\u00a0\u00bb#F9F3E7&Prime; header_4_text_color=\u00a0\u00bb#F9F3E7&Prime; header_4_font_size=\u00a0\u00bb25px\u00a0\u00bb header_4_line_height=\u00a0\u00bb1.2em\u00a0\u00bb global_colors_info=\u00a0\u00bb{}\u00a0\u00bb]<\/p>\n<h4>Tout s&rsquo;est mis en place pour nous : l&rsquo;accueil des h\u00f4tes, la d\u00e9tente, l&rsquo;esprit d&rsquo;entreprise, notre passion pour la culture italienne et l&rsquo;amour de la cuisine \u00e9labor\u00e9e.<\/h4>\n<p>  Visitez notre lieu de r\u00eave  <b>\u2192<\/b>[\/et_pb_text][\/et_pb_column][et_pb_column type=\u00a0\u00bb2_5&Prime; _builder_version=\u00a0\u00bb4.25.1&Prime; _module_preset=\u00a0\u00bbdefault\u00a0\u00bb global_colors_info=\u00a0\u00bb{}\u00a0\u00bb][et_pb_image src=\u00a0\u00bbhttps:\/\/angelisognanti.com\/wp-content\/uploads\/2024\/06\/Angeli-Sognanti_Blokjespatroon-2.jpg\u00a0\u00bb title_text=\u00a0\u00bbAngeli Sognanti_Mod\u00e8le de bloc (2)\u00a0\u00bb align=\u00a0\u00bbright\u00a0\u00bb _builder_version=\u00a0\u00bb4.26.0&Prime; _module_preset=\u00a0\u00bbdefault\u00a0\u00bb transform_scale=\u00a0\u00bb142%|142%\u00a0\u00bb transform_translate=\u00a0\u00bb92px|-73px\u00a0\u00bb transform_translate_linked=\u00a0\u00bboff\u00a0\u00bb custom_margin_tablet=\u00a0\u00bb\u00a0\u00bb custom_margin_phone=\u00a0\u00bb-250px||||false|false\u00a0\u00bb custom_margin_last_edited=\u00a0\u00bbon|phone\u00a0\u00bb custom_padding=\u00a0\u00bb||75px||false|false\u00a0\u00bb global_colors_info=\u00a0\u00bb{}\u00a0\u00bb][\/et_pb_image][\/et_pb_column][\/et_pb_row][\/et_pb_section]<\/p>\n","protected":false},"excerpt":{"rendered":"<p>il bel far niente &#8211; la beaut\u00e9 de ne rien faire &nbsp; \u00c0 partir de 2024, nous vivrons \u00e0 Cossignano et exploiterons une ferme italienne, \u00e0 petite \u00e9chelle et \u00e0 notre mani\u00e8re. Notre r\u00eave \u00e9tait de cr\u00e9er une maison d&rsquo;h\u00f4tes d&rsquo;ambiance dans une vraie ferme. Un endroit o\u00f9 vous pouvez vous d\u00e9tendre pendant un certain [&hellip;]<\/p>\n","protected":false},"author":2,"featured_media":0,"parent":0,"menu_order":0,"comment_status":"closed","ping_status":"closed","template":"","meta":{"_et_pb_use_builder":"on","_et_pb_old_content":"","_et_gb_content_width":"","footnotes":""},"class_list":["post-2380","page","type-page","status-publish","hentry"],"_links":{"self":[{"href":"https:\/\/angelisognanti.com\/fr\/wp-json\/wp\/v2\/pages\/2380","targetHints":{"allow":["GET"]}}],"collection":[{"href":"https:\/\/angelisognanti.com\/fr\/wp-json\/wp\/v2\/pages"}],"about":[{"href":"https:\/\/angelisognanti.com\/fr\/wp-json\/wp\/v2\/types\/page"}],"author":[{"embeddable":true,"href":"https:\/\/angelisognanti.com\/fr\/wp-json\/wp\/v2\/users\/2"}],"replies":[{"embeddable":true,"href":"https:\/\/angelisognanti.com\/fr\/wp-json\/wp\/v2\/comments?post=2380"}],"version-history":[{"count":0,"href":"https:\/\/angelisognanti.com\/fr\/wp-json\/wp\/v2\/pages\/2380\/revisions"}],"wp:attachment":[{"href":"https:\/\/angelisognanti.com\/fr\/wp-json\/wp\/v2\/media?parent=2380"}],"curies":[{"name":"wp","href":"https:\/\/api.w.org\/{rel}","templated":true}]}}