{"id":5616,"date":"2026-01-05T11:31:33","date_gmt":"2026-01-05T10:31:33","guid":{"rendered":"https:\/\/angelisognanti.com\/strand\/"},"modified":"2026-01-08T18:29:43","modified_gmt":"2026-01-08T17:29:43","slug":"strand","status":"publish","type":"page","link":"https:\/\/angelisognanti.com\/de\/strand\/","title":{"rendered":"Strand"},"content":{"rendered":"<p>[et_pb_section fb_built=&#8220;1&#8243; _builder_version=&#8220;4.25.1&#8243; _module_preset=&#8220;default&#8220; background_enable_color=&#8220;off&#8220; use_background_color_gradient=&#8220;on&#8220; background_color_gradient_stops=&#8220;rgba(68,41,36,0.33) 0%|rgba(68,41,36,0.15) 100%&#8220; background_color_gradient_overlays_image=&#8220;on&#8220; background_image=&#8220;https:\/\/angelisognanti.com\/wp-content\/uploads\/2024\/06\/Angeli-Sognanti-Grottamare-beach.jpeg&#8220; background_position=&#8220;bottom_center&#8220; min_height=&#8220;700px&#8220; global_colors_info=&#8220;{}&#8220;][et_pb_row _builder_version=&#8220;4.26.0&#8243; _module_preset=&#8220;default&#8220; custom_margin=&#8220;10vw||||false|false&#8220; custom_margin_tablet=&#8220;10vw||||false|false&#8220; custom_margin_phone=&#8220;15vw||||false|false&#8220; custom_margin_last_edited=&#8220;on|phone&#8220; global_colors_info=&#8220;{}&#8220;][et_pb_column type=&#8220;4_4&#8243; _builder_version=&#8220;4.25.1&#8243; _module_preset=&#8220;default&#8220; global_colors_info=&#8220;{}&#8220;][et_pb_text disabled_on=&#8220;off|off|on&#8220; _builder_version=&#8220;4.27.5&#8243; _module_preset=&#8220;default&#8220; text_font=&#8220;Charmonman||||||||&#8220; text_text_color=&#8220;#F9F3E7&#8243; text_font_size=&#8220;35px&#8220; text_line_height=&#8220;1.8em&#8220; header_font=&#8220;Charmonman||||||||&#8220; header_text_color=&#8220;#F9F3E7&#8243; header_font_size=&#8220;32px&#8220; header_line_height=&#8220;1.4em&#8220; custom_margin=&#8220;6vw||||false|false&#8220; header_text_shadow_style=&#8220;preset1&#8243; global_colors_info=&#8220;{}&#8220;]<\/p>\n<h1 style=\"text-align: center;\"><span>Sand zwischen den Zehen an der Riviera delle Palme;<\/span><\/h1>\n<h1 style=\"text-align: center;\">entdecken Sie die idyllischen Boulevards und das kristallklare Meer.<span><\/span><\/h1>\n<p>[\/et_pb_text][et_pb_text disabled_on=&#8220;on|on|off&#8220; _builder_version=&#8220;4.27.5&#8243; _module_preset=&#8220;default&#8220; text_font=&#8220;Charmonman||||||||&#8220; text_text_color=&#8220;#F9F3E7&#8243; text_font_size=&#8220;35px&#8220; text_line_height=&#8220;1.8em&#8220; header_font=&#8220;Charmonman||||||||&#8220; header_text_color=&#8220;#F9F3E7&#8243; header_font_size=&#8220;35px&#8220; header_line_height=&#8220;1.8em&#8220; header_text_shadow_style=&#8220;preset1&#8243; global_colors_info=&#8220;{}&#8220;]<\/p>\n<h1 style=\"text-align: center;\"><span>Sand zwischen den Zehen an der Riviera delle Palme;<\/span><\/h1>\n<h1 style=\"text-align: center;\">entdecken Sie die idyllischen Boulevards und das kristallklare Meer.<\/h1>\n<p>[\/et_pb_text][\/et_pb_column][\/et_pb_row][et_pb_row module_class=&#8220;side-by-side-1 &#8220; _builder_version=&#8220;4.26.0&#8243; _module_preset=&#8220;default&#8220; module_alignment=&#8220;center&#8220; custom_margin=&#8220;0px||||false|false&#8220; custom_padding=&#8220;0px|||30%|false|false&#8220; global_colors_info=&#8220;{}&#8220;][et_pb_column type=&#8220;4_4&#8243; _builder_version=&#8220;4.25.1&#8243; _module_preset=&#8220;default&#8220; global_colors_info=&#8220;{}&#8220;][\/et_pb_column][\/et_pb_row][\/et_pb_section][et_pb_section fb_built=&#8220;1&#8243; module_id=&#8220;Stadt&#8220; _builder_version=&#8220;4.25.1&#8243; _module_preset=&#8220;default&#8220; background_color=&#8220;#F9F3E7&#8243; global_colors_info=&#8220;{}&#8220;][et_pb_row module_id=&#8220;strand&#8220; _builder_version=&#8220;4.26.1&#8243; _module_preset=&#8220;default&#8220; custom_margin=&#8220;3vw||||false|false&#8220; global_colors_info=&#8220;{}&#8220;][et_pb_column type=&#8220;4_4&#8243; _builder_version=&#8220;4.25.1&#8243; _module_preset=&#8220;default&#8220; global_colors_info=&#8220;{}&#8220;][et_pb_text _builder_version=&#8220;4.27.5&#8243; _module_preset=&#8220;default&#8220; header_2_font=&#8220;||||||||&#8220; header_2_text_color=&#8220;#442924&#8243; header_2_font_size=&#8220;28px&#8220; header_2_line_height=&#8220;1.3em&#8220; global_colors_info=&#8220;{}&#8220;]<\/p>\n<h2 data-start=\"150\" data-end=\"228\">Str\u00e4nde von Cupra Marittima, Grottammare &amp; San Benedetto del Tronto<\/h2>\n<h3 data-start=\"229\" data-end=\"305\">Sonne, Meer und entspannte Strandtage an der Adriak\u00fcste von Le Marche<\/h3>\n<p>[\/et_pb_text][et_pb_text _builder_version=&#8220;4.27.5&#8243; _module_preset=&#8220;default&#8220; text_font=&#8220;&#8211;et_global_body_font|300|||||||&#8220; header_font=&#8220;|300|||||||&#8220; global_colors_info=&#8220;{}&#8220;]<\/p>\n<p data-start=\"220\" data-end=\"777\">Vom Agriturismo Angeli Sognanti aus sind Ihre F\u00fc\u00dfe innerhalb von 15 Autominuten im Sand. Die Str\u00e4nde von Grottammare, Cupra Marittima und San Benedetto del Tronto bilden zusammen eine elegante K\u00fcstenlinie an der Adria, die als Riviera delle Palme bekannt ist. Diesen Namen verdankt die K\u00fcste ihren langen palmenges\u00e4umten Boulevards und dem entspannten, mediterranen Charakter, der \u00fcberall zu sp\u00fcren ist. Viele Str\u00e4nde in dieser Region tragen auch die Blaue Flagge, eine Auszeichnung f\u00fcr sauberes Meerwasser, gepflegte Str\u00e4nde und Nachhaltigkeit.   <\/p>\n<p data-start=\"779\" data-end=\"1214\">Ob Sie sich f\u00fcr einen ruhigen Strandtag, einen Spaziergang am Meer oder ein Mittagessen mit Blick auf das Wasser entscheiden, hier erleben Sie die Marken von ihrer reinsten und entspanntesten Seite. F\u00fcr diejenigen, die dieses Stranderlebnis mit einem Ort kombinieren m\u00f6chten, an dem Gastfreundschaft und Atmosph\u00e4re im Vordergrund stehen, arbeiten wir mit dem Chalet Borghetto zusammen: ein Strandort, der perfekt zu unserer Art des Genie\u00dfens passt, gem\u00fctlich, rein und aufmerksam f\u00fcr den Moment. <\/p>\n<p>[\/et_pb_text][\/et_pb_column][\/et_pb_row][et_pb_row column_structure=&#8220;1_2,1_2&#8243; module_id=&#8220;belevenissen-stad&#8220; _builder_version=&#8220;4.26.1&#8243; _module_preset=&#8220;default&#8220; custom_margin=&#8220;3vw||||false|false&#8220; global_colors_info=&#8220;{}&#8220;][et_pb_column type=&#8220;1_2&#8243; _builder_version=&#8220;4.25.1&#8243; _module_preset=&#8220;default&#8220; global_colors_info=&#8220;{}&#8220;][et_pb_image src=&#8220;https:\/\/angelisognanti.com\/wp-content\/uploads\/2026\/01\/Agriturismo_Angeli_Sognanti_Borghetto.jpeg&#8220; title_text=&#8220;Agriturismoo_Angeli_Sognanti_Borghetto&#8220; disabled_on=&#8220;off|off|on&#8220; _builder_version=&#8220;4.27.5&#8243; _module_preset=&#8220;default&#8220; global_colors_info=&#8220;{}&#8220;][\/et_pb_image][et_pb_text _builder_version=&#8220;4.27.5&#8243; _module_preset=&#8220;default&#8220; header_2_font=&#8220;||||||||&#8220; header_2_text_color=&#8220;#442924&#8243; header_2_font_size=&#8220;28px&#8220; header_2_line_height=&#8220;1.3em&#8220; global_colors_info=&#8220;{}&#8220;]<\/p>\n<h2 data-start=\"219\" data-end=\"272\">Chalet Borghetto &#8211; Ein Tag am Meer in Le Marche<\/h2>\n<p>[\/et_pb_text][et_pb_text _builder_version=&#8220;4.27.5&#8243; _module_preset=&#8220;default&#8220; text_font=&#8220;&#8211;et_global_body_font|300|||||||&#8220; header_font=&#8220;|300|||||||&#8220; global_colors_info=&#8220;{}&#8220;]<\/p>\n<p data-start=\"274\" data-end=\"610\">W\u00e4hrend Ihres Aufenthalts im Agriturismo Angeli Sognanti sollten Sie sich einen Tag am Meer an der Adriak\u00fcste wirklich nicht entgehen lassen. Direkt am Meer liegt das Chalet Borghetto, ein stimmungsvoller Strandort zwischen Grottammare und Cupra Marittima, wo sich das italienische Strandleben von seiner sch\u00f6nsten Seite zeigt. <\/p>\n<p data-start=\"612\" data-end=\"939\">Wir arbeiten mit dem Chalet Borghetto zusammen, weil wir die gleichen Werte teilen: pers\u00f6nliche Gastfreundschaft, Aufmerksamkeit f\u00fcr Qualit\u00e4t und die Schaffung von entspannenden Momenten, die Ihnen in Erinnerung bleiben. Ein Ort, den wir unseren G\u00e4sten mit \u00dcberzeugung empfehlen, gerade weil er so gut zum Angeli Sognanti Erlebnis passt. <\/p>\n<p data-start=\"941\" data-end=\"1324\">Hier k\u00f6nnen Sie direkt in den weichen Sand spazieren und das klare blaue Meer von Le Marche \u00fcberblicken. Das Chalet Borghetto ist bekannt f\u00fcr seine entspannte Atmosph\u00e4re, sein freundliches Team und seine Liebe zum Detail. Ob Sie sich f\u00fcr einen langen Strandtag mit einem guten Buch, ein erfrischendes Bad im Meer oder ein Mittagessen mit frischem Fisch und lokalen Spezialit\u00e4ten entscheiden, alles hier atmet das Gef\u00fchl von unbeschwertem Urlaub.  <\/p>\n<p data-start=\"1326\" data-end=\"1671\">Dank seiner Lage an der Promenade ist dies der perfekte Ort, um den Tag in aller Ruhe mit einem Cappuccino zu beginnen oder ihn mit einem Aperitivo bei Sonnenuntergang zu beenden. Die Kombination aus Meer, Sonne und authentischer italienischer K\u00fcche macht das Chalet Borghetto zu einem beliebten Ziel f\u00fcr Einheimische und G\u00e4ste des Agriturismo Angeli Sognanti. <\/p>\n<h3 data-start=\"1673\" data-end=\"1714\">Warum wir das Chalet Borghetto empfehlen:<\/h3>\n<ul data-start=\"1715\" data-end=\"2033\">\n<li data-start=\"1715\" data-end=\"1788\">\n<p data-start=\"1717\" data-end=\"1788\">Zusammenarbeit mit Agriturismo Angeli Sognanti: mit Sorgfalt ausgew\u00e4hlt<\/p>\n<\/li>\n<li data-start=\"1789\" data-end=\"1850\">\n<p data-start=\"1791\" data-end=\"1850\">Ideal f\u00fcr einen Tagesausflug ans Meer von Angeli Sognanti aus<\/p>\n<\/li>\n<li data-start=\"1851\" data-end=\"1919\">\n<p data-start=\"1853\" data-end=\"1919\">Direkt an den Sandstr\u00e4nden von Grottammare und Cupra Marittima gelegen<\/p>\n<\/li>\n<li data-start=\"1920\" data-end=\"1984\">\n<p data-start=\"1922\" data-end=\"1984\">Perfekte Mischung aus Entspannung, Strand und lokaler Gastronomie<\/p>\n<\/li>\n<li data-start=\"1985\" data-end=\"2033\">\n<p data-start=\"1987\" data-end=\"2033\">Geeignet f\u00fcr Familien, Paare und Ruhesuchende<\/p>\n<\/li>\n<\/ul>\n<p data-start=\"2035\" data-end=\"2193\">Ein Tag im Chalet Borghetto ist schwer zu planen, man bleibt automatisch l\u00e4nger. Und das ist genau das, was dem Lebenstempo hier in Le Marche so gut entspricht. <\/p>\n<p>[\/et_pb_text][\/et_pb_column][et_pb_column type=&#8220;1_2&#8243; _builder_version=&#8220;4.25.1&#8243; _module_preset=&#8220;default&#8220; global_colors_info=&#8220;{}&#8220;][et_pb_image src=&#8220;https:\/\/angelisognanti.com\/wp-content\/uploads\/2026\/01\/Agriturismo_Angeli_Sognanti_Borghetto.jpeg&#8220; title_text=&#8220;Agriturismoo_Angeli_Sognanti_Borghetto&#8220; disabled_on=&#8220;on|on|off&#8220; _builder_version=&#8220;4.27.5&#8243; _module_preset=&#8220;default&#8220; global_colors_info=&#8220;{}&#8220;][\/et_pb_image][\/et_pb_column][\/et_pb_row][et_pb_row column_structure=&#8220;1_2,1_2&#8243; module_id=&#8220;strand&#8220; _builder_version=&#8220;4.26.1&#8243; _module_preset=&#8220;default&#8220; custom_margin=&#8220;3vw||||false|false&#8220; global_colors_info=&#8220;{}&#8220;][et_pb_column type=&#8220;1_2&#8243; _builder_version=&#8220;4.25.1&#8243; _module_preset=&#8220;default&#8220; global_colors_info=&#8220;{}&#8220;][et_pb_image src=&#8220;https:\/\/angelisognanti.com\/wp-content\/uploads\/2026\/01\/Agriturimo_Angeli_Sognanti_SBdT.png&#8220; title_text=&#8220;Agriturimo_Angeli_Sognanti_SBdT&#8220; disabled_on=&#8220;off|off|off&#8220; _builder_version=&#8220;4.27.5&#8243; _module_preset=&#8220;default&#8220; global_colors_info=&#8220;{}&#8220;][\/et_pb_image][et_pb_image src=&#8220;https:\/\/angelisognanti.com\/wp-content\/uploads\/2026\/01\/Agriturismo_Angeli_Sognanti_Grottammare-2.jpeg&#8220; title_text=&#8220;Agriturismoo_Angeli_Sognanti_Grottammare&#8220; disabled_on=&#8220;on|on|off&#8220; _builder_version=&#8220;4.27.5&#8243; _module_preset=&#8220;default&#8220; hover_enabled=&#8220;0&#8243; global_colors_info=&#8220;{}&#8220; sticky_enabled=&#8220;0&#8243; custom_padding=&#8220;240px||||false|false&#8220;][\/et_pb_image][\/et_pb_column][et_pb_column _builder_version=&#8220;4.27.5&#8243; _module_preset=&#8220;default&#8220; type=&#8220;1_2&#8243;][et_pb_text _builder_version=&#8220;4.27.5&#8243; _module_preset=&#8220;default&#8220; header_2_font=&#8220;||||||||&#8220; header_2_text_color=&#8220;#442924&#8243; header_2_font_size=&#8220;28px&#8220; header_2_line_height=&#8220;1.3em&#8220; global_colors_info=&#8220;{}&#8220;]<\/p>\n<h1 data-path-to-node=\"2\">Die Goldk\u00fcste: Die Str\u00e4nde von <br \/>San Benedetto del Tronto &amp; Grottammare<\/h1>\n<p>[\/et_pb_text][et_pb_text _builder_version=&#8220;4.27.5&#8243; _module_preset=&#8220;default&#8220; text_font=&#8220;&#8211;et_global_body_font|300|||||||&#8220; header_font=&#8220;|300|||||||&#8220; global_colors_info=&#8220;{}&#8220;]<\/p>\n<h2 data-path-to-node=\"3\">Wo Azurblau und Palmengr\u00fcn aufeinandertreffen<\/h2>\n<p data-path-to-node=\"4\">Entlang der Adriak\u00fcste von Le Marche erstreckt sich ein Paradies, das wir bei Angeli Sognanti sehr sch\u00e4tzen: die Riviera delle Palme. Hier gehen die sanften Str\u00e4nde von San Benedetto del Tronto und das malerische Grottammare nahtlos ineinander \u00fcber. Ein K\u00fcstenstreifen, der nicht nur mit der Blauen Flagge f\u00fcr sein sauberes Wasser ausgezeichnet wurde, sondern auch eine Atmosph\u00e4re bietet, die zum Entspannen und Tr\u00e4umen einl\u00e4dt.  <\/p>\n<h2 data-path-to-node=\"6\">San Benedetto del Tronto: Das mundane Meer<\/h2>\n<p data-path-to-node=\"7\">Der Strand von San Benedetto del Tronto ist ein Symbol der italienischen Gr\u00f6\u00dfe. Mit seiner breiten K\u00fcstenlinie und den ikonischen Palmen bietet er eine Kulisse von unvergleichlichem Reiz. <\/p>\n<ul data-path-to-node=\"8\">\n<li>\n<p data-path-to-node=\"8,0,0\">Endlose goldene Sande: Der feine, weiche Sand erstreckt sich \u00fcber Kilometer, ideal f\u00fcr einen Spaziergang am fr\u00fchen Morgen, wenn die Sonne langsam aus dem Meer aufsteigt.<\/p>\n<\/li>\n<li>\n<p data-path-to-node=\"8,1,0\">Die Chalet-Kultur: Die Str\u00e4nde sind \u00fcbers\u00e4t mit stilvollen <i data-path-to-node=\"8,1,0\" data-index-in-node=\"59\">Chalets<\/i>. Diese Strandpavillons bieten nicht nur luxuri\u00f6se Liegen, sondern verwandeln sich am Abend in kulinarische Hotspots, in denen Sie mit den F\u00fc\u00dfen im Sand speisen. <\/p>\n<\/li>\n<li>\n<p data-path-to-node=\"8,2,0\">Eine Augenweide: Die einzigartige Kombination aus dem azurblauen Meer und den Hunderten von Palmen entlang der Uferpromenade wird Ihnen das Gef\u00fchl geben, in einer exotischen Oase gelandet zu sein.<\/p>\n<\/li>\n<\/ul>\n<h2 data-path-to-node=\"9\">Grottammare: die Perle der Adriak\u00fcste<\/h2>\n<p data-path-to-node=\"10\">Nur einen Katzensprung weiter n\u00f6rdlich liegt Grottammare, ein Ort, der f\u00fcr seine raffinierte Sch\u00f6nheit und seinen ruhigen Charakter bekannt ist.<\/p>\n<ul data-path-to-node=\"11\">\n<li>\n<p data-path-to-node=\"11,0,0\">Intime Eleganz: Der Strand von Grottammare verstr\u00f6mt die Atmosph\u00e4re der <i data-path-to-node=\"11,0,0\" data-index-in-node=\"68\">Belle \u00c9poque<\/i>. Die sch\u00f6nen Liberty-Villen blicken auf das Meer und verleihen der K\u00fcste einen aristokratischen und zeitlosen Charakter. <\/p>\n<\/li>\n<li>\n<p data-path-to-node=\"11,1,0\">Flach und klar: Dank der flachen Uferlinie und dem kristallklaren Meer ist dieser Strand ein Paradies f\u00fcr alle, die in Ruhe schwimmen oder sich treiben lassen m\u00f6chten.<\/p>\n<\/li>\n<li>\n<p data-path-to-node=\"11,2,0\">Eine romantische Kulisse: Wo San Benedetto del Tronte sprudelt, fl\u00fcstert Grottammare. Es ist der perfekte Ort f\u00fcr diejenigen, die ein intimeres Stranderlebnis suchen, umgeben von \u00fcppigem Oleander und Orangenb\u00e4umen. <\/p>\n<\/li>\n<\/ul>\n<h2 data-path-to-node=\"13\">Zwei Welten, eine K\u00fcste<\/h2>\n<p data-path-to-node=\"14\">Ob Sie sich f\u00fcr die pulsierende Energie von San Benedetto del Tronto oder die ruhige Sch\u00f6nheit von Grottammare entscheiden, beide Str\u00e4nde sind durch einen sch\u00f6nen Wander- und Radweg entlang der Brandung verbunden. Hier k\u00f6nnen Sie die gesunde Meeresluft, das beruhigende Rauschen der Wellen und das unvergleichliche Licht der italienischen K\u00fcste genie\u00dfen. <\/p>\n<blockquote data-path-to-node=\"15\">\n<p data-path-to-node=\"15,0\"><i data-path-to-node=\"15,0\" data-index-in-node=\"0\">&#8222;Es gibt keinen besseren Ort, um die Zeit zu vergessen, als dort, wo der Sand Ihre F\u00fc\u00dfe ber\u00fchrt und der Horizont Ihren Tr\u00e4umen freien Lauf l\u00e4sst.&#8220;<\/i><\/p>\n<\/blockquote>\n<p>[\/et_pb_text][\/et_pb_column][\/et_pb_row][et_pb_row column_structure=&#8220;1_2,1_2&#8243; module_id=&#8220;natuur&#8220; _builder_version=&#8220;4.25.1&#8243; _module_preset=&#8220;default&#8220; custom_margin=&#8220;3vw|auto|6px|auto|false|false&#8220; global_colors_info=&#8220;{}&#8220;][et_pb_column type=&#8220;1_2&#8243; _builder_version=&#8220;4.25.1&#8243; _module_preset=&#8220;default&#8220; global_colors_info=&#8220;{}&#8220;][et_pb_image src=&#8220;https:\/\/angelisognanti.com\/wp-content\/uploads\/2026\/01\/Agriturismo_Angeli_Sognanti_Dogbeach-1.jpeg&#8220; title_text=&#8220;Agriturismo_Angeli_Sognanti_Dogbeach&#8220; disabled_on=&#8220;off|off|on&#8220; _builder_version=&#8220;4.27.5&#8243; _module_preset=&#8220;default&#8220; global_colors_info=&#8220;{}&#8220;][\/et_pb_image][et_pb_text _builder_version=&#8220;4.27.5&#8243; _module_preset=&#8220;default&#8220; header_2_font=&#8220;||||||||&#8220; header_2_text_color=&#8220;#442924&#8243; header_2_font_size=&#8220;28px&#8220; header_2_line_height=&#8220;1.3em&#8220; global_colors_info=&#8220;{}&#8220;]<\/p>\n<h1 data-path-to-node=\"3\">Hundestr\u00e4nde an der Riviera delle Palme<\/h1>\n<p>[\/et_pb_text][et_pb_text _builder_version=&#8220;4.27.5&#8243; _module_preset=&#8220;default&#8220; text_font=&#8220;&#8211;et_global_body_font|300|||||||&#8220; header_font=&#8220;|300|||||||&#8220; global_colors_info=&#8220;{}&#8220;]<\/p>\n<p data-path-to-node=\"5\">San Benedetto del Tronto und Grottammare verf\u00fcgen \u00fcber eigene Strandabschnitte, an denen Hunde frei laufen, Kontakte kn\u00fcpfen und manchmal sogar ein erfrischendes Bad in der Adria nehmen k\u00f6nnen.<\/p>\n<h3 data-path-to-node=\"6\">San Benedetto del Tronto:<\/h3>\n<p data-path-to-node=\"7\">Im s\u00fcdlichen Teil dieses belebten Ferienortes finden Sie ein besonderes Paradies f\u00fcr Hunde.<\/p>\n<ul data-path-to-node=\"8\">\n<li>\n<p data-path-to-node=\"8,0,0\">Spiaggia Libera per Cani: In der N\u00e4he der Nordseite des Hafens befindet sich ein gro\u00dfer, kostenloser Strand. Hier k\u00f6nnen Hunde unter Aufsicht den Sand und das Wasser genie\u00dfen. <\/p>\n<\/li>\n<li>\n<p data-path-to-node=\"8,1,0\">Platz und Einrichtungen: Es gibt viel Platz zum Apportieren, und in der ungezwungenen Atmosph\u00e4re f\u00fchlen sich Hund und Herrchen gleich wie zu Hause.<\/p>\n<\/li>\n<li>\n<p data-path-to-node=\"8,2,0\">Spazierengehen unter den Palmen: Die breite Promenade eignet sich hervorragend f\u00fcr einen gemeinsamen Spaziergang, wenn Sie angeleint sind, und die vielen Trinkbrunnen bieten eine willkommene Erfrischung auf dem Weg.<\/p>\n<\/li>\n<\/ul>\n<h3 data-path-to-node=\"9\">Grottammare:<\/h3>\n<p data-path-to-node=\"10\">Grottammare ist bekannt f\u00fcr seine Ruhe und die Liebe zum Detail, und das gilt auch f\u00fcr seine Einrichtungen f\u00fcr Haustiere.<\/p>\n<p data-path-to-node=\"10\">\n<ul>\n<li data-path-to-node=\"10\">Hundestrand: Auf der S\u00fcdseite der Stadt, in Richtung San Benedetto del Tronto, gibt es eine offiziell ausgewiesene Hundezone. Dieser Strand ist eingez\u00e4unt und vermittelt ein sicheres Gef\u00fchl. <\/li>\n<li>\n<p data-path-to-node=\"11,1,0\">Das klare Meer: Hier ist das Wasser oft ruhig und seicht, ideal f\u00fcr Hunde, die sanft an das Meer herangef\u00fchrt werden wollen.<\/p>\n<\/li>\n<li>\n<p data-path-to-node=\"11,2,0\">Schatten und Ruhe: Die nahe gelegene Vegetation und die ruhige Lage machen diesen Ort zu einem beliebten Ziel f\u00fcr diejenigen, die die Hitze des Tages vermeiden und die K\u00fcste in Ruhe genie\u00dfen m\u00f6chten.<\/p>\n<\/li>\n<\/ul>\n<p>[\/et_pb_text][\/et_pb_column][et_pb_column type=&#8220;1_2&#8243; _builder_version=&#8220;4.25.1&#8243; _module_preset=&#8220;default&#8220; global_colors_info=&#8220;{}&#8220;][et_pb_image src=&#8220;https:\/\/angelisognanti.com\/wp-content\/uploads\/2026\/01\/Agriturismo_Angeli_Sognanti_Dogbeach-1.jpeg&#8220; title_text=&#8220;Agriturismo_Angeli_Sognanti_Dogbeach&#8220; disabled_on=&#8220;on|on|off&#8220; _builder_version=&#8220;4.27.5&#8243; _module_preset=&#8220;default&#8220; global_colors_info=&#8220;{}&#8220;][\/et_pb_image][\/et_pb_column][\/et_pb_row][et_pb_row module_class=&#8220;side-by-side-1&#8243; _builder_version=&#8220;4.25.1&#8243; _module_preset=&#8220;default&#8220; custom_margin=&#8220;0px||0px||true|false&#8220; custom_padding=&#8220;0px||3vw||false|false&#8220; global_colors_info=&#8220;{}&#8220;][et_pb_column type=&#8220;4_4&#8243; _builder_version=&#8220;4.25.1&#8243; _module_preset=&#8220;default&#8220; global_colors_info=&#8220;{}&#8220;][et_pb_button button_url=&#8220;https:\/\/angelisognanti.com\/de\/buchen-2\/#verblijf&#8220; button_text=&#8220;jetzt buchen&#8220; button_alignment=&#8220;right&#8220; _builder_version=&#8220;4.27.5&#8243; _module_preset=&#8220;default&#8220; global_colors_info=&#8220;{}&#8220;][\/et_pb_button][\/et_pb_column][\/et_pb_row][\/et_pb_section][et_pb_section fb_built=&#8220;1&#8243; _builder_version=&#8220;4.25.1&#8243; _module_preset=&#8220;default&#8220; background_color=&#8220;#51664D&#8220; custom_margin=&#8220;||||false|false&#8220; custom_padding=&#8220;||||false|false&#8220; global_colors_info=&#8220;{}&#8220;][et_pb_row column_structure=&#8220;2_5,3_5&#8243; _builder_version=&#8220;4.25.1&#8243; _module_preset=&#8220;default&#8220; custom_padding=&#8220;||||false|false&#8220; global_colors_info=&#8220;{}&#8220;][et_pb_column type=&#8220;2_5&#8243; _builder_version=&#8220;4.25.1&#8243; _module_preset=&#8220;default&#8220; global_colors_info=&#8220;{}&#8220;][et_pb_image src=&#8220;https:\/\/angelisognanti.com\/wp-content\/uploads\/2024\/06\/Angeli-Sognanti_Blokjespatroon-2.jpg&#8220; title_text=&#8220;Angeli Sognanti_Blockmuster (2)&#8220; _builder_version=&#8220;4.25.1&#8243; _module_preset=&#8220;default&#8220; transform_scale=&#8220;142%|142%&#8220; transform_translate=&#8220;-172px|-57px&#8220; global_colors_info=&#8220;{}&#8220;][\/et_pb_image][\/et_pb_column][et_pb_column type=&#8220;3_5&#8243; _builder_version=&#8220;4.25.1&#8243; _module_preset=&#8220;default&#8220; global_colors_info=&#8220;{}&#8220;][et_pb_text _builder_version=&#8220;4.27.5&#8243; _module_preset=&#8220;default&#8220; text_text_color=&#8220;#F9F3E7&#8243; link_text_color=&#8220;#F9F3E7&#8243; header_4_text_color=&#8220;#F9F3E7&#8243; header_4_font_size=&#8220;25px&#8220; header_4_line_height=&#8220;1.2em&#8220; width=&#8220;85%&#8220; global_colors_info=&#8220;{}&#8220;]<\/p>\n<h4>Wo die goldgelbe K\u00fcste das azurblaue Meer k\u00fcsst, beginnt das endlose Vergn\u00fcgen.<\/h4>\n<p>[\/et_pb_text][\/et_pb_column][\/et_pb_row][\/et_pb_section]<\/p>\n","protected":false},"excerpt":{"rendered":"<p>Sand zwischen den Zehen an der Riviera delle Palme; entdecken Sie die idyllischen Boulevards und das kristallklare Meer.Sand zwischen den Zehen an der Riviera delle Palme; entdecken Sie die idyllischen Boulevards und das kristallklare Meer.Str\u00e4nde von Cupra Marittima, Grottammare &amp; San Benedetto del Tronto Sonne, Meer und entspannte Strandtage an der Adriak\u00fcste von Le MarcheVom [&hellip;]<\/p>\n","protected":false},"author":6,"featured_media":0,"parent":0,"menu_order":0,"comment_status":"closed","ping_status":"closed","template":"","meta":{"_et_pb_use_builder":"on","_et_pb_old_content":"","_et_gb_content_width":"","footnotes":""},"class_list":["post-5616","page","type-page","status-publish","hentry"],"_links":{"self":[{"href":"https:\/\/angelisognanti.com\/de\/wp-json\/wp\/v2\/pages\/5616","targetHints":{"allow":["GET"]}}],"collection":[{"href":"https:\/\/angelisognanti.com\/de\/wp-json\/wp\/v2\/pages"}],"about":[{"href":"https:\/\/angelisognanti.com\/de\/wp-json\/wp\/v2\/types\/page"}],"author":[{"embeddable":true,"href":"https:\/\/angelisognanti.com\/de\/wp-json\/wp\/v2\/users\/6"}],"replies":[{"embeddable":true,"href":"https:\/\/angelisognanti.com\/de\/wp-json\/wp\/v2\/comments?post=5616"}],"version-history":[{"count":0,"href":"https:\/\/angelisognanti.com\/de\/wp-json\/wp\/v2\/pages\/5616\/revisions"}],"wp:attachment":[{"href":"https:\/\/angelisognanti.com\/de\/wp-json\/wp\/v2\/media?parent=5616"}],"curies":[{"name":"wp","href":"https:\/\/api.w.org\/{rel}","templated":true}]}}