{"id":5568,"date":"2026-01-06T14:31:36","date_gmt":"2026-01-06T13:31:36","guid":{"rendered":"https:\/\/angelisognanti.com\/maerkte\/"},"modified":"2026-01-08T18:26:18","modified_gmt":"2026-01-08T17:26:18","slug":"maerkte","status":"publish","type":"page","link":"https:\/\/angelisognanti.com\/de\/maerkte\/","title":{"rendered":"M\u00e4rkte"},"content":{"rendered":"<p>[et_pb_section fb_built=&#8220;1&#8243; _builder_version=&#8220;4.27.5&#8243; _module_preset=&#8220;default&#8220; background_enable_color=&#8220;off&#8220; use_background_color_gradient=&#8220;on&#8220; background_color_gradient_stops=&#8220;rgba(68,41,36,0.33) 0%|rgba(68,41,36,0.15) 100%&#8220; background_color_gradient_overlays_image=&#8220;on&#8220; background_image=&#8220;https:\/\/angelisognanti.com\/wp-content\/uploads\/2026\/01\/Markt2.jpeg&#8220; background_position=&#8220;bottom_center&#8220; min_height=&#8220;700px&#8220; global_colors_info=&#8220;{}&#8220;][et_pb_row _builder_version=&#8220;4.26.0&#8243; _module_preset=&#8220;default&#8220; custom_margin=&#8220;10vw||||false|false&#8220; custom_margin_tablet=&#8220;10vw||||false|false&#8220; custom_margin_phone=&#8220;15vw||||false|false&#8220; custom_margin_last_edited=&#8220;on|phone&#8220; global_colors_info=&#8220;{}&#8220;][et_pb_column type=&#8220;4_4&#8243; _builder_version=&#8220;4.25.1&#8243; _module_preset=&#8220;default&#8220; global_colors_info=&#8220;{}&#8220;][et_pb_text disabled_on=&#8220;off|off|on&#8220; _builder_version=&#8220;4.27.5&#8243; _module_preset=&#8220;default&#8220; text_font=&#8220;Charmonman||||||||&#8220; text_text_color=&#8220;#F9F3E7&#8243; text_font_size=&#8220;35px&#8220; text_line_height=&#8220;1.8em&#8220; header_font=&#8220;Charmonman||||||||&#8220; header_text_color=&#8220;#F9F3E7&#8243; header_font_size=&#8220;32px&#8220; header_line_height=&#8220;1.4em&#8220; custom_margin=&#8220;6vw||||false|false&#8220; header_text_shadow_style=&#8220;preset1&#8243; global_colors_info=&#8220;{}&#8220;]<\/p>\n<h1 style=\"text-align: center;\"><span>M\u00e4rkte in Le Marche: Eine farbenfrohe Begegnung mit der Tradition<\/span><\/h1>\n<p>&nbsp;<\/p>\n<p>[\/et_pb_text][et_pb_text disabled_on=&#8220;on|on|off&#8220; _builder_version=&#8220;4.27.5&#8243; _module_preset=&#8220;default&#8220; text_font=&#8220;Charmonman||||||||&#8220; text_text_color=&#8220;#F9F3E7&#8243; text_font_size=&#8220;35px&#8220; text_line_height=&#8220;1.8em&#8220; header_font=&#8220;Charmonman||||||||&#8220; header_text_color=&#8220;#F9F3E7&#8243; header_font_size=&#8220;35px&#8220; header_line_height=&#8220;1.8em&#8220; header_text_shadow_style=&#8220;preset1&#8243; global_colors_info=&#8220;{}&#8220;]<\/p>\n<h1 style=\"text-align: center;\"><span>M\u00e4rkte in Le Marche: Eine farbenfrohe Begegnung mit der Tradition<\/span><\/h1>\n<p>[\/et_pb_text][\/et_pb_column][\/et_pb_row][et_pb_row module_class=&#8220;side-by-side-1 &#8220; _builder_version=&#8220;4.26.0&#8243; _module_preset=&#8220;default&#8220; module_alignment=&#8220;center&#8220; custom_margin=&#8220;0px||||false|false&#8220; custom_padding=&#8220;0px|||30%|false|false&#8220; global_colors_info=&#8220;{}&#8220;][et_pb_column type=&#8220;4_4&#8243; _builder_version=&#8220;4.25.1&#8243; _module_preset=&#8220;default&#8220; global_colors_info=&#8220;{}&#8220;][\/et_pb_column][\/et_pb_row][\/et_pb_section][et_pb_section fb_built=&#8220;1&#8243; module_id=&#8220;Stadt&#8220; _builder_version=&#8220;4.25.1&#8243; _module_preset=&#8220;default&#8220; background_color=&#8220;#F9F3E7&#8243; global_colors_info=&#8220;{}&#8220;][et_pb_row module_id=&#8220;strand&#8220; _builder_version=&#8220;4.26.1&#8243; _module_preset=&#8220;default&#8220; custom_margin=&#8220;3vw||||false|false&#8220; global_colors_info=&#8220;{}&#8220;][et_pb_column type=&#8220;4_4&#8243; _builder_version=&#8220;4.25.1&#8243; _module_preset=&#8220;default&#8220; global_colors_info=&#8220;{}&#8220;][et_pb_text _builder_version=&#8220;4.27.5&#8243; _module_preset=&#8220;default&#8220; header_2_font=&#8220;||||||||&#8220; header_2_text_color=&#8220;#442924&#8243; header_2_font_size=&#8220;28px&#8220; header_2_line_height=&#8220;1.3em&#8220; global_colors_info=&#8220;{}&#8220;]<\/p>\n<h2 data-path-to-node=\"2\">Schmecken Sie den Rhythmus der Region<\/h2>\n<h3 data-start=\"229\" data-end=\"305\">Entdecken Sie D\u00fcfte, Farben und lokale Sch\u00e4tze auf den M\u00e4rkten von Le Marche<i data-path-to-node=\"10,1\" data-index-in-node=\"0\"><\/i><\/h3>\n<p>[\/et_pb_text][et_pb_text _builder_version=&#8220;4.27.5&#8243; _module_preset=&#8220;default&#8220; text_font=&#8220;&#8211;et_global_body_font|300|||||||&#8220; header_font=&#8220;|300|||||||&#8220; global_colors_info=&#8220;{}&#8220;]<\/p>\n<p data-path-to-node=\"3\">Wenn Sie die Ruhe und den Frieden unseres Agriturismo gegen das lebhafte Treiben eines lokalen Marktes eintauschen, entdecken Sie das wahre pulsierende Herz von Le Marche. Es ist der Ort, an dem sich das t\u00e4gliche Leben abspielt. Wenn Sie zwischen den St\u00e4nden umherschlendern, umgibt Sie der Duft von frischem Pecorino-K\u00e4se, die tiefrote Farbe der lokalen Tomaten und die begeisterten Stimmen der H\u00e4ndler, die stolz ihre Waren anpreisen.  <\/p>\n<p data-path-to-node=\"4\">Ob Sie nun auf der Suche nach der einen perfekten Flasche Oliven\u00f6l sind, nach handgefertigten Lederwaren oder einfach nur einen Cappucino genie\u00dfen wollen, w\u00e4hrend die Welt an Ihnen vorbeizieht, auf dem Markt f\u00fchlen Sie sich f\u00fcr einen Moment nicht wie ein Tourist, sondern wie ein Teil unserer Region. Es ist eine Zeit, um sich zu entspannen, zu schauen und all die Sch\u00f6nheit zu kosten, die die Saison zu bieten hat. <\/p>\n<p>[\/et_pb_text][\/et_pb_column][\/et_pb_row][et_pb_row column_structure=&#8220;1_2,1_2&#8243; module_id=&#8220;belevenissen-stad&#8220; _builder_version=&#8220;4.26.1&#8243; _module_preset=&#8220;default&#8220; custom_margin=&#8220;3vw||||false|false&#8220; global_colors_info=&#8220;{}&#8220;][et_pb_column type=&#8220;1_2&#8243; _builder_version=&#8220;4.25.1&#8243; _module_preset=&#8220;default&#8220; global_colors_info=&#8220;{}&#8220;][et_pb_image src=&#8220;https:\/\/angelisognanti.com\/wp-content\/uploads\/2026\/01\/Agriturismo_Angeli_Sognanti_Mercato2.jpeg&#8220; title_text=&#8220;Agriturismoo_Angeli_Sognanti_Mercato2&#8243; disabled_on=&#8220;off|off|on&#8220; _builder_version=&#8220;4.27.5&#8243; _module_preset=&#8220;default&#8220; global_colors_info=&#8220;{}&#8220;][\/et_pb_image][et_pb_text _builder_version=&#8220;4.27.5&#8243; _module_preset=&#8220;default&#8220; header_2_font=&#8220;||||||||&#8220; header_2_text_color=&#8220;#442924&#8243; header_2_font_size=&#8220;28px&#8220; header_2_line_height=&#8220;1.3em&#8220; global_colors_info=&#8220;{}&#8220;]<\/p>\n<h2 data-start=\"219\" data-end=\"272\">Wochenm\u00e4rkte<\/h2>\n<p>[\/et_pb_text][et_pb_text _builder_version=&#8220;4.27.5&#8243; _module_preset=&#8220;default&#8220; text_font=&#8220;&#8211;et_global_body_font|300|||||||&#8220; header_font=&#8220;|300|||||||&#8220; global_colors_info=&#8220;{}&#8220;]<\/p>\n<h3 data-path-to-node=\"3\"><b data-path-to-node=\"3\" data-index-in-node=\"0\">Unsere liebsten Wochenm\u00e4rkte<\/b><\/h3>\n<p data-path-to-node=\"3\">Entdecken Sie die lokalen Geschm\u00e4cker und Traditionen von Le Marche.<\/p>\n<ul data-path-to-node=\"4\">\n<li>\n<p data-path-to-node=\"4,0,0\"><b data-path-to-node=\"4,0,0\" data-index-in-node=\"0\">Dienstag &amp; Freitag &#8211; San Benedetto del Tronto<\/b> Ein gro\u00dfer, lebhafter Markt mit allem, was das Herz begehrt, von Mode bis zu frischen lokalen Produkten.<\/p>\n<\/li>\n<li>\n<p data-path-to-node=\"4,1,0\"><b data-path-to-node=\"4,1,0\" data-index-in-node=\"0\">Mittwoch &amp; Samstag &#8211; Ascoli Piceno<\/b> Ein stimmungsvoller Markt in der historischen Stadt. <i data-path-to-node=\"4,1,0\" data-index-in-node=\"81\">Tipp: Verpassen Sie samstags nicht den Obst- und Gem\u00fcsemarkt unter den Arkaden in der N\u00e4he des kultigen Caff\u00e8 Meletti.<\/i><\/p>\n<\/li>\n<li>\n<p data-path-to-node=\"4,2,0\"><b data-path-to-node=\"4,2,0\" data-index-in-node=\"0\">Donnerstag &#8211; Offida &amp; Grottammare<\/b> In Offida finden Sie einen authentischen Markt voller lokaler Spezialit\u00e4ten. In Grottammare erwartet Sie ein kleinerer, intimer Markt in der N\u00e4he des Meeres. <\/p>\n<\/li>\n<li>\n<p data-path-to-node=\"4,3,0\"><b data-path-to-node=\"4,3,0\" data-index-in-node=\"0\">Samstag &#8211; Civitanova Marche<\/b> Einer der gr\u00f6\u00dften und vielseitigsten M\u00e4rkte der Region.  <i data-path-to-node=\"4,3,0\" data-index-in-node=\"91\">Tipp: Gehen Sie um die Mittagszeit in die Fischhalle gegen\u00fcber dem Hafen. Setzen Sie sich an die langen Tische und genie\u00dfen Sie frisch gebratenen Fisch mit einem k\u00fchlen Glas Pecorino-Wein aus der Region. <\/i><\/p>\n<\/li>\n<\/ul>\n<p>[\/et_pb_text][\/et_pb_column][et_pb_column type=&#8220;1_2&#8243; _builder_version=&#8220;4.25.1&#8243; _module_preset=&#8220;default&#8220; global_colors_info=&#8220;{}&#8220;][et_pb_image src=&#8220;https:\/\/angelisognanti.com\/wp-content\/uploads\/2026\/01\/Agriturismo_Angeli_Sognanti_Mercato2.jpeg&#8220; title_text=&#8220;Agriturismoo_Angeli_Sognanti_Mercato2&#8243; disabled_on=&#8220;on|on|off&#8220; _builder_version=&#8220;4.27.5&#8243; _module_preset=&#8220;default&#8220; global_colors_info=&#8220;{}&#8220;][\/et_pb_image][\/et_pb_column][\/et_pb_row][et_pb_row column_structure=&#8220;1_2,1_2&#8243; module_id=&#8220;strand&#8220; _builder_version=&#8220;4.26.1&#8243; _module_preset=&#8220;default&#8220; custom_margin=&#8220;3vw||||false|false&#8220; global_colors_info=&#8220;{}&#8220;][et_pb_column type=&#8220;1_2&#8243; _builder_version=&#8220;4.25.1&#8243; _module_preset=&#8220;default&#8220; global_colors_info=&#8220;{}&#8220;][et_pb_image src=&#8220;https:\/\/angelisognanti.com\/wp-content\/uploads\/2026\/01\/Antiekmarkt.jpeg&#8220; title_text=&#8220;Agriturismo-Angeli-Sognanti-Antikmarkt&#8220; disabled_on=&#8220;off|off|off&#8220; _builder_version=&#8220;4.27.5&#8243; _module_preset=&#8220;default&#8220; global_colors_info=&#8220;{}&#8220;][\/et_pb_image][\/et_pb_column][et_pb_column type=&#8220;1_2&#8243; _builder_version=&#8220;4.25.1&#8243; _module_preset=&#8220;default&#8220; global_colors_info=&#8220;{}&#8220;][et_pb_text _builder_version=&#8220;4.27.5&#8243; _module_preset=&#8220;default&#8220; header_2_font=&#8220;||||||||&#8220; header_2_text_color=&#8220;#442924&#8243; header_2_font_size=&#8220;28px&#8220; header_2_line_height=&#8220;1.3em&#8220; global_colors_info=&#8220;{}&#8220;]<\/p>\n<h2 data-start=\"219\" data-end=\"272\">Abendm\u00e4rkte<b data-path-to-node=\"6\" data-index-in-node=\"0\"><\/b><\/h2>\n<p>[\/et_pb_text][et_pb_text _builder_version=&#8220;4.27.5&#8243; _module_preset=&#8220;default&#8220; text_font=&#8220;&#8211;et_global_body_font|300|||||||&#8220; header_font=&#8220;|300|||||||&#8220; global_colors_info=&#8220;{}&#8220;]<\/p>\n<h3 data-path-to-node=\"3\"><b data-path-to-node=\"3\" data-index-in-node=\"0\">Laue Sommerabende: M\u00e4rkte unter den Sternen<\/b><\/h3>\n<p data-path-to-node=\"4\">Im Juli und August, wenn die gr\u00f6\u00dfte Hitze des Tages verschwindet, werden die Pl\u00e4tze richtig lebendig. Die Abendm\u00e4rkte in Le Marche sind magisch: die historischen Geb\u00e4ude sind wundersch\u00f6n beleuchtet und die Atmosph\u00e4re ist entspannt und festlich. <\/p>\n<ul data-path-to-node=\"5\">\n<li>\n<p data-path-to-node=\"5,0,0\"><b data-path-to-node=\"5,0,0\" data-index-in-node=\"0\">Jeden Abend &#8211; San Benedetto del Tronto<\/b> Entlang der kilometerlangen Promenade und im Zentrum finden Sie jeden Sommerabend gem\u00fctliche St\u00e4nde. Perfekt f\u00fcr einen gem\u00fctlichen Spaziergang am Meer, bei dem Sie Souvenirs, handgefertigten Schmuck und lokalen Nippes finden k\u00f6nnen. <\/p>\n<\/li>\n<li>\n<p data-path-to-node=\"5,1,0\"><b data-path-to-node=\"5,1,0\" data-index-in-node=\"0\">Mittwochabend &#8211; Acquaviva Picena<\/b> Im Schatten des beeindruckenden Schlosses findet im Juli und August mittwochabends der Kunsthandwerkermarkt statt. Dieses Dorf ist ber\u00fchmt f\u00fcr seine Korbwaren (pajarola), so dass Sie hier wundersch\u00f6ne handgefertigte K\u00f6rbe und Kunstwerke finden. <\/p>\n<\/li>\n<li>\n<p data-path-to-node=\"5,3,0\"><b data-path-to-node=\"5,3,0\" data-index-in-node=\"0\">Freitagabend &#8211; Offida (Mercatino del Serpente Aureo)<\/b> Ein stimmungsvoller Markt, auf dem das lokale Handwerk im Mittelpunkt steht. Oft sieht man hier noch Damen die Stra\u00dfen flicken, ein sch\u00f6ner Anblick vor der Kulisse des mittelalterlichen Platzes. <\/p>\n<\/li>\n<\/ul>\n<p>[\/et_pb_text][\/et_pb_column][\/et_pb_row][et_pb_row column_structure=&#8220;1_2,1_2&#8243; module_id=&#8220;natuur&#8220; _builder_version=&#8220;4.25.1&#8243; _module_preset=&#8220;default&#8220; custom_margin=&#8220;3vw||||false|false&#8220; global_colors_info=&#8220;{}&#8220;][et_pb_column type=&#8220;1_2&#8243; _builder_version=&#8220;4.25.1&#8243; _module_preset=&#8220;default&#8220; global_colors_info=&#8220;{}&#8220;][et_pb_image src=&#8220;https:\/\/angelisognanti.com\/wp-content\/uploads\/2026\/01\/Antiekmarkt-Ascoli.jpeg&#8220; title_text=&#8220;Agriturismo-Angeli-Sognanti-Antikmarkt Ascoli&#8220; disabled_on=&#8220;off|off|on&#8220; _builder_version=&#8220;4.27.5&#8243; _module_preset=&#8220;default&#8220; global_colors_info=&#8220;{}&#8220;][\/et_pb_image][et_pb_text _builder_version=&#8220;4.27.5&#8243; _module_preset=&#8220;default&#8220; header_2_font=&#8220;||||||||&#8220; header_2_text_color=&#8220;#442924&#8243; header_2_font_size=&#8220;28px&#8220; header_2_line_height=&#8220;1.3em&#8220; global_colors_info=&#8220;{}&#8220;]<\/p>\n<h1 data-path-to-node=\"3\">Antike M\u00e4rkte<\/h1>\n<h3 data-path-to-node=\"2\"><\/h3>\n<p>[\/et_pb_text][et_pb_text _builder_version=&#8220;4.27.5&#8243; _module_preset=&#8220;default&#8220; text_font=&#8220;&#8211;et_global_body_font|300|||||||&#8220; header_font=&#8220;|300|||||||&#8220; global_colors_info=&#8220;{}&#8220;]<\/p>\n<h3 data-path-to-node=\"3\"><b data-path-to-node=\"3\" data-index-in-node=\"0\">Antiquit\u00e4tenm\u00e4rkte &amp; Kuriosit\u00e4ten<\/b><\/h3>\n<p data-path-to-node=\"4\">F\u00fcr Liebhaber von Vintage, Antiquit\u00e4ten und verborgenen Sch\u00e4tzen gibt es in unserer Region einige absolute Highlights. Denken Sie daran, dass diese M\u00e4rkte oft gro\u00df sind und den ganzen Tag (und manchmal auch den Abend) dauern. <\/p>\n<ul data-path-to-node=\"5\">\n<li>\n<p data-path-to-node=\"5,0,0\"><b data-path-to-node=\"5,0,0\" data-index-in-node=\"0\">Ascoli Piceno &#8211; Jeden 3. Samstag und Sonntag im Monat<\/b> Dies ist einer der bekanntesten Antiquit\u00e4tenm\u00e4rkte Italiens. Die sch\u00f6nen Pl\u00e4tze von Ascoli f\u00fcllen sich mit hochwertigen Antiquit\u00e4ten, Kunst und Sammlerst\u00fccken.   <i data-path-to-node=\"5,0,0\" data-index-in-node=\"215\">Hinweis: In den Monaten Juli, August und September macht dieser Markt eine Sommerpause.<\/i><\/p>\n<\/li>\n<li>\n<p data-path-to-node=\"5,1,0\"><b data-path-to-node=\"5,1,0\" data-index-in-node=\"0\">Fermo &#8211; Jeden Donnerstagabend im Juli und August<\/b> ist der <i data-path-to-node=\"5,1,0\" data-index-in-node=\"51\">Mostra Mercato dell&#8217;Antiquariato<\/i> ein fester Begriff. W\u00e4hrend die Sonne hinter den H\u00fcgeln versinkt, k\u00f6nnen Sie in den stimmungsvollen Stra\u00dfen rund um die Piazza del Popolo zwischen antiken B\u00fcchern, M\u00f6beln und Vintage-Design st\u00f6bern. <\/p>\n<\/li>\n<li>\n<p data-path-to-node=\"5,2,0\"><b data-path-to-node=\"5,2,0\" data-index-in-node=\"0\">San Benedetto del Tronto &#8211; L&#8217;Antico e le Palme<\/b> Dieser gro\u00dfe Antiquit\u00e4tenmarkt findet zweimal im Jahr unter den tausend Palmen an der Promenade und den Einkaufsstra\u00dfen statt. Er findet normalerweise am letzten Wochenende im Juni und um den 20. August herum statt. Es ist der perfekte Ort f\u00fcr einen Sommerfund.  <\/p>\n<\/li>\n<\/ul>\n<p>[\/et_pb_text][\/et_pb_column][et_pb_column type=&#8220;1_2&#8243; _builder_version=&#8220;4.25.1&#8243; _module_preset=&#8220;default&#8220; global_colors_info=&#8220;{}&#8220;][et_pb_image src=&#8220;https:\/\/angelisognanti.com\/wp-content\/uploads\/2026\/01\/Antiekmarkt-Ascoli.jpeg&#8220; title_text=&#8220;Agriturismo-Angeli-Sognanti-Antikmarkt Ascoli&#8220; disabled_on=&#8220;on|on|off&#8220; _builder_version=&#8220;4.27.5&#8243; _module_preset=&#8220;default&#8220; global_colors_info=&#8220;{}&#8220;][\/et_pb_image][\/et_pb_column][\/et_pb_row][\/et_pb_section][et_pb_section fb_built=&#8220;1&#8243; _builder_version=&#8220;4.25.1&#8243; _module_preset=&#8220;default&#8220; background_color=&#8220;#51664D&#8220; custom_margin=&#8220;||||false|false&#8220; custom_padding=&#8220;||||false|false&#8220; global_colors_info=&#8220;{}&#8220;][et_pb_row column_structure=&#8220;2_5,3_5&#8243; _builder_version=&#8220;4.25.1&#8243; _module_preset=&#8220;default&#8220; custom_padding=&#8220;||||false|false&#8220; global_colors_info=&#8220;{}&#8220;][et_pb_column type=&#8220;2_5&#8243; _builder_version=&#8220;4.25.1&#8243; _module_preset=&#8220;default&#8220; global_colors_info=&#8220;{}&#8220;][et_pb_image src=&#8220;https:\/\/angelisognanti.com\/wp-content\/uploads\/2024\/06\/Angeli-Sognanti_Blokjespatroon-2.jpg&#8220; title_text=&#8220;Angeli Sognanti_Blockmuster (2)&#8220; _builder_version=&#8220;4.25.1&#8243; _module_preset=&#8220;default&#8220; transform_scale=&#8220;142%|142%&#8220; transform_translate=&#8220;-172px|-57px&#8220; global_colors_info=&#8220;{}&#8220;][\/et_pb_image][\/et_pb_column][et_pb_column type=&#8220;3_5&#8243; _builder_version=&#8220;4.25.1&#8243; _module_preset=&#8220;default&#8220; global_colors_info=&#8220;{}&#8220;][et_pb_text _builder_version=&#8220;4.27.5&#8243; _module_preset=&#8220;default&#8220; text_text_color=&#8220;#F9F3E7&#8243; link_text_color=&#8220;#F9F3E7&#8243; header_4_text_color=&#8220;#F9F3E7&#8243; header_4_font_size=&#8220;25px&#8220; header_4_line_height=&#8220;1.2em&#8220; width=&#8220;85%&#8220; global_colors_info=&#8220;{}&#8220;]<\/p>\n<h4>Wo sich lokale Traditionen und vertr\u00e4umte Pl\u00e4tze treffen.<\/h4>\n<p>[\/et_pb_text][\/et_pb_column][\/et_pb_row][\/et_pb_section]<\/p>\n","protected":false},"excerpt":{"rendered":"<p>M\u00e4rkte in Le Marche: Eine farbenfrohe Begegnung mit der Tradition &nbsp;M\u00e4rkte in Le Marche: Eine farbenfrohe Begegnung mit der TraditionSchmecken Sie den Rhythmus der Region Entdecken Sie D\u00fcfte, Farben und lokale Sch\u00e4tze auf den M\u00e4rkten von Le MarcheWenn Sie die Ruhe und den Frieden unseres Agriturismo gegen das lebhafte Treiben eines lokalen Marktes eintauschen, entdecken [&hellip;]<\/p>\n","protected":false},"author":6,"featured_media":0,"parent":0,"menu_order":0,"comment_status":"closed","ping_status":"closed","template":"","meta":{"_et_pb_use_builder":"on","_et_pb_old_content":"","_et_gb_content_width":"","footnotes":""},"class_list":["post-5568","page","type-page","status-publish","hentry"],"_links":{"self":[{"href":"https:\/\/angelisognanti.com\/de\/wp-json\/wp\/v2\/pages\/5568","targetHints":{"allow":["GET"]}}],"collection":[{"href":"https:\/\/angelisognanti.com\/de\/wp-json\/wp\/v2\/pages"}],"about":[{"href":"https:\/\/angelisognanti.com\/de\/wp-json\/wp\/v2\/types\/page"}],"author":[{"embeddable":true,"href":"https:\/\/angelisognanti.com\/de\/wp-json\/wp\/v2\/users\/6"}],"replies":[{"embeddable":true,"href":"https:\/\/angelisognanti.com\/de\/wp-json\/wp\/v2\/comments?post=5568"}],"version-history":[{"count":0,"href":"https:\/\/angelisognanti.com\/de\/wp-json\/wp\/v2\/pages\/5568\/revisions"}],"wp:attachment":[{"href":"https:\/\/angelisognanti.com\/de\/wp-json\/wp\/v2\/media?parent=5568"}],"curies":[{"name":"wp","href":"https:\/\/api.w.org\/{rel}","templated":true}]}}