{"id":5539,"date":"2026-01-06T14:35:25","date_gmt":"2026-01-06T13:35:25","guid":{"rendered":"https:\/\/angelisognanti.com\/culinair\/"},"modified":"2026-01-08T18:23:28","modified_gmt":"2026-01-08T17:23:28","slug":"culinair","status":"publish","type":"page","link":"https:\/\/angelisognanti.com\/de\/culinair\/","title":{"rendered":"Culinair"},"content":{"rendered":"<p>[et_pb_section fb_built=&#8220;1&#8243; _builder_version=&#8220;4.27.5&#8243; _module_preset=&#8220;default&#8220; background_enable_color=&#8220;off&#8220; use_background_color_gradient=&#8220;on&#8220; background_color_gradient_stops=&#8220;rgba(68,41,36,0.33) 0%|rgba(68,41,36,0.15) 100%&#8220; background_color_gradient_overlays_image=&#8220;on&#8220; background_image=&#8220;https:\/\/angelisognanti.com\/wp-content\/uploads\/2026\/01\/Agriturismo_Angeli_Sognanti_eten7-2-1.jpg&#8220; background_position=&#8220;bottom_center&#8220; min_height=&#8220;700px&#8220; global_colors_info=&#8220;{}&#8220;][et_pb_row _builder_version=&#8220;4.26.0&#8243; _module_preset=&#8220;default&#8220; custom_margin=&#8220;10vw||||false|false&#8220; custom_margin_tablet=&#8220;10vw||||false|false&#8220; custom_margin_phone=&#8220;15vw||||false|false&#8220; custom_margin_last_edited=&#8220;on|phone&#8220; global_colors_info=&#8220;{}&#8220;][et_pb_column type=&#8220;4_4&#8243; _builder_version=&#8220;4.25.1&#8243; _module_preset=&#8220;default&#8220; global_colors_info=&#8220;{}&#8220;][et_pb_text disabled_on=&#8220;off|off|on&#8220; _builder_version=&#8220;4.27.5&#8243; _module_preset=&#8220;default&#8220; text_font=&#8220;Charmonman||||||||&#8220; text_text_color=&#8220;#F9F3E7&#8243; text_font_size=&#8220;35px&#8220; text_line_height=&#8220;1.8em&#8220; header_font=&#8220;Charmonman||||||||&#8220; header_text_color=&#8220;#F9F3E7&#8243; header_font_size=&#8220;32px&#8220; header_line_height=&#8220;1.4em&#8220; custom_margin=&#8220;6vw||||false|false&#8220; header_text_shadow_style=&#8220;preset1&#8243; global_colors_info=&#8220;{}&#8220;]<\/p>\n<h1 style=\"text-align: center;\"><span>Der Geschmack der Marken: ein Reichtum an reinen Traditionen<\/span><\/h1>\n<p>&nbsp;<\/p>\n<p>[\/et_pb_text][et_pb_text disabled_on=&#8220;on|on|off&#8220; _builder_version=&#8220;4.27.5&#8243; _module_preset=&#8220;default&#8220; text_font=&#8220;Charmonman||||||||&#8220; text_text_color=&#8220;#F9F3E7&#8243; text_font_size=&#8220;35px&#8220; text_line_height=&#8220;1.8em&#8220; header_font=&#8220;Charmonman||||||||&#8220; header_text_color=&#8220;#F9F3E7&#8243; header_font_size=&#8220;35px&#8220; header_line_height=&#8220;1.8em&#8220; header_text_shadow_style=&#8220;preset1&#8243; global_colors_info=&#8220;{}&#8220;]<\/p>\n<h1 style=\"text-align: center;\"><span>Der Geschmack der Marken: ein Reichtum an reinen Traditionen<\/span><\/h1>\n<p>[\/et_pb_text][\/et_pb_column][\/et_pb_row][et_pb_row module_class=&#8220;side-by-side-1 &#8220; _builder_version=&#8220;4.26.0&#8243; _module_preset=&#8220;default&#8220; module_alignment=&#8220;center&#8220; custom_margin=&#8220;0px||||false|false&#8220; custom_padding=&#8220;0px|||30%|false|false&#8220; global_colors_info=&#8220;{}&#8220;][et_pb_column type=&#8220;4_4&#8243; _builder_version=&#8220;4.25.1&#8243; _module_preset=&#8220;default&#8220; global_colors_info=&#8220;{}&#8220;][\/et_pb_column][\/et_pb_row][\/et_pb_section][et_pb_section fb_built=&#8220;1&#8243; module_id=&#8220;Stadt&#8220; _builder_version=&#8220;4.25.1&#8243; _module_preset=&#8220;default&#8220; background_color=&#8220;#F9F3E7&#8243; global_colors_info=&#8220;{}&#8220;][et_pb_row module_id=&#8220;strand&#8220; _builder_version=&#8220;4.26.1&#8243; _module_preset=&#8220;default&#8220; custom_margin=&#8220;3vw||||false|false&#8220; global_colors_info=&#8220;{}&#8220;][et_pb_column type=&#8220;4_4&#8243; _builder_version=&#8220;4.25.1&#8243; _module_preset=&#8220;default&#8220; global_colors_info=&#8220;{}&#8220;][et_pb_text _builder_version=&#8220;4.27.5&#8243; _module_preset=&#8220;default&#8220; header_2_font=&#8220;||||||||&#8220; header_2_text_color=&#8220;#442924&#8243; header_2_font_size=&#8220;28px&#8220; header_2_line_height=&#8220;1.3em&#8220; global_colors_info=&#8220;{}&#8220;]<\/p>\n<h2 data-path-to-node=\"2\">Der Geschmack von Le Marche<\/h2>\n<h3 data-path-to-node=\"3\">Eine Reise durch die reinen Aromen und ehrlichen Traditionen der Region<\/h3>\n<h3 data-start=\"229\" data-end=\"305\"><\/h3>\n<p>[\/et_pb_text][et_pb_text _builder_version=&#8220;4.27.5&#8243; _module_preset=&#8220;default&#8220; text_font=&#8220;&#8211;et_global_body_font|300|||||||&#8220; header_font=&#8220;|300|||||||&#8220; global_colors_info=&#8220;{}&#8220;]<\/p>\n<p data-path-to-node=\"4\">In Le Marche beginnt der Genuss immer am Tisch. Die K\u00fcche unserer Region ist bodenst\u00e4ndig und rein, mit Zutaten, die oft noch am selben Morgen aus dem Land kommen. Was unsere Lage bei Angeli Sognanti besonders macht, ist die gro\u00dfe Auswahl an Restaurants in unmittelbarer N\u00e4he. Ob Sie sich f\u00fcr die kr\u00e4ftigen Gerichte der H\u00fcgel oder die raffinierten Aromen der K\u00fcste entscheiden, es ist f\u00fcr jeden etwas dabei.   <\/p>\n<p>[\/et_pb_text][\/et_pb_column][\/et_pb_row][et_pb_row column_structure=&#8220;1_2,1_2&#8243; module_id=&#8220;belevenissen-stad&#8220; _builder_version=&#8220;4.26.1&#8243; _module_preset=&#8220;default&#8220; custom_margin=&#8220;3vw||||false|false&#8220; global_colors_info=&#8220;{}&#8220;][et_pb_column type=&#8220;1_2&#8243; _builder_version=&#8220;4.25.1&#8243; _module_preset=&#8220;default&#8220; global_colors_info=&#8220;{}&#8220;][et_pb_image src=&#8220;https:\/\/angelisognanti.com\/wp-content\/uploads\/2026\/01\/Agriturismo_Angeli_Sognanti_eten11-1.jpg&#8220; title_text=&#8220;Agriturismo_Angeli_Sognanti_eten11 (1)&#8220; disabled_on=&#8220;off|off|on&#8220; _builder_version=&#8220;4.27.5&#8243; _module_preset=&#8220;default&#8220; global_colors_info=&#8220;{}&#8220;][\/et_pb_image][et_pb_text _builder_version=&#8220;4.27.5&#8243; _module_preset=&#8220;default&#8220; header_2_font=&#8220;||||||||&#8220; header_2_text_color=&#8220;#442924&#8243; header_2_font_size=&#8220;28px&#8220; header_2_line_height=&#8220;1.3em&#8220; global_colors_info=&#8220;{}&#8220;]<\/p>\n<h2 data-start=\"219\" data-end=\"272\">Die Gegend genie\u00dfen: Von der K\u00fcste zu den H\u00fcgeln<b data-path-to-node=\"2\" data-index-in-node=\"0\"><\/b><\/h2>\n<p>[\/et_pb_text][et_pb_text _builder_version=&#8220;4.27.5&#8243; _module_preset=&#8220;default&#8220; text_font=&#8220;&#8211;et_global_body_font|300|||||||&#8220; header_font=&#8220;|300|||||||&#8220; global_colors_info=&#8220;{}&#8220;]<\/p>\n<p data-path-to-node=\"3\">In der unmittelbaren Umgebung finden Sie eine gro\u00dfe Auswahl an kulinarischen M\u00f6glichkeiten. Die Region wird zunehmend als kulinarische Spitzenadresse entdeckt, in der Innovation und uralte Traditionen Hand in Hand gehen. Ob Sie nun ein zwangloses Lokal unter Einheimischen oder ein feines Abendessen suchen, die Auswahl ist gro\u00df.  <\/p>\n<ul data-path-to-node=\"4\">\n<li>\n<p data-path-to-node=\"4,0,0\"><b data-path-to-node=\"4,0,0\" data-index-in-node=\"0\">Frisch aus der Adria<\/b><b data-path-to-node=\"4,0,0\" data-index-in-node=\"0\"><br \/><\/b><b data-path-to-node=\"4,0,0\" data-index-in-node=\"0\"><\/b>F\u00fcr Liebhaber von Fisch ist die K\u00fcste bei San Benedetto del Tronto ein Paradies. Im Hafen und entlang der Promenade finden Sie ausgezeichnete Fischrestaurants. Von ehrlichem, fangfrischem Fisch vom Grill auf einer l\u00e4ssigen Terrasse bis hin zu raffinierten, modernen Gerichten, die sogar im Gambero Rosso und im Michelin-F\u00fchrer gelobt werden.  <\/p>\n<\/li>\n<li>\n<p data-path-to-node=\"4,1,0\"><b data-path-to-node=\"4,1,0\" data-index-in-node=\"0\">Ehrliche regionale Gerichte und Fleischspezialit\u00e4ten<\/b><br \/>Wenn Sie in die H\u00fcgel fahren, werden Sie auf authentische Osterias und Trattorias sto\u00dfen. Hier dreht sich alles um die kr\u00e4ftigen Aromen von Fleisch und frischem Gem\u00fcse. Probieren Sie lokale Spezialit\u00e4ten wie die ber\u00fchmten gef\u00fcllten Oliven oder eine reichhaltige, hausgemachte Pasta, w\u00e4hrend Sie die Aussicht auf das h\u00fcgelige Tal genie\u00dfen.  <\/p>\n<\/li>\n<li>\n<p data-path-to-node=\"4,2,0\"><b data-path-to-node=\"4,2,0\" data-index-in-node=\"0\">Gem\u00fctliche Weinbars und Aperitivo-Spots<\/b><br \/>In mittelalterlichen D\u00f6rfern wie Offida finden Sie auf den Pl\u00e4tzen stimmungsvolle Weinbars (enotecas). Sie sind der perfekte Ort f\u00fcr einen &#8218;Aperitivo&#8216;: ein gutes Glas Wein aus der Region, dazu ein Brett mit K\u00e4se und Wurstwaren aus der Region, w\u00e4hrend Sie den Rhythmus des Dorfes genie\u00dfen. <\/p>\n<\/li>\n<\/ul>\n<p>[\/et_pb_text][\/et_pb_column][et_pb_column type=&#8220;1_2&#8243; _builder_version=&#8220;4.25.1&#8243; _module_preset=&#8220;default&#8220; global_colors_info=&#8220;{}&#8220;][et_pb_image src=&#8220;https:\/\/angelisognanti.com\/wp-content\/uploads\/2026\/01\/Agriturismo_Angeli_Sognanti_eten11-1.jpg&#8220; title_text=&#8220;Agriturismo_Angeli_Sognanti_eten11 (1)&#8220; disabled_on=&#8220;on|on|off&#8220; _builder_version=&#8220;4.27.5&#8243; _module_preset=&#8220;default&#8220; global_colors_info=&#8220;{}&#8220;][\/et_pb_image][\/et_pb_column][\/et_pb_row][et_pb_row column_structure=&#8220;1_2,1_2&#8243; module_id=&#8220;strand&#8220; _builder_version=&#8220;4.26.1&#8243; _module_preset=&#8220;default&#8220; custom_margin=&#8220;3vw||||false|false&#8220; global_colors_info=&#8220;{}&#8220;][et_pb_column type=&#8220;1_2&#8243; _builder_version=&#8220;4.25.1&#8243; _module_preset=&#8220;default&#8220; global_colors_info=&#8220;{}&#8220;][et_pb_image src=&#8220;https:\/\/angelisognanti.com\/wp-content\/uploads\/2026\/01\/Agriturismo_Angeli_Sognanti_wijnproverij-1.jpg&#8220; title_text=&#8220;Agriturismo_Angeli_Sognanti_Weinverkostung (1)&#8220; disabled_on=&#8220;off|off|off&#8220; _builder_version=&#8220;4.27.5&#8243; _module_preset=&#8220;default&#8220; global_colors_info=&#8220;{}&#8220;][\/et_pb_image][\/et_pb_column][et_pb_column type=&#8220;1_2&#8243; _builder_version=&#8220;4.25.1&#8243; _module_preset=&#8220;default&#8220; global_colors_info=&#8220;{}&#8220;][et_pb_text _builder_version=&#8220;4.27.5&#8243; _module_preset=&#8220;default&#8220; header_2_font=&#8220;||||||||&#8220; header_2_text_color=&#8220;#442924&#8243; header_2_font_size=&#8220;28px&#8220; header_2_line_height=&#8220;1.3em&#8220; global_colors_info=&#8220;{}&#8220;]<\/p>\n<h2 data-start=\"219\" data-end=\"272\">Wein &amp; Oliven\u00f6l: Das Gold der H\u00fcgel<b data-path-to-node=\"2\" data-index-in-node=\"0\"><\/b><\/h2>\n<p>[\/et_pb_text][et_pb_text _builder_version=&#8220;4.27.5&#8243; _module_preset=&#8220;default&#8220; text_font=&#8220;&#8211;et_global_body_font|300|||||||&#8220; header_font=&#8220;|300|||||||&#8220; global_colors_info=&#8220;{}&#8220;]<\/p>\n<p data-path-to-node=\"3\">Rund um Angeli Sognanti wandern Sie buchst\u00e4blich zwischen Weinbergen und Olivenhainen. Die sanften H\u00fcgel der Region Piceno sind die perfekte Kulisse, um die reinen Aromen des Landes zu entdecken. <\/p>\n<ul data-path-to-node=\"4\">\n<li>\n<p data-path-to-node=\"4,0,0\"><b data-path-to-node=\"4,0,0\" data-index-in-node=\"0\">Kleine Bio-Winzer<\/b> <br \/>Unsere Region ist weltber\u00fchmt f\u00fcr ihren charaktervollen wei\u00dfen Pecorino und ihren kr\u00e4ftigen roten Rosso Piceno. Wir bevorzugen die Zusammenarbeit mit kleinen, biologischen Winzern in unserer unmittelbaren Umgebung. Diese leidenschaftlichen Erzeuger machen ehrliche Weine mit Respekt vor der Natur und der Tradition von Le Marche. Damit Sie dies in vollen Z\u00fcgen genie\u00dfen k\u00f6nnen, veranstalten wir regelm\u00e4\u00dfig gemeinsame Weinverkostungen. Das ist eine einzigartige Gelegenheit, die Leidenschaft hinter der Flasche zu entdecken und den Wein dort zu probieren, wo er produziert wird.    <\/p>\n<\/li>\n<li>\n<p data-path-to-node=\"4,1,0\"><b data-path-to-node=\"4,1,0\" data-index-in-node=\"0\">Ein Besuch in der Cantina<\/b> <br \/>Ein Besuch in einer lokalen <i data-path-to-node=\"4,1,0\" data-index-in-node=\"52\">Cantina<\/i> ist ein Erlebnis f\u00fcr sich. Oft bekommen Sie eine F\u00fchrung durch die authentischen Keller und verkosten den Wein, w\u00e4hrend Sie auf die Weinberge blicken, in denen die Trauben langsam in der italienischen Sonne gereift sind. <\/p>\n<\/li>\n<li>\n<p data-path-to-node=\"4,2,0\"><b data-path-to-node=\"4,2,0\" data-index-in-node=\"0\">Oliven\u00f6lverkostung<\/b> <br \/>Neben Wein ist unsere Region auch stolzer Produzent von hochwertigem nativem Oliven\u00f6l extra. Besuchen Sie eine lokale <i data-path-to-node=\"4,2,0\" data-index-in-node=\"123\">Frantoio<\/i> (Olivenpressenfabrik), um den Unterschied zwischen den verschiedenen Olivensorten zu schmecken. Der Geruch von frisch gepresstem \u00d6l auf einem warmen St\u00fcck Brot ist eine Erinnerung, die Sie so schnell nicht vergessen werden.  <\/p>\n<\/li>\n<\/ul>\n<p>[\/et_pb_text][\/et_pb_column][\/et_pb_row][et_pb_row column_structure=&#8220;1_2,1_2&#8243; module_id=&#8220;natuur&#8220; _builder_version=&#8220;4.25.1&#8243; _module_preset=&#8220;default&#8220; custom_margin=&#8220;3vw||||false|false&#8220; global_colors_info=&#8220;{}&#8220;][et_pb_column type=&#8220;1_2&#8243; _builder_version=&#8220;4.25.1&#8243; _module_preset=&#8220;default&#8220; global_colors_info=&#8220;{}&#8220;][et_pb_image src=&#8220;https:\/\/angelisognanti.com\/wp-content\/uploads\/2026\/01\/Agriturismo_Angeli_Sognanti-kaasboer2.jpeg&#8220; title_text=&#8220;Agriturismo_Angeli_Sognanti K\u00e4sebauer2&#8243; disabled_on=&#8220;off|off|on&#8220; _builder_version=&#8220;4.27.5&#8243; _module_preset=&#8220;default&#8220; global_colors_info=&#8220;{}&#8220;][\/et_pb_image][et_pb_text _builder_version=&#8220;4.27.5&#8243; _module_preset=&#8220;default&#8220; header_2_font=&#8220;||||||||&#8220; header_2_text_color=&#8220;#442924&#8243; header_2_font_size=&#8220;28px&#8220; header_2_line_height=&#8220;1.3em&#8220; global_colors_info=&#8220;{}&#8220;]<\/p>\n<h1 data-path-to-node=\"3\">Kunsthandwerk auf dem Bauernhof: Probieren Sie die leckersten K\u00e4sesorten und Salumi<\/h1>\n<h3 data-path-to-node=\"2\"><\/h3>\n<p>[\/et_pb_text][et_pb_text _builder_version=&#8220;4.27.5&#8243; _module_preset=&#8220;default&#8220; text_font=&#8220;&#8211;et_global_body_font|300|||||||&#8220; header_font=&#8220;|300|||||||&#8220; global_colors_info=&#8220;{}&#8220;]<\/p>\n<p data-path-to-node=\"4\">Nicht nur die Weinberge, sondern auch die Wiesen und jahrhundertealten Traditionen pr\u00e4gen den Geschmack unserer Region. In der unmittelbaren Umgebung des Agriturismo finden Sie leidenschaftliche Kleinerzeuger, die ihr Handwerk mit Liebe aus\u00fcben. <\/p>\n<ul data-path-to-node=\"5\">\n<li>\n<p data-path-to-node=\"5,0,0\"><b data-path-to-node=\"5,0,0\" data-index-in-node=\"0\">Die Kunst des K\u00e4sebauern<\/b> <br \/>In den H\u00fcgeln um uns herum finden Sie kleine K\u00e4sebetriebe, auf denen die Zeit stehen geblieben zu sein scheint. Der Besuch eines solchen Hofes ist ein besonderes Erlebnis: Sie bekommen den Prozess von der Milch bis zum K\u00e4se erkl\u00e4rt und sehen die Leidenschaft des Bauern bei jedem Schritt. Vom weichen, jungen <b data-path-to-node=\"5,0,0\" data-index-in-node=\"297\">Pecorino<\/b> bis hin zu den w\u00fcrzigen, reifen Sorten, die monatelang in H\u00f6hlen oder unter Heu gelagert wurden, ist der Geschmack un\u00fcbertroffen. Oft k\u00f6nnen Sie Ihren Lieblingsk\u00e4se direkt vor Ort probieren und mitnehmen.   <\/p>\n<\/li>\n<li>\n<p data-path-to-node=\"5,1,0\"><b data-path-to-node=\"5,1,0\" data-index-in-node=\"0\">Typische Wurstwaren und Salumi<\/b> <br \/>Die Region ist auch f\u00fcr ihre charaktervollen Wurstwaren bekannt. Der Stolz von Le Marche ist der <b data-path-to-node=\"5,1,0\" data-index-in-node=\"116\">Ciauscolo<\/b>, eine einzigartige, weiche Salami, die Sie auf Brot streichen. Aber beachten Sie auch den handwerklich hergestellten <i data-path-to-node=\"5,1,0\" data-index-in-node=\"212\">Prosciutto<\/i> und die herzhafte <i data-path-to-node=\"5,1,0\" data-index-in-node=\"237\">Salame Fabriano<\/i>. Bei einem Besuch beim \u00f6rtlichen Erzeuger erfahren Sie alles \u00fcber die besondere W\u00fcrzung und Reifezeit, die diesen Produkten ihr besonderes Aroma verleihen.   <\/p>\n<\/li>\n<\/ul>\n<p>[\/et_pb_text][\/et_pb_column][et_pb_column type=&#8220;1_2&#8243; _builder_version=&#8220;4.25.1&#8243; _module_preset=&#8220;default&#8220; global_colors_info=&#8220;{}&#8220;][et_pb_image src=&#8220;https:\/\/angelisognanti.com\/wp-content\/uploads\/2026\/01\/Agriturismo_Angeli_Sognanti-kaasboer2.jpeg&#8220; title_text=&#8220;Agriturismo_Angeli_Sognanti K\u00e4sebauer2&#8243; disabled_on=&#8220;on|on|off&#8220; _builder_version=&#8220;4.27.5&#8243; _module_preset=&#8220;default&#8220; global_colors_info=&#8220;{}&#8220;][\/et_pb_image][\/et_pb_column][\/et_pb_row][et_pb_row column_structure=&#8220;1_2,1_2&#8243; module_id=&#8220;strand&#8220; _builder_version=&#8220;4.26.1&#8243; _module_preset=&#8220;default&#8220; custom_margin=&#8220;3vw||||false|false&#8220; global_colors_info=&#8220;{}&#8220;][et_pb_column type=&#8220;1_2&#8243; _builder_version=&#8220;4.25.1&#8243; _module_preset=&#8220;default&#8220; global_colors_info=&#8220;{}&#8220;][et_pb_image src=&#8220;https:\/\/angelisognanti.com\/wp-content\/uploads\/2026\/01\/Olijfolie.jpeg&#8220; title_text=&#8220;Agriturismo_Angeli_Sognanti_Oliven\u00f6l&#8220; disabled_on=&#8220;off|off|off&#8220; _builder_version=&#8220;4.27.5&#8243; _module_preset=&#8220;default&#8220; global_colors_info=&#8220;{}&#8220;][\/et_pb_image][\/et_pb_column][et_pb_column type=&#8220;1_2&#8243; _builder_version=&#8220;4.25.1&#8243; _module_preset=&#8220;default&#8220; global_colors_info=&#8220;{}&#8220;][et_pb_text _builder_version=&#8220;4.27.5&#8243; _module_preset=&#8220;default&#8220; header_2_font=&#8220;||||||||&#8220; header_2_text_color=&#8220;#442924&#8243; header_2_font_size=&#8220;28px&#8220; header_2_line_height=&#8220;1.3em&#8220; global_colors_info=&#8220;{}&#8220;]<\/p>\n<h2 data-start=\"219\" data-end=\"272\">Hausgemachte K\u00f6stlichkeiten: rein und biologisch<b data-path-to-node=\"3\" data-index-in-node=\"0\"><\/b><\/h2>\n<h3 data-path-to-node=\"2\"><\/h3>\n<p>[\/et_pb_text][et_pb_text _builder_version=&#8220;4.27.5&#8243; _module_preset=&#8220;default&#8220; text_font=&#8220;&#8211;et_global_body_font|300|||||||&#8220; header_font=&#8220;|300|||||||&#8220; global_colors_info=&#8220;{}&#8220;]<\/p>\n<p data-path-to-node=\"4\">Neben all der Sch\u00f6nheit der Gegend m\u00f6chten wir Sie auch kosten lassen, was unser eigener Boden hervorbringt. Mit viel Sorgfalt und Liebe stellen wir unser eigenes Bio-Oliven\u00f6l her, ein goldgelbes Produkt, das die Grundlage f\u00fcr jede gute Mahlzeit bildet. Auch unser eigener Pecorino ist ein Muss, ein frischer Wei\u00dfwein, der perfekt f\u00fcr einen faulen Nachmittag in der Sonne ist. Und zum Fr\u00fchst\u00fcck warten unsere hausgemachten Marmeladen auf Sie, voll mit Fr\u00fcchten, die Zeit zum Reifen hatten.   <\/p>\n<p data-path-to-node=\"5\">Ernte aus dem Gem\u00fcsegarten Auch in unserem eigenen Gem\u00fcsegarten sind G\u00e4ste mehr als willkommen. Wir lieben es, wenn Sie selbst in den Garten gehen, um frisches Gem\u00fcse und Kr\u00e4uter zu ernten, die gerade Saison haben. Frischer geht es nicht: aus dem Garten direkt in Ihre eigene Pfanne f\u00fcr ein k\u00f6stliches, ehrliches Abendessen auf Ihrer Terrasse.  <\/p>\n<p>[\/et_pb_text][\/et_pb_column][\/et_pb_row][\/et_pb_section][et_pb_section fb_built=&#8220;1&#8243; _builder_version=&#8220;4.25.1&#8243; _module_preset=&#8220;default&#8220; background_color=&#8220;#51664D&#8220; custom_margin=&#8220;||||false|false&#8220; custom_padding=&#8220;||||false|false&#8220; global_colors_info=&#8220;{}&#8220;][et_pb_row column_structure=&#8220;2_5,3_5&#8243; _builder_version=&#8220;4.25.1&#8243; _module_preset=&#8220;default&#8220; custom_padding=&#8220;||||false|false&#8220; global_colors_info=&#8220;{}&#8220;][et_pb_column type=&#8220;2_5&#8243; _builder_version=&#8220;4.25.1&#8243; _module_preset=&#8220;default&#8220; global_colors_info=&#8220;{}&#8220;][et_pb_image src=&#8220;https:\/\/angelisognanti.com\/wp-content\/uploads\/2024\/06\/Angeli-Sognanti_Blokjespatroon-2.jpg&#8220; title_text=&#8220;Angeli Sognanti_Blockmuster (2)&#8220; _builder_version=&#8220;4.25.1&#8243; _module_preset=&#8220;default&#8220; transform_scale=&#8220;142%|142%&#8220; transform_translate=&#8220;-172px|-57px&#8220; global_colors_info=&#8220;{}&#8220;][\/et_pb_image][\/et_pb_column][et_pb_column type=&#8220;3_5&#8243; _builder_version=&#8220;4.25.1&#8243; _module_preset=&#8220;default&#8220; global_colors_info=&#8220;{}&#8220;][et_pb_text _builder_version=&#8220;4.27.5&#8243; _module_preset=&#8220;default&#8220; text_text_color=&#8220;#F9F3E7&#8243; link_text_color=&#8220;#F9F3E7&#8243; header_4_text_color=&#8220;#F9F3E7&#8243; header_4_font_size=&#8220;25px&#8220; header_4_line_height=&#8220;1.2em&#8220; width=&#8220;85%&#8220; global_colors_info=&#8220;{}&#8220;]<\/p>\n<h4>Entdecken Sie den Reichtum des Landes und die Liebe in jedem Gericht<\/h4>\n<p>[\/et_pb_text][\/et_pb_column][\/et_pb_row][\/et_pb_section]<\/p>\n","protected":false},"excerpt":{"rendered":"<p>Der Geschmack der Marken: ein Reichtum an reinen Traditionen &nbsp;Der Geschmack der Marken: ein Reichtum an reinen TraditionenDer Geschmack von Le Marche Eine Reise durch die reinen Aromen und ehrlichen Traditionen der Region In Le Marche beginnt der Genuss immer am Tisch. Die K\u00fcche unserer Region ist bodenst\u00e4ndig und rein, mit Zutaten, die oft noch [&hellip;]<\/p>\n","protected":false},"author":6,"featured_media":0,"parent":0,"menu_order":0,"comment_status":"closed","ping_status":"closed","template":"","meta":{"_et_pb_use_builder":"on","_et_pb_old_content":"","_et_gb_content_width":"","footnotes":""},"class_list":["post-5539","page","type-page","status-publish","hentry"],"_links":{"self":[{"href":"https:\/\/angelisognanti.com\/de\/wp-json\/wp\/v2\/pages\/5539","targetHints":{"allow":["GET"]}}],"collection":[{"href":"https:\/\/angelisognanti.com\/de\/wp-json\/wp\/v2\/pages"}],"about":[{"href":"https:\/\/angelisognanti.com\/de\/wp-json\/wp\/v2\/types\/page"}],"author":[{"embeddable":true,"href":"https:\/\/angelisognanti.com\/de\/wp-json\/wp\/v2\/users\/6"}],"replies":[{"embeddable":true,"href":"https:\/\/angelisognanti.com\/de\/wp-json\/wp\/v2\/comments?post=5539"}],"version-history":[{"count":0,"href":"https:\/\/angelisognanti.com\/de\/wp-json\/wp\/v2\/pages\/5539\/revisions"}],"wp:attachment":[{"href":"https:\/\/angelisognanti.com\/de\/wp-json\/wp\/v2\/media?parent=5539"}],"curies":[{"name":"wp","href":"https:\/\/api.w.org\/{rel}","templated":true}]}}