{"id":5497,"date":"2026-01-05T20:30:37","date_gmt":"2026-01-05T19:30:37","guid":{"rendered":"https:\/\/angelisognanti.com\/erlebnisse-2\/"},"modified":"2026-01-08T18:20:58","modified_gmt":"2026-01-08T17:20:58","slug":"erlebnisse-2","status":"publish","type":"page","link":"https:\/\/angelisognanti.com\/de\/erlebnisse-2\/","title":{"rendered":"Erlebnisse"},"content":{"rendered":"<p>[et_pb_section fb_built=&#8220;1&#8243; _builder_version=&#8220;4.25.1&#8243; _module_preset=&#8220;default&#8220; background_enable_color=&#8220;off&#8220; use_background_color_gradient=&#8220;on&#8220; background_color_gradient_stops=&#8220;rgba(68,41,36,0.33) 0%|rgba(68,41,36,0.15) 100%&#8220; background_color_gradient_overlays_image=&#8220;on&#8220; background_image=&#8220;https:\/\/angelisognanti.com\/wp-content\/uploads\/2024\/06\/Angeli-Sognanti-Grottamare-beach.jpeg&#8220; background_position=&#8220;bottom_center&#8220; min_height=&#8220;700px&#8220; global_colors_info=&#8220;{}&#8220;][et_pb_row _builder_version=&#8220;4.26.0&#8243; _module_preset=&#8220;default&#8220; custom_margin=&#8220;10vw||||false|false&#8220; custom_margin_tablet=&#8220;10vw||||false|false&#8220; custom_margin_phone=&#8220;15vw||||false|false&#8220; custom_margin_last_edited=&#8220;on|phone&#8220; global_colors_info=&#8220;{}&#8220;][et_pb_column type=&#8220;4_4&#8243; _builder_version=&#8220;4.25.1&#8243; _module_preset=&#8220;default&#8220; global_colors_info=&#8220;{}&#8220;][et_pb_text disabled_on=&#8220;off|off|on&#8220; _builder_version=&#8220;4.27.5&#8243; _module_preset=&#8220;default&#8220; text_font=&#8220;Charmonman||||||||&#8220; text_text_color=&#8220;#F9F3E7&#8243; text_font_size=&#8220;35px&#8220; text_line_height=&#8220;1.8em&#8220; header_font=&#8220;Charmonman||||||||&#8220; header_text_color=&#8220;#F9F3E7&#8243; header_font_size=&#8220;32px&#8220; header_line_height=&#8220;1.4em&#8220; custom_margin=&#8220;6vw||||false|false&#8220; header_text_shadow_style=&#8220;preset1&#8243; global_colors_info=&#8220;{}&#8220;]<\/p>\n<h1 style=\"text-align: center;\">Probieren Sie die lokalen M\u00e4rkte und den kulinarischen Reichtum der charmanten St\u00e4dte, Str\u00e4nde und der Natur der Marken<br \/>.<\/h1>\n<p>[\/et_pb_text][et_pb_text disabled_on=&#8220;on|on|off&#8220; _builder_version=&#8220;4.27.5&#8243; _module_preset=&#8220;default&#8220; text_font=&#8220;Charmonman||||||||&#8220; text_text_color=&#8220;#F9F3E7&#8243; text_font_size=&#8220;35px&#8220; text_line_height=&#8220;1.8em&#8220; header_font=&#8220;Charmonman||||||||&#8220; header_text_color=&#8220;#F9F3E7&#8243; header_font_size=&#8220;35px&#8220; header_line_height=&#8220;1.8em&#8220; header_text_shadow_style=&#8220;preset1&#8243; global_colors_info=&#8220;{}&#8220;]<\/p>\n<h1 style=\"text-align: center;\">Probieren Sie die lokalen M\u00e4rkte und den kulinarischen Reichtum der charmanten St\u00e4dte, Str\u00e4nde und der Natur der Marken<br \/>.<\/h1>\n<p>[\/et_pb_text][\/et_pb_column][\/et_pb_row][\/et_pb_section][et_pb_section fb_built=&#8220;1&#8243; module_id=&#8220;Stadt&#8220; _builder_version=&#8220;4.25.1&#8243; _module_preset=&#8220;default&#8220; background_color=&#8220;#F9F3E7&#8243; global_colors_info=&#8220;{}&#8220;][et_pb_row module_id=&#8220;strand&#8220; _builder_version=&#8220;4.26.1&#8243; _module_preset=&#8220;default&#8220; custom_margin=&#8220;3vw||||false|false&#8220; global_colors_info=&#8220;{}&#8220;][et_pb_column type=&#8220;4_4&#8243; _builder_version=&#8220;4.25.1&#8243; _module_preset=&#8220;default&#8220; global_colors_info=&#8220;{}&#8220;][et_pb_text _builder_version=&#8220;4.27.5&#8243; _module_preset=&#8220;default&#8220; header_2_font=&#8220;||||||||&#8220; header_2_text_color=&#8220;#442924&#8243; header_2_font_size=&#8220;28px&#8220; header_2_line_height=&#8220;1.3em&#8220; global_colors_info=&#8220;{}&#8220;]<\/p>\n<h2>Nur ein Tag bei Angeli Sognanti&#8230;<\/h2>\n<h3 data-path-to-node=\"4\">Von der Stille der Berge bis zur sanften Brise des Meeres<\/h3>\n<p>[\/et_pb_text][et_pb_text _builder_version=&#8220;4.27.5&#8243; _module_preset=&#8220;default&#8220; text_font=&#8220;&#8211;et_global_body_font|300|||||||&#8220; header_font=&#8220;|300|||||||&#8220; global_colors_info=&#8220;{}&#8220;]<\/p>\n<p data-path-to-node=\"5\">Bei uns findet die Zeit ihren eigenen Rhythmus. Agriturismo Angeli Sognanti ist mehr als ein Ort zum \u00dcbernachten; es ist ein Ausgangspunkt in die Seele von Le Marche. Ob Sie nun Action in der rauen Natur oder Ruhe auf einer sonnen\u00fcberfluteten Terrasse in einem historischen Dorf suchen, die Region teilt gerne ihre Geheimnisse mit denjenigen, die sich die Zeit nehmen, zu suchen.  <\/p>\n<p>&nbsp;<\/p>\n<p>[\/et_pb_text][\/et_pb_column][\/et_pb_row][et_pb_row column_structure=&#8220;1_2,1_2&#8243; use_custom_gutter=&#8220;on&#8220; gutter_width=&#8220;4&#8243; _builder_version=&#8220;4.25.1&#8243; _module_preset=&#8220;default&#8220; custom_margin=&#8220;||||false|false&#8220; global_colors_info=&#8220;{}&#8220;][et_pb_column type=&#8220;1_2&#8243; _builder_version=&#8220;4.25.1&#8243; _module_preset=&#8220;default&#8220; global_colors_info=&#8220;{}&#8220;][et_pb_image src=&#8220;https:\/\/angelisognanti.com\/wp-content\/uploads\/2026\/01\/7dbe6552-78ba-4bcc-8931-633dba7c38eb.jpeg&#8220; title_text=&#8220;Agriturismoo_Angeli_Sognanti_Borghetto&#8220; _builder_version=&#8220;4.27.5&#8243; _module_preset=&#8220;default&#8220; global_colors_info=&#8220;{}&#8220;][\/et_pb_image][\/et_pb_column][et_pb_column type=&#8220;1_2&#8243; _builder_version=&#8220;4.25.1&#8243; _module_preset=&#8220;default&#8220; global_colors_info=&#8220;{}&#8220;][et_pb_text _builder_version=&#8220;4.27.5&#8243; _module_preset=&#8220;default&#8220; header_2_font=&#8220;||||||||&#8220; header_2_text_color=&#8220;#442924&#8243; header_2_font_size=&#8220;28px&#8220; header_2_line_height=&#8220;1.3em&#8220; global_colors_info=&#8220;{}&#8220;]<\/p>\n<h3 data-path-to-node=\"13\">Der Strand: Salzige Luft und goldener Sand<\/h3>\n<p>[\/et_pb_text][et_pb_text _builder_version=&#8220;4.27.5&#8243; _module_preset=&#8220;default&#8220; text_font=&#8220;|300|||||||&#8220; header_font=&#8220;|700|||||||&#8220; header_2_font=&#8220;||||||||&#8220; header_2_font_size=&#8220;28px&#8220; header_2_line_height=&#8220;1.3em&#8220; global_colors_info=&#8220;{}&#8220;]<\/p>\n<p data-path-to-node=\"14\">Innerhalb einer 15-min\u00fctigen Fahrt tauschen Sie die gr\u00fcnen H\u00fcgel gegen den blauen Horizont. Genie\u00dfen Sie einen entspannten Tag an der lebhaften Riviera delle Palme in San Benedetto del Tronto oder Grottammare oder faulenzen Sie am Strand im Chalet Borghetto zwischen Grottammare und Cupra Marittima <\/p>\n<p>[\/et_pb_text][et_pb_button button_url=&#8220;https:\/\/angelisognanti.com\/strand\/&#8220; button_text=&#8220;zur K\u00fcste&#8220; button_alignment=&#8220;left&#8220; _builder_version=&#8220;4.27.5&#8243; _module_preset=&#8220;default&#8220; global_colors_info=&#8220;{}&#8220;][\/et_pb_button][\/et_pb_column][\/et_pb_row][et_pb_row column_structure=&#8220;1_2,1_2&#8243; module_id=&#8220;belevenissen-stad&#8220; _builder_version=&#8220;4.26.1&#8243; _module_preset=&#8220;default&#8220; custom_margin=&#8220;3vw|auto|3vw|auto|false|false&#8220; global_colors_info=&#8220;{}&#8220;][et_pb_column type=&#8220;1_2&#8243; _builder_version=&#8220;4.25.1&#8243; _module_preset=&#8220;default&#8220; global_colors_info=&#8220;{}&#8220;][et_pb_image src=&#8220;https:\/\/angelisognanti.com\/wp-content\/uploads\/2026\/01\/Agriturismo_Angeli_Sognanti_Wijngaard.jpeg&#8220; title_text=&#8220;Agriturismo_Angeli_Sognanti_Weingut&#8220; _builder_version=&#8220;4.27.5&#8243; _module_preset=&#8220;default&#8220; hover_enabled=&#8220;0&#8243; global_colors_info=&#8220;{}&#8220; sticky_enabled=&#8220;0&#8243; disabled_on=&#8220;off|off|on&#8220;][\/et_pb_image][et_pb_text _builder_version=&#8220;4.27.5&#8243; _module_preset=&#8220;default&#8220; header_2_font=&#8220;||||||||&#8220; header_2_text_color=&#8220;#442924&#8243; header_2_font_size=&#8220;28px&#8220; header_2_line_height=&#8220;1.3em&#8220; global_colors_info=&#8220;{}&#8220;]<\/p>\n<h3 data-path-to-node=\"7\"><span>Eine Landschaft, die atmet<\/span><\/h3>\n<p>[\/et_pb_text][et_pb_text _builder_version=&#8220;4.27.5&#8243; _module_preset=&#8220;default&#8220; text_font=&#8220;&#8211;et_global_body_font|300|||||||&#8220; header_font=&#8220;|300|||||||&#8220; global_colors_info=&#8220;{}&#8220;]<\/p>\n<p data-path-to-node=\"8\">Erkunden Sie die unverf\u00e4lschte Seite unserer Landschaft. Lassen Sie sich \u00fcberraschen von der K\u00fchle des mystischen Gole dell&#8217;Infernaccio, dem malerischen Farbenmeer der Piani di Castelluccio oder der Ruhe eines Spaziergangs durch die Weinberge in unmittelbarer N\u00e4he unseres Agriturismo. <\/p>\n<p>[\/et_pb_text][et_pb_button button_url=&#8220;https:\/\/angelisognanti.com\/natuur\/&#8220; button_text=&#8220;Lesen Sie mehr \u00fcber die Natur&#8220; button_alignment=&#8220;right&#8220; _builder_version=&#8220;4.27.5&#8243; _module_preset=&#8220;default&#8220; global_colors_info=&#8220;{}&#8220;][\/et_pb_button][\/et_pb_column][et_pb_column type=&#8220;1_2&#8243; _builder_version=&#8220;4.25.1&#8243; _module_preset=&#8220;default&#8220; global_colors_info=&#8220;{}&#8220;][et_pb_image src=&#8220;https:\/\/angelisognanti.com\/wp-content\/uploads\/2026\/01\/Agriturismo_Angeli_Sognanti_Wijngaard.jpeg&#8220; title_text=&#8220;Agriturismo_Angeli_Sognanti_Weingut&#8220; disabled_on=&#8220;on|on|off&#8220; _builder_version=&#8220;4.27.5&#8243; _module_preset=&#8220;default&#8220; global_colors_info=&#8220;{}&#8220;][\/et_pb_image][\/et_pb_column][\/et_pb_row][et_pb_row column_structure=&#8220;1_2,1_2&#8243; use_custom_gutter=&#8220;on&#8220; gutter_width=&#8220;4&#8243; _builder_version=&#8220;4.25.1&#8243; _module_preset=&#8220;default&#8220; custom_margin=&#8220;||||false|false&#8220; global_colors_info=&#8220;{}&#8220;][et_pb_column type=&#8220;1_2&#8243; _builder_version=&#8220;4.25.1&#8243; _module_preset=&#8220;default&#8220; global_colors_info=&#8220;{}&#8220;][et_pb_image src=&#8220;https:\/\/angelisognanti.com\/wp-content\/uploads\/2026\/01\/IMG_0265-2.jpeg&#8220; title_text=&#8220;Agriturismo_Angeli_Sognanti_Essen&#8220; _builder_version=&#8220;4.27.5&#8243; _module_preset=&#8220;default&#8220; global_colors_info=&#8220;{}&#8220;][\/et_pb_image][\/et_pb_column][et_pb_column type=&#8220;1_2&#8243; _builder_version=&#8220;4.25.1&#8243; _module_preset=&#8220;default&#8220; global_colors_info=&#8220;{}&#8220;][et_pb_text _builder_version=&#8220;4.27.5&#8243; _module_preset=&#8220;default&#8220; header_2_font=&#8220;||||||||&#8220; header_2_text_color=&#8220;#442924&#8243; header_2_font_size=&#8220;28px&#8220; header_2_line_height=&#8220;1.3em&#8220; global_colors_info=&#8220;{}&#8220;]<\/p>\n<h3 data-path-to-node=\"19\">Kulinarisches: Eine Ode an den Geschmack<\/h3>\n<p>[\/et_pb_text][et_pb_text _builder_version=&#8220;4.27.5&#8243; _module_preset=&#8220;default&#8220; text_font=&#8220;|300|||||||&#8220; header_font=&#8220;|700|||||||&#8220; header_2_font=&#8220;||||||||&#8220; header_2_font_size=&#8220;28px&#8220; header_2_line_height=&#8220;1.3em&#8220; global_colors_info=&#8220;{}&#8220;]<\/p>\n<p data-path-to-node=\"14\"><span>Die K\u00fcche von Le Marche ist ehrlich, rein und tief in der Tradition verwurzelt. Von der weltber\u00fchmten   <\/span>Von der Olive Ascolane<span> bis zu den unverwechselbaren Weinen aus unserer Region; wir zeigen Ihnen gerne den Weg zu den besten <\/span><i data-path-to-node=\"20\" data-index-in-node=\"205\">Trattorien<\/i><span>, in denen die Leidenschaft f\u00fcr das Essen noch im Vordergrund steht.<\/span><\/p>\n<p>[\/et_pb_text][et_pb_button button_url=&#8220;https:\/\/angelisognanti.com\/culinair\/&#8220; button_text=&#8220;Probe Le Marche&#8220; button_alignment=&#8220;left&#8220; _builder_version=&#8220;4.27.5&#8243; _module_preset=&#8220;default&#8220; global_colors_info=&#8220;{}&#8220;][\/et_pb_button][\/et_pb_column][\/et_pb_row][et_pb_row column_structure=&#8220;1_2,1_2&#8243; module_id=&#8220;natuur&#8220; _builder_version=&#8220;4.27.5&#8243; _module_preset=&#8220;default&#8220; custom_margin=&#8220;3vw||||false|false&#8220; global_colors_info=&#8220;{}&#8220;][et_pb_column type=&#8220;1_2&#8243; _builder_version=&#8220;4.25.1&#8243; _module_preset=&#8220;default&#8220; global_colors_info=&#8220;{}&#8220;][et_pb_image src=&#8220;https:\/\/angelisognanti.com\/wp-content\/uploads\/2026\/01\/67891034-1f9c-4840-8b3c-959faaa29bdb.jpeg&#8220; title_text=&#8220;Agriturismo_Angeli_Sognanti_SBdTTorre&#8220; disabled_on=&#8220;off|on|on&#8220; _builder_version=&#8220;4.27.5&#8243; _module_preset=&#8220;default&#8220; global_colors_info=&#8220;{}&#8220;][\/et_pb_image][et_pb_text _builder_version=&#8220;4.27.5&#8243; _module_preset=&#8220;default&#8220; header_2_font=&#8220;||||||||&#8220; header_2_text_color=&#8220;#442924&#8243; header_2_font_size=&#8220;28px&#8220; header_2_line_height=&#8220;1.3em&#8220; global_colors_info=&#8220;{}&#8220;]<\/p>\n<h3 data-path-to-node=\"10\">Die Stadt: Spaziergang durch die Geschichte<\/h3>\n<p>[\/et_pb_text][et_pb_text _builder_version=&#8220;4.27.5&#8243; _module_preset=&#8220;default&#8220; text_font=&#8220;&#8211;et_global_body_font|300|||||||&#8220; header_font=&#8220;|300|||||||&#8220; global_colors_info=&#8220;{}&#8220;]<\/p>\n<p data-path-to-node=\"11\">Genie\u00dfen Sie die Atmosph\u00e4re des authentischen Italiens in den nahe gelegenen <i data-path-to-node=\"11\" data-index-in-node=\"61\">Borghi<\/i>. Besuchen Sie das Marmorherz von Ascoli Piceno, lassen Sie sich von den Kl\u00f6pplerinnen in den Stra\u00dfen von Offida verzaubern oder entdecken Sie die versteckten Pl\u00e4tze von Fermo. Jeder Stein hier erz\u00e4hlt eine alte Geschichte.  <\/p>\n<p>[\/et_pb_text][et_pb_button button_url=&#8220;https:\/\/angelisognanti.com\/stad\/&#8220; button_text=&#8220;Entdecken Sie die historischen St\u00e4dte&#8220; button_alignment=&#8220;right&#8220; _builder_version=&#8220;4.27.5&#8243; _module_preset=&#8220;default&#8220; global_colors_info=&#8220;{}&#8220;][\/et_pb_button][\/et_pb_column][et_pb_column type=&#8220;1_2&#8243; _builder_version=&#8220;4.25.1&#8243; _module_preset=&#8220;default&#8220; global_colors_info=&#8220;{}&#8220;][et_pb_image src=&#8220;https:\/\/angelisognanti.com\/wp-content\/uploads\/2026\/01\/67891034-1f9c-4840-8b3c-959faaa29bdb.jpeg&#8220; title_text=&#8220;Agriturismo_Angeli_Sognanti_SBdTTorre&#8220; disabled_on=&#8220;on|on|off&#8220; _builder_version=&#8220;4.27.5&#8243; _module_preset=&#8220;default&#8220; global_colors_info=&#8220;{}&#8220;][\/et_pb_image][\/et_pb_column][\/et_pb_row][et_pb_row column_structure=&#8220;1_2,1_2&#8243; use_custom_gutter=&#8220;on&#8220; gutter_width=&#8220;4&#8243; _builder_version=&#8220;4.25.1&#8243; _module_preset=&#8220;default&#8220; custom_margin=&#8220;||||false|false&#8220; global_colors_info=&#8220;{}&#8220;][et_pb_column type=&#8220;1_2&#8243; _builder_version=&#8220;4.25.1&#8243; _module_preset=&#8220;default&#8220; global_colors_info=&#8220;{}&#8220;][et_pb_image src=&#8220;https:\/\/angelisognanti.com\/wp-content\/uploads\/2026\/01\/Agriturismo_Angeli_Sognanti_Mercato.jpeg&#8220; title_text=&#8220;Agriturismoo_Angeli_Sognanti_Mercato&#8220; _builder_version=&#8220;4.27.5&#8243; _module_preset=&#8220;default&#8220; global_colors_info=&#8220;{}&#8220;][\/et_pb_image][\/et_pb_column][et_pb_column type=&#8220;1_2&#8243; _builder_version=&#8220;4.25.1&#8243; _module_preset=&#8220;default&#8220; global_colors_info=&#8220;{}&#8220;][et_pb_text _builder_version=&#8220;4.27.5&#8243; _module_preset=&#8220;default&#8220; header_2_font=&#8220;||||||||&#8220; header_2_text_color=&#8220;#442924&#8243; header_2_font_size=&#8220;28px&#8220; header_2_line_height=&#8220;1.3em&#8220; global_colors_info=&#8220;{}&#8220;]<\/p>\n<h3 data-path-to-node=\"16\">Die M\u00e4rkte: das Herz des Dorflebens<\/h3>\n<p>[\/et_pb_text][et_pb_text _builder_version=&#8220;4.27.5&#8243; _module_preset=&#8220;default&#8220; text_font=&#8220;|300|||||||&#8220; header_font=&#8220;|700|||||||&#8220; header_2_font=&#8220;||||||||&#8220; header_2_font_size=&#8220;28px&#8220; header_2_line_height=&#8220;1.3em&#8220; global_colors_info=&#8220;{}&#8220;]<\/p>\n<p data-path-to-node=\"17\">Es gibt nichts Italienischeres als den Wochenmarkt. Mischen Sie sich unter die Einheimischen, probieren Sie die frischesten lokalen Produkte und st\u00f6bern Sie zwischen Antiquit\u00e4ten und handgefertigten Lederwaren. Ein fr\u00f6hliches Durcheinander von Farben, Ger\u00fcchen und Begegnungen, das Sie nicht verpassen sollten.  <\/p>\n<p>[\/et_pb_text][et_pb_button button_url=&#8220;https:\/\/angelisognanti.com\/markten\/&#8220; button_text=&#8220;den Marktkalender ansehen&#8220; _builder_version=&#8220;4.27.5&#8243; _module_preset=&#8220;default&#8220; global_colors_info=&#8220;{}&#8220;][\/et_pb_button][\/et_pb_column][\/et_pb_row][\/et_pb_section][et_pb_section fb_built=&#8220;1&#8243; _builder_version=&#8220;4.25.1&#8243; _module_preset=&#8220;default&#8220; background_color=&#8220;#51664D&#8220; custom_margin=&#8220;||||false|false&#8220; custom_padding=&#8220;||||false|false&#8220; global_colors_info=&#8220;{}&#8220;][et_pb_row column_structure=&#8220;2_5,3_5&#8243; _builder_version=&#8220;4.25.1&#8243; _module_preset=&#8220;default&#8220; custom_padding=&#8220;||||false|false&#8220; global_colors_info=&#8220;{}&#8220;][et_pb_column type=&#8220;2_5&#8243; _builder_version=&#8220;4.25.1&#8243; _module_preset=&#8220;default&#8220; global_colors_info=&#8220;{}&#8220;][et_pb_image src=&#8220;https:\/\/angelisognanti.com\/wp-content\/uploads\/2024\/06\/Angeli-Sognanti_Blokjespatroon-2.jpg&#8220; title_text=&#8220;Angeli Sognanti_Blockmuster (2)&#8220; _builder_version=&#8220;4.25.1&#8243; _module_preset=&#8220;default&#8220; transform_scale=&#8220;142%|142%&#8220; transform_translate=&#8220;-172px|-57px&#8220; global_colors_info=&#8220;{}&#8220;][\/et_pb_image][\/et_pb_column][et_pb_column type=&#8220;3_5&#8243; _builder_version=&#8220;4.25.1&#8243; _module_preset=&#8220;default&#8220; global_colors_info=&#8220;{}&#8220;][et_pb_text _builder_version=&#8220;4.27.5&#8243; _module_preset=&#8220;default&#8220; text_text_color=&#8220;#F9F3E7&#8243; link_text_color=&#8220;#F9F3E7&#8243; header_4_text_color=&#8220;#F9F3E7&#8243; header_4_font_size=&#8220;25px&#8220; header_4_line_height=&#8220;1.2em&#8220; width=&#8220;85%&#8220; global_colors_info=&#8220;{}&#8220;]<\/p>\n<h4>Unsere Vision ist es, einen Traumort zu schaffen, an dem Sie das Leben in vollen Z\u00fcgen genie\u00dfen und entschleunigen k\u00f6nnen<\/h4>\n<p><a href=\"https:\/\/angelisognanti.com\/de\/buchen-2\/\">Besuchen Sie unseren Traumplatz <b>\u2192.<\/b><\/a><\/p>\n<p>&nbsp;<\/p>\n<p>[\/et_pb_text][\/et_pb_column][\/et_pb_row][\/et_pb_section]<\/p>\n","protected":false},"excerpt":{"rendered":"<p>Probieren Sie die lokalen M\u00e4rkte und den kulinarischen Reichtum der charmanten St\u00e4dte, Str\u00e4nde und der Natur der Marken.Probieren Sie die lokalen M\u00e4rkte und den kulinarischen Reichtum der charmanten St\u00e4dte, Str\u00e4nde und der Natur der Marken.Nur ein Tag bei Angeli Sognanti&#8230; Von der Stille der Berge bis zur sanften Brise des MeeresBei uns findet die Zeit [&hellip;]<\/p>\n","protected":false},"author":6,"featured_media":0,"parent":0,"menu_order":0,"comment_status":"closed","ping_status":"closed","template":"","meta":{"_et_pb_use_builder":"on","_et_pb_old_content":"","_et_gb_content_width":"","footnotes":""},"class_list":["post-5497","page","type-page","status-publish","hentry"],"_links":{"self":[{"href":"https:\/\/angelisognanti.com\/de\/wp-json\/wp\/v2\/pages\/5497","targetHints":{"allow":["GET"]}}],"collection":[{"href":"https:\/\/angelisognanti.com\/de\/wp-json\/wp\/v2\/pages"}],"about":[{"href":"https:\/\/angelisognanti.com\/de\/wp-json\/wp\/v2\/types\/page"}],"author":[{"embeddable":true,"href":"https:\/\/angelisognanti.com\/de\/wp-json\/wp\/v2\/users\/6"}],"replies":[{"embeddable":true,"href":"https:\/\/angelisognanti.com\/de\/wp-json\/wp\/v2\/comments?post=5497"}],"version-history":[{"count":0,"href":"https:\/\/angelisognanti.com\/de\/wp-json\/wp\/v2\/pages\/5497\/revisions"}],"wp:attachment":[{"href":"https:\/\/angelisognanti.com\/de\/wp-json\/wp\/v2\/media?parent=5497"}],"curies":[{"name":"wp","href":"https:\/\/api.w.org\/{rel}","templated":true}]}}