{"id":3555,"date":"2025-01-20T11:16:10","date_gmt":"2025-01-20T10:16:10","guid":{"rendered":"https:\/\/angelisognanti.com\/preise\/"},"modified":"2026-01-05T13:15:43","modified_gmt":"2026-01-05T12:15:43","slug":"preise","status":"publish","type":"page","link":"https:\/\/angelisognanti.com\/de\/preise\/","title":{"rendered":"Preise"},"content":{"rendered":"<p>[et_pb_section fb_built=&#8220;1&#8243; _builder_version=&#8220;4.25.1&#8243; _module_preset=&#8220;default&#8220; background_color=&#8220;#929325&#8243; global_colors_info=&#8220;{}&#8220;][et_pb_row _builder_version=&#8220;4.25.1&#8243; _module_preset=&#8220;default&#8220; width=&#8220;100%&#8220; max_width=&#8220;100%&#8220; global_colors_info=&#8220;{}&#8220;][et_pb_column type=&#8220;4_4&#8243; _builder_version=&#8220;4.25.1&#8243; _module_preset=&#8220;default&#8220; global_colors_info=&#8220;{}&#8220;][et_pb_image src=&#8220;https:\/\/angelisognanti.com\/wp-content\/uploads\/2024\/06\/Angeli-Sognanti_Blokjespatroon-3.jpg&#8220; title_text=&#8220;Angeli Sognanti_Blockmuster (3)&#8220; align=&#8220;center&#8220; _builder_version=&#8220;4.25.1&#8243; _module_preset=&#8220;default&#8220; custom_margin=&#8220;-6vw||||false|false&#8220; custom_padding=&#8220;0px||||false|false&#8220; global_colors_info=&#8220;{}&#8220;][\/et_pb_image][\/et_pb_column][\/et_pb_row][\/et_pb_section][et_pb_section fb_built=&#8220;1&#8243; _builder_version=&#8220;4.25.1&#8243; _module_preset=&#8220;default&#8220; background_color=&#8220;#F9F3E7&#8243; global_colors_info=&#8220;{}&#8220;][et_pb_row _builder_version=&#8220;4.26.0&#8243; _module_preset=&#8220;default&#8220; custom_margin=&#8220;2vw||||false|false&#8220; global_colors_info=&#8220;{}&#8220;][et_pb_column type=&#8220;4_4&#8243; _builder_version=&#8220;4.25.1&#8243; _module_preset=&#8220;default&#8220; global_colors_info=&#8220;{}&#8220;][et_pb_text admin_label=&#8220;Tarieven 2025 (kopje)&#8220; _builder_version=&#8220;4.27.5&#8243; _module_preset=&#8220;default&#8220; global_colors_info=&#8220;{}&#8220;]<\/p>\n<h3>Preise 2026<\/h3>\n<p>[\/et_pb_text][et_pb_image src=&#8220;https:\/\/angelisognanti.com\/wp-content\/uploads\/2025\/12\/Scherm\u00adafbeelding-2025-12-29-om-13.45.25.png&#8220; title_text=&#8220;Agriturismo_Angeli_Sognanti_Prices2026&#8243; disabled_on=&#8220;off|off|on&#8220; admin_label=&#8220;Tarieven 2025 (afbeelding tabel voor mobiel)&#8220; _builder_version=&#8220;4.27.5&#8243; _module_preset=&#8220;default&#8220; global_colors_info=&#8220;{}&#8220;][\/et_pb_image][et_pb_text disabled_on=&#8220;on|on|off&#8220; admin_label=&#8220;%91table id=1 \/%93 DESKTOP&#8220; _builder_version=&#8220;4.27.4&#8243; _module_preset=&#8220;default&#8220; global_colors_info=&#8220;{}&#8220;]<\/p>\n\n<table id=\"tablepress-1\" class=\"tablepress tablepress-id-1\">\n<thead>\n<tr class=\"row-1\">\n\t<th class=\"column-1\"><span style=\"color:#555555;\"><strong>2026<\/strong><\/span><\/th><th class=\"column-2\"><span style=\"color:#555555;\"><strong> \u20ac <\/strong><\/span><\/th><th class=\"column-3\"><span style=\"color:#555555;\"><strong>Appt. Fico<\/strong><\/span><\/th><th class=\"column-4\"><span style=\"color:#555555;\"><strong>Appt. Oliva<\/strong><\/span><\/th><th class=\"column-5\"><span style=\"color:#555555;\"><strong>B&amp;B Ripa<\/strong><\/span><\/th><th class=\"column-6\"><span style=\"color:#555555;\"><strong>Glamping tent<\/strong><\/span><\/th><th class=\"column-7\"><span style=\"color:#555555;\"><strong>Bell tent<\/strong><\/span><\/th><th class=\"column-8\"><span style=\"color:#555555;\"><strong>B&amp;B Ripa &amp;<br \/>\n Appt. Oliva<\/strong><\/span><\/th>\n<\/tr>\n<\/thead>\n<tbody class=\"row-hover\">\n<tr class=\"row-2\">\n\t<td class=\"column-1\"><span style=\"color:#442924;\">01\/01 - 18\/04<\/span><\/td><td class=\"column-2\"><span style=\"color:#442924;\">night<\/span><\/td><td class=\"column-3\"><span style=\"color:#442924;\"> \u20ac  137,00 <\/span><\/td><td class=\"column-4\"><span style=\"color:#442924;\"> \u20ac  115,00 <\/span><\/td><td class=\"column-5\"><span style=\"color:#442924;\"> \u20ac  94,50 <\/span><\/td><td class=\"column-6\"><span style=\"color:#442924;\">n.v.t.<\/span><\/td><td class=\"column-7\"><span style=\"color:#442924;\">n.v.t.<\/span><\/td><td class=\"column-8\"><span style=\"color:#442924;\"> \u20ac  137,00 <\/span><\/td>\n<\/tr>\n<tr class=\"row-3\">\n\t<td class=\"column-1\"><span style=\"color:#442924;\"><\/span><\/td><td class=\"column-2\"><span style=\"color:#442924;\">week<\/span><\/td><td class=\"column-3\"><span style=\"color:#442924;\"> \u20ac  959,00 <\/span><\/td><td class=\"column-4\"><span style=\"color:#442924;\"> \u20ac  805,00 <\/span><\/td><td class=\"column-5\"><span style=\"color:#442924;\"> \u20ac  661,50 <\/span><\/td><td class=\"column-6\"><span style=\"color:#442924;\">n.v.t.<\/span><\/td><td class=\"column-7\"><span style=\"color:#442924;\">n.v.t.<\/span><\/td><td class=\"column-8\"><span style=\"color:#442924;\"> \u20ac  959,00 <\/span><\/td>\n<\/tr>\n<tr class=\"row-4\">\n\t<td class=\"column-1\"><span style=\"color:#442924;\">18\/04 - 27\/06<\/span><\/td><td class=\"column-2\"><span style=\"color:#442924;\">night<\/span><\/td><td class=\"column-3\"><span style=\"color:#442924;\"> \u20ac  165,00 <\/span><\/td><td class=\"column-4\"><span style=\"color:#442924;\"> \u20ac  142,00 <\/span><\/td><td class=\"column-5\"><span style=\"color:#442924;\"> \u20ac  115,50 <\/span><\/td><td class=\"column-6\"><span style=\"color:#442924;\"> \u20ac  128,00 <\/span><\/td><td class=\"column-7\"><span style=\"color:#442924;\"> \u20ac  80,00 <\/span><\/td><td class=\"column-8\"><span style=\"color:#442924;\"> \u20ac  165,00 <\/span><\/td>\n<\/tr>\n<tr class=\"row-5\">\n\t<td class=\"column-1\"><span style=\"color:#442924;\"><\/span><\/td><td class=\"column-2\"><span style=\"color:#442924;\">week<\/span><\/td><td class=\"column-3\"><span style=\"color:#442924;\"> \u20ac  1.155,00 <\/span><\/td><td class=\"column-4\"><span style=\"color:#442924;\"> \u20ac  994,00 <\/span><\/td><td class=\"column-5\"><span style=\"color:#442924;\"> \u20ac  808,50 <\/span><\/td><td class=\"column-6\"><span style=\"color:#442924;\"> \u20ac  896,00 <\/span><\/td><td class=\"column-7\"><span style=\"color:#442924;\"> \u20ac  560,00 <\/span><\/td><td class=\"column-8\"><span style=\"color:#442924;\"> \u20ac  1.155,00 <\/span><\/td>\n<\/tr>\n<tr class=\"row-6\">\n\t<td class=\"column-1\"><span style=\"color:#442924;\">27\/06 - 05\/09<\/span><\/td><td class=\"column-2\"><span style=\"color:#442924;\">night<\/span><\/td><td class=\"column-3\"><span style=\"color:#442924;\"> \u20ac  214,00 <\/span><\/td><td class=\"column-4\"><span style=\"color:#442924;\"> \u20ac  176,00 <\/span><\/td><td class=\"column-5\"><span style=\"color:#442924;\">n.v.t.<\/span><\/td><td class=\"column-6\"><span style=\"color:#442924;\"> \u20ac  223,00 <\/span><\/td><td class=\"column-7\"><span style=\"color:#442924;\"> \u20ac  120,00 <\/span><\/td><td class=\"column-8\"><span style=\"color:#442924;\"> \u20ac  214,00 <\/span><\/td>\n<\/tr>\n<tr class=\"row-7\">\n\t<td class=\"column-1\"><span style=\"color:#442924;\"><\/span><\/td><td class=\"column-2\"><span style=\"color:#442924;\">week<\/span><\/td><td class=\"column-3\"><span style=\"color:#442924;\"> \u20ac  1.498,00 <\/span><\/td><td class=\"column-4\"><span style=\"color:#442924;\"> \u20ac  1.232,00 <\/span><\/td><td class=\"column-5\"><span style=\"color:#442924;\">n.v.t.<\/span><\/td><td class=\"column-6\"><span style=\"color:#442924;\"> \u20ac  1.561,00 <\/span><\/td><td class=\"column-7\"><span style=\"color:#442924;\"> \u20ac  840,00 <\/span><\/td><td class=\"column-8\"><span style=\"color:#442924;\"> \u20ac  1.498,00 <\/span><\/td>\n<\/tr>\n<tr class=\"row-8\">\n\t<td class=\"column-1\"><span style=\"color:#442924;\">05\/09 - 26\/09<\/span><\/td><td class=\"column-2\"><span style=\"color:#442924;\">night<\/span><\/td><td class=\"column-3\"><span style=\"color:#442924;\"> \u20ac  165,00 <\/span><\/td><td class=\"column-4\"><span style=\"color:#442924;\"> \u20ac  142,00 <\/span><\/td><td class=\"column-5\"><span style=\"color:#442924;\"> \u20ac  115,50 <\/span><\/td><td class=\"column-6\"><span style=\"color:#442924;\"> \u20ac  128,00 <\/span><\/td><td class=\"column-7\"><span style=\"color:#442924;\"> \u20ac  80,00 <\/span><\/td><td class=\"column-8\"><span style=\"color:#442924;\"> \u20ac  165,00 <\/span><\/td>\n<\/tr>\n<tr class=\"row-9\">\n\t<td class=\"column-1\"><span style=\"color:#442924;\"><\/span><\/td><td class=\"column-2\"><span style=\"color:#442924;\">week<\/span><\/td><td class=\"column-3\"><span style=\"color:#442924;\"> \u20ac  1.155,00 <\/span><\/td><td class=\"column-4\"><span style=\"color:#442924;\"> \u20ac  994,00 <\/span><\/td><td class=\"column-5\"><span style=\"color:#442924;\"> \u20ac  808,50 <\/span><\/td><td class=\"column-6\"><span style=\"color:#442924;\"> \u20ac  896,00 <\/span><\/td><td class=\"column-7\"><span style=\"color:#442924;\"> \u20ac  560,00 <\/span><\/td><td class=\"column-8\"><span style=\"color:#442924;\"> \u20ac  1.155,00 <\/span><\/td>\n<\/tr>\n<tr class=\"row-10\">\n\t<td class=\"column-1\"><span style=\"color:#442924;\">26\/09 - 31\/10<\/span><\/td><td class=\"column-2\"><span style=\"color:#442924;\">night<\/span><\/td><td class=\"column-3\"><span style=\"color:#442924;\"> \u20ac  165,00 <\/span><\/td><td class=\"column-4\"><span style=\"color:#442924;\"> \u20ac  142,00 <\/span><\/td><td class=\"column-5\"><span style=\"color:#442924;\"> \u20ac  115,50 <\/span><\/td><td class=\"column-6\"><span style=\"color:#442924;\"> \u20ac  110,00 <\/span><\/td><td class=\"column-7\"><span style=\"color:#442924;\"> \u20ac  80,00 <\/span><\/td><td class=\"column-8\"><span style=\"color:#442924;\"> \u20ac  165,00 <\/span><\/td>\n<\/tr>\n<tr class=\"row-11\">\n\t<td class=\"column-1\"><span style=\"color:#442924;\"><\/span><\/td><td class=\"column-2\"><span style=\"color:#442924;\">week<\/span><\/td><td class=\"column-3\"><span style=\"color:#442924;\"> \u20ac  1.155,00 <\/span><\/td><td class=\"column-4\"><span style=\"color:#442924;\"> \u20ac  994,00 <\/span><\/td><td class=\"column-5\"><span style=\"color:#442924;\"> \u20ac  808,50 <\/span><\/td><td class=\"column-6\"><span style=\"color:#442924;\"> \u20ac  770,00 <\/span><\/td><td class=\"column-7\"><span style=\"color:#442924;\"> \u20ac  560,00 <\/span><\/td><td class=\"column-8\"><span style=\"color:#442924;\"> \u20ac  1.155,00 <\/span><\/td>\n<\/tr>\n<tr class=\"row-12\">\n\t<td class=\"column-1\"><span style=\"color:#442924;\">31\/10 - 31\/12<\/span><\/td><td class=\"column-2\"><span style=\"color:#442924;\">night<\/span><\/td><td class=\"column-3\"><span style=\"color:#442924;\"> \u20ac  137,00 <\/span><\/td><td class=\"column-4\"><span style=\"color:#442924;\"> \u20ac  115,00 <\/span><\/td><td class=\"column-5\"><span style=\"color:#442924;\"> \u20ac  94,50 <\/span><\/td><td class=\"column-6\"><span style=\"color:#442924;\">n.v.t<\/span><\/td><td class=\"column-7\"><span style=\"color:#442924;\">n.v.t<\/span><\/td><td class=\"column-8\"><span style=\"color:#442924;\"> \u20ac  137,00 <\/span><\/td>\n<\/tr>\n<tr class=\"row-13\">\n\t<td class=\"column-1\"><span style=\"color:#442924;\"><\/span><\/td><td class=\"column-2\"><span style=\"color:#442924;\">week<\/span><\/td><td class=\"column-3\"><span style=\"color:#442924;\"> \u20ac  959,00 <\/span><\/td><td class=\"column-4\"><span style=\"color:#442924;\"> \u20ac  805,00 <\/span><\/td><td class=\"column-5\"><span style=\"color:#442924;\"> \u20ac  661,50 <\/span><\/td><td class=\"column-6\"><span style=\"color:#442924;\">n.v.t<\/span><\/td><td class=\"column-7\"><span style=\"color:#442924;\">n.v.t<\/span><\/td><td class=\"column-8\"><span style=\"color:#442924;\"> \u20ac  959,00 <\/span><\/td>\n<\/tr>\n<\/tbody>\n<\/table>\n\n<p>[\/et_pb_text][et_pb_text admin_label=&#8220;Verplichte overige kosten (alle tekst)&#8220; _builder_version=&#8220;4.27.5&#8243; _module_preset=&#8220;default&#8220; hover_enabled=&#8220;0&#8243; global_colors_info=&#8220;{}&#8220; sticky_enabled=&#8220;0&#8243;]<strong>Obligatorische sonstige Kosten<\/strong><br \/>\nReinigungsgeb\u00fchr f\u00fcr das Apartment: \u20ac 78,50<br \/>\nReinigungsgeb\u00fchr f\u00fcr das Glampingzelt: \u20ac 78,50<br \/>\nReinigungsgeb\u00fchr f\u00fcr das Bell-Zelt: \u20ac 52,50<br \/>\nW\u00e4schepaket: \u20ac 15,- p.p.<\/p>\n<p><strong>Mindestaufenthalt<\/strong><br \/>\nDer Mindestaufenthalt betr\u00e4gt 3 N\u00e4chte. An- und Abreisetag nach Ihrer Wahl und je nach Verf\u00fcgbarkeit.<\/p>\n<p><strong>Sonstiges<\/strong><br \/>\nEs ist m\u00f6glich, die Wohnung Fico mit der Wohnung Oliva zu kombinieren, indem Sie die Verbindungst\u00fcr \u00f6ffnen. So entsteht eine 6-Personen-Wohnung mit drei Doppelzimmern und 2 Badezimmern mit WC, Bidet und Dusche.<\/p>\n<p>Wenn Sie B&amp;B Ripa i.c.m. der Wohnung Oliva buchen, ist das Fr\u00fchst\u00fcck nicht inbegriffen.[\/et_pb_text][\/et_pb_column][\/et_pb_row][\/et_pb_section][et_pb_section fb_built=&#8220;1&#8243; _builder_version=&#8220;4.25.1&#8243; _module_preset=&#8220;default&#8220; background_color=&#8220;#51664D&#8220; global_colors_info=&#8220;{}&#8220;][et_pb_row column_structure=&#8220;2_5,3_5&#8243; _builder_version=&#8220;4.25.1&#8243; _module_preset=&#8220;default&#8220; global_colors_info=&#8220;{}&#8220;][et_pb_column type=&#8220;2_5&#8243; _builder_version=&#8220;4.25.1&#8243; _module_preset=&#8220;default&#8220; global_colors_info=&#8220;{}&#8220;][et_pb_image src=&#8220;https:\/\/angelisognanti.com\/wp-content\/uploads\/2024\/06\/Angeli-Sognanti_Blokjespatroon-2.jpg&#8220; title_text=&#8220;Angeli Sognanti_Blockmuster (2)&#8220; _builder_version=&#8220;4.25.1&#8243; _module_preset=&#8220;default&#8220; transform_scale=&#8220;142%|142%&#8220; transform_translate=&#8220;-172px|-57px&#8220; global_colors_info=&#8220;{}&#8220;][\/et_pb_image][\/et_pb_column][et_pb_column type=&#8220;3_5&#8243; _builder_version=&#8220;4.25.1&#8243; _module_preset=&#8220;default&#8220; global_colors_info=&#8220;{}&#8220;][et_pb_text _builder_version=&#8220;4.25.1&#8243; _module_preset=&#8220;default&#8220; text_text_color=&#8220;#F9F3E7&#8243; link_text_color=&#8220;#F9F3E7&#8243; header_4_text_color=&#8220;#F9F3E7&#8243; header_4_font_size=&#8220;25px&#8220; header_4_line_height=&#8220;1.2em&#8220; width=&#8220;85%&#8220; global_colors_info=&#8220;{}&#8220;]<\/p>\n<h4>Angeli Sognanti ist ein besonderer Ort zum Verweilen.<br \/>\nEin Ort, an dem Ruhe und Natur f\u00fcr einen entspannten Urlaub sorgen. <\/h4>\n<p><a href=\"https:\/\/angelisognanti.com\/de\/buchen-2\/\">Buchen Sie Ihren Aufenthalt <b>\u2192.<\/b><\/a><\/p>\n<p>[\/et_pb_text][\/et_pb_column][\/et_pb_row][\/et_pb_section]<\/p>\n","protected":false},"excerpt":{"rendered":"<p>Preise 2026\n<table id=\"tablepress-1-no-2\" class=\"tablepress tablepress-id-1\">\n<thead>\n<tr class=\"row-1\">\n\t<th class=\"column-1\"><span style=\"color:#555555;\"><strong>2026<\/strong><\/span><\/th><th class=\"column-2\"><span style=\"color:#555555;\"><strong> \u20ac <\/strong><\/span><\/th><th class=\"column-3\"><span style=\"color:#555555;\"><strong>Appt. Fico<\/strong><\/span><\/th><th class=\"column-4\"><span style=\"color:#555555;\"><strong>Appt. Oliva<\/strong><\/span><\/th><th class=\"column-5\"><span style=\"color:#555555;\"><strong>B&amp;B Ripa<\/strong><\/span><\/th><th class=\"column-6\"><span style=\"color:#555555;\"><strong>Glamping tent<\/strong><\/span><\/th><th class=\"column-7\"><span style=\"color:#555555;\"><strong>Bell tent<\/strong><\/span><\/th><th class=\"column-8\"><span style=\"color:#555555;\"><strong>B&amp;B Ripa &amp;<br \/>\n Appt. Oliva<\/strong><\/span><\/th>\n<\/tr>\n<\/thead>\n<tbody class=\"row-hover\">\n<tr class=\"row-2\">\n\t<td class=\"column-1\"><span style=\"color:#442924;\">01\/01 - 18\/04<\/span><\/td><td class=\"column-2\"><span style=\"color:#442924;\">night<\/span><\/td><td class=\"column-3\"><span style=\"color:#442924;\"> \u20ac  137,00 <\/span><\/td><td class=\"column-4\"><span style=\"color:#442924;\"> \u20ac  115,00 <\/span><\/td><td class=\"column-5\"><span style=\"color:#442924;\"> \u20ac  94,50 <\/span><\/td><td class=\"column-6\"><span style=\"color:#442924;\">n.v.t.<\/span><\/td><td class=\"column-7\"><span style=\"color:#442924;\">n.v.t.<\/span><\/td><td class=\"column-8\"><span style=\"color:#442924;\"> \u20ac  137,00 <\/span><\/td>\n<\/tr>\n<tr class=\"row-3\">\n\t<td class=\"column-1\"><span style=\"color:#442924;\"><\/span><\/td><td class=\"column-2\"><span style=\"color:#442924;\">week<\/span><\/td><td class=\"column-3\"><span style=\"color:#442924;\"> \u20ac  959,00 <\/span><\/td><td class=\"column-4\"><span style=\"color:#442924;\"> \u20ac  805,00 <\/span><\/td><td class=\"column-5\"><span style=\"color:#442924;\"> \u20ac  661,50 <\/span><\/td><td class=\"column-6\"><span style=\"color:#442924;\">n.v.t.<\/span><\/td><td class=\"column-7\"><span style=\"color:#442924;\">n.v.t.<\/span><\/td><td class=\"column-8\"><span style=\"color:#442924;\"> \u20ac  959,00 <\/span><\/td>\n<\/tr>\n<tr class=\"row-4\">\n\t<td class=\"column-1\"><span style=\"color:#442924;\">18\/04 - 27\/06<\/span><\/td><td class=\"column-2\"><span style=\"color:#442924;\">night<\/span><\/td><td class=\"column-3\"><span style=\"color:#442924;\"> \u20ac  165,00 <\/span><\/td><td class=\"column-4\"><span style=\"color:#442924;\"> \u20ac  142,00 <\/span><\/td><td class=\"column-5\"><span style=\"color:#442924;\"> \u20ac  115,50 <\/span><\/td><td class=\"column-6\"><span style=\"color:#442924;\"> \u20ac  128,00 <\/span><\/td><td class=\"column-7\"><span style=\"color:#442924;\"> \u20ac  80,00 <\/span><\/td><td class=\"column-8\"><span style=\"color:#442924;\"> \u20ac  165,00 <\/span><\/td>\n<\/tr>\n<tr class=\"row-5\">\n\t<td class=\"column-1\"><span style=\"color:#442924;\"><\/span><\/td><td class=\"column-2\"><span style=\"color:#442924;\">week<\/span><\/td><td class=\"column-3\"><span style=\"color:#442924;\"> \u20ac  1.155,00 <\/span><\/td><td class=\"column-4\"><span style=\"color:#442924;\"> \u20ac  994,00 <\/span><\/td><td class=\"column-5\"><span style=\"color:#442924;\"> \u20ac  808,50 <\/span><\/td><td class=\"column-6\"><span style=\"color:#442924;\"> \u20ac  896,00 <\/span><\/td><td class=\"column-7\"><span style=\"color:#442924;\"> \u20ac  560,00 <\/span><\/td><td class=\"column-8\"><span style=\"color:#442924;\"> \u20ac  1.155,00 <\/span><\/td>\n<\/tr>\n<tr class=\"row-6\">\n\t<td class=\"column-1\"><span style=\"color:#442924;\">27\/06 - 05\/09<\/span><\/td><td class=\"column-2\"><span style=\"color:#442924;\">night<\/span><\/td><td class=\"column-3\"><span style=\"color:#442924;\"> \u20ac  214,00 <\/span><\/td><td class=\"column-4\"><span style=\"color:#442924;\"> \u20ac  176,00 <\/span><\/td><td class=\"column-5\"><span style=\"color:#442924;\">n.v.t.<\/span><\/td><td class=\"column-6\"><span style=\"color:#442924;\"> \u20ac  223,00 <\/span><\/td><td class=\"column-7\"><span style=\"color:#442924;\"> \u20ac  120,00 <\/span><\/td><td class=\"column-8\"><span style=\"color:#442924;\"> \u20ac  214,00 <\/span><\/td>\n<\/tr>\n<tr class=\"row-7\">\n\t<td class=\"column-1\"><span style=\"color:#442924;\"><\/span><\/td><td class=\"column-2\"><span style=\"color:#442924;\">week<\/span><\/td><td class=\"column-3\"><span style=\"color:#442924;\"> \u20ac  1.498,00 <\/span><\/td><td class=\"column-4\"><span style=\"color:#442924;\"> \u20ac  1.232,00 <\/span><\/td><td class=\"column-5\"><span style=\"color:#442924;\">n.v.t.<\/span><\/td><td class=\"column-6\"><span style=\"color:#442924;\"> \u20ac  1.561,00 <\/span><\/td><td class=\"column-7\"><span style=\"color:#442924;\"> \u20ac  840,00 <\/span><\/td><td class=\"column-8\"><span style=\"color:#442924;\"> \u20ac  1.498,00 <\/span><\/td>\n<\/tr>\n<tr class=\"row-8\">\n\t<td class=\"column-1\"><span style=\"color:#442924;\">05\/09 - 26\/09<\/span><\/td><td class=\"column-2\"><span style=\"color:#442924;\">night<\/span><\/td><td class=\"column-3\"><span style=\"color:#442924;\"> \u20ac  165,00 <\/span><\/td><td class=\"column-4\"><span style=\"color:#442924;\"> \u20ac  142,00 <\/span><\/td><td class=\"column-5\"><span style=\"color:#442924;\"> \u20ac  115,50 <\/span><\/td><td class=\"column-6\"><span style=\"color:#442924;\"> \u20ac  128,00 <\/span><\/td><td class=\"column-7\"><span style=\"color:#442924;\"> \u20ac  80,00 <\/span><\/td><td class=\"column-8\"><span style=\"color:#442924;\"> \u20ac  165,00 <\/span><\/td>\n<\/tr>\n<tr class=\"row-9\">\n\t<td class=\"column-1\"><span style=\"color:#442924;\"><\/span><\/td><td class=\"column-2\"><span style=\"color:#442924;\">week<\/span><\/td><td class=\"column-3\"><span style=\"color:#442924;\"> \u20ac  1.155,00 <\/span><\/td><td class=\"column-4\"><span style=\"color:#442924;\"> \u20ac  994,00 <\/span><\/td><td class=\"column-5\"><span style=\"color:#442924;\"> \u20ac  808,50 <\/span><\/td><td class=\"column-6\"><span style=\"color:#442924;\"> \u20ac  896,00 <\/span><\/td><td class=\"column-7\"><span style=\"color:#442924;\"> \u20ac  560,00 <\/span><\/td><td class=\"column-8\"><span style=\"color:#442924;\"> \u20ac  1.155,00 <\/span><\/td>\n<\/tr>\n<tr class=\"row-10\">\n\t<td class=\"column-1\"><span style=\"color:#442924;\">26\/09 - 31\/10<\/span><\/td><td class=\"column-2\"><span style=\"color:#442924;\">night<\/span><\/td><td class=\"column-3\"><span style=\"color:#442924;\"> \u20ac  165,00 <\/span><\/td><td class=\"column-4\"><span style=\"color:#442924;\"> \u20ac  142,00 <\/span><\/td><td class=\"column-5\"><span style=\"color:#442924;\"> \u20ac  115,50 <\/span><\/td><td class=\"column-6\"><span style=\"color:#442924;\"> \u20ac  110,00 <\/span><\/td><td class=\"column-7\"><span style=\"color:#442924;\"> \u20ac  80,00 <\/span><\/td><td class=\"column-8\"><span style=\"color:#442924;\"> \u20ac  165,00 <\/span><\/td>\n<\/tr>\n<tr class=\"row-11\">\n\t<td class=\"column-1\"><span style=\"color:#442924;\"><\/span><\/td><td class=\"column-2\"><span style=\"color:#442924;\">week<\/span><\/td><td class=\"column-3\"><span style=\"color:#442924;\"> \u20ac  1.155,00 <\/span><\/td><td class=\"column-4\"><span style=\"color:#442924;\"> \u20ac  994,00 <\/span><\/td><td class=\"column-5\"><span style=\"color:#442924;\"> \u20ac  808,50 <\/span><\/td><td class=\"column-6\"><span style=\"color:#442924;\"> \u20ac  770,00 <\/span><\/td><td class=\"column-7\"><span style=\"color:#442924;\"> \u20ac  560,00 <\/span><\/td><td class=\"column-8\"><span style=\"color:#442924;\"> \u20ac  1.155,00 <\/span><\/td>\n<\/tr>\n<tr class=\"row-12\">\n\t<td class=\"column-1\"><span style=\"color:#442924;\">31\/10 - 31\/12<\/span><\/td><td class=\"column-2\"><span style=\"color:#442924;\">night<\/span><\/td><td class=\"column-3\"><span style=\"color:#442924;\"> \u20ac  137,00 <\/span><\/td><td class=\"column-4\"><span style=\"color:#442924;\"> \u20ac  115,00 <\/span><\/td><td class=\"column-5\"><span style=\"color:#442924;\"> \u20ac  94,50 <\/span><\/td><td class=\"column-6\"><span style=\"color:#442924;\">n.v.t<\/span><\/td><td class=\"column-7\"><span style=\"color:#442924;\">n.v.t<\/span><\/td><td class=\"column-8\"><span style=\"color:#442924;\"> \u20ac  137,00 <\/span><\/td>\n<\/tr>\n<tr class=\"row-13\">\n\t<td class=\"column-1\"><span style=\"color:#442924;\"><\/span><\/td><td class=\"column-2\"><span style=\"color:#442924;\">week<\/span><\/td><td class=\"column-3\"><span style=\"color:#442924;\"> \u20ac  959,00 <\/span><\/td><td class=\"column-4\"><span style=\"color:#442924;\"> \u20ac  805,00 <\/span><\/td><td class=\"column-5\"><span style=\"color:#442924;\"> \u20ac  661,50 <\/span><\/td><td class=\"column-6\"><span style=\"color:#442924;\">n.v.t<\/span><\/td><td class=\"column-7\"><span style=\"color:#442924;\">n.v.t<\/span><\/td><td class=\"column-8\"><span style=\"color:#442924;\"> \u20ac  959,00 <\/span><\/td>\n<\/tr>\n<\/tbody>\n<\/table>\nObligatorische sonstige Kosten Reinigungsgeb\u00fchr f\u00fcr das Apartment: \u20ac 78,50 Reinigungsgeb\u00fchr f\u00fcr das Glampingzelt: \u20ac 78,50 Reinigungsgeb\u00fchr f\u00fcr das Bell-Zelt: \u20ac 52,50 W\u00e4schepaket: \u20ac 15,- p.p. Mindestaufenthalt Der Mindestaufenthalt betr\u00e4gt 3 N\u00e4chte. An- und Abreisetag nach Ihrer Wahl und je nach Verf\u00fcgbarkeit. Sonstiges Es ist m\u00f6glich, die Wohnung Fico mit der Wohnung Oliva [&hellip;]<\/p>\n","protected":false},"author":6,"featured_media":0,"parent":0,"menu_order":0,"comment_status":"closed","ping_status":"closed","template":"","meta":{"_et_pb_use_builder":"on","_et_pb_old_content":"","_et_gb_content_width":"","footnotes":""},"class_list":["post-3555","page","type-page","status-publish","hentry"],"_links":{"self":[{"href":"https:\/\/angelisognanti.com\/de\/wp-json\/wp\/v2\/pages\/3555","targetHints":{"allow":["GET"]}}],"collection":[{"href":"https:\/\/angelisognanti.com\/de\/wp-json\/wp\/v2\/pages"}],"about":[{"href":"https:\/\/angelisognanti.com\/de\/wp-json\/wp\/v2\/types\/page"}],"author":[{"embeddable":true,"href":"https:\/\/angelisognanti.com\/de\/wp-json\/wp\/v2\/users\/6"}],"replies":[{"embeddable":true,"href":"https:\/\/angelisognanti.com\/de\/wp-json\/wp\/v2\/comments?post=3555"}],"version-history":[{"count":0,"href":"https:\/\/angelisognanti.com\/de\/wp-json\/wp\/v2\/pages\/3555\/revisions"}],"wp:attachment":[{"href":"https:\/\/angelisognanti.com\/de\/wp-json\/wp\/v2\/media?parent=3555"}],"curies":[{"name":"wp","href":"https:\/\/api.w.org\/{rel}","templated":true}]}}