{"id":2479,"date":"2024-09-11T12:15:10","date_gmt":"2024-09-11T10:15:10","guid":{"rendered":"https:\/\/angelisognanti.com\/buecher-mit-tommy-fuer-uebersetzungen\/"},"modified":"2024-12-28T12:03:18","modified_gmt":"2024-12-28T11:03:18","slug":"buchen","status":"publish","type":"page","link":"https:\/\/angelisognanti.com\/de\/buchen\/","title":{"rendered":"B\u00fccher mit Tommy (f\u00fcr \u00dcbersetzungen)"},"content":{"rendered":"<p>[et_pb_section fb_built=&#8220;1&#8243; _builder_version=&#8220;4.25.1&#8243; _module_preset=&#8220;default&#8220; background_color=&#8220;#F9F3E7&#8243; global_colors_info=&#8220;{}&#8220;][et_pb_row column_structure=&#8220;1_2,1_2&#8243; _builder_version=&#8220;4.26.0&#8243; _module_preset=&#8220;default&#8220; custom_margin=&#8220;5vw|auto|8vw|auto|false|false&#8220; custom_margin_tablet=&#8220;5vw|auto|8vw|auto|false|false&#8220; custom_margin_phone=&#8220;15vw|auto|8vw|auto|false|false&#8220; custom_margin_last_edited=&#8220;on|phone&#8220; global_colors_info=&#8220;{}&#8220;][et_pb_column type=&#8220;1_2&#8243; _builder_version=&#8220;4.25.1&#8243; _module_preset=&#8220;default&#8220; global_colors_info=&#8220;{}&#8220;][et_pb_text _builder_version=&#8220;4.25.2&#8243; _module_preset=&#8220;default&#8220; header_2_font=&#8220;||||||||&#8220; header_2_text_color=&#8220;#442924&#8243; header_2_font_size=&#8220;28px&#8220; header_2_line_height=&#8220;1.3em&#8220; custom_margin=&#8220;||1vw||false|false&#8220; global_colors_info=&#8220;{}&#8220;]<\/p>\n<h2>Ihr Urlaub beginnt hier<\/h2>\n<p>[\/et_pb_text][et_pb_text _builder_version=&#8220;4.27.0&#8243; _module_preset=&#8220;default&#8220; text_font=&#8220;&#8211;et_global_body_font|300|||||||&#8220; header_font=&#8220;|300|||||||&#8220; custom_margin=&#8220;||||true|false&#8220; global_colors_info=&#8220;{}&#8220;]<\/p>\n<p>Auf dieser Seite k\u00f6nnen Sie die Verf\u00fcgbarkeit unserer <span style=\"text-decoration: underline;\"><a href=\"https:\/\/angelisognanti.com\/de\/uebernachtung-fruehstueck\/\">B&amp;B<\/a><\/span>, <span style=\"text-decoration: underline;\"><a href=\"https:\/\/angelisognanti.com\/de\/wohnungen\/\">Wohnungen<\/a><\/span>, <span style=\"text-decoration: underline;\"><a href=\"\/glampinglodges\">Safarizelte<\/a><\/span> und m\u00f6blierte <span style=\"text-decoration: underline;\"><a href=\"https:\/\/angelisognanti.com\/de\/glockenzelte\/\">Glockenzelte<\/a><\/span>.<\/p>\n<p>In der Hochsaison werden unsere Appartements sowie die Safari- und Glockenzelte ausschlie\u00dflich auf Wochenbasis vermietet; die An- und Abreise erfolgt in dieser Zeit samstags.<br \/>\nDas Bed &amp; Breakfast-Zimmer kann in diesem Zeitraum auch f\u00fcr mindestens drei N\u00e4chte gebucht werden. <\/p>\n<p>In der Neben- und Zwischensaison k\u00f6nnen Sie an jedem Tag der Woche anreisen, bei einem Mindestaufenthalt von drei N\u00e4chten.<br \/>\nDies gilt also f\u00fcr das Bed &amp; Breakfast-Zimmer f\u00fcr das ganze Jahr. <\/p>\n<p>Sie k\u00f6nnen eine Reservierung \u00fcber das untenstehende Buchungsformular vornehmen.<br \/>\nSie erhalten dann eine Buchungsbest\u00e4tigung mit Zahlungslink per E-Mail. <\/p>\n<p>K<strong>eine Verf\u00fcgbarkeit im Kalender?<\/strong> Mailen Sie uns unter<span style=\"text-decoration: underline;\"><a href=\"mailto:info@angelisognanti.com\">info@angelisognanti.com<\/a><\/span> oder \u00fcber das <span style=\"text-decoration: underline;\"><a href=\"https:\/\/angelisognanti.com\/de\/kontakt\/\">Kontakt-Formular<\/a><\/span>. Wir antworten immer innerhalb von 24 Stunden auf Ihre E-Mail oder Buchung. <\/p>\n<p>&gt;&gt;  Keine Antwort? Dann \u00fcberpr\u00fcfen Sie bitte Ihr Spam-Fach. <\/p>\n<p>[\/et_pb_text][et_pb_button button_url=&#8220;#boeken&#8220; button_text=&#8220;Verf\u00fcgbarkeit und Buchung&#8220; _builder_version=&#8220;4.26.0&#8243; _module_preset=&#8220;default&#8220; global_colors_info=&#8220;{}&#8220;][\/et_pb_button][\/et_pb_column][et_pb_column type=&#8220;1_2&#8243; _builder_version=&#8220;4.25.1&#8243; _module_preset=&#8220;default&#8220; global_colors_info=&#8220;{}&#8220;][et_pb_image src=&#8220;https:\/\/angelisognanti.com\/wp-content\/uploads\/2024\/09\/7d5b0c8c-ba8e-4a31-81b0-cc7fe217c864-1.jpeg&#8220; title_text=&#8220;Ansicht_Agriturismo_Angeli_Sognanti&#8220; _builder_version=&#8220;4.27.0&#8243; _module_preset=&#8220;default&#8220; width=&#8220;85%&#8220; module_alignment=&#8220;right&#8220; global_colors_info=&#8220;{}&#8220;][\/et_pb_image][et_pb_text _builder_version=&#8220;4.26.0&#8243; _module_preset=&#8220;default&#8220; text_font=&#8220;|300|||||||&#8220; text_font_size=&#8220;13px&#8220; custom_margin=&#8220;|||5vw|false|false&#8220; custom_padding=&#8220;|||1vw|false|false&#8220; custom_padding_tablet=&#8220;|||1vw|false|false&#8220; custom_padding_phone=&#8220;|||3vw|false|false&#8220; custom_padding_last_edited=&#8220;on|phone&#8220; text_font_size_tablet=&#8220;13px&#8220; text_font_size_phone=&#8220;12px&#8220; text_font_size_last_edited=&#8220;on|phone&#8220; text_line_height_tablet=&#8220;&#8220; text_line_height_phone=&#8220;1.6em&#8220; text_line_height_last_edited=&#8220;on|phone&#8220; border_width_left=&#8220;1px&#8220; border_color_left=&#8220;#929325&#8243; global_colors_info=&#8220;{}&#8220;]<\/p>\n<p>Tipp: G\u00e4ste neigen dazu, ein paar Tage in der <span style=\"text-decoration: underline;\"><a href=\"\/bedandbreakfast\">Bed &amp; Breakfast<\/a> <\/span>mit ihrem Aufenthalt als Verl\u00e4ngerung ihres Urlaubs oder weil es f\u00fcr den gew\u00fcnschten Ankunfts- oder Abreisetermin g\u00fcnstiger ist.<\/p>\n<p>[\/et_pb_text][et_pb_text _builder_version=&#8220;4.26.0&#8243; _module_preset=&#8220;default&#8220; text_font=&#8220;||||||||&#8220; text_text_color=&#8220;#F9F3E7&#8243; text_font_size=&#8220;14px&#8220; background_color=&#8220;#929325&#8243; custom_margin=&#8220;|||5vw|false|false&#8220; custom_padding=&#8220;1vw|1vw|1vw|1vw|true|true&#8220; custom_padding_tablet=&#8220;1vw|1vw|1vw|1vw|true|true&#8220; custom_padding_phone=&#8220;3vw|3vw|3vw|3vw|true|true&#8220; custom_padding_last_edited=&#8220;on|phone&#8220; text_font_size_tablet=&#8220;14px&#8220; text_font_size_phone=&#8220;13px&#8220; text_font_size_last_edited=&#8220;on|phone&#8220; global_colors_info=&#8220;{}&#8220;]<\/p>\n<p><span style=\"text-decoration: underline;\"><strong>2025:<\/strong><\/span><\/p>\n<p>Hochsaison: 28. Juni bis 6. September Zwischensaison: 19. April bis 28. Juni und 6. September bis 1. November Nebensaison: 1. Januar bis 19. April und 1. November bis 31. Dezember<\/p>\n<p>[\/et_pb_text][\/et_pb_column][\/et_pb_row][\/et_pb_section][et_pb_section fb_built=&#8220;1&#8243; _builder_version=&#8220;4.25.2&#8243; _module_preset=&#8220;default&#8220; background_color=&#8220;#929325&#8243; custom_margin=&#8220;-5vw||||false|false&#8220; custom_padding=&#8220;0px||||false|false&#8220; global_colors_info=&#8220;{}&#8220;][et_pb_row _builder_version=&#8220;4.25.1&#8243; _module_preset=&#8220;default&#8220; width=&#8220;100%&#8220; max_width=&#8220;100%&#8220; global_colors_info=&#8220;{}&#8220;][et_pb_column type=&#8220;4_4&#8243; _builder_version=&#8220;4.25.1&#8243; _module_preset=&#8220;default&#8220; global_colors_info=&#8220;{}&#8220;][et_pb_image src=&#8220;https:\/\/angelisognanti.com\/wp-content\/uploads\/2024\/06\/Angeli-Sognanti_Blokjespatroon-3.jpg&#8220; title_text=&#8220;Angeli Sognanti_Blockmuster (3)&#8220; align=&#8220;center&#8220; _builder_version=&#8220;4.25.1&#8243; _module_preset=&#8220;default&#8220; custom_margin=&#8220;-6vw||||false|false&#8220; custom_padding=&#8220;0px||||false|false&#8220; global_colors_info=&#8220;{}&#8220;][\/et_pb_image][\/et_pb_column][\/et_pb_row][\/et_pb_section][et_pb_section fb_built=&#8220;1&#8243; module_id=&#8220;B\u00fccher&#8220; _builder_version=&#8220;4.26.0&#8243; _module_preset=&#8220;default&#8220; background_color=&#8220;#F9F3E7&#8243; global_colors_info=&#8220;{}&#8220;][et_pb_row _builder_version=&#8220;4.25.2&#8243; _module_preset=&#8220;default&#8220; global_colors_info=&#8220;{}&#8220;][et_pb_column type=&#8220;4_4&#8243; _builder_version=&#8220;4.25.2&#8243; _module_preset=&#8220;default&#8220; global_colors_info=&#8220;{}&#8220;][et_pb_code admin_label=&#8220;Online Buchungscode DE&#8220; _builder_version=&#8220;4.26.1&#8243; _module_preset=&#8220;default&#8220; global_colors_info=&#8220;{}&#8220;]<\/p>\n<div id=\"TommyBookingSupport\">  data-scroll=&#8217;false&#8216;<!-- [et_pb_line_break_holder] -->  data-widget=&#8220;B\u00fccher&#8220;<!-- [et_pb_line_break_holder] -->  data-apikey=&#8220;ebf29b81682824cacc192931ce4efafaa47fcede580dc5fd7ab38c60ee37f382&#8243;<!-- [et_pb_line_break_holder] -->  data-account=&#8220;Gerald&#8220;<!-- [et_pb_line_break_holder] -->  data-language=&#8217;nl&#8216;<!-- [et_pb_line_break_holder] -->  data-country=&#8217;nl&#8216;<!-- [et_pb_line_break_holder] -->  data-accommodation-group=&#8217;11781&#8242;<!-- [et_pb_line_break_holder] -->  data-location-choice=&#8217;true&#8216;<!-- [et_pb_line_break_holder] -->  data-accommodation-photos=&#8217;true&#8216;<!-- [et_pb_line_break_holder] -->  data-ideal=&#8217;true&#8216;<!-- [et_pb_line_break_holder] -->  data-google-analytics=&#8217;G-RKC33ZPH5V&#8216;&gt;<!-- [et_pb_line_break_holder] --><\/div>\n<p>[\/et_pb_code][et_pb_code admin_label=&#8220;Skript f\u00fcr Online-Buchungen&#8220; _builder_version=&#8220;4.26.0&#8243; _module_preset=&#8220;default&#8220; global_colors_info=&#8220;{}&#8220;]<script src=\"https:\/\/api.tommybookingsupport.com\/widgets\/js\/widget.js\"<!-- [et_pb_line_break_holder] -->        type=\"application\/javascript\" language=\"javascript\"><\/script>[\/et_pb_code][\/et_pb_column][\/et_pb_row][\/et_pb_section][et_pb_section fb_built=&#8220;1&#8243; _builder_version=&#8220;4.25.1&#8243; _module_preset=&#8220;default&#8220; background_color=&#8220;#51664D&#8220; global_colors_info=&#8220;{}&#8220;][et_pb_row column_structure=&#8220;3_5,2_5&#8243; _builder_version=&#8220;4.25.1&#8243; _module_preset=&#8220;default&#8220; global_colors_info=&#8220;{}&#8220;][et_pb_column type=&#8220;3_5&#8243; _builder_version=&#8220;4.25.1&#8243; _module_preset=&#8220;default&#8220; global_colors_info=&#8220;{}&#8220;][et_pb_text _builder_version=&#8220;4.25.1&#8243; _module_preset=&#8220;default&#8220; text_text_color=&#8220;#F9F3E7&#8243; header_4_text_color=&#8220;#F9F3E7&#8243; header_4_font_size=&#8220;25px&#8220; header_4_line_height=&#8220;1.2em&#8220; global_colors_info=&#8220;{}&#8220;]<\/p>\n<h4>Unsere Vision ist es, einen Traumort zu schaffen, an dem Sie das Leben in vollen Z\u00fcgen genie\u00dfen und entschleunigen k\u00f6nnen<\/h4>\n<p>Besuchen Sie unseren Traumplatz <b>\u2192.<\/b><\/p>\n<p>[\/et_pb_text][\/et_pb_column][et_pb_column type=&#8220;2_5&#8243; _builder_version=&#8220;4.25.1&#8243; _module_preset=&#8220;default&#8220; global_colors_info=&#8220;{}&#8220;][et_pb_image src=&#8220;https:\/\/angelisognanti.com\/wp-content\/uploads\/2024\/06\/Angeli-Sognanti_Blokjespatroon-2.jpg&#8220; title_text=&#8220;Angeli Sognanti_Blockmuster (2)&#8220; align=&#8220;right&#8220; _builder_version=&#8220;4.26.0&#8243; _module_preset=&#8220;default&#8220; transform_scale=&#8220;142%|142%&#8220; transform_translate=&#8220;92px|-73px&#8220; transform_translate_linked=&#8220;off&#8220; custom_margin_tablet=&#8220;&#8220; custom_margin_phone=&#8220;-200px||||false|false&#8220; custom_margin_last_edited=&#8220;on|phone&#8220; global_colors_info=&#8220;{}&#8220;][\/et_pb_image][\/et_pb_column][\/et_pb_row][\/et_pb_section]<\/p>\n","protected":false},"excerpt":{"rendered":"<p>Ihr Urlaub beginnt hierAuf dieser Seite k\u00f6nnen Sie die Verf\u00fcgbarkeit unserer B&amp;B, Wohnungen, Safarizelte und m\u00f6blierte Glockenzelte. In der Hochsaison werden unsere Appartements sowie die Safari- und Glockenzelte ausschlie\u00dflich auf Wochenbasis vermietet; die An- und Abreise erfolgt in dieser Zeit samstags. Das Bed &amp; Breakfast-Zimmer kann in diesem Zeitraum auch f\u00fcr mindestens drei N\u00e4chte gebucht [&hellip;]<\/p>\n","protected":false},"author":1,"featured_media":0,"parent":0,"menu_order":0,"comment_status":"closed","ping_status":"closed","template":"","meta":{"_et_pb_use_builder":"on","_et_pb_old_content":"","_et_gb_content_width":"","footnotes":""},"class_list":["post-2479","page","type-page","status-publish","hentry"],"_links":{"self":[{"href":"https:\/\/angelisognanti.com\/de\/wp-json\/wp\/v2\/pages\/2479","targetHints":{"allow":["GET"]}}],"collection":[{"href":"https:\/\/angelisognanti.com\/de\/wp-json\/wp\/v2\/pages"}],"about":[{"href":"https:\/\/angelisognanti.com\/de\/wp-json\/wp\/v2\/types\/page"}],"author":[{"embeddable":true,"href":"https:\/\/angelisognanti.com\/de\/wp-json\/wp\/v2\/users\/1"}],"replies":[{"embeddable":true,"href":"https:\/\/angelisognanti.com\/de\/wp-json\/wp\/v2\/comments?post=2479"}],"version-history":[{"count":0,"href":"https:\/\/angelisognanti.com\/de\/wp-json\/wp\/v2\/pages\/2479\/revisions"}],"wp:attachment":[{"href":"https:\/\/angelisognanti.com\/de\/wp-json\/wp\/v2\/media?parent=2479"}],"curies":[{"name":"wp","href":"https:\/\/api.w.org\/{rel}","templated":true}]}}