{"id":2386,"date":"2024-06-26T16:44:11","date_gmt":"2024-06-26T14:44:11","guid":{"rendered":"https:\/\/angelisognanti.com\/ueber-uns\/"},"modified":"2025-01-07T14:54:59","modified_gmt":"2025-01-07T13:54:59","slug":"ueber-uns","status":"publish","type":"page","link":"https:\/\/angelisognanti.com\/de\/ueber-uns\/","title":{"rendered":"\u00dcber uns"},"content":{"rendered":"<p>[et_pb_section fb_built=&#8220;1&#8243; _builder_version=&#8220;4.25.1&#8243; _module_preset=&#8220;default&#8220; background_color=&#8220;#F9F3E7&#8243; custom_margin=&#8220;||||false|false&#8220; custom_padding=&#8220;||||false|false&#8220; global_colors_info=&#8220;{}&#8220;][\/et_pb_section][et_pb_section fb_built=&#8220;1&#8243; _builder_version=&#8220;4.25.2&#8243; _module_preset=&#8220;default&#8220; background_color=&#8220;#F9F3E7&#8243; custom_margin=&#8220;0px||||false|false&#8220; custom_padding=&#8220;0px||||false|false&#8220; global_colors_info=&#8220;{}&#8220;][et_pb_row column_structure=&#8220;1_2,1_2&#8243; _builder_version=&#8220;4.26.0&#8243; _module_preset=&#8220;default&#8220; custom_margin=&#8220;||0px||false|false&#8220; custom_padding=&#8220;||0px||false|false&#8220; global_colors_info=&#8220;{}&#8220;][et_pb_column type=&#8220;1_2&#8243; _builder_version=&#8220;4.25.1&#8243; _module_preset=&#8220;default&#8220; global_colors_info=&#8220;{}&#8220;][et_pb_image src=&#8220;https:\/\/angelisognanti.com\/wp-content\/uploads\/2024\/12\/IMG_2784-2.jpeg&#8220; alt=&#8220;Gerald &amp; Jaqueline Engeltjes&#8220; title_text=&#8220;JenG_Agriturismo_Angeli_Sognanti&#8220; disabled_on=&#8220;off|off|on&#8220; _builder_version=&#8220;4.27.4&#8243; _module_preset=&#8220;default&#8220; global_colors_info=&#8220;{}&#8220;][\/et_pb_image][et_pb_text _builder_version=&#8220;4.25.2&#8243; _module_preset=&#8220;default&#8220; text_font=&#8220;|300|||||||&#8220; global_colors_info=&#8220;{}&#8220;]<\/p>\n<h2>il bel far niente &#8211; die Sch\u00f6nheit des Nichtstuns<\/h2>\n<p>&nbsp;<\/p>\n<p>Ab 2024 leben wir in Cossignano und betreiben nun einen italienischen Bauernhof; in kleinem Ma\u00dfstab und auf unsere eigene Art.<\/p>\n<p>Unser Traum war es, ein stimmungsvolles G\u00e4stehaus auf einem echten Bauernhof zu schaffen.<br \/>\nEin Ort, an dem man f\u00fcr eine Weile die Seele baumeln lassen kann, an dem das Leben entschleunigt wird, an dem man all den Raum hat, den man braucht, um einfache und kleine Momente des Gl\u00fccks zu genie\u00dfen.<br \/>\nDazu versuchen wir jeden Tag mit Leidenschaft f\u00fcr unsere G\u00e4ste beizutragen.<br \/>\nDie Umgebung, die D\u00fcfte und das unschlagbare italienische Klima tun ihr \u00dcbriges.   <\/p>\n<p>[\/et_pb_text][\/et_pb_column][et_pb_column type=&#8220;1_2&#8243; _builder_version=&#8220;4.25.1&#8243; _module_preset=&#8220;default&#8220; global_colors_info=&#8220;{}&#8220;][et_pb_image src=&#8220;https:\/\/angelisognanti.com\/wp-content\/uploads\/2024\/12\/IMG_2784-2.jpeg&#8220; alt=&#8220;Gerald &amp; Jaqueline Engeltjes&#8220; title_text=&#8220;JenG_Agriturismo_Angeli_Sognanti&#8220; disabled_on=&#8220;on|on|off&#8220; _builder_version=&#8220;4.27.4&#8243; _module_preset=&#8220;default&#8220; global_colors_info=&#8220;{}&#8220;][\/et_pb_image][\/et_pb_column][\/et_pb_row][et_pb_row module_class=&#8220;side-by-side-1 &#8220; _builder_version=&#8220;4.26.1&#8243; _module_preset=&#8220;default&#8220; transform_translate=&#8220;0px|-106px&#8220; custom_margin=&#8220;6vw||0px||false|false&#8220; custom_margin_tablet=&#8220;10vw||0px||false|false&#8220; custom_margin_phone=&#8220;25vw||0px||false|false&#8220; custom_margin_last_edited=&#8220;on|phone&#8220; custom_padding=&#8220;||0px||false|false&#8220; global_colors_info=&#8220;{}&#8220;][et_pb_column type=&#8220;4_4&#8243; _builder_version=&#8220;4.25.2&#8243; _module_preset=&#8220;default&#8220; global_colors_info=&#8220;{}&#8220;][et_pb_button button_url=&#8220;https:\/\/angelisognanti.com\/de\/buchen-2\/&#8220; button_text=&#8220;Buchen Sie jetzt Ihren Urlaub&#8220; _builder_version=&#8220;4.25.2&#8243; _module_preset=&#8220;default&#8220; global_colors_info=&#8220;{}&#8220;][\/et_pb_button][et_pb_button button_url=&#8220;#waaromlemarche&#8220; button_text=&#8220;Warum Le Marche?&#8220; _builder_version=&#8220;4.25.2&#8243; _module_preset=&#8220;default&#8220; global_colors_info=&#8220;{}&#8220;][\/et_pb_button][\/et_pb_column][\/et_pb_row][\/et_pb_section][et_pb_section fb_built=&#8220;1&#8243; _builder_version=&#8220;4.26.1&#8243; _module_preset=&#8220;default&#8220; background_color=&#8220;#929325&#8243; custom_margin=&#8220;0px||||false|false&#8220; custom_padding=&#8220;0px||||false|false&#8220; global_colors_info=&#8220;{}&#8220;][et_pb_row _builder_version=&#8220;4.25.1&#8243; _module_preset=&#8220;default&#8220; width=&#8220;100%&#8220; max_width=&#8220;100%&#8220; global_colors_info=&#8220;{}&#8220;][et_pb_column type=&#8220;4_4&#8243; _builder_version=&#8220;4.25.1&#8243; _module_preset=&#8220;default&#8220; global_colors_info=&#8220;{}&#8220;][et_pb_image src=&#8220;https:\/\/angelisognanti.com\/wp-content\/uploads\/2024\/06\/Angeli-Sognanti_Blokjespatroon-3.jpg&#8220; title_text=&#8220;Angeli Sognanti_Blockmuster (3)&#8220; align=&#8220;center&#8220; _builder_version=&#8220;4.25.1&#8243; _module_preset=&#8220;default&#8220; custom_margin=&#8220;-6vw||||false|false&#8220; custom_padding=&#8220;0px||||false|false&#8220; global_colors_info=&#8220;{}&#8220;][\/et_pb_image][\/et_pb_column][\/et_pb_row][\/et_pb_section][et_pb_section fb_built=&#8220;1&#8243; module_id=&#8220;whylemarche&#8220; _builder_version=&#8220;4.25.1&#8243; _module_preset=&#8220;default&#8220; background_color=&#8220;#F9F3E7&#8243; custom_margin=&#8220;||||false|false&#8220; custom_padding=&#8220;||||false|false&#8220; global_colors_info=&#8220;{}&#8220;][et_pb_row _builder_version=&#8220;4.25.1&#8243; _module_preset=&#8220;default&#8220; custom_margin=&#8220;3vw||||false|false&#8220; custom_padding=&#8220;0px||||false|false&#8220; global_colors_info=&#8220;{}&#8220;][et_pb_column type=&#8220;4_4&#8243; _builder_version=&#8220;4.25.1&#8243; _module_preset=&#8220;default&#8220; global_colors_info=&#8220;{}&#8220;][et_pb_text _builder_version=&#8220;4.25.1&#8243; _module_preset=&#8220;default&#8220; text_font=&#8220;|300|||||||&#8220; header_4_font=&#8220;||||||||&#8220; global_colors_info=&#8220;{}&#8220;]<\/p>\n<h4>Warum Le Marche?<\/h4>\n<p>  Seit den sp\u00e4ten 1990er Jahren haben wir uns in Italien verliebt, wo wir &#8211; wie so viele Touristen &#8211; die Toskana mit ihren wundersch\u00f6nen Terrakottafarben und den herrlichen Sonnenunterg\u00e4ngen besucht haben.<br \/>\nZurecht ist diese Region sehr beliebt.<br \/>\nGab es einen Ort, der genauso sch\u00f6n, aber unentdeckt war?<br \/>\nWir suchten vom Piemont bis nach Apulien.<br \/>\nIm Jahr 2006 lernten wir in Mombaroccio Italienisch und wussten: Le Marche ist es.<br \/>\nLonely Planet nennt sie &#8222;einen der am wenigsten bekannten Sch\u00e4tze Italiens&#8220; und wenn Sie hier bleiben, werden Sie sofort verstehen, warum.<br \/>\nAber es fing nicht mit einem Gesch\u00e4ft an, sondern mit einem Ferienhaus.<br \/>\nNach langer Suche haben wir 2016 ein Haus in Montottone im S\u00fcden der Marken gekauft.<br \/>\nWir wollten das Land wirklich kennenlernen; alle Jahreszeiten, die Menschen und nat\u00fcrlich wollten wir auch die Sprache sprechen lernen.<br \/>\nW\u00e4hrend der Jahre in unserem Haus in Montottone sind wir voll und ganz in die italienische Kultur eingetaucht.<br \/>\nWir erlebten die Italiener als offen, warmherzig, emotional, sehr freundlich und stolz auf ihre Traditionen.<br \/>\nGemeinsam ein Unternehmen in Italien gr\u00fcnden?<br \/>\nEs begann uns immer mehr zu jucken.[\/et_pb_text][\/et_pb_column][\/et_pb_row][et_pb_row column_structure=&#8220;1_4,3_4&#8243; _builder_version=&#8220;4.25.1&#8243; _module_preset=&#8220;default&#8220; global_colors_info=&#8220;{}&#8220;][et_pb_column type=&#8220;1_4&#8243; _builder_version=&#8220;4.25.1&#8243; _module_preset=&#8220;default&#8220; global_colors_info=&#8220;{}&#8220;][et_pb_image src=&#8220;https:\/\/angelisognanti.com\/wp-content\/uploads\/2024\/06\/Ontwerp-zonder-titel-1.png&#8220; title_text=&#8220;Unbetitelter Entwurf (1)&#8220; _builder_version=&#8220;4.26.0&#8243; _module_preset=&#8220;default&#8220; width_tablet=&#8220;&#8220; width_phone=&#8220;50%&#8220; width_last_edited=&#8220;on|phone&#8220; custom_margin_tablet=&#8220;&#8220; custom_margin_phone=&#8220;-45px||||false|false&#8220; custom_margin_last_edited=&#8220;on|phone&#8220; custom_padding_tablet=&#8220;&#8220; custom_padding_phone=&#8220;0px||||false|false&#8220; custom_padding_last_edited=&#8220;on|phone&#8220; global_colors_info=&#8220;{}&#8220;][\/et_pb_image][\/et_pb_column][et_pb_column type=&#8220;3_4&#8243; _builder_version=&#8220;4.25.1&#8243; _module_preset=&#8220;default&#8220; global_colors_info=&#8220;{}&#8220;][et_pb_text _builder_version=&#8220;4.25.1&#8243; _module_preset=&#8220;default&#8220; text_font=&#8220;|300|||||||&#8220; global_colors_info=&#8220;{}&#8220;]<\/p>\n<h4>Und dann kam&#8230;<br \/>\nCorona <\/h4>\n<p>F\u00fcr uns war das eine Zeit des Nachdenkens.<br \/>\nNach mehr als 25 Jahren Vollzeitarbeit in der Handels- und Finanzwelt wussten wir: Das ist es nicht mehr.<br \/>\nDas gibt uns keine Energie.<br \/>\nGemeinsam sp\u00fcrten wir den Schwung und die tiefe \u00dcberzeugung: &#8222;Die Angst vor dem Unbekannten ist nur f\u00fcr einen Moment, das Bedauern ist f\u00fcr immer&#8220;.<br \/>\nWir schlossen den Bund f\u00fcrs Leben, um gemeinsam in die Wirtschaft einzusteigen und unseren Traum zu verwirklichen.    <\/p>\n<p>Wir hatten schon oft dar\u00fcber gesprochen, einen Agriturismo mit Glamping zu betreiben.<br \/>\nF\u00fcr uns kam bei dieser Art von Gesch\u00e4ft alles zusammen: G\u00e4ste willkommen hei\u00dfen und ihnen eine entspannte Zeit bieten, Unternehmertum, unsere Leidenschaft f\u00fcr die italienische Kultur und die Liebe zur raffinierten K\u00fcche. <\/p>\n<p>[\/et_pb_text][\/et_pb_column][\/et_pb_row][\/et_pb_section][et_pb_section fb_built=&#8220;1&#8243; _builder_version=&#8220;4.25.1&#8243; _module_preset=&#8220;default&#8220; background_color=&#8220;#F9F3E7&#8243; custom_margin=&#8220;0px||||false|false&#8220; custom_padding=&#8220;0px||||false|false&#8220; global_colors_info=&#8220;{}&#8220;][et_pb_row column_structure=&#8220;1_2,1_2&#8243; _builder_version=&#8220;4.25.1&#8243; _module_preset=&#8220;default&#8220; custom_padding=&#8220;||3vw||false|false&#8220; global_colors_info=&#8220;{}&#8220;][et_pb_column type=&#8220;1_2&#8243; _builder_version=&#8220;4.25.1&#8243; _module_preset=&#8220;default&#8220; global_colors_info=&#8220;{}&#8220;][et_pb_image src=&#8220;https:\/\/angelisognanti.com\/wp-content\/uploads\/2024\/09\/0e6f23fb-8300-4de2-bd0a-f8418f7510e9.jpeg&#8220; title_text=&#8220;Engel Zeichen_Agriturismo_Angeli_Soganti&#8220; admin_label=&#8220;Engeltjesbord&#8220; _builder_version=&#8220;4.27.0&#8243; _module_preset=&#8220;default&#8220; global_colors_info=&#8220;{}&#8220;][\/et_pb_image][et_pb_text _builder_version=&#8220;4.26.0&#8243; _module_preset=&#8220;default&#8220; text_font_size=&#8220;13px&#8220; text_line_height=&#8220;1.5em&#8220; custom_margin=&#8220;||||false|false&#8220; custom_padding=&#8220;|||2vw|false|false&#8220; border_width_left=&#8220;1px&#8220; border_color_left=&#8220;#929325&#8243; global_colors_info=&#8220;{}&#8220;]Dieses Ornament aus tr\u00e4umenden Engeln, das wir einst von Jacquelines Mutter geschenkt bekamen, reist seit Jahren mit uns von Haus zu Haus und hat nun einen Platz in Le Marche gefunden.[\/et_pb_text][\/et_pb_column][et_pb_column type=&#8220;1_2&#8243; _builder_version=&#8220;4.25.1&#8243; _module_preset=&#8220;default&#8220; global_colors_info=&#8220;{}&#8220;][et_pb_text _builder_version=&#8220;4.25.1&#8243; _module_preset=&#8220;default&#8220; text_font=&#8220;|300|||||||&#8220; header_5_font=&#8220;Charmonman||||||||&#8220; header_5_text_color=&#8220;#442924&#8243; header_5_font_size=&#8220;20px&#8220; custom_margin=&#8220;||||false|false&#8220; global_colors_info=&#8220;{}&#8220;]<\/p>\n<h4>Tr\u00e4ume von Engeln werden Wirklichkeit<\/h4>\n<p>Im Oktober 2023, nach vielen Besichtigungen, wurde es im s\u00fcdlichen Le Marche f\u00fcndig.<br \/>\nWir besichtigten das aktuelle Anwesen dort und wussten: das ist es.<br \/>\nAngeli Sognanti macht seinem Namen &#8211; und unserem Namen &#8211; alle Ehre: &#8222;Tr\u00e4umende Engel&#8220;.<br \/>\nNeben einem 1,5 Hektar gro\u00dfen Olivenhain und einem 1 Hektar gro\u00dfen Weinberg gibt es auch eine kleine Mandelplantage, einen Gem\u00fcsegarten und eine bunte Sammlung sch\u00f6ner Obstb\u00e4ume.   <\/p>\n<p>Und dann die Umgebung.<br \/>\nUnser Agriturismo liegt inmitten von gr\u00fcnen H\u00fcgeln, umgeben von Weinbergen und Olivenhainen.<br \/>\nWir sind stolz auf unsere Angeli Sognanti und m\u00f6chten diese sch\u00f6ne Lage mit Ihnen teilen.<br \/>\nWir hoffen, dass Sie sich bei einem Besuch in unserem Agriturismo genauso in die Marken verlieben werden wie wir.   <\/p>\n<p>Wir w\u00fcrden Sie gerne dazu einladen, das authentische Italien mit all seinen Ausblicken, Ger\u00fcchen und Geschm\u00e4ckern bei uns in Le Marche zu entdecken. Wir helfen Ihnen gerne, Ihren Traumurlaub bei uns zu planen. <\/p>\n<p>[\/et_pb_text][et_pb_text _builder_version=&#8220;4.25.1&#8243; _module_preset=&#8220;default&#8220; header_4_font=&#8220;Charmonman||||||||&#8220; header_4_font_size=&#8220;21px&#8220; global_colors_info=&#8220;{}&#8220;]<\/p>\n<h4 style=\"text-align: center;\">A Presto!<\/h4>\n<p>[\/et_pb_text][\/et_pb_column][\/et_pb_row][\/et_pb_section][et_pb_section fb_built=&#8220;1&#8243; _builder_version=&#8220;4.25.1&#8243; _module_preset=&#8220;default&#8220; background_color=&#8220;#51664D&#8220; global_colors_info=&#8220;{}&#8220;][et_pb_row column_structure=&#8220;3_5,2_5&#8243; _builder_version=&#8220;4.25.1&#8243; _module_preset=&#8220;default&#8220; global_colors_info=&#8220;{}&#8220;][et_pb_column type=&#8220;3_5&#8243; _builder_version=&#8220;4.25.1&#8243; _module_preset=&#8220;default&#8220; global_colors_info=&#8220;{}&#8220;][et_pb_text _builder_version=&#8220;4.25.1&#8243; _module_preset=&#8220;default&#8220; text_text_color=&#8220;#F9F3E7&#8243; header_4_text_color=&#8220;#F9F3E7&#8243; header_4_font_size=&#8220;25px&#8220; header_4_line_height=&#8220;1.2em&#8220; global_colors_info=&#8220;{}&#8220;]<\/p>\n<h4>F\u00fcr uns passte alles zusammen: der Empfang der G\u00e4ste, die Entspannung, das Unternehmertum, unsere Leidenschaft f\u00fcr die italienische Kultur und die Liebe zur raffinierten K\u00fcche.<\/h4>\n<p>  Besuchen Sie unseren Traumplatz  <b>\u2192<\/b>[\/et_pb_text][\/et_pb_column][et_pb_column type=&#8220;2_5&#8243; _builder_version=&#8220;4.25.1&#8243; _module_preset=&#8220;default&#8220; global_colors_info=&#8220;{}&#8220;][et_pb_image src=&#8220;https:\/\/angelisognanti.com\/wp-content\/uploads\/2024\/06\/Angeli-Sognanti_Blokjespatroon-2.jpg&#8220; title_text=&#8220;Angeli Sognanti_Blockmuster (2)&#8220; align=&#8220;right&#8220; _builder_version=&#8220;4.26.0&#8243; _module_preset=&#8220;default&#8220; transform_scale=&#8220;142%|142%&#8220; transform_translate=&#8220;92px|-73px&#8220; transform_translate_linked=&#8220;off&#8220; custom_margin_tablet=&#8220;&#8220; custom_margin_phone=&#8220;-250px||||false|false&#8220; custom_margin_last_edited=&#8220;on|phone&#8220; custom_padding=&#8220;||75px||false|false&#8220; global_colors_info=&#8220;{}&#8220;][\/et_pb_image][\/et_pb_column][\/et_pb_row][\/et_pb_section]<\/p>\n","protected":false},"excerpt":{"rendered":"<p>il bel far niente &#8211; die Sch\u00f6nheit des Nichtstuns &nbsp; Ab 2024 leben wir in Cossignano und betreiben nun einen italienischen Bauernhof; in kleinem Ma\u00dfstab und auf unsere eigene Art. Unser Traum war es, ein stimmungsvolles G\u00e4stehaus auf einem echten Bauernhof zu schaffen. Ein Ort, an dem man f\u00fcr eine Weile die Seele baumeln lassen [&hellip;]<\/p>\n","protected":false},"author":2,"featured_media":0,"parent":0,"menu_order":0,"comment_status":"closed","ping_status":"closed","template":"","meta":{"_et_pb_use_builder":"on","_et_pb_old_content":"","_et_gb_content_width":"","footnotes":""},"class_list":["post-2386","page","type-page","status-publish","hentry"],"_links":{"self":[{"href":"https:\/\/angelisognanti.com\/de\/wp-json\/wp\/v2\/pages\/2386","targetHints":{"allow":["GET"]}}],"collection":[{"href":"https:\/\/angelisognanti.com\/de\/wp-json\/wp\/v2\/pages"}],"about":[{"href":"https:\/\/angelisognanti.com\/de\/wp-json\/wp\/v2\/types\/page"}],"author":[{"embeddable":true,"href":"https:\/\/angelisognanti.com\/de\/wp-json\/wp\/v2\/users\/2"}],"replies":[{"embeddable":true,"href":"https:\/\/angelisognanti.com\/de\/wp-json\/wp\/v2\/comments?post=2386"}],"version-history":[{"count":0,"href":"https:\/\/angelisognanti.com\/de\/wp-json\/wp\/v2\/pages\/2386\/revisions"}],"wp:attachment":[{"href":"https:\/\/angelisognanti.com\/de\/wp-json\/wp\/v2\/media?parent=2386"}],"curies":[{"name":"wp","href":"https:\/\/api.w.org\/{rel}","templated":true}]}}