{"id":2344,"date":"2024-06-27T13:53:35","date_gmt":"2024-06-27T11:53:35","guid":{"rendered":"https:\/\/angelisognanti.com\/kontakt\/"},"modified":"2026-01-15T12:21:14","modified_gmt":"2026-01-15T11:21:14","slug":"kontakt","status":"publish","type":"page","link":"https:\/\/angelisognanti.com\/de\/kontakt\/","title":{"rendered":"Kontakt"},"content":{"rendered":"<p>[et_pb_section fb_built=&#8220;1&#8243; _builder_version=&#8220;4.25.1&#8243; _module_preset=&#8220;default&#8220; background_color=&#8220;#929325&#8243; global_colors_info=&#8220;{}&#8220;][et_pb_row _builder_version=&#8220;4.25.1&#8243; _module_preset=&#8220;default&#8220; width=&#8220;100%&#8220; max_width=&#8220;100%&#8220; global_colors_info=&#8220;{}&#8220;][et_pb_column type=&#8220;4_4&#8243; _builder_version=&#8220;4.25.1&#8243; _module_preset=&#8220;default&#8220; global_colors_info=&#8220;{}&#8220;][et_pb_image src=&#8220;https:\/\/angelisognanti.com\/wp-content\/uploads\/2024\/06\/Angeli-Sognanti_Blokjespatroon-3.jpg&#8220; title_text=&#8220;Angeli Sognanti_Blockmuster (3)&#8220; align=&#8220;center&#8220; _builder_version=&#8220;4.25.1&#8243; _module_preset=&#8220;default&#8220; custom_margin=&#8220;-6vw||||false|false&#8220; custom_padding=&#8220;0px||||false|false&#8220; global_colors_info=&#8220;{}&#8220;][\/et_pb_image][\/et_pb_column][\/et_pb_row][\/et_pb_section][et_pb_section fb_built=&#8220;1&#8243; _builder_version=&#8220;4.25.1&#8243; _module_preset=&#8220;default&#8220; background_color=&#8220;#F9F3E7&#8243; global_colors_info=&#8220;{}&#8220;][et_pb_row column_structure=&#8220;1_2,1_2&#8243; _builder_version=&#8220;4.26.0&#8243; _module_preset=&#8220;default&#8220; custom_margin=&#8220;2vw||||false|false&#8220; global_colors_info=&#8220;{}&#8220;][et_pb_column type=&#8220;1_2&#8243; _builder_version=&#8220;4.25.1&#8243; _module_preset=&#8220;default&#8220; global_colors_info=&#8220;{}&#8220;][et_pb_text _builder_version=&#8220;4.27.4&#8243; _module_preset=&#8220;default&#8220; text_font=&#8220;|300|||||||&#8220; global_colors_info=&#8220;{}&#8220;]<\/p>\n<h3>Entspannen Sie sich und genie\u00dfen Sie die ganze Sch\u00f6nheit, die Le Marche &#8211; Italien zu bieten hat.<\/h3>\n<p>Wir hei\u00dfen Sie willkommen.<\/p>\n<ul>\n<li>\u00dcbernachten Sie bequem in Ihrer eigenen Wohnung, einem B&amp;B oder einem neuen (2025) luxuri\u00f6sen und komfortablen Glamping-Zelt;<\/li>\n<li>Kulinarische K\u00f6stlichkeiten, von kleinen, versteckten Slow-Food-Restaurants bis hin zu ber\u00fchmten Sternerestaurants;<\/li>\n<li>Wei\u00dfe Str\u00e4nde, blaues Meer, das Sie gl\u00fccklich macht, und wundersch\u00f6ne Natur;<\/li>\n<li>Wir teilen unsere besten Tipps (pers\u00f6nlich &amp; ma\u00dfgeschneidert) f\u00fcr Ihren Urlaub in Le Marche;<\/li>\n<li>Agriturismo! Leben Sie zwischen Weinbergen und Olivenb\u00e4umen und probieren Sie unsere hausgemachten Produkte. <\/li>\n<\/ul>\n<p>[\/et_pb_text][et_pb_button button_url=&#8220;https:\/\/maps.app.goo.gl\/98d39vSHR1hxVdxy8&#8243; url_new_window=&#8220;on&#8220; button_text=&#8220;Route nach Angeli Sognanti&#8220; _builder_version=&#8220;4.25.1&#8243; _module_preset=&#8220;default&#8220; global_colors_info=&#8220;{}&#8220;][\/et_pb_button][et_pb_image src=&#8220;https:\/\/angelisognanti.com\/wp-content\/uploads\/2024\/06\/Screenshot-2024-06-27-at-13.34.46.png&#8220; title_text=&#8220;Bildschirmfoto 2024-06-27 um 13.34.46&#8243; _builder_version=&#8220;4.25.1&#8243; _module_preset=&#8220;default&#8220; width=&#8220;70%&#8220; filter_saturate=&#8220;0%&#8220; global_colors_info=&#8220;{}&#8220;][\/et_pb_image][\/et_pb_column][et_pb_column type=&#8220;1_2&#8243; _builder_version=&#8220;4.27.5&#8243; _module_preset=&#8220;default&#8220; global_colors_info=&#8220;{}&#8220;][et_pb_text _builder_version=&#8220;4.27.5&#8243; _module_preset=&#8220;default&#8220; text_font=&#8220;|300|||||||&#8220; global_colors_info=&#8220;{}&#8220;]<\/p>\n<h3>Klingt gut, oder? Haben Sie Fragen oder m\u00f6chten Sie einen pers\u00f6nlichen Rat? <\/h3>\n<p>Sie k\u00f6nnen uns eine Nachricht \u00fcber das Kontaktformular hinterlassen oder eine E-Mail an <span style=\"text-decoration: underline;\"><a href=\"mailto:info@angelisognanti.com\">info@angelisognanti.com<\/a><\/span> oder rufen Sie uns an. Bei Fragen erreichen Sie uns auch \u00fcber soziale Medien und <span style=\"text-decoration: underline;\"><a href=\"https:\/\/wa.me\/+31654621382\" target=\"_blank\" rel=\"noopener\">Whatsapp.<\/a><\/span><\/p>\n<p>[\/et_pb_text][et_pb_dcgd_gravity_divi_module dc_dgfcm_form_id=&#8220;2&#8243; dc_dgfcm_show_title=&#8220;off&#8220; _builder_version=&#8220;4.26.0&#8243; _module_preset=&#8220;default&#8220; form_inputs_background_color=&#8220;#FFFFFF&#8220; form_inputs_text_color=&#8220;#442924&#8243; form_inputs_focus_background_color=&#8220;#F9F3E7&#8243; form_inputs_focus_text_color=&#8220;#442924&#8243; form_title_font=&#8220;|300|||||||&#8220; form_description_font=&#8220;|300|||||||&#8220; field_label_font=&#8220;|300|||||||&#8220; field_label_font_size=&#8220;12px&#8220; field_sub_label_font=&#8220;|300|||||||&#8220; field_sub_label_font_size=&#8220;12px&#8220; field_description_font=&#8220;|300|||||||&#8220; field_description_font_size=&#8220;11px&#8220; form_inputs_font_size=&#8220;15px&#8220; custom_margin=&#8220;-15px||||false|false&#8220; custom_padding=&#8220;0px||||false|false&#8220; hover_enabled=&#8220;0&#8243; global_colors_info=&#8220;{}&#8220; sticky_enabled=&#8220;0&#8243;][\/et_pb_dcgd_gravity_divi_module][et_pb_button button_url=&#8220;https:\/\/angelisognanti.com\/de\/anmeldung-zum-newsletter\/&#8220; url_new_window=&#8220;on&#8220; button_text=&#8220;Newsletter-Anmeldung&#8220; _builder_version=&#8220;4.27.5&#8243; _module_preset=&#8220;default&#8220; hover_enabled=&#8220;0&#8243; global_colors_info=&#8220;{}&#8220; button_alignment=&#8220;center&#8220; sticky_enabled=&#8220;0&#8243;][\/et_pb_button][et_pb_text _builder_version=&#8220;4.25.2&#8243; _module_preset=&#8220;default&#8220; text_font=&#8220;|300|||||||&#8220; text_font_size=&#8220;12px&#8220; global_colors_info=&#8220;{}&#8220;]Wir versuchen immer, E-Mails innerhalb von 24 Stunden zu beantworten. Keine Antwort? Pr\u00fcfen Sie Ihre Spam-Box.[\/et_pb_text][\/et_pb_column][\/et_pb_row][\/et_pb_section][et_pb_section fb_built=&#8220;1&#8243; _builder_version=&#8220;4.25.1&#8243; _module_preset=&#8220;default&#8220; background_color=&#8220;#51664D&#8220; global_colors_info=&#8220;{}&#8220;][et_pb_row column_structure=&#8220;2_5,3_5&#8243; _builder_version=&#8220;4.25.1&#8243; _module_preset=&#8220;default&#8220; global_colors_info=&#8220;{}&#8220;][et_pb_column type=&#8220;2_5&#8243; _builder_version=&#8220;4.25.1&#8243; _module_preset=&#8220;default&#8220; global_colors_info=&#8220;{}&#8220;][et_pb_image src=&#8220;https:\/\/angelisognanti.com\/wp-content\/uploads\/2024\/06\/Angeli-Sognanti_Blokjespatroon-2.jpg&#8220; title_text=&#8220;Angeli Sognanti_Blockmuster (2)&#8220; _builder_version=&#8220;4.25.1&#8243; _module_preset=&#8220;default&#8220; transform_scale=&#8220;142%|142%&#8220; transform_translate=&#8220;-172px|-57px&#8220; global_colors_info=&#8220;{}&#8220;][\/et_pb_image][\/et_pb_column][et_pb_column type=&#8220;3_5&#8243; _builder_version=&#8220;4.25.1&#8243; _module_preset=&#8220;default&#8220; global_colors_info=&#8220;{}&#8220;][et_pb_text _builder_version=&#8220;4.25.1&#8243; _module_preset=&#8220;default&#8220; text_text_color=&#8220;#F9F3E7&#8243; link_text_color=&#8220;#F9F3E7&#8243; header_4_text_color=&#8220;#F9F3E7&#8243; header_4_font_size=&#8220;25px&#8220; header_4_line_height=&#8220;1.2em&#8220; width=&#8220;85%&#8220; global_colors_info=&#8220;{}&#8220;]<\/p>\n<h4>Angeli Sognanti ist ein besonderer Ort zum Verweilen.<br \/>\nEin Ort, an dem Ruhe und Natur f\u00fcr einen entspannten Urlaub sorgen. <\/h4>\n<p><a href=\"https:\/\/angelisognanti.com\/de\/buchen-2\/\">Buchen Sie Ihren Aufenthalt <b>\u2192.<\/b><\/a><\/p>\n<p>[\/et_pb_text][\/et_pb_column][\/et_pb_row][\/et_pb_section]<\/p>\n","protected":false},"excerpt":{"rendered":"<p>Entspannen Sie sich und genie\u00dfen Sie die ganze Sch\u00f6nheit, die Le Marche &#8211; Italien zu bieten hat. Wir hei\u00dfen Sie willkommen. \u00dcbernachten Sie bequem in Ihrer eigenen Wohnung, einem B&amp;B oder einem neuen (2025) luxuri\u00f6sen und komfortablen Glamping-Zelt; Kulinarische K\u00f6stlichkeiten, von kleinen, versteckten Slow-Food-Restaurants bis hin zu ber\u00fchmten Sternerestaurants; Wei\u00dfe Str\u00e4nde, blaues Meer, das Sie [&hellip;]<\/p>\n","protected":false},"author":2,"featured_media":0,"parent":0,"menu_order":0,"comment_status":"closed","ping_status":"closed","template":"","meta":{"_et_pb_use_builder":"on","_et_pb_old_content":"","_et_gb_content_width":"","footnotes":""},"class_list":["post-2344","page","type-page","status-publish","hentry"],"_links":{"self":[{"href":"https:\/\/angelisognanti.com\/de\/wp-json\/wp\/v2\/pages\/2344","targetHints":{"allow":["GET"]}}],"collection":[{"href":"https:\/\/angelisognanti.com\/de\/wp-json\/wp\/v2\/pages"}],"about":[{"href":"https:\/\/angelisognanti.com\/de\/wp-json\/wp\/v2\/types\/page"}],"author":[{"embeddable":true,"href":"https:\/\/angelisognanti.com\/de\/wp-json\/wp\/v2\/users\/2"}],"replies":[{"embeddable":true,"href":"https:\/\/angelisognanti.com\/de\/wp-json\/wp\/v2\/comments?post=2344"}],"version-history":[{"count":0,"href":"https:\/\/angelisognanti.com\/de\/wp-json\/wp\/v2\/pages\/2344\/revisions"}],"wp:attachment":[{"href":"https:\/\/angelisognanti.com\/de\/wp-json\/wp\/v2\/media?parent=2344"}],"curies":[{"name":"wp","href":"https:\/\/api.w.org\/{rel}","templated":true}]}}