{"id":2305,"date":"2024-07-03T13:36:26","date_gmt":"2024-07-03T11:36:26","guid":{"rendered":"https:\/\/angelisognanti.com\/uebernachtung-fruehstueck\/"},"modified":"2026-01-15T12:46:28","modified_gmt":"2026-01-15T11:46:28","slug":"uebernachtung-fruehstueck","status":"publish","type":"page","link":"https:\/\/angelisognanti.com\/de\/uebernachtung-fruehstueck\/","title":{"rendered":"\u00dcbernachtung &amp; Fr\u00fchst\u00fcck"},"content":{"rendered":"<p>[et_pb_section fb_built=&#8220;1&#8243; module_id=&#8220;accomodaties&#8220; _builder_version=&#8220;4.25.1&#8243; _module_preset=&#8220;default&#8220; background_color=&#8220;#F9F3E7&#8243; global_colors_info=&#8220;{}&#8220;][et_pb_row column_structure=&#8220;3_5,2_5&#8243; use_custom_gutter=&#8220;on&#8220; gutter_width=&#8220;2&#8243; make_equal=&#8220;on&#8220; disabled_on=&#8220;on|on|off&#8220; _builder_version=&#8220;4.26.0&#8243; _module_preset=&#8220;default&#8220; custom_margin=&#8220;6vw||6vw||true|false&#8220; custom_margin_tablet=&#8220;6vw||6vw||true|false&#8220; custom_margin_phone=&#8220;15vw||6vw||false|false&#8220; custom_margin_last_edited=&#8220;on|phone&#8220; global_colors_info=&#8220;{}&#8220;][et_pb_column type=&#8220;3_5&#8243; _builder_version=&#8220;4.25.2&#8243; _module_preset=&#8220;default&#8220; custom_css_main_element=&#8220;margin-top: auto;||&#8220; border_width_right=&#8220;1px&#8220; border_color_right=&#8220;#929325&#8243; border_color_left=&#8220;#929325&#8243; global_colors_info=&#8220;{}&#8220;][et_pb_text _builder_version=&#8220;4.27.5&#8243; _module_preset=&#8220;default&#8220; text_font=&#8220;|300|||||||&#8220; custom_margin=&#8220;||||false|false&#8220; custom_padding=&#8220;1vw|2vw|||false|false&#8220; hover_enabled=&#8220;0&#8243; global_colors_info=&#8220;{}&#8220; sticky_enabled=&#8220;0&#8243;]<\/p>\n<h3 style=\"text-align: right;\">B&amp;B Zimmer &#8211; Ripa &#8211; 2 Personen<\/h3>\n<p style=\"text-align: right;\">In dem etwa 18 m2 gro\u00dfen Bed &amp; Breakfast ist es angenehm. Von dem ger\u00e4umigen privaten S\u00fcdbalkon aus k\u00f6nnen Sie von fr\u00fch bis sp\u00e4t die Sonne und die Aussicht genie\u00dfen. Am Abend funkeln die Lichter der umliegenden St\u00e4dte und Sie k\u00f6nnen die Sterne in der Nacht funkeln sehen.  <\/p>\n<p style=\"text-align: right;\">Das Doppelzimmer hat eine warme und angenehme Atmosph\u00e4re und ist mit einem Wasserkocher, einer Nespresso-Maschine, einem kleinen K\u00fchlschrank und einem Deckenventilator ausgestattet. Morgens servieren wir Ihnen ein k\u00f6stliches Fr\u00fchst\u00fcck, das mit lokalen Zutaten zubereitet wird.<\/p>\n<p>[\/et_pb_text][et_pb_button button_url=&#8220;https:\/\/angelisognanti.com\/de\/buchen-2\/&#8220; button_text=&#8220;Bed &amp; Breakfast Zimmer buchen&#8220; button_alignment=&#8220;right&#8220; _builder_version=&#8220;4.25.2&#8243; _module_preset=&#8220;default&#8220; custom_margin=&#8220;|2vw|||false|false&#8220; custom_padding=&#8220;||||false|false&#8220; global_colors_info=&#8220;{}&#8220;][\/et_pb_button][\/et_pb_column][et_pb_column type=&#8220;2_5&#8243; _builder_version=&#8220;4.25.1&#8243; _module_preset=&#8220;default&#8220; global_colors_info=&#8220;{}&#8220;][et_pb_slider disabled_on=&#8220;off|off|off&#8220; _builder_version=&#8220;4.26.1&#8243; _module_preset=&#8220;default&#8220; min_height=&#8220;350px&#8220; custom_css_free_form=&#8220;@media all and (max-width: 1200px) {||  selector .et_pb_container {||    margin: 0;  ||    width: 100% !important||  }  ||}||&#8220; global_colors_info=&#8220;{}&#8220;][et_pb_slide heading=&#8220;\u00dcbernachtung &amp; Fr\u00fchst\u00fcck&#8220; admin_title=&#8220;ripa&#8220; _builder_version=&#8220;4.26.1&#8243; _module_preset=&#8220;default&#8220; header_level=&#8220;h2&#8243; header_font=&#8220;Charmonman||||||||&#8220; header_font_size=&#8220;35px&#8220; header_line_height=&#8220;1.4em&#8220; background_color=&#8220;RGBA(255,255,255,0)&#8220; background_enable_color=&#8220;on&#8220; background_image=&#8220;https:\/\/angelisognanti.com\/wp-content\/uploads\/2024\/07\/agriturismo-cossignano-marche-14-scaled.jpeg&#8220; background_enable_image=&#8220;on&#8220; width=&#8220;50%&#8220; header_font_size_tablet=&#8220;35px&#8220; header_font_size_phone=&#8220;30px&#8220; header_font_size_last_edited=&#8220;on|phone&#8220; custom_css_main_element=&#8220;border-radius:10px;&#8220; custom_css_slide_title=&#8220;transform: rotate(-10deg); &#8220; global_colors_info=&#8220;{}&#8220; sticky_transition=&#8220;on&#8220;][\/et_pb_slide][et_pb_slide admin_title=&#8220;ripa&#8220; _builder_version=&#8220;4.26.1&#8243; _module_preset=&#8220;default&#8220; header_level=&#8220;h2&#8243; header_font=&#8220;Charmonman||||||||&#8220; header_font_size=&#8220;35px&#8220; header_line_height=&#8220;1.4em&#8220; background_color=&#8220;RGBA(255,255,255,0)&#8220; background_enable_color=&#8220;on&#8220; background_image=&#8220;https:\/\/angelisognanti.com\/wp-content\/uploads\/2024\/07\/agriturismo-cossignano-marche-0287-scaled.jpeg&#8220; background_enable_image=&#8220;on&#8220; width=&#8220;50%&#8220; header_font_size_tablet=&#8220;35px&#8220; header_font_size_phone=&#8220;30px&#8220; header_font_size_last_edited=&#8220;on|phone&#8220; custom_css_main_element=&#8220;border-radius:10px;&#8220; custom_css_slide_title=&#8220;transform: rotate(-10deg); &#8220; global_colors_info=&#8220;{}&#8220; sticky_transition=&#8220;on&#8220;][\/et_pb_slide][et_pb_slide admin_title=&#8220;ripa&#8220; _builder_version=&#8220;4.26.1&#8243; _module_preset=&#8220;default&#8220; header_level=&#8220;h2&#8243; header_font=&#8220;Charmonman||||||||&#8220; header_font_size=&#8220;35px&#8220; header_line_height=&#8220;1.4em&#8220; background_color=&#8220;RGBA(255,255,255,0)&#8220; background_enable_color=&#8220;on&#8220; background_image=&#8220;https:\/\/angelisognanti.com\/wp-content\/uploads\/2024\/07\/agriturismo-cossignano-marche-0303-scaled.jpeg&#8220; background_enable_image=&#8220;on&#8220; width=&#8220;50%&#8220; header_font_size_tablet=&#8220;35px&#8220; header_font_size_phone=&#8220;30px&#8220; header_font_size_last_edited=&#8220;on|phone&#8220; custom_css_main_element=&#8220;border-radius:10px;&#8220; custom_css_slide_title=&#8220;transform: rotate(-10deg); &#8220; global_colors_info=&#8220;{}&#8220; sticky_transition=&#8220;on&#8220;][\/et_pb_slide][et_pb_slide admin_title=&#8220;ripa&#8220; _builder_version=&#8220;4.26.1&#8243; _module_preset=&#8220;default&#8220; header_level=&#8220;h2&#8243; header_font=&#8220;Charmonman||||||||&#8220; header_font_size=&#8220;35px&#8220; header_line_height=&#8220;1.4em&#8220; background_color=&#8220;RGBA(255,255,255,0)&#8220; background_enable_color=&#8220;on&#8220; background_image=&#8220;https:\/\/angelisognanti.com\/wp-content\/uploads\/2024\/06\/Angeli_Sognanti_Appartement_Ripa-0297.jpeg&#8220; background_enable_image=&#8220;on&#8220; width=&#8220;50%&#8220; header_font_size_tablet=&#8220;35px&#8220; header_font_size_phone=&#8220;30px&#8220; header_font_size_last_edited=&#8220;on|phone&#8220; custom_css_main_element=&#8220;border-radius:10px;&#8220; custom_css_slide_title=&#8220;transform: rotate(-10deg); &#8220; global_colors_info=&#8220;{}&#8220; sticky_transition=&#8220;on&#8220;][\/et_pb_slide][\/et_pb_slider][\/et_pb_column][\/et_pb_row][et_pb_row column_structure=&#8220;2_5,3_5&#8243; use_custom_gutter=&#8220;on&#8220; gutter_width=&#8220;2&#8243; make_equal=&#8220;on&#8220; disabled_on=&#8220;off|off|on&#8220; _builder_version=&#8220;4.26.0&#8243; _module_preset=&#8220;default&#8220; custom_margin=&#8220;6vw||6vw||true|false&#8220; custom_margin_tablet=&#8220;6vw||6vw||true|false&#8220; custom_margin_phone=&#8220;15vw||6vw||false|false&#8220; custom_margin_last_edited=&#8220;on|phone&#8220; global_colors_info=&#8220;{}&#8220;][et_pb_column type=&#8220;2_5&#8243; _builder_version=&#8220;4.25.1&#8243; _module_preset=&#8220;default&#8220; global_colors_info=&#8220;{}&#8220;][et_pb_slider disabled_on=&#8220;off|off|off&#8220; _builder_version=&#8220;4.26.1&#8243; _module_preset=&#8220;default&#8220; min_height=&#8220;350px&#8220; custom_css_free_form=&#8220;@media all and (max-width: 1200px) {||  selector .et_pb_container {||    margin: 0;  ||    width: 100% !important||  }  ||}||&#8220; global_colors_info=&#8220;{}&#8220;][et_pb_slide heading=&#8220;\u00dcbernachtung &amp; Fr\u00fchst\u00fcck&#8220; admin_title=&#8220;ripa&#8220; _builder_version=&#8220;4.26.1&#8243; _module_preset=&#8220;default&#8220; header_level=&#8220;h2&#8243; header_font=&#8220;Charmonman||||||||&#8220; header_font_size=&#8220;35px&#8220; header_line_height=&#8220;1.4em&#8220; background_color=&#8220;RGBA(255,255,255,0)&#8220; background_enable_color=&#8220;on&#8220; background_image=&#8220;https:\/\/angelisognanti.com\/wp-content\/uploads\/2024\/07\/agriturismo-cossignano-marche-14-scaled.jpeg&#8220; background_enable_image=&#8220;on&#8220; width=&#8220;50%&#8220; header_font_size_tablet=&#8220;35px&#8220; header_font_size_phone=&#8220;30px&#8220; header_font_size_last_edited=&#8220;on|phone&#8220; custom_css_main_element=&#8220;border-radius:10px;&#8220; custom_css_slide_title=&#8220;transform: rotate(-10deg); &#8220; global_colors_info=&#8220;{}&#8220; sticky_transition=&#8220;on&#8220;][\/et_pb_slide][et_pb_slide admin_title=&#8220;ripa&#8220; _builder_version=&#8220;4.26.1&#8243; _module_preset=&#8220;default&#8220; header_level=&#8220;h2&#8243; header_font=&#8220;Charmonman||||||||&#8220; header_font_size=&#8220;35px&#8220; header_line_height=&#8220;1.4em&#8220; background_color=&#8220;RGBA(255,255,255,0)&#8220; background_enable_color=&#8220;on&#8220; background_image=&#8220;https:\/\/angelisognanti.com\/wp-content\/uploads\/2024\/06\/Angeli_Sognanti_Appartement_Ripa_-0287.jpeg&#8220; background_enable_image=&#8220;on&#8220; width=&#8220;50%&#8220; header_font_size_tablet=&#8220;35px&#8220; header_font_size_phone=&#8220;30px&#8220; header_font_size_last_edited=&#8220;on|phone&#8220; custom_css_main_element=&#8220;border-radius:10px;&#8220; custom_css_slide_title=&#8220;transform: rotate(-10deg); &#8220; global_colors_info=&#8220;{}&#8220; sticky_transition=&#8220;on&#8220;][\/et_pb_slide][et_pb_slide admin_title=&#8220;ripa&#8220; _builder_version=&#8220;4.26.1&#8243; _module_preset=&#8220;default&#8220; header_level=&#8220;h2&#8243; header_font=&#8220;Charmonman||||||||&#8220; header_font_size=&#8220;35px&#8220; header_line_height=&#8220;1.4em&#8220; background_color=&#8220;RGBA(255,255,255,0)&#8220; background_enable_color=&#8220;on&#8220; background_image=&#8220;https:\/\/angelisognanti.com\/wp-content\/uploads\/2024\/06\/Angeli_Sognanti_Appartement_Ripa-0303.jpeg&#8220; background_enable_image=&#8220;on&#8220; width=&#8220;50%&#8220; header_font_size_tablet=&#8220;35px&#8220; header_font_size_phone=&#8220;30px&#8220; header_font_size_last_edited=&#8220;on|phone&#8220; custom_css_main_element=&#8220;border-radius:10px;&#8220; custom_css_slide_title=&#8220;transform: rotate(-10deg); &#8220; global_colors_info=&#8220;{}&#8220; sticky_transition=&#8220;on&#8220;][\/et_pb_slide][et_pb_slide admin_title=&#8220;ripa&#8220; _builder_version=&#8220;4.26.1&#8243; _module_preset=&#8220;default&#8220; header_level=&#8220;h2&#8243; header_font=&#8220;Charmonman||||||||&#8220; header_font_size=&#8220;35px&#8220; header_line_height=&#8220;1.4em&#8220; background_color=&#8220;RGBA(255,255,255,0)&#8220; background_enable_color=&#8220;on&#8220; background_image=&#8220;https:\/\/angelisognanti.com\/wp-content\/uploads\/2024\/07\/agriturismo-cossignano-marche-0297-scaled.jpeg&#8220; background_enable_image=&#8220;on&#8220; width=&#8220;50%&#8220; header_font_size_tablet=&#8220;35px&#8220; header_font_size_phone=&#8220;30px&#8220; header_font_size_last_edited=&#8220;on|phone&#8220; custom_css_main_element=&#8220;border-radius:10px;&#8220; custom_css_slide_title=&#8220;transform: rotate(-10deg); &#8220; global_colors_info=&#8220;{}&#8220; sticky_transition=&#8220;on&#8220;][\/et_pb_slide][\/et_pb_slider][\/et_pb_column][et_pb_column type=&#8220;3_5&#8243; _builder_version=&#8220;4.25.2&#8243; _module_preset=&#8220;default&#8220; custom_css_main_element=&#8220;margin-top: auto;||&#8220; border_width_right=&#8220;1px&#8220; border_color_right=&#8220;#929325&#8243; border_color_left=&#8220;#929325&#8243; global_colors_info=&#8220;{}&#8220;][et_pb_text _builder_version=&#8220;4.26.0&#8243; _module_preset=&#8220;default&#8220; text_font=&#8220;|300|||||||&#8220; custom_margin=&#8220;||||false|false&#8220; custom_padding=&#8220;1vw|2vw|||false|false&#8220; global_colors_info=&#8220;{}&#8220;]<\/p>\n<h3 style=\"text-align: right;\">B&amp;B Zimmer &#8211; Ripa &#8211; 2 Personen<\/h3>\n<p style=\"text-align: right;\">In dem etwa 18 m2 gro\u00dfen Bed &amp; Breakfast ist es angenehm. Von dem ger\u00e4umigen privaten S\u00fcdbalkon aus k\u00f6nnen Sie von fr\u00fch bis sp\u00e4t die Sonne und die Aussicht genie\u00dfen. Am Abend funkeln die Lichter der umliegenden St\u00e4dte und Sie k\u00f6nnen die Sterne in der Nacht funkeln sehen.  <\/p>\n<p style=\"text-align: right;\">Das Doppelzimmer hat eine warme und angenehme Atmosph\u00e4re und ist mit einem Wasserkocher, einer Nespresso-Maschine, einem kleinen K\u00fchlschrank und einem Deckenventilator ausgestattet.  Morgens servieren wir Ihnen ein k\u00f6stliches Fr\u00fchst\u00fcck, das mit lokalen Zutaten zubereitet wird.<\/p>\n<p>[\/et_pb_text][et_pb_button button_url=&#8220;https:\/\/angelisognanti.com\/de\/buchen-2\/&#8220; button_text=&#8220;Bed &amp; Breakfast Zimmer buchen&#8220; button_alignment=&#8220;right&#8220; _builder_version=&#8220;4.25.2&#8243; _module_preset=&#8220;default&#8220; custom_margin=&#8220;|2vw|||false|false&#8220; custom_padding=&#8220;||||false|false&#8220; global_colors_info=&#8220;{}&#8220;][\/et_pb_button][\/et_pb_column][\/et_pb_row][\/et_pb_section][et_pb_section fb_built=&#8220;1&#8243; _builder_version=&#8220;4.25.1&#8243; _module_preset=&#8220;default&#8220; background_color=&#8220;#51664D&#8220; global_colors_info=&#8220;{}&#8220;][et_pb_row column_structure=&#8220;2_5,3_5&#8243; _builder_version=&#8220;4.25.1&#8243; _module_preset=&#8220;default&#8220; global_colors_info=&#8220;{}&#8220;][et_pb_column type=&#8220;2_5&#8243; _builder_version=&#8220;4.25.1&#8243; _module_preset=&#8220;default&#8220; global_colors_info=&#8220;{}&#8220;][et_pb_image src=&#8220;https:\/\/angelisognanti.com\/wp-content\/uploads\/2024\/06\/Angeli-Sognanti_Blokjespatroon-2.jpg&#8220; title_text=&#8220;Angeli Sognanti_Blockmuster (2)&#8220; _builder_version=&#8220;4.25.1&#8243; _module_preset=&#8220;default&#8220; transform_scale=&#8220;142%|142%&#8220; transform_translate=&#8220;-172px|-57px&#8220; global_colors_info=&#8220;{}&#8220;][\/et_pb_image][\/et_pb_column][et_pb_column type=&#8220;3_5&#8243; _builder_version=&#8220;4.25.1&#8243; _module_preset=&#8220;default&#8220; global_colors_info=&#8220;{}&#8220;][et_pb_text _builder_version=&#8220;4.26.1&#8243; _module_preset=&#8220;default&#8220; text_text_color=&#8220;#F9F3E7&#8243; link_text_color=&#8220;#F9F3E7&#8243; header_4_text_color=&#8220;#F9F3E7&#8243; header_4_font_size=&#8220;25px&#8220; header_4_line_height=&#8220;1.2em&#8220; width=&#8220;90%&#8220; global_colors_info=&#8220;{}&#8220;]<\/p>\n<h4>Vom ger\u00e4umigen privaten S\u00fcdbalkon aus k\u00f6nnen Sie von fr\u00fch bis sp\u00e4t die Sonne und den Ausblick genie\u00dfen.<\/h4>\n<p><a href=\"https:\/\/angelisognanti.com\/de\/buchen-2\/\">Buchen Sie das B&amp;B Zimmer <b>\u2192.<\/b><\/a>[\/et_pb_text][\/et_pb_column][\/et_pb_row][\/et_pb_section]<\/p>\n","protected":false},"excerpt":{"rendered":"<p>B&amp;B Zimmer &#8211; Ripa &#8211; 2 Personen In dem etwa 18 m2 gro\u00dfen Bed &amp; Breakfast ist es angenehm. Von dem ger\u00e4umigen privaten S\u00fcdbalkon aus k\u00f6nnen Sie von fr\u00fch bis sp\u00e4t die Sonne und die Aussicht genie\u00dfen. Am Abend funkeln die Lichter der umliegenden St\u00e4dte und Sie k\u00f6nnen die Sterne in der Nacht funkeln sehen. [&hellip;]<\/p>\n","protected":false},"author":2,"featured_media":0,"parent":0,"menu_order":0,"comment_status":"closed","ping_status":"closed","template":"","meta":{"_et_pb_use_builder":"on","_et_pb_old_content":"","_et_gb_content_width":"","footnotes":""},"class_list":["post-2305","page","type-page","status-publish","hentry"],"_links":{"self":[{"href":"https:\/\/angelisognanti.com\/de\/wp-json\/wp\/v2\/pages\/2305","targetHints":{"allow":["GET"]}}],"collection":[{"href":"https:\/\/angelisognanti.com\/de\/wp-json\/wp\/v2\/pages"}],"about":[{"href":"https:\/\/angelisognanti.com\/de\/wp-json\/wp\/v2\/types\/page"}],"author":[{"embeddable":true,"href":"https:\/\/angelisognanti.com\/de\/wp-json\/wp\/v2\/users\/2"}],"replies":[{"embeddable":true,"href":"https:\/\/angelisognanti.com\/de\/wp-json\/wp\/v2\/comments?post=2305"}],"version-history":[{"count":0,"href":"https:\/\/angelisognanti.com\/de\/wp-json\/wp\/v2\/pages\/2305\/revisions"}],"wp:attachment":[{"href":"https:\/\/angelisognanti.com\/de\/wp-json\/wp\/v2\/media?parent=2305"}],"curies":[{"name":"wp","href":"https:\/\/api.w.org\/{rel}","templated":true}]}}