{"id":2275,"date":"2024-07-03T13:45:51","date_gmt":"2024-07-03T11:45:51","guid":{"rendered":"https:\/\/angelisognanti.com\/glockenzelte\/"},"modified":"2026-01-05T11:40:45","modified_gmt":"2026-01-05T10:40:45","slug":"glockenzelte","status":"publish","type":"page","link":"https:\/\/angelisognanti.com\/de\/glockenzelte\/","title":{"rendered":"Bell Zelt"},"content":{"rendered":"<p>[et_pb_section fb_built=&#8220;1&#8243; _builder_version=&#8220;4.25.2&#8243; _module_preset=&#8220;default&#8220; background_color=&#8220;#929325&#8243; custom_margin=&#8220;-5vw||||false|false&#8220; custom_padding=&#8220;0px||||false|false&#8220; global_colors_info=&#8220;{}&#8220;][et_pb_row _builder_version=&#8220;4.25.1&#8243; _module_preset=&#8220;default&#8220; width=&#8220;100%&#8220; max_width=&#8220;100%&#8220; global_colors_info=&#8220;{}&#8220;][et_pb_column type=&#8220;4_4&#8243; _builder_version=&#8220;4.25.1&#8243; _module_preset=&#8220;default&#8220; global_colors_info=&#8220;{}&#8220;][et_pb_image src=&#8220;https:\/\/angelisognanti.com\/wp-content\/uploads\/2024\/06\/Angeli-Sognanti_Blokjespatroon-3.jpg&#8220; title_text=&#8220;Angeli Sognanti_Blockmuster (3)&#8220; align=&#8220;center&#8220; _builder_version=&#8220;4.25.1&#8243; _module_preset=&#8220;default&#8220; custom_margin=&#8220;-6vw||||false|false&#8220; custom_padding=&#8220;0px||||false|false&#8220; global_colors_info=&#8220;{}&#8220;][\/et_pb_image][\/et_pb_column][\/et_pb_row][\/et_pb_section][et_pb_section fb_built=&#8220;1&#8243; module_id=&#8220;accomodaties&#8220; _builder_version=&#8220;4.25.2&#8243; _module_preset=&#8220;default&#8220; background_color=&#8220;#F9F3E7&#8243; global_colors_info=&#8220;{}&#8220;][et_pb_row column_structure=&#8220;1_2,1_2&#8243; _builder_version=&#8220;4.25.2&#8243; _module_preset=&#8220;default&#8220; custom_margin=&#8220;3vw|auto|0px|auto|false|false&#8220; custom_padding=&#8220;||0px||false|false&#8220; global_colors_info=&#8220;{}&#8220;][et_pb_column type=&#8220;1_2&#8243; _builder_version=&#8220;4.25.1&#8243; _module_preset=&#8220;default&#8220; global_colors_info=&#8220;{}&#8220;][et_pb_text _builder_version=&#8220;4.25.2&#8243; _module_preset=&#8220;default&#8220; header_2_font=&#8220;||||||||&#8220; header_2_text_color=&#8220;#442924&#8243; header_2_font_size=&#8220;28px&#8220; header_2_line_height=&#8220;1.3em&#8220; global_colors_info=&#8220;{}&#8220;]<\/p>\n<h2>Das wahre Leben im Freien<\/h2>\n<p>[\/et_pb_text][et_pb_text _builder_version=&#8220;4.27.4&#8243; _module_preset=&#8220;default&#8220; text_font=&#8220;&#8211;et_global_body_font|300|||||||&#8220; header_font=&#8220;|300|||||||&#8220; global_colors_info=&#8220;{}&#8220;]<\/p>\n<p>Stellen Sie sich vor, Sie genie\u00dfen ein k\u00f6stliches Glas Wein in unserem Olivenhain mit Blick auf die h\u00fcgelige Landschaft von Le Marche. Essen Sie mit blo\u00dfen F\u00fc\u00dfen im Gras, riechen Sie den Duft von Kr\u00e4utern, Blumen und Fr\u00fcchten&#8230; Das ist das wahre Leben im Freien. <\/p>\n<p>Unser ger\u00e4umiges und komfortables Zelt bietet Privatsph\u00e4re und einen fantastischen Blick auf die gr\u00fcnen H\u00fcgel mit Olivenb\u00e4umen und Weinbergen.<\/p>\n<p>&nbsp;<\/p>\n<p>[\/et_pb_text][\/et_pb_column][et_pb_column type=&#8220;1_2&#8243; _builder_version=&#8220;4.25.1&#8243; _module_preset=&#8220;default&#8220; global_colors_info=&#8220;{}&#8220;][et_pb_image src=&#8220;https:\/\/angelisognanti.com\/wp-content\/uploads\/2025\/05\/8f8f3ce4-8a88-4634-a87c-c3b4aada31dc-2.jpeg&#8220; alt=&#8220;Bell Zelt&#8220; title_text=&#8220;Agriturismoo_Angeli_Sognanti_Picknic&#8220; _builder_version=&#8220;4.27.4&#8243; _module_preset=&#8220;default&#8220; width=&#8220;85%&#8220; module_alignment=&#8220;right&#8220; global_colors_info=&#8220;{}&#8220;][\/et_pb_image][\/et_pb_column][\/et_pb_row][et_pb_row module_class=&#8220;side-by-side-1&#8243; _builder_version=&#8220;4.26.0&#8243; _module_preset=&#8220;default&#8220; transform_translate=&#8220;0px|-15px&#8220; transform_translate_linked=&#8220;off&#8220; custom_margin=&#8220;||||true|false&#8220; custom_margin_tablet=&#8220;0px||0px||true|false&#8220; custom_margin_phone=&#8220;12vw||0px||false|false&#8220; custom_margin_last_edited=&#8220;on|phone&#8220; custom_padding=&#8220;||||true|false&#8220; global_colors_info=&#8220;{}&#8220;][et_pb_column type=&#8220;4_4&#8243; _builder_version=&#8220;4.25.2&#8243; _module_preset=&#8220;default&#8220; global_colors_info=&#8220;{}&#8220;][et_pb_button button_url=&#8220;https:\/\/angelisognanti.com\/de\/buchen-2\/&#8220; button_text=&#8220;Buch Bell Zelt&#8220; _builder_version=&#8220;4.27.4&#8243; _module_preset=&#8220;default&#8220; hover_enabled=&#8220;0&#8243; global_colors_info=&#8220;{}&#8220; sticky_enabled=&#8220;0&#8243;][\/et_pb_button][et_pb_button button_url=&#8220;#belltent&#8220; button_text=&#8220;mehr Infos&#8220; _builder_version=&#8220;4.27.4&#8243; _module_preset=&#8220;default&#8220; global_colors_info=&#8220;{}&#8220;][\/et_pb_button][\/et_pb_column][\/et_pb_row][\/et_pb_section][et_pb_section fb_built=&#8220;1&#8243; _builder_version=&#8220;4.25.1&#8243; _module_preset=&#8220;default&#8220; background_color=&#8220;#929325&#8243; global_colors_info=&#8220;{}&#8220;][et_pb_row _builder_version=&#8220;4.25.1&#8243; _module_preset=&#8220;default&#8220; width=&#8220;100%&#8220; max_width=&#8220;100%&#8220; global_colors_info=&#8220;{}&#8220;][et_pb_column type=&#8220;4_4&#8243; _builder_version=&#8220;4.25.1&#8243; _module_preset=&#8220;default&#8220; global_colors_info=&#8220;{}&#8220;][et_pb_image src=&#8220;https:\/\/angelisognanti.com\/wp-content\/uploads\/2024\/06\/Angeli-Sognanti_Blokjespatroon-3.jpg&#8220; title_text=&#8220;Angeli Sognanti_Blockmuster (3)&#8220; align=&#8220;center&#8220; _builder_version=&#8220;4.25.1&#8243; _module_preset=&#8220;default&#8220; custom_margin=&#8220;-6vw||||false|false&#8220; custom_padding=&#8220;0px||||false|false&#8220; global_colors_info=&#8220;{}&#8220;][\/et_pb_image][\/et_pb_column][\/et_pb_row][\/et_pb_section][et_pb_section fb_built=&#8220;1&#8243; module_id=&#8220;belltent&#8220; _builder_version=&#8220;4.25.2&#8243; _module_preset=&#8220;default&#8220; background_color=&#8220;#F9F3E7&#8243; custom_margin=&#8220;0px||||false|false&#8220; custom_padding=&#8220;0px||||false|false&#8220; global_colors_info=&#8220;{}&#8220;][et_pb_row column_structure=&#8220;2_5,3_5&#8243; use_custom_gutter=&#8220;on&#8220; gutter_width=&#8220;2&#8243; make_equal=&#8220;on&#8220; disabled_on=&#8220;on|on|off&#8220; _builder_version=&#8220;4.25.2&#8243; _module_preset=&#8220;default&#8220; custom_margin=&#8220;||||false|false&#8220; custom_padding=&#8220;5vw||5vw||true|false&#8220; global_colors_info=&#8220;{}&#8220;][et_pb_column type=&#8220;2_5&#8243; _builder_version=&#8220;4.25.1&#8243; _module_preset=&#8220;default&#8220; custom_css_main_element=&#8220;margin-top: auto;||&#8220; border_width_right=&#8220;1px&#8220; border_color_right=&#8220;#929325&#8243; border_color_left=&#8220;#929325&#8243; global_colors_info=&#8220;{}&#8220;][et_pb_text _builder_version=&#8220;4.27.4&#8243; _module_preset=&#8220;default&#8220; text_font=&#8220;|300|||||||&#8220; text_orientation=&#8220;right&#8220; custom_margin=&#8220;||||false|false&#8220; custom_padding=&#8220;3vw|3vw|||false|false&#8220; global_colors_info=&#8220;{}&#8220;]<\/p>\n<h3>M\u00f6bliertes Bell Zelt &#8211; 2-Personen<\/h3>\n<p>M\u00f6chten Sie campen, aber mit Stil und ohne das Schleppen von Ausr\u00fcstung? Wir haben ein m\u00f6bliertes 2-Personen Bell Zelt auf unserem Grundst\u00fcck. <\/p>\n<p>Das Bell Zelt liegt inmitten des Olivenhains, mit viel Privatsph\u00e4re und atemberaubender Aussicht. In unserem Bauernhaus finden Sie einen K\u00fchlschrank, die sanit\u00e4ren Anlagen und eine Dusche. <\/p>\n<p>[\/et_pb_text][et_pb_button button_url=&#8220;https:\/\/angelisognanti.com\/de\/buchen-2\/&#8220; button_text=&#8220;ein Bell Zelt buchen&#8220; button_alignment=&#8220;right&#8220; _builder_version=&#8220;4.27.4&#8243; _module_preset=&#8220;default&#8220; custom_margin=&#8220;|3vw|||false|false&#8220; custom_padding=&#8220;||||false|false&#8220; hover_enabled=&#8220;0&#8243; global_colors_info=&#8220;{}&#8220; sticky_enabled=&#8220;0&#8243;][\/et_pb_button][\/et_pb_column][et_pb_column type=&#8220;3_5&#8243; _builder_version=&#8220;4.25.1&#8243; _module_preset=&#8220;default&#8220; global_colors_info=&#8220;{}&#8220;][et_pb_slider _builder_version=&#8220;4.27.4&#8243; _module_preset=&#8220;default&#8220; min_height=&#8220;350px&#8220; custom_css_free_form=&#8220;@media all and (max-width: 1200px) {||  selector .et_pb_container {||    margin: 0;  ||    width: 100% !important||  }  ||}||&#8220; global_colors_info=&#8220;{}&#8220;][et_pb_slide heading=&#8220;Belltent&#8220; admin_title=&#8220;Bell tent olijfgaard&#8220; _builder_version=&#8220;4.27.4&#8243; _module_preset=&#8220;default&#8220; header_font=&#8220;Charmonman||||||||&#8220; header_font_size=&#8220;35px&#8220; header_line_height=&#8220;1.4em&#8220; background_color=&#8220;RGBA(255,255,255,0)&#8220; background_enable_color=&#8220;on&#8220; background_image=&#8220;https:\/\/angelisognanti.com\/wp-content\/uploads\/2025\/05\/6d8d51c0-2a07-478b-8f99-e2269fce6646.jpeg&#8220; background_enable_image=&#8220;on&#8220; width=&#8220;50%&#8220; header_font_size_tablet=&#8220;35px&#8220; header_font_size_phone=&#8220;25px&#8220; header_font_size_last_edited=&#8220;on|phone&#8220; custom_css_main_element=&#8220;border-radius:10px;&#8220; custom_css_slide_title=&#8220;transform: rotate(-10deg); &#8220; global_colors_info=&#8220;{}&#8220; sticky_transition=&#8220;on&#8220;][\/et_pb_slide][et_pb_slide admin_title=&#8220;Belltent bed1&#8243; _builder_version=&#8220;4.27.4&#8243; _module_preset=&#8220;default&#8220; header_font=&#8220;Charmonman||||||||&#8220; header_font_size=&#8220;35px&#8220; header_line_height=&#8220;1.4em&#8220; background_color=&#8220;RGBA(255,255,255,0)&#8220; background_enable_color=&#8220;on&#8220; background_image=&#8220;https:\/\/angelisognanti.com\/wp-content\/uploads\/2025\/05\/c7beaa46-b678-4b09-a65c-47a96580864a.jpeg&#8220; background_enable_image=&#8220;on&#8220; width=&#8220;50%&#8220; header_font_size_tablet=&#8220;35px&#8220; header_font_size_phone=&#8220;25px&#8220; header_font_size_last_edited=&#8220;on|phone&#8220; custom_css_main_element=&#8220;border-radius:10px;&#8220; custom_css_slide_title=&#8220;transform: rotate(-10deg); &#8220; global_colors_info=&#8220;{}&#8220; sticky_transition=&#8220;on&#8220;][\/et_pb_slide][et_pb_slide admin_title=&#8220;Belltent bed3&#8243; _builder_version=&#8220;4.27.4&#8243; _module_preset=&#8220;default&#8220; header_font=&#8220;Charmonman||||||||&#8220; header_font_size=&#8220;35px&#8220; header_line_height=&#8220;1.4em&#8220; background_color=&#8220;RGBA(255,255,255,0)&#8220; background_enable_color=&#8220;on&#8220; background_image=&#8220;https:\/\/angelisognanti.com\/wp-content\/uploads\/2025\/05\/61e7a2ce-3a23-41f6-a3c0-e23f65b25c27.jpeg&#8220; background_enable_image=&#8220;on&#8220; width=&#8220;50%&#8220; header_font_size_tablet=&#8220;35px&#8220; header_font_size_phone=&#8220;25px&#8220; header_font_size_last_edited=&#8220;on|phone&#8220; custom_css_main_element=&#8220;border-radius:10px;&#8220; custom_css_slide_title=&#8220;transform: rotate(-10deg); &#8220; global_colors_info=&#8220;{}&#8220; sticky_transition=&#8220;on&#8220;][\/et_pb_slide][\/et_pb_slider][et_pb_text _builder_version=&#8220;4.27.4&#8243; _module_preset=&#8220;default&#8220; text_font=&#8220;|300|||||||&#8220; text_font_size=&#8220;13px&#8220; global_colors_info=&#8220;{}&#8220;]<\/p>\n<p>Die Buchung eines Bell Zelt beinhaltet: Ein echtes, gemachtes Bett f\u00fcr zwei Personen am Tag der Ankunft | K\u00fcchengeschirr | Zwei sch\u00f6ne Liegest\u00fchle | Wifi, auch im Zelt | Elektrizit\u00e4t<\/p>\n<p>[\/et_pb_text][\/et_pb_column][\/et_pb_row][et_pb_row column_structure=&#8220;3_5,2_5&#8243; use_custom_gutter=&#8220;on&#8220; gutter_width=&#8220;2&#8243; make_equal=&#8220;on&#8220; disabled_on=&#8220;off|off|on&#8220; _builder_version=&#8220;4.26.0&#8243; _module_preset=&#8220;default&#8220; custom_margin=&#8220;||||false|false&#8220; custom_padding=&#8220;5vw||5vw||true|false&#8220; global_colors_info=&#8220;{}&#8220;][et_pb_column type=&#8220;3_5&#8243; _builder_version=&#8220;4.25.1&#8243; _module_preset=&#8220;default&#8220; global_colors_info=&#8220;{}&#8220;][et_pb_slider _builder_version=&#8220;4.27.4&#8243; _module_preset=&#8220;default&#8220; min_height=&#8220;350px&#8220; custom_css_free_form=&#8220;@media all and (max-width: 1200px) {||  selector .et_pb_container {||    margin: 0;  ||    width: 100% !important||  }  ||}||&#8220; global_colors_info=&#8220;{}&#8220;][et_pb_slide heading=&#8220;Belltent&#8220; admin_title=&#8220;Bell tent olijfgaard&#8220; _builder_version=&#8220;4.27.4&#8243; _module_preset=&#8220;default&#8220; header_font=&#8220;Charmonman||||||||&#8220; header_font_size=&#8220;35px&#8220; header_line_height=&#8220;1.4em&#8220; background_color=&#8220;RGBA(255,255,255,0)&#8220; background_enable_color=&#8220;on&#8220; background_image=&#8220;https:\/\/angelisognanti.com\/wp-content\/uploads\/2025\/05\/6d8d51c0-2a07-478b-8f99-e2269fce6646.jpeg&#8220; background_enable_image=&#8220;on&#8220; width=&#8220;50%&#8220; header_font_size_tablet=&#8220;35px&#8220; header_font_size_phone=&#8220;25px&#8220; header_font_size_last_edited=&#8220;on|phone&#8220; custom_css_main_element=&#8220;border-radius:10px;&#8220; custom_css_slide_title=&#8220;transform: rotate(-10deg); &#8220; global_colors_info=&#8220;{}&#8220; sticky_transition=&#8220;on&#8220;][\/et_pb_slide][et_pb_slide admin_title=&#8220;Belltent bed1&#8243; _builder_version=&#8220;4.27.4&#8243; _module_preset=&#8220;default&#8220; header_font=&#8220;Charmonman||||||||&#8220; header_font_size=&#8220;35px&#8220; header_line_height=&#8220;1.4em&#8220; background_color=&#8220;RGBA(255,255,255,0)&#8220; background_enable_color=&#8220;on&#8220; background_image=&#8220;https:\/\/angelisognanti.com\/wp-content\/uploads\/2025\/05\/c7beaa46-b678-4b09-a65c-47a96580864a.jpeg&#8220; background_enable_image=&#8220;on&#8220; width=&#8220;50%&#8220; header_font_size_tablet=&#8220;35px&#8220; header_font_size_phone=&#8220;25px&#8220; header_font_size_last_edited=&#8220;on|phone&#8220; custom_css_main_element=&#8220;border-radius:10px;&#8220; custom_css_slide_title=&#8220;transform: rotate(-10deg); &#8220; global_colors_info=&#8220;{}&#8220; sticky_transition=&#8220;on&#8220;][\/et_pb_slide][et_pb_slide admin_title=&#8220;Belltent bed3&#8243; _builder_version=&#8220;4.27.4&#8243; _module_preset=&#8220;default&#8220; header_font=&#8220;Charmonman||||||||&#8220; header_font_size=&#8220;35px&#8220; header_line_height=&#8220;1.4em&#8220; background_color=&#8220;RGBA(255,255,255,0)&#8220; background_enable_color=&#8220;on&#8220; background_image=&#8220;https:\/\/angelisognanti.com\/wp-content\/uploads\/2025\/05\/61e7a2ce-3a23-41f6-a3c0-e23f65b25c27.jpeg&#8220; background_enable_image=&#8220;on&#8220; width=&#8220;50%&#8220; header_font_size_tablet=&#8220;35px&#8220; header_font_size_phone=&#8220;25px&#8220; header_font_size_last_edited=&#8220;on|phone&#8220; custom_css_main_element=&#8220;border-radius:10px;&#8220; custom_css_slide_title=&#8220;transform: rotate(-10deg); &#8220; global_colors_info=&#8220;{}&#8220; sticky_transition=&#8220;on&#8220;][\/et_pb_slide][\/et_pb_slider][\/et_pb_column][et_pb_column type=&#8220;2_5&#8243; _builder_version=&#8220;4.25.1&#8243; _module_preset=&#8220;default&#8220; custom_css_main_element=&#8220;margin-top: auto;||&#8220; border_width_right=&#8220;1px&#8220; border_color_right=&#8220;#929325&#8243; border_color_left=&#8220;#929325&#8243; global_colors_info=&#8220;{}&#8220;][et_pb_text _builder_version=&#8220;4.27.4&#8243; _module_preset=&#8220;default&#8220; text_font=&#8220;|300|||||||&#8220; text_orientation=&#8220;right&#8220; custom_margin=&#8220;||||false|false&#8220; custom_padding=&#8220;3vw|3vw|||false|false&#8220; global_colors_info=&#8220;{}&#8220;]<\/p>\n<h3>M\u00f6bliertes Bell Zelt &#8211; 2-Personen<\/h3>\n<p>M\u00f6chten Sie campen, aber mit Stil und ohne das Schleppen von Ausr\u00fcstung? Wir haben ein m\u00f6bliertes 2-Personen Bell Zelt auf unserem Grundst\u00fcck. <\/p>\n<p>Das Zelt steht inmitten des Olivenhains, mit viel Privatsph\u00e4re und atemberaubenden Aussichten. In unserem Bauernhaus finden Sie einen K\u00fchlschrank, die sanit\u00e4ren Anlagen und eine Dusche. <\/p>\n<p>[\/et_pb_text][et_pb_button button_url=&#8220;https:\/\/angelisognanti.com\/de\/buchen-2\/&#8220; button_text=&#8220;ein Bell Zelt buchen&#8220; button_alignment=&#8220;right&#8220; _builder_version=&#8220;4.27.4&#8243; _module_preset=&#8220;default&#8220; custom_margin=&#8220;|3vw|||false|false&#8220; custom_padding=&#8220;||||false|false&#8220; hover_enabled=&#8220;0&#8243; global_colors_info=&#8220;{}&#8220; sticky_enabled=&#8220;0&#8243;][\/et_pb_button][et_pb_text _builder_version=&#8220;4.27.4&#8243; _module_preset=&#8220;default&#8220; text_font=&#8220;|300|||||||&#8220; text_font_size=&#8220;13px&#8220; custom_padding=&#8220;|3vw|||false|false&#8220; text_font_size_tablet=&#8220;13px&#8220; text_font_size_phone=&#8220;12px&#8220; text_font_size_last_edited=&#8220;on|phone&#8220; text_line_height_tablet=&#8220;&#8220; text_line_height_phone=&#8220;1.5em&#8220; text_line_height_last_edited=&#8220;on|phone&#8220; global_colors_info=&#8220;{}&#8220;]<\/p>\n<p>Die Buchung eines Bell Zelt beinhaltet: Ein echtes, gemachtes Bett f\u00fcr zwei Personen am Tag der Ankunft | K\u00fcchengeschirr | Zwei sch\u00f6ne Liegest\u00fchle | Wifi, auch im Zelt | Elektrizit\u00e4t<\/p>\n<p>[\/et_pb_text][\/et_pb_column][\/et_pb_row][\/et_pb_section][et_pb_section fb_built=&#8220;1&#8243; _builder_version=&#8220;4.25.1&#8243; _module_preset=&#8220;default&#8220; background_color=&#8220;#51664D&#8220; global_colors_info=&#8220;{}&#8220;][et_pb_row column_structure=&#8220;2_5,3_5&#8243; _builder_version=&#8220;4.25.1&#8243; _module_preset=&#8220;default&#8220; global_colors_info=&#8220;{}&#8220;][et_pb_column type=&#8220;2_5&#8243; _builder_version=&#8220;4.25.1&#8243; _module_preset=&#8220;default&#8220; global_colors_info=&#8220;{}&#8220;][et_pb_image src=&#8220;https:\/\/angelisognanti.com\/wp-content\/uploads\/2024\/06\/Angeli-Sognanti_Blokjespatroon-2.jpg&#8220; title_text=&#8220;Angeli Sognanti_Blockmuster (2)&#8220; _builder_version=&#8220;4.25.1&#8243; _module_preset=&#8220;default&#8220; transform_scale=&#8220;142%|142%&#8220; transform_translate=&#8220;-172px|-57px&#8220; global_colors_info=&#8220;{}&#8220;][\/et_pb_image][\/et_pb_column][et_pb_column type=&#8220;3_5&#8243; _builder_version=&#8220;4.25.1&#8243; _module_preset=&#8220;default&#8220; global_colors_info=&#8220;{}&#8220;][et_pb_text _builder_version=&#8220;4.27.4&#8243; _module_preset=&#8220;default&#8220; text_text_color=&#8220;#F9F3E7&#8243; link_text_color=&#8220;#F9F3E7&#8243; header_4_text_color=&#8220;#F9F3E7&#8243; header_4_font_size=&#8220;25px&#8220; header_4_line_height=&#8220;1.2em&#8220; width=&#8220;85%&#8220; hover_enabled=&#8220;0&#8243; global_colors_info=&#8220;{}&#8220; sticky_enabled=&#8220;0&#8243;]<\/p>\n<h4>Ihr eigenes Bell Zelt, inmitten des Olivenhains, mit viel Privatsph\u00e4re und atemberaubender Aussicht<\/h4>\n<p><a href=\"https:\/\/angelisognanti.com\/de\/buchen-2\/\">Buchen Sie Ihren Aufenthalt jetzt <b>\u2192.<\/b><\/a><\/p>\n<p>[\/et_pb_text][\/et_pb_column][\/et_pb_row][\/et_pb_section]<\/p>\n","protected":false},"excerpt":{"rendered":"<p>Das wahre Leben im FreienStellen Sie sich vor, Sie genie\u00dfen ein k\u00f6stliches Glas Wein in unserem Olivenhain mit Blick auf die h\u00fcgelige Landschaft von Le Marche. Essen Sie mit blo\u00dfen F\u00fc\u00dfen im Gras, riechen Sie den Duft von Kr\u00e4utern, Blumen und Fr\u00fcchten&#8230; Das ist das wahre Leben im Freien. Unser ger\u00e4umiges und komfortables Zelt bietet [&hellip;]<\/p>\n","protected":false},"author":2,"featured_media":0,"parent":0,"menu_order":0,"comment_status":"closed","ping_status":"closed","template":"","meta":{"_et_pb_use_builder":"on","_et_pb_old_content":"","_et_gb_content_width":"","footnotes":""},"class_list":["post-2275","page","type-page","status-publish","hentry"],"_links":{"self":[{"href":"https:\/\/angelisognanti.com\/de\/wp-json\/wp\/v2\/pages\/2275","targetHints":{"allow":["GET"]}}],"collection":[{"href":"https:\/\/angelisognanti.com\/de\/wp-json\/wp\/v2\/pages"}],"about":[{"href":"https:\/\/angelisognanti.com\/de\/wp-json\/wp\/v2\/types\/page"}],"author":[{"embeddable":true,"href":"https:\/\/angelisognanti.com\/de\/wp-json\/wp\/v2\/users\/2"}],"replies":[{"embeddable":true,"href":"https:\/\/angelisognanti.com\/de\/wp-json\/wp\/v2\/comments?post=2275"}],"version-history":[{"count":0,"href":"https:\/\/angelisognanti.com\/de\/wp-json\/wp\/v2\/pages\/2275\/revisions"}],"wp:attachment":[{"href":"https:\/\/angelisognanti.com\/de\/wp-json\/wp\/v2\/media?parent=2275"}],"curies":[{"name":"wp","href":"https:\/\/api.w.org\/{rel}","templated":true}]}}