{"id":2249,"date":"2024-07-03T14:30:24","date_gmt":"2024-07-03T12:30:24","guid":{"rendered":"https:\/\/angelisognanti.com\/safarizelte\/"},"modified":"2026-01-19T10:59:01","modified_gmt":"2026-01-19T09:59:01","slug":"safarizelte","status":"publish","type":"page","link":"https:\/\/angelisognanti.com\/de\/safarizelte\/","title":{"rendered":"Safarizelte"},"content":{"rendered":"<p>[et_pb_section fb_built=&#8220;1&#8243; _builder_version=&#8220;4.27.0&#8243; _module_preset=&#8220;default&#8220; background_color=&#8220;#F9F3E7&#8243; global_colors_info=&#8220;{}&#8220;][et_pb_row column_structure=&#8220;1_2,1_2&#8243; _builder_version=&#8220;4.27.0&#8243; _module_preset=&#8220;default&#8220; custom_margin=&#8220;3vw|auto||auto|false|false&#8220; custom_margin_tablet=&#8220;7vw|auto||auto|false|false&#8220; custom_margin_phone=&#8220;15vw|auto||auto|false|false&#8220; custom_margin_last_edited=&#8220;on|phone&#8220; global_colors_info=&#8220;{}&#8220;][et_pb_column type=&#8220;1_2&#8243; _builder_version=&#8220;4.25.1&#8243; _module_preset=&#8220;default&#8220; global_colors_info=&#8220;{}&#8220;][et_pb_text _builder_version=&#8220;4.27.0&#8243; _module_preset=&#8220;default&#8220; header_2_font=&#8220;||||||||&#8220; header_2_text_color=&#8220;#442924&#8243; header_2_font_size=&#8220;28px&#8220; header_2_line_height=&#8220;1.3em&#8220; global_colors_info=&#8220;{}&#8220;]<\/p>\n<h2>Buongiorno&#8230;..!<\/h2>\n<p>[\/et_pb_text][et_pb_text _builder_version=&#8220;4.27.4&#8243; _module_preset=&#8220;default&#8220; text_font=&#8220;&#8211;et_global_body_font|300|||||||&#8220; header_font=&#8220;|300|||||||&#8220; global_colors_info=&#8220;{}&#8220;]<\/p>\n<p>Stellen Sie sich vor, Sie wachen inmitten unserer Olivenhaine und Weinberge mit Blick auf die h\u00fcgelige Landschaft der Marken auf. Fr\u00fchst\u00fccken Sie auf Ihrer Veranda, mit Ihren nackten F\u00fc\u00dfen im Gras, mit dem Duft von Kr\u00e4utern, Blumen und Fr\u00fcchten&#8230; Das ist die wahre Natur. <\/p>\n<p>Unsere neuen (2025) ger\u00e4umigen und luxuri\u00f6sen Glamping-Zelte bieten alle Privatsph\u00e4re und einen fantastischen Blick auf die gr\u00fcnen H\u00fcgel mit Olivenb\u00e4umen und Weinbergen.<\/p>\n<p>[\/et_pb_text][\/et_pb_column][et_pb_column type=&#8220;1_2&#8243; _builder_version=&#8220;4.25.1&#8243; _module_preset=&#8220;default&#8220; global_colors_info=&#8220;{}&#8220;][et_pb_image src=&#8220;https:\/\/angelisognanti.com\/wp-content\/uploads\/2026\/01\/LeMarche_Agriturismo_Angeli_Sognanti_ColumbusTravel_SabrinaGaudio_148.jpeg&#8220; title_text=&#8220;LeMarche_Agriturismo_Angeli_Sognanti_KolumbusReisen_SabrinaGaudio_148&#8243; _builder_version=&#8220;4.27.5&#8243; _module_preset=&#8220;default&#8220; width=&#8220;85%&#8220; module_alignment=&#8220;right&#8220; hover_enabled=&#8220;0&#8243; global_colors_info=&#8220;{}&#8220; sticky_enabled=&#8220;0&#8243;][\/et_pb_image][\/et_pb_column][\/et_pb_row][et_pb_row column_structure=&#8220;1_2,1_2&#8243; disabled_on=&#8220;off|on|off&#8220; module_class=&#8220;side-by-side-1&#8243; _builder_version=&#8220;4.27.0&#8243; _module_preset=&#8220;default&#8220; transform_translate=&#8220;0px|-70px&#8220; transform_translate_linked=&#8220;off&#8220; custom_margin=&#8220;-3vw||0px||false|false&#8220; custom_margin_tablet=&#8220;0px||0px||true|false&#8220; custom_margin_phone=&#8220;15vw||||false|false&#8220; custom_margin_last_edited=&#8220;on|phone&#8220; custom_padding=&#8220;0px||0px||false|false&#8220; global_colors_info=&#8220;{}&#8220;][et_pb_column type=&#8220;1_2&#8243; _builder_version=&#8220;4.25.1&#8243; _module_preset=&#8220;default&#8220; global_colors_info=&#8220;{}&#8220;][et_pb_button button_url=&#8220;https:\/\/angelisognanti.com\/de\/buchen-2\/&#8220; button_text=&#8220;Glamping-Zelt buchen&#8220; button_alignment=&#8220;right&#8220; _builder_version=&#8220;4.27.4&#8243; _module_preset=&#8220;default&#8220; global_colors_info=&#8220;{}&#8220;][\/et_pb_button][et_pb_button button_url=&#8220;#meerinfo&#8220; button_text=&#8220;mehr Infos&#8220; button_alignment=&#8220;right&#8220; _builder_version=&#8220;4.27.4&#8243; _module_preset=&#8220;default&#8220; custom_margin=&#8220;-1vw||||false|false&#8220; custom_padding=&#8220;||||false|false&#8220; global_colors_info=&#8220;{}&#8220;][\/et_pb_button][et_pb_text _builder_version=&#8220;4.27.4&#8243; _module_preset=&#8220;default&#8220; text_font=&#8220;&#8211;et_global_body_font|300|||||||&#8220; header_font=&#8220;|300|||||||&#8220; global_colors_info=&#8220;{}&#8220;]<\/p>\n<p>M\u00f6chten Sie lieber v\u00f6llig unbelastet sein? Vielleicht ist unser <a href=\"\/bedandbreakfast\"><span style=\"text-decoration: underline;\">Bed &amp; Breakfast-Zimmer<\/span><\/a> vielleicht etwas f\u00fcr Sie sein. Dieses befindet sich ebenfalls im Bauernhaus.  <\/p>\n<p>[\/et_pb_text][\/et_pb_column][et_pb_column type=&#8220;1_2&#8243; _builder_version=&#8220;4.25.1&#8243; _module_preset=&#8220;default&#8220; global_colors_info=&#8220;{}&#8220;][\/et_pb_column][\/et_pb_row][et_pb_row column_structure=&#8220;1_2,1_2&#8243; disabled_on=&#8220;on|off|on&#8220; module_class=&#8220;side-by-side-1&#8243; _builder_version=&#8220;4.27.0&#8243; _module_preset=&#8220;default&#8220; transform_translate=&#8220;0px|-70px&#8220; transform_translate_linked=&#8220;off&#8220; custom_margin=&#8220;||||false|false&#8220; custom_margin_tablet=&#8220;-3vw||-3vw||true|false&#8220; custom_margin_phone=&#8220;15vw||||false|false&#8220; custom_margin_last_edited=&#8220;on|tablet&#8220; custom_padding=&#8220;||||false|false&#8220; global_colors_info=&#8220;{}&#8220;][et_pb_column type=&#8220;1_2&#8243; _builder_version=&#8220;4.25.1&#8243; _module_preset=&#8220;default&#8220; global_colors_info=&#8220;{}&#8220;][et_pb_button button_url=&#8220;https:\/\/angelisognanti.com\/de\/buchen-2\/&#8220; button_text=&#8220;Glamping-Zelt buchen&#8220; button_alignment=&#8220;right&#8220; _builder_version=&#8220;4.27.4&#8243; _module_preset=&#8220;default&#8220; global_colors_info=&#8220;{}&#8220;][\/et_pb_button][et_pb_button button_url=&#8220;#meerinfo&#8220; button_text=&#8220;mehr Infos&#8220; button_alignment=&#8220;right&#8220; _builder_version=&#8220;4.27.4&#8243; _module_preset=&#8220;default&#8220; custom_margin=&#8220;-1vw||||false|false&#8220; custom_padding=&#8220;||||false|false&#8220; global_colors_info=&#8220;{}&#8220;][\/et_pb_button][et_pb_text _builder_version=&#8220;4.27.4&#8243; _module_preset=&#8220;default&#8220; text_font=&#8220;&#8211;et_global_body_font|300|||||||&#8220; header_font=&#8220;|300|||||||&#8220; global_colors_info=&#8220;{}&#8220;]<\/p>\n<p>M\u00f6chten Sie lieber v\u00f6llig unbelastet sein? Vielleicht ist unser <a href=\"\/bedandbreakfast\"><span style=\"text-decoration: underline;\">Bed &amp; Breakfast-Zimmer<\/span><\/a> vielleicht etwas f\u00fcr Sie sein. Dieses befindet sich ebenfalls im Bauernhaus.  <\/p>\n<p>[\/et_pb_text][\/et_pb_column][et_pb_column type=&#8220;1_2&#8243; _builder_version=&#8220;4.25.1&#8243; _module_preset=&#8220;default&#8220; global_colors_info=&#8220;{}&#8220;][\/et_pb_column][\/et_pb_row][\/et_pb_section][et_pb_section fb_built=&#8220;1&#8243; _builder_version=&#8220;4.27.0&#8243; _module_preset=&#8220;default&#8220; background_color=&#8220;#929325&#8243; custom_margin=&#8220;||||false|false&#8220; custom_padding=&#8220;0px||||false|false&#8220; global_colors_info=&#8220;{}&#8220;][et_pb_row _builder_version=&#8220;4.25.1&#8243; _module_preset=&#8220;default&#8220; width=&#8220;100%&#8220; max_width=&#8220;100%&#8220; global_colors_info=&#8220;{}&#8220;][et_pb_column type=&#8220;4_4&#8243; _builder_version=&#8220;4.25.1&#8243; _module_preset=&#8220;default&#8220; global_colors_info=&#8220;{}&#8220;][et_pb_image src=&#8220;https:\/\/angelisognanti.com\/wp-content\/uploads\/2024\/06\/Angeli-Sognanti_Blokjespatroon-3.jpg&#8220; title_text=&#8220;Angeli Sognanti_Blockmuster (3)&#8220; align=&#8220;center&#8220; _builder_version=&#8220;4.27.0&#8243; _module_preset=&#8220;default&#8220; custom_margin=&#8220;-6vw||||false|false&#8220; custom_padding=&#8220;0px||||false|false&#8220; global_colors_info=&#8220;{}&#8220;][\/et_pb_image][\/et_pb_column][\/et_pb_row][\/et_pb_section][et_pb_section fb_built=&#8220;1&#8243; module_id=&#8220;fico&#8220; _builder_version=&#8220;4.25.2&#8243; _module_preset=&#8220;default&#8220; background_color=&#8220;#F9F3E7&#8243; global_colors_info=&#8220;{}&#8220;][et_pb_row column_structure=&#8220;1_2,1_2&#8243; use_custom_gutter=&#8220;on&#8220; gutter_width=&#8220;2&#8243; make_equal=&#8220;on&#8220; module_id=&#8220;meerinfo&#8220; _builder_version=&#8220;4.27.4&#8243; _module_preset=&#8220;default&#8220; custom_margin=&#8220;3vw||4vw||false|false&#8220; global_colors_info=&#8220;{}&#8220;][et_pb_column type=&#8220;1_2&#8243; _builder_version=&#8220;4.25.1&#8243; _module_preset=&#8220;default&#8220; global_colors_info=&#8220;{}&#8220;][et_pb_slider _builder_version=&#8220;4.27.5&#8243; _module_preset=&#8220;default&#8220; min_height=&#8220;350px&#8220; hover_enabled=&#8220;0&#8243; custom_css_free_form=&#8220;@media (max-width: 480px){||  selector .et_pb_container{||    margin: 0;  ||    width: 100% !important||  }  ||}&#8220; global_colors_info=&#8220;{}&#8220; sticky_enabled=&#8220;0&#8243;][et_pb_slide heading=&#8220;Glamping-Zelt&#8220; admin_title=&#8220;Woody Veld&#8220; _builder_version=&#8220;4.27.5&#8243; _module_preset=&#8220;default&#8220; header_font=&#8220;Charmonman||||||||&#8220; header_font_size=&#8220;35px&#8220; header_line_height=&#8220;1.4em&#8220; background_color=&#8220;RGBA(255,255,255,0)&#8220; background_enable_color=&#8220;on&#8220; background_image=&#8220;https:\/\/angelisognanti.com\/wp-content\/uploads\/2026\/01\/LeMarche_Agriturismo_Angeli_Sognanti_ColumbusTravel_SabrinaGaudio_158.jpeg&#8220; background_enable_image=&#8220;on&#8220; width=&#8220;50%&#8220; hover_enabled=&#8220;0&#8243; custom_css_main_element=&#8220;border-radius:10px;&#8220; custom_css_slide_title=&#8220;transform: rotate(-10deg); &#8220; global_colors_info=&#8220;{}&#8220; sticky_transition=&#8220;on&#8220; title_text=&#8220;LeMarche_Agriturismo_Angeli_Sognanti_ColumbusTravel_SabrinaGaudio_158&#8243; sticky_enabled=&#8220;0&#8243;][\/et_pb_slide][et_pb_slide admin_title=&#8220;Woody Binnen&#8220; _builder_version=&#8220;4.27.5&#8243; _module_preset=&#8220;default&#8220; header_font=&#8220;Charmonman||||||||&#8220; header_font_size=&#8220;35px&#8220; header_line_height=&#8220;1.4em&#8220; background_color=&#8220;RGBA(255,255,255,0)&#8220; background_enable_color=&#8220;on&#8220; background_image=&#8220;https:\/\/angelisognanti.com\/wp-content\/uploads\/2026\/01\/LeMarche_Agriturismo_Angeli_Sognanti_ColumbusTravel_SabrinaGaudio_152.jpeg&#8220; background_enable_image=&#8220;on&#8220; width=&#8220;50%&#8220; hover_enabled=&#8220;0&#8243; custom_css_main_element=&#8220;border-radius:10px;&#8220; custom_css_slide_title=&#8220;transform: rotate(-10deg); &#8220; global_colors_info=&#8220;{}&#8220; sticky_transition=&#8220;on&#8220; title_text=&#8220;LeMarche_Agriturismo_Angeli_Sognanti_ColumbusTravel_SabrinaGaudio_152&#8243; sticky_enabled=&#8220;0&#8243;][\/et_pb_slide][et_pb_slide admin_title=&#8220;WoodyTafel&#8220; _builder_version=&#8220;4.27.5&#8243; _module_preset=&#8220;default&#8220; header_font=&#8220;Charmonman||||||||&#8220; header_font_size=&#8220;35px&#8220; header_line_height=&#8220;1.4em&#8220; background_color=&#8220;RGBA(255,255,255,0)&#8220; background_enable_color=&#8220;on&#8220; background_image=&#8220;https:\/\/angelisognanti.com\/wp-content\/uploads\/2026\/01\/LeMarche_Agriturismo_Angeli_Sognanti_ColumbusTravel_SabrinaGaudio_157.jpeg&#8220; background_enable_image=&#8220;on&#8220; width=&#8220;50%&#8220; hover_enabled=&#8220;0&#8243; custom_css_main_element=&#8220;border-radius:10px;&#8220; custom_css_slide_title=&#8220;transform: rotate(-10deg); &#8220; global_colors_info=&#8220;{}&#8220; sticky_transition=&#8220;on&#8220; title_text=&#8220;LeMarche_Agriturismo_Angeli_Sognanti_ColumbusTravel_SabrinaGaudio_157&#8243; sticky_enabled=&#8220;0&#8243;][\/et_pb_slide][et_pb_slide admin_title=&#8220;Woody Badkamer&#8220; _builder_version=&#8220;4.27.5&#8243; _module_preset=&#8220;default&#8220; header_font=&#8220;Charmonman||||||||&#8220; header_font_size=&#8220;35px&#8220; header_line_height=&#8220;1.4em&#8220; background_color=&#8220;RGBA(255,255,255,0)&#8220; background_enable_color=&#8220;on&#8220; background_image=&#8220;https:\/\/angelisognanti.com\/wp-content\/uploads\/2025\/02\/Agriturismo_Angeli_Sognanti_Badkamer.jpg&#8220; background_enable_image=&#8220;on&#8220; width=&#8220;50%&#8220; hover_enabled=&#8220;0&#8243; custom_css_main_element=&#8220;border-radius:10px;&#8220; custom_css_slide_title=&#8220;transform: rotate(-10deg); &#8220; global_colors_info=&#8220;{}&#8220; sticky_transition=&#8220;on&#8220; sticky_enabled=&#8220;0&#8243;][\/et_pb_slide][\/et_pb_slider][\/et_pb_column][et_pb_column type=&#8220;1_2&#8243; _builder_version=&#8220;4.25.1&#8243; _module_preset=&#8220;default&#8220; custom_css_main_element=&#8220;margin-top: auto;||&#8220; border_width_left=&#8220;1px&#8220; border_color_left=&#8220;#929325&#8243; global_colors_info=&#8220;{}&#8220;][et_pb_text _builder_version=&#8220;4.27.5&#8243; _module_preset=&#8220;default&#8220; text_font=&#8220;|300|||||||&#8220; custom_margin=&#8220;||||false|false&#8220; custom_padding=&#8220;|||2vw|false|false&#8220; global_colors_info=&#8220;{}&#8220;]<\/p>\n<h3>Glamping-Zelt<\/h3>\n<p>In unserem Agriturismo bieten wir vier stilvoll eingerichtete neue (2025) Glamping-Zelte an. Komfortabel, luxuri\u00f6s und nah an der Natur. <\/p>\n<ul>\n<li style=\"list-style-type: none;\">\n<ul>\n<li>Ein ger\u00e4umiges Doppelzimmer mit zwei Boxspringbetten, deren Betten am Tag der Ankunft bezogen werden<\/li>\n<li>Ein ger\u00e4umiges Doppelzimmer mit zwei Einzelbetten <span>, die am Tag der Ankunft bezogen werden<\/span><\/li>\n<li>Praktischer Stauraum<\/li>\n<li>Ger\u00e4umiges Badezimmer mit (Regen-)Dusche, Toilette und Waschbecken<\/li>\n<li>Voll ausgestattete K\u00fcche mit Gasherd, Sp\u00fcle mit flie\u00dfendem Wasser und K\u00fchlschrank<\/li>\n<li>Eine Nespresso-Maschine und ein Wasserkocher<\/li>\n<li>Ger\u00e4umige Veranda mit Au\u00dfenst\u00fchlen<\/li>\n<li>Elektrizit\u00e4t und Wifi<\/li>\n<\/ul>\n<\/li>\n<\/ul>\n<p>[\/et_pb_text][et_pb_button button_url=&#8220;https:\/\/angelisognanti.com\/de\/buchen-2\/&#8220; button_text=&#8220;Glamping-Zelt buchen&#8220; _builder_version=&#8220;4.27.4&#8243; _module_preset=&#8220;default&#8220; custom_margin=&#8220;|||2vw|false|false&#8220; custom_padding=&#8220;||||false|false&#8220; global_colors_info=&#8220;{}&#8220;][\/et_pb_button][\/et_pb_column][\/et_pb_row][\/et_pb_section][et_pb_section fb_built=&#8220;1&#8243; _builder_version=&#8220;4.25.1&#8243; _module_preset=&#8220;default&#8220; background_color=&#8220;#51664D&#8220; global_colors_info=&#8220;{}&#8220;][et_pb_row column_structure=&#8220;3_5,2_5&#8243; _builder_version=&#8220;4.25.1&#8243; _module_preset=&#8220;default&#8220; global_colors_info=&#8220;{}&#8220;][et_pb_column type=&#8220;3_5&#8243; _builder_version=&#8220;4.25.1&#8243; _module_preset=&#8220;default&#8220; global_colors_info=&#8220;{}&#8220;][et_pb_text _builder_version=&#8220;4.27.4&#8243; _module_preset=&#8220;default&#8220; text_text_color=&#8220;#F9F3E7&#8243; link_text_color=&#8220;#F9F3E7&#8243; header_4_text_color=&#8220;#F9F3E7&#8243; header_4_font_size=&#8220;25px&#8220; header_4_line_height=&#8220;1.2em&#8220; global_colors_info=&#8220;{}&#8220;]<\/p>\n<h4>Durch die Verwendung nat\u00fcrlicher Materialien und rustikaler Farben in der Inneneinrichtung atmen die Zimmer Atmosph\u00e4re und Ruhe.<\/h4>\n<p><a href=\"https:\/\/angelisognanti.com\/de\/buchen-2\/\">Buchen Sie Ihr Glamping-Zelt jetzt\u2192.<\/a><\/p>\n<p>[\/et_pb_text][\/et_pb_column][et_pb_column type=&#8220;2_5&#8243; _builder_version=&#8220;4.25.1&#8243; _module_preset=&#8220;default&#8220; global_colors_info=&#8220;{}&#8220;][et_pb_image src=&#8220;https:\/\/angelisognanti.com\/wp-content\/uploads\/2024\/06\/Angeli-Sognanti_Blokjespatroon-2.jpg&#8220; title_text=&#8220;Angeli Sognanti_Blockmuster (2)&#8220; align=&#8220;right&#8220; _builder_version=&#8220;4.26.0&#8243; _module_preset=&#8220;default&#8220; transform_scale=&#8220;142%|142%&#8220; transform_translate=&#8220;92px|-73px&#8220; transform_translate_linked=&#8220;off&#8220; custom_margin_tablet=&#8220;&#8220; custom_margin_phone=&#8220;-200px||||false|false&#8220; custom_margin_last_edited=&#8220;on|phone&#8220; global_colors_info=&#8220;{}&#8220;][\/et_pb_image][\/et_pb_column][\/et_pb_row][\/et_pb_section]<\/p>\n","protected":false},"excerpt":{"rendered":"<p>Buongiorno&#8230;..!Stellen Sie sich vor, Sie wachen inmitten unserer Olivenhaine und Weinberge mit Blick auf die h\u00fcgelige Landschaft der Marken auf. Fr\u00fchst\u00fccken Sie auf Ihrer Veranda, mit Ihren nackten F\u00fc\u00dfen im Gras, mit dem Duft von Kr\u00e4utern, Blumen und Fr\u00fcchten&#8230; Das ist die wahre Natur. Unsere neuen (2025) ger\u00e4umigen und luxuri\u00f6sen Glamping-Zelte bieten alle Privatsph\u00e4re und [&hellip;]<\/p>\n","protected":false},"author":2,"featured_media":0,"parent":0,"menu_order":0,"comment_status":"closed","ping_status":"closed","template":"","meta":{"_et_pb_use_builder":"on","_et_pb_old_content":"","_et_gb_content_width":"","footnotes":""},"class_list":["post-2249","page","type-page","status-publish","hentry"],"_links":{"self":[{"href":"https:\/\/angelisognanti.com\/de\/wp-json\/wp\/v2\/pages\/2249","targetHints":{"allow":["GET"]}}],"collection":[{"href":"https:\/\/angelisognanti.com\/de\/wp-json\/wp\/v2\/pages"}],"about":[{"href":"https:\/\/angelisognanti.com\/de\/wp-json\/wp\/v2\/types\/page"}],"author":[{"embeddable":true,"href":"https:\/\/angelisognanti.com\/de\/wp-json\/wp\/v2\/users\/2"}],"replies":[{"embeddable":true,"href":"https:\/\/angelisognanti.com\/de\/wp-json\/wp\/v2\/comments?post=2249"}],"version-history":[{"count":0,"href":"https:\/\/angelisognanti.com\/de\/wp-json\/wp\/v2\/pages\/2249\/revisions"}],"wp:attachment":[{"href":"https:\/\/angelisognanti.com\/de\/wp-json\/wp\/v2\/media?parent=2249"}],"curies":[{"name":"wp","href":"https:\/\/api.w.org\/{rel}","templated":true}]}}